{"id":1944,"date":"2018-01-08T11:14:12","date_gmt":"2018-01-08T16:14:12","guid":{"rendered":"https:\/\/demenagementpausecafe.ca\/villes\/"},"modified":"2019-08-13T12:30:24","modified_gmt":"2019-08-13T16:30:24","slug":"cities","status":"publish","type":"page","link":"https:\/\/demenagementpausecafe.ca\/en\/cities\/","title":{"rendered":"Cities"},"content":{"rendered":"<p>[et_pb_section fb_built=&#8221;1&#8243; admin_label=&#8221;section&#8221; _builder_version=&#8221;3.22.3&#8243;][et_pb_row admin_label=&#8221;row&#8221; _builder_version=&#8221;3.22.3&#8243; background_size=&#8221;initial&#8221; background_position=&#8221;top_left&#8221; background_repeat=&#8221;repeat&#8221;][et_pb_column type=&#8221;4_4&#8243; _builder_version=&#8221;3.0.47&#8243;][et_pb_text admin_label=&#8221;Text&#8221; _builder_version=&#8221;3.22.7&#8243; background_size=&#8221;initial&#8221; background_position=&#8221;top_left&#8221; background_repeat=&#8221;repeat&#8221;]<\/p>\n<p><span class=\"tlid-translation translation\" lang=\"en\"><span title=\"\" class=\"\">Our teams of residential and commercial <a href=\"https:\/\/demenagementpausecafe.ca\/en\/movers-montreal-east-west-island\/\">movers<\/a> are, above all, efficient and accessible.<\/span> <span title=\"\">But in addition, we are present in several cities near <a href=\"https:\/\/demenagementpausecafe.ca\/en\/category\/montreal-en\/\">Montreal<\/a>, and several neighborhoods specifically in the city of Montreal.<\/span> <span title=\"\">Because we know that your move is unique, we offer a quote and a personalized service for each move.<\/span> <span title=\"\">Including the protection and packaging of your belongings &#8211; and the smile of our teams.<\/span><\/span><\/p>\n<p><iframe style=\"border: 0;\" src=\"https:\/\/www.google.com\/maps\/embed?pb=!1m18!1m12!1m3!1d357582.02737603267!2d-74.01118238839851!3d45.55817872736468!2m3!1f0!2f0!3f0!3m2!1i1024!2i768!4f13.1!3m3!1m2!1s0x4cc91a541c64b70d%3A0x654e3138211fefef!2zTW9udHLDqWFsLCBRQw!5e0!3m2!1sfr!2sca!4v1515534502197\" allowfullscreen=\"allowfullscreen\" width=\"100%\" height=\"300\" frameborder=\"0\"><\/iframe><\/p>\n<ul>\n<li><a href=\"https:\/\/demenagementpausecafe.ca\/\">Moving Montr\u00e9al<\/a><\/li>\n<li><a href=\"https:\/\/demenagementpausecafe.ca\/en\/moving-rive-nord\/\">Moving Rive-Nord<\/a><\/li>\n<li><a href=\"https:\/\/demenagementpausecafe.ca\/en\/moving-rive-sud\/\">Moving Rive-Sud<\/a><\/li>\n<li><a href=\"http:\/\/demenagementlaval.ca\/\">Moving Laval<\/a><\/li>\n<li><a href=\"https:\/\/demenagementpausecafe.ca\/en\/moving-ahuntsic\/\">Moving Ahuntsic<\/a><\/li>\n<li><a href=\"https:\/\/demenagementpausecafe.ca\/en\/moving-anjou\/\">Moving Anjou<\/a><\/li>\n<li><a href=\"https:\/\/demenagementpausecafe.ca\/en\/moving-beaconsfield\/\">Moving Beaconsfield<\/a><\/li>\n<li><a href=\"\/?page_id=1181\">Moving Cartierville<\/a><\/li>\n<li><a href=\"https:\/\/demenagementpausecafe.ca\/en\/moving-mercier\/\">Moving Mercier<\/a><\/li>\n<li><a href=\"https:\/\/demenagementpausecafe.ca\/en\/moving-cote-des-neige\/\">Moving C\u00f4te-des -Neige<\/a><\/li>\n<li><a href=\"https:\/\/demenagementpausecafe.ca\/en\/moving-cote-saint-luc\/\">Moving C\u00f4te-Saint-Luc<\/a><\/li>\n<li><a href=\"https:\/\/demenagementpausecafe.ca\/en\/moving-dollard-des-ormeaux\/\">Moving Dollard-des-Ormeaux<\/a><\/li>\n<li><a href=\"https:\/\/demenagementpausecafe.ca\/en\/moving-dorval\/\">Moving Dorval<\/a><\/li>\n<li><a href=\"https:\/\/demenagementpausecafe.ca\/en\/moving-hampsted\/\">Moving Hampsted<\/a><\/li>\n<li><a href=\"https:\/\/demenagementpausecafe.ca\/en\/moving-hochelaga-maisonneuve\/\">Moving Hochelaga-Maisonneuve<\/a><\/li>\n<li><a href=\"\/?page_id=1220\">Moving Hudson<\/a><\/li>\n<li><a href=\"https:\/\/demenagementpausecafe.ca\/en\/moving-kirkland\/\">Moving Kirkland<\/a><\/li>\n<li><a href=\"https:\/\/demenagementpausecafe.ca\/en\/moving-lachine\/\">Moving D\u00e9m\u00e9nagement Lachine<\/a><\/li>\n<li><a href=\"https:\/\/demenagementpausecafe.ca\/en\/moving-lasalle\/\">Moving Lasalle<\/a><\/li>\n<li><a href=\"https:\/\/demenagementpausecafe.ca\/en\/moving-mercier\/\">Moving\u00a0 Mercier<\/a><\/li>\n<li><a href=\"https:\/\/demenagementpausecafe.ca\/en\/moving-notre-dame-de-grace\/\">Moving Notre-Dame-de-Gr\u00e2ce<\/a><\/li>\n<li><a href=\"https:\/\/demenagementpausecafe.ca\/en\/moving-outremont\/\">Moving Outremont<\/a><\/li>\n<li><a href=\"https:\/\/demenagementpausecafe.ca\/en\/moving-parc-extension\/\">Moving Parc-Extension<\/a><\/li>\n<li><a href=\"https:\/\/demenagementpausecafe.ca\/en\/moving-pierrefonds\/\">Moving \u00a0Pierrefonds<\/a><\/li>\n<li><a href=\"https:\/\/demenagementpausecafe.ca\/en\/moving-plateau-mont-royal\/\">Moving Plateau Mont-Royal<\/a><\/li>\n<li><a href=\"https:\/\/demenagementpausecafe.ca\/en\/moving-pointe-saint-charles\/\">Moving Pointe Saint-Charles<\/a><\/li>\n<li><a href=\"https:\/\/demenagementpausecafe.ca\/en\/moving-pointe-aux-trembles\/\">Moving Pointe-aux-Trembles<\/a><\/li>\n<li><a href=\"https:\/\/demenagementpausecafe.ca\/en\/moving-riviere-des-prairies\/\">Moving Rivi\u00e8re-des-Prairies<\/a><\/li>\n<li><a href=\"\/?page_id=1283\">Moving Rosemont<\/a><\/li>\n<li><a href=\"https:\/\/demenagementpausecafe.ca\/en\/moving-saint-michel\/\">Moving Saint-Michel<\/a><\/li>\n<li><a href=\"https:\/\/demenagementpausecafe.ca\/en\/moving-saint-laurent\/\">Moving Saint-Laurent<\/a><\/li>\n<li><a href=\"https:\/\/demenagementpausecafe.ca\/en\/moving-saint-leonard\/\">Moving Saint L\u00e9onard<\/a><\/li>\n<li><a href=\"https:\/\/demenagementpausecafe.ca\/en\/moving-vaudreuil-dorion\/\">Moving Vaudreuil-Dorion<\/a><\/li>\n<li><a href=\"https:\/\/demenagementpausecafe.ca\/en\/moving-verdun\/\">Moving Verdun<\/a><\/li>\n<li><a href=\"https:\/\/demenagementpausecafe.ca\/en\/moving-ville-marie\/\">Moving Ville-Marie<\/a><\/li>\n<li><a href=\"\/?page_id=1313\">Moving Villerai<\/a><\/li>\n<li><a href=\"https:\/\/demenagementpausecafe.ca\/en\/moving-westmount\/\">Moving Westmount<\/a><\/li>\n<\/ul>\n<p>[\/et_pb_text][\/et_pb_column][\/et_pb_row][\/et_pb_section]<\/p>\n<div style='text-align:left' class='yasr-auto-insert-visitor'><\/div>","protected":false},"excerpt":{"rendered":"<p>Our teams of residential and commercial movers are, above all, efficient and accessible. But in addition, we are present in several cities near Montreal, and several neighborhoods specifically in the city of Montreal. Because we know that your move is unique, we offer a quote and a personalized service for each move. Including the protection [&hellip;]<\/p>\n","protected":false},"author":2,"featured_media":0,"parent":0,"menu_order":0,"comment_status":"closed","ping_status":"closed","template":"","meta":{"_et_pb_use_builder":"on","_et_pb_old_content":"Nos \u00e9quipes de d\u00e9m\u00e9nageurs r\u00e9sidentiels et commerciaux sont, avant tout, efficaces et accessibles. Mais de plus, nous sommes pr\u00e9sents dans plusieurs villes a proximit\u00e9 de Montr\u00e9al, et plusieurs quartiers sp\u00e9cifiquement dans la ville de Montr\u00e9al. Parce-que nous savons que votre d\u00e9m\u00e9nagement est unique, nous vous proposons un devis et un service personnalis\u00e9 pour chaque op\u00e9ration de d\u00e9m\u00e9nagement. Incluant la protection et l'emballage de vos biens - et le sourire de nos \u00e9quipes.\r\n\r\n<iframe style=\"border: 0;\" src=\"https:\/\/www.google.com\/maps\/embed?pb=!1m18!1m12!1m3!1d357582.02737603267!2d-74.01118238839851!3d45.55817872736468!2m3!1f0!2f0!3f0!3m2!1i1024!2i768!4f13.1!3m3!1m2!1s0x4cc91a541c64b70d%3A0x654e3138211fefef!2zTW9udHLDqWFsLCBRQw!5e0!3m2!1sfr!2sca!4v1515534502197\" width=\"100%\" height=\"300\" frameborder=\"0\" allowfullscreen=\"allowfullscreen\"><\/iframe>\r\n<ul>\r\n \t<li><a href=\"https:\/\/demenagementpausecafe.ca\/\">D\u00e9m\u00e9nagement Montr\u00e9al<\/a><\/li>\r\n \t<li><a href=\"http:\/\/demenagementlaval.ca\/\">D\u00e9m\u00e9nagement Laval<\/a><\/li>\r\n \t<li><a href=\"\/?page_id=1172\">D\u00e9m\u00e9nagement Ahuntsic<\/a><\/li>\r\n \t<li><a href=\"\/?page_id=1179\">D\u00e9m\u00e9nagement Anjou<\/a><\/li>\r\n \t<li><a href=\"\/?page_id=1180\">D\u00e9m\u00e9nagement Beaconsfield<\/a><\/li>\r\n \t<li><a href=\"\/?page_id=1181\">D\u00e9m\u00e9nagement Cartierville<\/a><\/li>\r\n \t<li><a href=\"\/?page_id=1182\">D\u00e9m\u00e9nagement Mercier<\/a><\/li>\r\n \t<li><a href=\"\/?page_id=1199\">D\u00e9m\u00e9nagement C\u00f4te-des -Neige<\/a><\/li>\r\n \t<li><a href=\"\/?page_id=1200\">D\u00e9m\u00e9nagement C\u00f4te-Saint-Luc<\/a><\/li>\r\n \t<li><a href=\"\/?page_id=1201\">D\u00e9m\u00e9nagement Dollard-des-Ormeaux<\/a><\/li>\r\n \t<li><a href=\"\/?page_id=1202\">D\u00e9m\u00e9nagement Dorval<\/a><\/li>\r\n \t<li><a href=\"\/?page_id=1218\">D\u00e9m\u00e9nagement Hampsted<\/a><\/li>\r\n \t<li><a href=\"\/?page_id=1219\">D\u00e9m\u00e9nagement Hochelaga-Maisonneuve<\/a><\/li>\r\n \t<li><a href=\"\/?page_id=1220\">D\u00e9m\u00e9nagement Hudson<\/a><\/li>\r\n \t<li><a href=\"\/?page_id=1221\">D\u00e9m\u00e9nagement Kirkland<\/a><\/li>\r\n \t<li><a href=\"\/?page_id=1222\">D\u00e9m\u00e9nagement Lachine<\/a><\/li>\r\n \t<li><a href=\"\/?page_id=1238\">D\u00e9m\u00e9nagement Lasalle<\/a><\/li>\r\n \t<li><a href=\"\/?page_id=1182\">D\u00e9m\u00e9nagement Mercier<\/a><\/li>\r\n \t<li><a href=\"\/?page_id=1246\">D\u00e9m\u00e9nagement Notre-Dame-de-Gr\u00e2ce<\/a><\/li>\r\n \t<li><a href=\"\/?page_id=1250\">D\u00e9m\u00e9nagement Outremont<\/a><\/li>\r\n \t<li><a href=\"\/?page_id=1254\">D\u00e9m\u00e9nagement Parc-Extension<\/a><\/li>\r\n \t<li><a href=\"\/?page_id=1262\">D\u00e9m\u00e9nagement Pierrefonds<\/a><\/li>\r\n \t<li><a href=\"\/?page_id=1256\">D\u00e9m\u00e9nagement Plateau Mont-Royal<\/a><\/li>\r\n \t<li><a href=\"https:\/\/demenagementpausecafe.ca\/demenagement-pointe-saint-charles\">D\u00e9m\u00e9nagement Pointe Saint-Charles<\/a><\/li>\r\n \t<li><a href=\"\/?page_id=1275\">D\u00e9m\u00e9nagement Pointe-aux-Trembles<\/a><\/li>\r\n \t<li><a href=\"\/?page_id=1279\">D\u00e9m\u00e9nagement Rivi\u00e8re-des-Prairies<\/a><\/li>\r\n \t<li><a href=\"\/?page_id=1283\">D\u00e9m\u00e9nagement Rosemont<\/a><\/li>\r\n \t<li><a href=\"\/?page_id=1288\">D\u00e9m\u00e9nagement Saint-Michel<\/a><\/li>\r\n \t<li><a href=\"\/?page_id=1294\">D\u00e9m\u00e9nagement Saint-Laurent<\/a><\/li>\r\n \t<li><a href=\"\/?page_id=1298\">D\u00e9m\u00e9nagement Saint L\u00e9onard<\/a><\/li>\r\n \t<li><a href=\"\/?page_id=1302\">D\u00e9m\u00e9nagement Vaudreuil-Dorion<\/a><\/li>\r\n \t<li><a href=\"\/?page_id=1305\">D\u00e9m\u00e9nagement Verdun<\/a><\/li>\r\n \t<li><a href=\"\/?page_id=1308\">D\u00e9m\u00e9nagement Ville-Marie<\/a><\/li>\r\n \t<li><a href=\"\/?page_id=1313\">D\u00e9m\u00e9nagement Villerai<\/a><\/li>\r\n \t<li><a href=\"\/?page_id=1317\">D\u00e9m\u00e9nagement Westmount<\/a><\/li>\r\n<\/ul>","_et_gb_content_width":"","yasr_overall_rating":0,"yasr_post_is_review":"","yasr_auto_insert_disabled":"","yasr_review_type":"","footnotes":""},"class_list":["post-1944","page","type-page","status-publish","hentry"],"yasr_visitor_votes":{"stars_attributes":{"read_only":false,"span_bottom":false},"number_of_votes":0,"sum_votes":0},"yoast_head":"<!-- This site is optimized with the Yoast SEO Premium plugin v15.0 - https:\/\/yoast.com\/wordpress\/plugins\/seo\/ -->\n<title>Cities - D\u00e9m\u00e9nagement Pause Caf\u00e9<\/title>\n<meta name=\"description\" content=\"Our teams of residential and commercial movers are, above all, efficient and accessible. But in addition, we are present in several cities near Montreal, and several neighborhoods specifically in the city of Montreal. Because we know that your move i\" \/>\n<meta name=\"robots\" content=\"index, follow, max-snippet:-1, max-image-preview:large, max-video-preview:-1\" \/>\n<link rel=\"canonical\" href=\"https:\/\/demenagementpausecafe.ca\/en\/cities\/\" \/>\n<meta property=\"og:locale\" content=\"en_US\" \/>\n<meta property=\"og:type\" content=\"article\" \/>\n<meta property=\"og:title\" content=\"Cities - D\u00e9m\u00e9nagement Pause Caf\u00e9\" \/>\n<meta property=\"og:url\" content=\"https:\/\/demenagementpausecafe.ca\/en\/cities\/\" \/>\n<meta property=\"og:site_name\" content=\"D\u00e9m\u00e9nagement Pause Caf\u00e9\" \/>\n<meta property=\"article:modified_time\" content=\"2019-08-13T16:30:24+00:00\" \/>\n<meta name=\"twitter:card\" content=\"summary_large_image\" \/>\n<script type=\"application\/ld+json\" class=\"yoast-schema-graph\">{\"@context\":\"https:\/\/schema.org\",\"@graph\":[{\"@type\":\"WebSite\",\"@id\":\"https:\/\/demenagementpausecafe.ca\/en\/#website\",\"url\":\"https:\/\/demenagementpausecafe.ca\/en\/\",\"name\":\"D\\u00e9m\\u00e9nagement Pause Caf\\u00e9\",\"description\":\"\",\"potentialAction\":[{\"@type\":\"SearchAction\",\"target\":\"https:\/\/demenagementpausecafe.ca\/en\/?s={search_term_string}\",\"query-input\":\"required name=search_term_string\"}],\"inLanguage\":\"en-US\"},{\"@type\":\"WebPage\",\"@id\":\"https:\/\/demenagementpausecafe.ca\/en\/cities\/#webpage\",\"url\":\"https:\/\/demenagementpausecafe.ca\/en\/cities\/\",\"name\":\"Cities - D\\u00e9m\\u00e9nagement Pause Caf\\u00e9\",\"isPartOf\":{\"@id\":\"https:\/\/demenagementpausecafe.ca\/en\/#website\"},\"datePublished\":\"2018-01-08T16:14:12+00:00\",\"dateModified\":\"2019-08-13T16:30:24+00:00\",\"inLanguage\":\"en-US\",\"potentialAction\":[{\"@type\":\"ReadAction\",\"target\":[\"https:\/\/demenagementpausecafe.ca\/en\/cities\/\"]}]}]}<\/script>\n<!-- \/ Yoast SEO Premium plugin. -->","_links":{"self":[{"href":"https:\/\/demenagementpausecafe.ca\/en\/wp-json\/wp\/v2\/pages\/1944","targetHints":{"allow":["GET"]}}],"collection":[{"href":"https:\/\/demenagementpausecafe.ca\/en\/wp-json\/wp\/v2\/pages"}],"about":[{"href":"https:\/\/demenagementpausecafe.ca\/en\/wp-json\/wp\/v2\/types\/page"}],"author":[{"embeddable":true,"href":"https:\/\/demenagementpausecafe.ca\/en\/wp-json\/wp\/v2\/users\/2"}],"replies":[{"embeddable":true,"href":"https:\/\/demenagementpausecafe.ca\/en\/wp-json\/wp\/v2\/comments?post=1944"}],"version-history":[{"count":3,"href":"https:\/\/demenagementpausecafe.ca\/en\/wp-json\/wp\/v2\/pages\/1944\/revisions"}],"predecessor-version":[{"id":1949,"href":"https:\/\/demenagementpausecafe.ca\/en\/wp-json\/wp\/v2\/pages\/1944\/revisions\/1949"}],"wp:attachment":[{"href":"https:\/\/demenagementpausecafe.ca\/en\/wp-json\/wp\/v2\/media?parent=1944"}],"curies":[{"name":"wp","href":"https:\/\/api.w.org\/{rel}","templated":true}]}}