{"id":1979,"date":"2019-01-21T18:25:25","date_gmt":"2019-01-21T23:25:25","guid":{"rendered":"https:\/\/demenagementpausecafe.ca\/demenagement-boisbriand\/"},"modified":"2023-07-13T14:53:28","modified_gmt":"2023-07-13T18:53:28","slug":"moving-boisbriand","status":"publish","type":"page","link":"https:\/\/demenagementpausecafe.ca\/en\/moving-boisbriand\/","title":{"rendered":"Moving Boisbriand"},"content":{"rendered":"<p>[et_pb_section fb_built=&#8221;1&#8243; _builder_version=&#8221;4.16&#8243; background_image=&#8221;https:\/\/demenagementpausecafe.ca\/wp-content\/uploads\/2017\/11\/page-title-bg-1.jpg&#8221; global_colors_info=&#8221;{}&#8221;][et_pb_row _builder_version=&#8221;4.16&#8243; background_size=&#8221;initial&#8221; background_position=&#8221;top_left&#8221; background_repeat=&#8221;repeat&#8221; global_colors_info=&#8221;{}&#8221;][et_pb_column type=&#8221;4_4&#8243; _builder_version=&#8221;4.16&#8243; custom_padding=&#8221;|||&#8221; global_colors_info=&#8221;{}&#8221; custom_padding__hover=&#8221;|||&#8221;][et_pb_text _builder_version=&#8221;4.20.2&#8243; text_font=&#8221;|||on|||||&#8221; background_layout=&#8221;dark&#8221; hover_enabled=&#8221;0&#8243; global_colors_info=&#8221;{}&#8221; sticky_enabled=&#8221;0&#8243;]<\/p>\n<h1 style=\"margin-bottom: 12pt; text-align: center;\"><span lang=\"FR\">Moving to Boisbriand<\/span><\/h1>\n<p>[\/et_pb_text][\/et_pb_column][\/et_pb_row][\/et_pb_section][et_pb_section fb_built=&#8221;1&#8243; _builder_version=&#8221;4.16&#8243; global_colors_info=&#8221;{}&#8221;][et_pb_row column_structure=&#8221;1_2,1_2&#8243; _builder_version=&#8221;4.16&#8243; global_colors_info=&#8221;{}&#8221;][et_pb_column type=&#8221;1_2&#8243; _builder_version=&#8221;4.16&#8243; custom_padding=&#8221;|||&#8221; global_colors_info=&#8221;{}&#8221; custom_padding__hover=&#8221;|||&#8221;][et_pb_image src=&#8221;https:\/\/demenagementpausecafe.ca\/wp-content\/uploads\/2022\/12\/andreypopov200800537.jpg&#8221; title_text=&#8221;andreypopov200800537&#8243; align_tablet=&#8221;center&#8221; align_phone=&#8221;center&#8221; align_last_edited=&#8221;on|desktop&#8221; module_class=&#8221;mission-left-img-holder&#8221; _builder_version=&#8221;4.18.0&#8243; global_colors_info=&#8221;{}&#8221;]<br \/>\n[\/et_pb_image][\/et_pb_column][et_pb_column type=&#8221;1_2&#8243; _builder_version=&#8221;4.16&#8243; custom_padding=&#8221;|||&#8221; global_colors_info=&#8221;{}&#8221; custom_padding__hover=&#8221;|||&#8221;][et_pb_text module_class=&#8221;titreR&#8221; _builder_version=&#8221;4.18.0&#8243; text_font=&#8221;||||||||&#8221; global_colors_info=&#8221;{}&#8221;]<\/p>\n<h1><span>Your moving company in Boisbriand  <\/span><\/h1>\n<p><span> <\/span><\/p>\n<p><span>Located at the entrance to the Lower Laurentians in the MRC de Th\u00e9r\u00e8se-de-Blainville, the city of <strong>Boisbriand<\/strong> attracts people thanks to its quality of life. This is why many people do not hesitate to move in to benefit from its overflowing dynamism. Only, to make a move without worry, you need a professional company in the matter. In Boisbriand, <strong>the company D\u00e9m\u00e9nagement Pause-Caf\u00e9<\/strong> is the best. Whether it is a <strong>residential or <a href=\"https:\/\/demenagementpausecafe.ca\/en\/commercial-moving-montreal-east-west-island\/\">commercial move<\/a><\/strong>, she offers impeccable services.<\/span><\/p>\n<p>[\/et_pb_text][\/et_pb_column][\/et_pb_row][\/et_pb_section][et_pb_section fb_built=&#8221;1&#8243; _builder_version=&#8221;4.16&#8243; custom_margin=&#8221;|||&#8221; custom_padding=&#8221;0px||0px|&#8221; global_colors_info=&#8221;{}&#8221;][et_pb_row column_structure=&#8221;2_3,1_3&#8243; use_custom_gutter=&#8221;on&#8221; gutter_width=&#8221;1&#8243; make_equal=&#8221;on&#8221; module_class=&#8221; et_pb_row_fullwidth et_pb_row_fullwidth&#8221; _builder_version=&#8221;4.16&#8243; width=&#8221;100%&#8221; width_tablet=&#8221;100%&#8221; width_phone=&#8221;&#8221; width_last_edited=&#8221;on|desktop&#8221; max_width=&#8221;100%&#8221; max_width_tablet=&#8221;100%&#8221; max_width_phone=&#8221;&#8221; max_width_last_edited=&#8221;on|desktop&#8221; custom_padding=&#8221;0px||0px|&#8221; make_fullwidth=&#8221;on&#8221; global_colors_info=&#8221;{}&#8221;][et_pb_column type=&#8221;2_3&#8243; module_class=&#8221;padding3&#8243; _builder_version=&#8221;4.16&#8243; background_color=&#8221;#000000&#8243; custom_padding=&#8221;|||&#8221; global_colors_info=&#8221;{}&#8221; custom_padding__hover=&#8221;|||&#8221;][et_pb_text _builder_version=&#8221;4.20.2&#8243; text_font=&#8221;||||||||&#8221; background_layout=&#8221;dark&#8221; hover_enabled=&#8221;0&#8243; global_colors_info=&#8221;{}&#8221; sticky_enabled=&#8221;0&#8243;]<\/p>\n<h2>Residential move in Boisbriand<\/h2>\n<p>&nbsp;<\/p>\n<p>In reality, changing housing is not an easy thing. And if the operation is executed poorly, you will keep a bad memory. With us, it&#8217;s the opposite. We have a solid experience in <strong>residential<\/strong> <strong>moving<\/strong> because we have already accompanied a multitude of clients to change homes. And they are all satisfied with our services.<\/p>\n<h2>Moving to Boisbriand: What you need to know<\/h2>\n<p>Boisbriand is a dynamic city nestled in the heart of the Laurentian region. Known for its picturesque landscapes, thriving economy and welcoming community, it&#8217;s no wonder more and more people are choosing to make Boisbriand their <a href=\"https:\/\/demenagementpausecafe.ca\/en\/\">home<\/a>. However, before embarking on your move to Boisbriand, there are several important factors to consider.<\/p>\n<h3>Choosing the right neighbourhood in Boisbriand<\/h3>\n<p>When <a href=\"https:\/\/demenagementpausecafe.ca\/en\/tag\/planning\/\">planning<\/a> your move to Boisbriand, it&#8217;s essential to do your research and choose the right neighborhood that fits your lifestyle and preferences. Boisbriand offers a diverse range of neighbourhoods, each with its own unique charm and amenities. From family-friendly neighbourhoods, close to schools and parks, to bustling downtown with trendy shops and restaurants, Boisbriand has something for everyone.<\/p>\n<h3>Find reliable moving services<\/h3>\n<p>One of the essential aspects of a successful move to Boisbriand is finding reliable moving services. Hiring professional <a href=\"https:\/\/demenagementpausecafe.ca\/en\/movers-montreal-east-west-island\/\">movers<\/a> can significantly reduce the stress and physical fatigue associated with the moving process. Look for moving companies in Boisbriand that have a good reputation, positive reviews and offer services tailored to your specific needs. Don&#8217;t forget to ask multiple movers for quotes to make sure you get the best value for money.<\/p>\n<h3>Packing tips for a worry-free move<\/h3>\n<p>Proper packaging is essential for a smooth and organized move. When preparing for your move to Boisbriand, keep the following packing tips in mind:<\/p>\n<ol>\n<li>\n<p>Start early: Start packing well in advance to avoid last-minute rush. Create a packing schedule and tackle one piece at a time.<\/p>\n<\/li>\n<li>\n<p>Sort: Moving offers a great opportunity to sort through your belongings. Sort your items and decide what you want to keep, donate or throw away. This will not only lighten your load but also save you time and money during the moving process.<\/p>\n<\/li>\n<li>\n<p>Label your boxes: Clearly label each box with its contents and the room to which it belongs. This will greatly facilitate unpacking and organization.<\/p>\n<\/li>\n<li>\n<p>Pack essentials separately: Pack a separate box with the essentials you&#8217;ll need immediately when you arrive in Boisbriand. This may include toiletries, a change of clothes, important documents and any other necessities.<\/p>\n<\/li>\n<\/ol>\n<p>[\/et_pb_text][\/et_pb_column][et_pb_column type=&#8221;1_3&#8243; _builder_version=&#8221;4.16&#8243; background_image=&#8221;https:\/\/demenagementpausecafe.ca\/wp-content\/uploads\/2017\/11\/emballage-demenagement.jpg&#8221; custom_padding=&#8221;|||&#8221; global_colors_info=&#8221;{}&#8221; custom_padding__hover=&#8221;|||&#8221;][\/et_pb_column][\/et_pb_row][\/et_pb_section][et_pb_section fb_built=&#8221;1&#8243; _builder_version=&#8221;4.16&#8243; global_colors_info=&#8221;{}&#8221;][et_pb_row _builder_version=&#8221;4.16&#8243; global_colors_info=&#8221;{}&#8221;][et_pb_column type=&#8221;4_4&#8243; _builder_version=&#8221;4.16&#8243; custom_padding=&#8221;|||&#8221; global_colors_info=&#8221;{}&#8221; custom_padding__hover=&#8221;|||&#8221;][et_pb_text module_class=&#8221;titreR&#8221; _builder_version=&#8221;4.18.0&#8243; text_font=&#8221;||||||||&#8221; global_colors_info=&#8221;{}&#8221;]<\/p>\n<h3><span>Solid know-how<\/span><\/h3>\n<p><span>To successfully move to <strong> <strong>Boisbriand<\/strong>, you need to demonstrate know-how.<\/strong> In other words, you have to be able to meet customer expectations. First, if the customer has the heavy items, the movers must be able to take them. Our team in Ward 44 has a good physical constitution. In addition, whether your accommodation is accessible or not, whether it is on the ground floor or upstairs, our staff is able to accompany you effectively in your moving project.  <\/span><\/p>\n<p><span>In addition, we are experienced and familiar with the issues related to any kind of move: the date, the schedules, the appropriate logistics, the nature of the business as well as the vagaries of traffic in our beautiful region. This means that with us, your move to Boisbriand will take place in the best conditions.<\/span><\/p>\n<p><span><img decoding=\"async\" src=\"https:\/\/demenagementpausecafe.ca\/wp-content\/uploads\/2022\/12\/ljupco200900109-300x200.jpg\" width=\"662\" height=\"441\" alt=\"\" class=\"wp-image-3437 alignnone size-medium\" style=\"display: block; margin-left: auto; margin-right: auto;\" srcset=\"https:\/\/demenagementpausecafe.ca\/wp-content\/uploads\/2022\/12\/ljupco200900109-300x200.jpg 300w, https:\/\/demenagementpausecafe.ca\/wp-content\/uploads\/2022\/12\/ljupco200900109.jpg 450w\" sizes=\"(max-width: 662px) 100vw, 662px\" \/><\/span><\/p>\n<h3><span>Tailor-made services<\/span><\/h3>\n<p><span>Since there are a variety of customers, the needs are therefore different. Aware of this fact, <strong>D\u00e9m\u00e9nagement Pause-caf\u00e9 offers tailor-made<\/strong> services to residents of district 10 or others who wish to change their home. Look, if you want a <strong>piano mover<\/strong> to be in the team, we will gladly provide it. We also know how to carry out billiards transport with professionalism thanks to our <strong>expert billiard mover<\/strong>. Finally, at all levels, we accompany you in a personalized way for packaging, transport and unpacking.<\/span><\/p>\n<p>[\/et_pb_text][\/et_pb_column][\/et_pb_row][\/et_pb_section][et_pb_section fb_built=&#8221;1&#8243; _builder_version=&#8221;4.16&#8243; global_colors_info=&#8221;{}&#8221;][et_pb_row column_structure=&#8221;1_2,1_2&#8243; _builder_version=&#8221;4.16&#8243; global_colors_info=&#8221;{}&#8221;][et_pb_column type=&#8221;1_2&#8243; _builder_version=&#8221;4.16&#8243; custom_padding=&#8221;|||&#8221; global_colors_info=&#8221;{}&#8221; custom_padding__hover=&#8221;|||&#8221;][et_pb_image src=&#8221;https:\/\/demenagementpausecafe.ca\/wp-content\/uploads\/2022\/12\/boxes-2120367_960_720.png&#8221; title_text=&#8221;boxes-2120367_960_720&#8243; align_tablet=&#8221;center&#8221; align_phone=&#8221;center&#8221; align_last_edited=&#8221;on|desktop&#8221; _builder_version=&#8221;4.18.0&#8243; global_colors_info=&#8221;{}&#8221;]<br \/>\n[\/et_pb_image][\/et_pb_column][et_pb_column type=&#8221;1_2&#8243; _builder_version=&#8221;4.16&#8243; custom_padding=&#8221;|||&#8221; global_colors_info=&#8221;{}&#8221; custom_padding__hover=&#8221;|||&#8221;][et_pb_text module_class=&#8221;titreR&#8221; _builder_version=&#8221;4.18.0&#8243; text_font=&#8221;||||||||&#8221; global_colors_info=&#8221;{}&#8221;]<\/p>\n<h2><span>Commercial move to Boisbriand<\/span><\/h2>\n<p><span>You are a company that wants to change premises in Forestia (Boisbriand). Whatever your sector of activity, we offer you a package of services that will surely please you.<\/span><\/p>\n<h3><span>Service that meets your expectations<\/span><\/h3>\n<p><span>As you know, a <strong>commercial<\/strong> move or a <strong>professional<\/strong> <strong>move<\/strong> stresses all the staff <strong> of the company.<\/strong> That&#8217;s why good organization is crucial. We take care of this preparation from start to finish, even if it is a <strong><a href=\"https:\/\/demenagementpausecafe.ca\/en\/long-distance-moving-montreal-east-west-island\/\">long-distance move<\/a><\/strong>. Better, we can pick up your belongings overnight to avoid any disruption in your work. Even in these conditions, you still have control over the <strong>moving<\/strong> <strong>budget<\/strong>.<\/span><\/p>\n<h3><span>Professional logistics<\/span><\/h3>\n<p><span>In Boisbriand, we have a lot of rolling stock that we use to perform our tasks professionally. So, if you need an <strong>industrial<\/strong> <strong>move<\/strong> that will take place in the environments of Highway 13, we are able to satisfy you. <\/span><\/p>\n<p>[\/et_pb_text][\/et_pb_column][\/et_pb_row][\/et_pb_section][et_pb_section fb_built=&#8221;1&#8243; theme_builder_area=&#8221;post_content&#8221; _builder_version=&#8221;4.20.2&#8243; _module_preset=&#8221;default&#8221;][et_pb_row _builder_version=&#8221;4.20.2&#8243; _module_preset=&#8221;default&#8221; theme_builder_area=&#8221;post_content&#8221;][et_pb_column _builder_version=&#8221;4.20.2&#8243; _module_preset=&#8221;default&#8221; type=&#8221;4_4&#8243; theme_builder_area=&#8221;post_content&#8221;][et_pb_accordion _builder_version=&#8221;4.20.2&#8243; _module_preset=&#8221;default&#8221; theme_builder_area=&#8221;post_content&#8221; hover_enabled=&#8221;0&#8243; sticky_enabled=&#8221;0&#8243;][et_pb_accordion_item _builder_version=&#8221;4.20.2&#8243; _module_preset=&#8221;default&#8221; theme_builder_area=&#8221;post_content&#8221; title=&#8221;How long does it take to organize a move to Boisbriand?&#8221; hover_enabled=&#8221;0&#8243; sticky_enabled=&#8221;0&#8243;]<\/p>\n<p>It is recommended to start organizing your move to Boisbriand at least one month in advance. This will give you enough time to search for moving companies, make your reservations and make all the necessary preparations.<\/p>\n<p>[\/et_pb_accordion_item][et_pb_accordion_item _builder_version=&#8221;4.20.2&#8243; _module_preset=&#8221;default&#8221; theme_builder_area=&#8221;post_content&#8221; title=&#8221;Is it better to rent a moving truck or hire professional movers in Boisbriand?&#8221; hover_enabled=&#8221;0&#8243; sticky_enabled=&#8221;0&#8243;]<\/p>\n<p>The choice between renting a moving truck or hiring professional movers depends on your needs and budget. If you have few belongings to move and are willing to do the work yourself, renting a truck can be a budget-friendly option. However, if you have heavy or fragile items, or want to avoid physical stress, hiring professional movers is highly recommended.<\/p>\n<p>[\/et_pb_accordion_item][et_pb_accordion_item _builder_version=&#8221;4.20.2&#8243; _module_preset=&#8221;default&#8221; theme_builder_area=&#8221;post_content&#8221; title=&#8221;What additional services do moving companies in Boisbriand offer?&#8221; hover_enabled=&#8221;0&#8243; sticky_enabled=&#8221;0&#8243;]<\/p>\n<p>Moving companies in Boisbriand can offer a range of additional services to facilitate your move. This can include packing and unpacking cartons, dismantling and reassembling furniture, transporting fragile items, and even temporary storage if necessary. Be sure to discuss your specific needs with the <a href=\"https:\/\/demenagementpausecafe.ca\/en\/moving-company-montreal-east-west-island\/\">moving company<\/a> before making a decision.<\/p>\n<p>[\/et_pb_accordion_item][et_pb_accordion_item _builder_version=&#8221;4.20.2&#8243; _module_preset=&#8221;default&#8221; theme_builder_area=&#8221;post_content&#8221; title=&#8221;How can I change my address after moving to Boisbriand?&#8221; hover_enabled=&#8221;0&#8243; sticky_enabled=&#8221;0&#8243;]<\/p>\n<p>After your move to Boisbriand, it is important to update your address with the organizations and businesses concerned. Here are some steps to follow:<\/p>\n<ol>\n<li>\n<p>Inform the mail: Visit your local post office to forward your mail or update your address online.<\/p>\n<\/li>\n<li>\n<p>Update your official documents: Inform government agencies, such as the Canada Revenue Agency and Motor Vehicle Services, of your change of address.<\/p>\n<\/li>\n<li>\n<p>Notify service providers<\/p>\n<\/li>\n<\/ol>\n<p>[\/et_pb_accordion_item][\/et_pb_accordion][\/et_pb_column][\/et_pb_row][\/et_pb_section][et_pb_section fb_built=&#8221;1&#8243; _builder_version=&#8221;3.0.86&#8243; background_image=&#8221;https:\/\/demenagementpausecafe.ca\/wp-content\/uploads\/2017\/11\/great-moving-team-bg.jpg&#8221; global_module=&#8221;306&#8243; saved_tabs=&#8221;all&#8221; global_colors_info=&#8221;{}&#8221;][et_pb_row column_structure=&#8221;1_2,1_2&#8243; _builder_version=&#8221;4.16&#8243; global_colors_info=&#8221;{}&#8221;][et_pb_column type=&#8221;1_2&#8243; _builder_version=&#8221;4.16&#8243; custom_padding=&#8221;|||&#8221; global_colors_info=&#8221;{}&#8221; custom_padding__hover=&#8221;|||&#8221;][et_pb_text _builder_version=&#8221;4.16&#8243; text_font=&#8221;||||||||&#8221; background_layout=&#8221;dark&#8221; global_colors_info=&#8221;{}&#8221;]<\/p>\n<h2 class=\"p30\">free quote<\/h2>\n<p class=\"tel-jaune\"><b>(514) 569-8849<\/b> or <a class=\"et_pb_button et_pb_button_0 et_pb_module et_pb_bg_layout_light bas\" href=\"https:\/\/demenagementpausecafe.ca\/en\/estimation\/\">online<\/a><\/p>\n<p>[\/et_pb_text][\/et_pb_column][et_pb_column type=&#8221;1_2&#8243; _builder_version=&#8221;4.16&#8243; custom_padding=&#8221;|||&#8221; global_colors_info=&#8221;{}&#8221; custom_padding__hover=&#8221;|||&#8221;][\/et_pb_column][\/et_pb_row][\/et_pb_section]<\/p>\n<div style='text-align:left' class='yasr-auto-insert-visitor'><\/div>","protected":false},"excerpt":{"rendered":"<p>Moving to Boisbriand Your moving company in Boisbriand Located at the entrance to the Lower Laurentians in the MRC de Th\u00e9r\u00e8se-de-Blainville, the city of Boisbriand attracts people thanks to its quality of life. This is why many people do not hesitate to move in to benefit from its overflowing dynamism. Only, to make a move [&hellip;]<\/p>\n","protected":false},"author":2,"featured_media":0,"parent":0,"menu_order":0,"comment_status":"closed","ping_status":"closed","template":"","meta":{"_et_pb_use_builder":"on","_et_pb_old_content":"","_et_gb_content_width":"","yasr_overall_rating":0,"yasr_post_is_review":"","yasr_auto_insert_disabled":"","yasr_review_type":"Other","footnotes":""},"class_list":["post-1979","page","type-page","status-publish","hentry"],"yasr_visitor_votes":{"stars_attributes":{"read_only":false,"span_bottom":false},"number_of_votes":0,"sum_votes":0},"yoast_head":"<!-- This site is optimized with the Yoast SEO Premium plugin v15.0 - https:\/\/yoast.com\/wordpress\/plugins\/seo\/ -->\n<title>Moving Boisbriand - D\u00e9m\u00e9nagement Pause Caf\u00e9<\/title>\n<meta name=\"description\" content=\"Thinking of moving to Boisbriand soon? Our team of residential and commercial movers are here for you.\" \/>\n<meta name=\"robots\" content=\"index, follow, max-snippet:-1, max-image-preview:large, max-video-preview:-1\" \/>\n<link rel=\"canonical\" href=\"https:\/\/demenagementpausecafe.ca\/en\/moving-boisbriand\/\" \/>\n<meta property=\"og:locale\" content=\"en_US\" \/>\n<meta property=\"og:type\" content=\"article\" \/>\n<meta property=\"og:title\" content=\"Moving Boisbriand - D\u00e9m\u00e9nagement Pause Caf\u00e9\" \/>\n<meta property=\"og:description\" content=\"Thinking of moving to Boisbriand soon? Our team of residential and commercial movers are here for you.\" \/>\n<meta property=\"og:url\" content=\"https:\/\/demenagementpausecafe.ca\/en\/moving-boisbriand\/\" \/>\n<meta property=\"og:site_name\" content=\"D\u00e9m\u00e9nagement Pause Caf\u00e9\" \/>\n<meta property=\"article:modified_time\" content=\"2023-07-13T18:53:28+00:00\" \/>\n<meta property=\"og:image\" content=\"https:\/\/demenagementpausecafe.ca\/wp-content\/uploads\/2022\/12\/ljupco200900109-300x200.jpg\" \/>\n<meta name=\"twitter:card\" content=\"summary_large_image\" \/>\n<script type=\"application\/ld+json\" class=\"yoast-schema-graph\">{\"@context\":\"https:\/\/schema.org\",\"@graph\":[{\"@type\":\"WebSite\",\"@id\":\"https:\/\/demenagementpausecafe.ca\/en\/#website\",\"url\":\"https:\/\/demenagementpausecafe.ca\/en\/\",\"name\":\"D\\u00e9m\\u00e9nagement Pause Caf\\u00e9\",\"description\":\"\",\"potentialAction\":[{\"@type\":\"SearchAction\",\"target\":\"https:\/\/demenagementpausecafe.ca\/en\/?s={search_term_string}\",\"query-input\":\"required name=search_term_string\"}],\"inLanguage\":\"en-US\"},{\"@type\":\"ImageObject\",\"@id\":\"https:\/\/demenagementpausecafe.ca\/en\/moving-boisbriand\/#primaryimage\",\"inLanguage\":\"en-US\",\"url\":\"https:\/\/demenagementpausecafe.ca\/wp-content\/uploads\/2022\/12\/ljupco200900109.jpg\",\"width\":450,\"height\":300},{\"@type\":\"WebPage\",\"@id\":\"https:\/\/demenagementpausecafe.ca\/en\/moving-boisbriand\/#webpage\",\"url\":\"https:\/\/demenagementpausecafe.ca\/en\/moving-boisbriand\/\",\"name\":\"Moving Boisbriand - D\\u00e9m\\u00e9nagement Pause Caf\\u00e9\",\"isPartOf\":{\"@id\":\"https:\/\/demenagementpausecafe.ca\/en\/#website\"},\"primaryImageOfPage\":{\"@id\":\"https:\/\/demenagementpausecafe.ca\/en\/moving-boisbriand\/#primaryimage\"},\"datePublished\":\"2019-01-21T23:25:25+00:00\",\"dateModified\":\"2023-07-13T18:53:28+00:00\",\"description\":\"Thinking of moving to Boisbriand soon? Our team of residential and commercial movers are here for you.\",\"inLanguage\":\"en-US\",\"potentialAction\":[{\"@type\":\"ReadAction\",\"target\":[\"https:\/\/demenagementpausecafe.ca\/en\/moving-boisbriand\/\"]}]}]}<\/script>\n<!-- \/ Yoast SEO Premium plugin. -->","_links":{"self":[{"href":"https:\/\/demenagementpausecafe.ca\/en\/wp-json\/wp\/v2\/pages\/1979","targetHints":{"allow":["GET"]}}],"collection":[{"href":"https:\/\/demenagementpausecafe.ca\/en\/wp-json\/wp\/v2\/pages"}],"about":[{"href":"https:\/\/demenagementpausecafe.ca\/en\/wp-json\/wp\/v2\/types\/page"}],"author":[{"embeddable":true,"href":"https:\/\/demenagementpausecafe.ca\/en\/wp-json\/wp\/v2\/users\/2"}],"replies":[{"embeddable":true,"href":"https:\/\/demenagementpausecafe.ca\/en\/wp-json\/wp\/v2\/comments?post=1979"}],"version-history":[{"count":10,"href":"https:\/\/demenagementpausecafe.ca\/en\/wp-json\/wp\/v2\/pages\/1979\/revisions"}],"predecessor-version":[{"id":3794,"href":"https:\/\/demenagementpausecafe.ca\/en\/wp-json\/wp\/v2\/pages\/1979\/revisions\/3794"}],"wp:attachment":[{"href":"https:\/\/demenagementpausecafe.ca\/en\/wp-json\/wp\/v2\/media?parent=1979"}],"curies":[{"name":"wp","href":"https:\/\/api.w.org\/{rel}","templated":true}]}}