{"id":1985,"date":"2019-01-21T16:11:30","date_gmt":"2019-01-21T21:11:30","guid":{"rendered":"https:\/\/demenagementpausecafe.ca\/demenagement-boucherville\/"},"modified":"2023-07-13T16:36:20","modified_gmt":"2023-07-13T20:36:20","slug":"moving-boucherville","status":"publish","type":"page","link":"https:\/\/demenagementpausecafe.ca\/en\/moving-boucherville\/","title":{"rendered":"Moving Boucherville"},"content":{"rendered":"<p>[et_pb_section fb_built=&#8221;1&#8243; _builder_version=&#8221;4.16&#8243; background_image=&#8221;https:\/\/demenagementpausecafe.ca\/wp-content\/uploads\/2017\/11\/page-title-bg-1.jpg&#8221; global_colors_info=&#8221;{}&#8221;][et_pb_row _builder_version=&#8221;4.16&#8243; background_size=&#8221;initial&#8221; background_position=&#8221;top_left&#8221; background_repeat=&#8221;repeat&#8221; global_colors_info=&#8221;{}&#8221;][et_pb_column type=&#8221;4_4&#8243; _builder_version=&#8221;4.16&#8243; custom_padding=&#8221;|||&#8221; global_colors_info=&#8221;{}&#8221; custom_padding__hover=&#8221;|||&#8221;][et_pb_text _builder_version=&#8221;4.20.2&#8243; text_font=&#8221;|||on|||||&#8221; background_layout=&#8221;dark&#8221; hover_enabled=&#8221;0&#8243; global_colors_info=&#8221;{}&#8221; sticky_enabled=&#8221;0&#8243;]<\/p>\n<h1 style=\"margin-bottom: 12.0pt; text-align: justify;\"><span lang=\"FR\">Moving to Boucherville<\/span><\/h1>\n<p>[\/et_pb_text][\/et_pb_column][\/et_pb_row][\/et_pb_section][et_pb_section fb_built=&#8221;1&#8243; _builder_version=&#8221;4.16&#8243; global_colors_info=&#8221;{}&#8221;][et_pb_row column_structure=&#8221;1_2,1_2&#8243; _builder_version=&#8221;4.16&#8243; global_colors_info=&#8221;{}&#8221;][et_pb_column type=&#8221;1_2&#8243; _builder_version=&#8221;4.16&#8243; custom_padding=&#8221;|||&#8221; global_colors_info=&#8221;{}&#8221; custom_padding__hover=&#8221;|||&#8221;][et_pb_image src=&#8221;https:\/\/demenagementpausecafe.ca\/wp-content\/uploads\/2017\/11\/dechargement-caisses-demenagement.jpg&#8221; align_tablet=&#8221;center&#8221; align_phone=&#8221;&#8221; align_last_edited=&#8221;on|desktop&#8221; module_class=&#8221;mission-left-img-holder&#8221; _builder_version=&#8221;4.16&#8243; hover_enabled=&#8221;0&#8243; global_colors_info=&#8221;{}&#8221; sticky_enabled=&#8221;0&#8243;]<br \/>\n[\/et_pb_image][\/et_pb_column][et_pb_column type=&#8221;1_2&#8243; _builder_version=&#8221;4.16&#8243; custom_padding=&#8221;|||&#8221; global_colors_info=&#8221;{}&#8221; custom_padding__hover=&#8221;|||&#8221;][et_pb_text module_class=&#8221;titreR&#8221; _builder_version=&#8221;4.20.2&#8243; text_font=&#8221;||||||||&#8221; hover_enabled=&#8221;0&#8243; global_colors_info=&#8221;{}&#8221; sticky_enabled=&#8221;0&#8243;]<\/p>\n<h1>Your moving professional in Boucherville<\/h1>\n<p>&nbsp;<\/p>\n<p>The city of <strong>Boucherville<\/strong> is full of beautiful neighborhoods with omnipresent greenery. It provides a safe and tranquil <a href=\"https:\/\/demenagementpausecafe.ca\/en\/category\/environment-4-en\/\">environment<\/a> for all. So you can live there and do business there. And to make your <strong>Boucherville moving<\/strong> operation a success, you must call on our company D\u00e9m\u00e9nagement Pause-Caf\u00e9. We are the best when it comes to <strong>residential or <a href=\"https:\/\/demenagementpausecafe.ca\/en\/category\/commercial-en\/\">commercial moving<\/a><\/strong> in this city of more than 40,000 inhabitants.<\/p>\n<p>&nbsp;<\/p>\n<p>&nbsp;<\/p>\n<p>[\/et_pb_text][\/et_pb_column][\/et_pb_row][\/et_pb_section][et_pb_section fb_built=&#8221;1&#8243; _builder_version=&#8221;4.16&#8243; custom_margin=&#8221;|||&#8221; custom_padding=&#8221;0px||0px|&#8221; global_colors_info=&#8221;{}&#8221;][et_pb_row column_structure=&#8221;2_3,1_3&#8243; use_custom_gutter=&#8221;on&#8221; gutter_width=&#8221;1&#8243; make_equal=&#8221;on&#8221; module_class=&#8221; et_pb_row_fullwidth et_pb_row_fullwidth&#8221; _builder_version=&#8221;4.16&#8243; width=&#8221;100%&#8221; width_tablet=&#8221;100%&#8221; width_phone=&#8221;&#8221; width_last_edited=&#8221;on|desktop&#8221; max_width=&#8221;100%&#8221; max_width_tablet=&#8221;100%&#8221; max_width_phone=&#8221;&#8221; max_width_last_edited=&#8221;on|desktop&#8221; custom_padding=&#8221;0px||0px|&#8221; make_fullwidth=&#8221;on&#8221; global_colors_info=&#8221;{}&#8221;][et_pb_column type=&#8221;2_3&#8243; module_class=&#8221;padding3&#8243; _builder_version=&#8221;4.16&#8243; background_color=&#8221;#000000&#8243; custom_padding=&#8221;|||&#8221; global_colors_info=&#8221;{}&#8221; custom_padding__hover=&#8221;|||&#8221;][et_pb_text _builder_version=&#8221;4.20.2&#8243; text_font=&#8221;||||||||&#8221; background_layout=&#8221;dark&#8221; hover_enabled=&#8221;0&#8243; global_colors_info=&#8221;{}&#8221; sticky_enabled=&#8221;0&#8243;]<\/p>\n<h2>Residential move in Boucherville<\/h2>\n<p>For one reason or another, you decide to change your accommodation in Boucherville. D\u00e9m\u00e9nagement Pause-Caf\u00e9 is the company to contact for the success of this <a href=\"https:\/\/demenagementpausecafe.ca\/en\/moving-montreal-east-west-island\/\">residential move<\/a>.<\/p>\n<h3>Custom Boucherville Moving<\/h3>\n<p>We are a group of professional <a href=\"https:\/\/demenagementpausecafe.ca\/en\/movers-montreal-east-west-island\/\">movers<\/a> who make your life easier when it comes <strong>to custom <a href=\"https:\/\/demenagementpausecafe.ca\/en\/category\/residentiel-en\/\">residential moving<\/a> in Boucherville<\/strong>. In reality, we know how to wrap all goods without damaging or breaking them. To do this, we use appropriate and resistant packaging to protect your belongings. And if there happens to be breakage, our insurance policy takes care of everything.<\/p>\n<p>Do you have fragile objects such as mirrors, lamps or dishes? We are able to transport them for you in meticulous packaging. Or, do you have bulky stuff like the piano? Our <strong>piano movers<\/strong> <strong> are at your disposal.<\/strong> In any case, we offer you personalized support at all levels so that your residential move is serene.<\/p>\n<p>Finally, it should be remembered that our services are aimed at all categories of customers: students, singles, young couples and seniors.<\/p>\n<h3>Quality service<\/h3>\n<p>Whichever <strong>Boucherville residential moving<\/strong> formula you choose, you benefit from quality service. Indeed, our professional movers who are at Domaine Sabrevois or Vieux-Boucherville work on the basis of punctuality and courtesy. In addition, our team is made up of men and women who know how to listen to you in order to satisfy you properly. Finally, our workers have good physical fitness and strength. This allows them to easily move and lift objects.  <\/p>\n<p>[\/et_pb_text][\/et_pb_column][et_pb_column type=&#8221;1_3&#8243; _builder_version=&#8221;4.16&#8243; background_image=&#8221;https:\/\/demenagementpausecafe.ca\/wp-content\/uploads\/2017\/11\/emballage-demenagement.jpg&#8221; custom_padding=&#8221;|||&#8221; global_colors_info=&#8221;{}&#8221; custom_padding__hover=&#8221;|||&#8221;][\/et_pb_column][\/et_pb_row][\/et_pb_section][et_pb_section fb_built=&#8221;1&#8243; _builder_version=&#8221;4.16&#8243; global_colors_info=&#8221;{}&#8221;][et_pb_row column_structure=&#8221;1_2,1_2&#8243; _builder_version=&#8221;4.16&#8243; global_colors_info=&#8221;{}&#8221;][et_pb_column type=&#8221;1_2&#8243; _builder_version=&#8221;4.16&#8243; custom_padding=&#8221;|||&#8221; global_colors_info=&#8221;{}&#8221; custom_padding__hover=&#8221;|||&#8221;][et_pb_image src=&#8221;https:\/\/demenagementpausecafe.ca\/wp-content\/uploads\/2022\/12\/boxes-2120367_960_720-1.png&#8221; title_text=&#8221;boxes-2120367_960_720&#8243; align_tablet=&#8221;center&#8221; align_phone=&#8221;&#8221; align_last_edited=&#8221;on|desktop&#8221; _builder_version=&#8221;4.19.2&#8243; global_colors_info=&#8221;{}&#8221;]<br \/>\n[\/et_pb_image][\/et_pb_column][et_pb_column type=&#8221;1_2&#8243; _builder_version=&#8221;4.16&#8243; custom_padding=&#8221;|||&#8221; global_colors_info=&#8221;{}&#8221; custom_padding__hover=&#8221;|||&#8221;][et_pb_text module_class=&#8221;titreR&#8221; _builder_version=&#8221;4.20.2&#8243; text_font=&#8221;||||||||&#8221; hover_enabled=&#8221;0&#8243; global_colors_info=&#8221;{}&#8221; sticky_enabled=&#8221;0&#8243;]<\/p>\n<h2>Commercial move to Boucherville<\/h2>\n<p>Providing <strong>commercial moving<\/strong> services to a company requires appropriate transportation. Our company D\u00e9m\u00e9nagement Pause-Caf\u00e9 has understood that it has equipped itself with vehicles of all kinds to transport the goods of companies wishing to move.<\/p>\n<p>In fact, when you change offices, we are in the best position to offer you a <strong>professional<\/strong> <strong>moving<\/strong> service. Our specialists who work in Harmonie and Seigneurie use secure means of transport that comply with the regulations in force.<\/p>\n<p>Whether it is the packaging, transport and reassembly of your various furniture and structures, we provide you with turnkey services. Apart from transporting small items such as desks, computer equipment, clothing, etc., we are also in the best position to pick up your heavy equipment. So, entrust your machinery, because we have the right logistics.<\/p>\n<h2>Boucherville: a welcoming city<\/h2>\n<p>Located in the Mont\u00e9r\u00e9gie region of Quebec, Boucherville is a welcoming and dynamic city. It offers an exceptional quality of life thanks to its green spaces, local services and friendly atmosphere. Before embarking on your move to Boucherville, here are some important points to consider.<\/p>\n<h3>Choose the right neighborhood<\/h3>\n<p>Boucherville has several charming neighbourhoods, each with its own features and amenities. Whether you&#8217;re looking for a quiet family neighborhood or a livelier environment with restaurants and shops nearby, you&#8217;re sure to find the neighborhood that suits your needs. Take the time to research the different neighbourhoods of Boucherville and visit the ones that interest you before making a decision.<\/p>\n<h3>Organize yourself in advance<\/h3>\n<p>A well-organized move is the key to a smooth transition. Start by making a schedule and to-do list to make sure you don&#8217;t forget anything. Plan the reservation of a moving truck or hire a professional <a href=\"https:\/\/demenagementpausecafe.ca\/en\/moving-company-montreal-east-west-island\/\">moving company<\/a> in Boucherville in advance to ensure you have the necessary resources on the day. Pack your belongings methodically by labeling the boxes by piece, this will facilitate unpacking once you arrive at your destination.<\/p>\n<h3>Inform the organizations concerned<\/h3>\n<p>Before you move to Boucherville, remember to inform the organizations and businesses concerned of your change of address. This includes utilities, electricity, gas, water suppliers, as well as telephone, internet and television services. You will also need to inform your employer, bank, insurance company and any other important bodies to update your information.<\/p>\n<h3>Take the opportunity to declutter<\/h3>\n<p>A move is the perfect time to sort through your belongings and get rid of what you no longer need. Before you start packing, take the time to sort through your belongings and decide what you want to keep, sell, donate or throw away. This will allow you to reduce the volume of items to be moved and start your new life in Boucherville in a lighter and more organized way.<\/p>\n<p>[\/et_pb_text][\/et_pb_column][\/et_pb_row][et_pb_row _builder_version=&#8221;4.20.2&#8243; _module_preset=&#8221;default&#8221;][et_pb_column _builder_version=&#8221;4.20.2&#8243; _module_preset=&#8221;default&#8221; type=&#8221;4_4&#8243;][et_pb_accordion _builder_version=&#8221;4.20.2&#8243; _module_preset=&#8221;default&#8221; hover_enabled=&#8221;0&#8243; sticky_enabled=&#8221;0&#8243;][et_pb_accordion_item _builder_version=&#8221;4.20.2&#8243; _module_preset=&#8221;default&#8221; title=&#8221;When is it best to plan your move to Boucherville?&#8221; hover_enabled=&#8221;0&#8243; sticky_enabled=&#8221;0&#8243;]<\/p>\n<p>It is recommended that you plan your move to Boucherville several weeks in advance, especially if you are moving during peak periods, such as the summer months. This will allow you to book the necessary services on time and ensure a stress-free transition.<\/p>\n<p>[\/et_pb_accordion_item][et_pb_accordion_item _builder_version=&#8221;4.20.2&#8243; _module_preset=&#8221;default&#8221; title=&#8221;Is it better to rent a moving truck or hire a professional moving company?&#8221; hover_enabled=&#8221;0&#8243; sticky_enabled=&#8221;0&#8243;]<\/p>\n<p>The choice between renting a moving truck or hiring a professional company depends on your needs and budget. Renting a truck can be a cost-effective option if you&#8217;re willing to make the move yourself with the help of your loved ones. However, hiring a professional moving company will save you time, energy and ensure professional expertise for a carefree move.<\/p>\n<p>[\/et_pb_accordion_item][et_pb_accordion_item _builder_version=&#8221;4.20.2&#8243; _module_preset=&#8221;default&#8221; title=&#8221;How can I find a reliable moving company in Boucherville?&#8221; hover_enabled=&#8221;0&#8243; sticky_enabled=&#8221;0&#8243;]<\/p>\n<p>To find a reliable moving company in Boucherville, start by asking for recommendations from your loved ones, friends or neighbors. You can also search online to read reviews and comments from previous customers. Contact several moving companies, ask for detailed quotes and compare the services offered before making a decision.<\/p>\n<p>[\/et_pb_accordion_item][et_pb_accordion_item _builder_version=&#8221;4.20.2&#8243; _module_preset=&#8221;default&#8221; title=&#8221;Are there any specific public services in Boucherville that I need to contact?&#8221; hover_enabled=&#8221;0&#8243; sticky_enabled=&#8221;0&#8243;]<\/p>\n<p>The main utilities to contact when moving to Boucherville are Hydro-Qu\u00e9bec for electricity, Gaz M\u00e9tro for natural gas and the City of Boucherville for water and municipal services. Be sure to let them know about your move to update your information and avoid any inconvenience.<\/p>\n<p>[\/et_pb_accordion_item][et_pb_accordion_item _builder_version=&#8221;4.20.2&#8243; _module_preset=&#8221;default&#8221; title=&#8221;  Are there any parking rules specific to Boucherville during a move?&#8221; hover_enabled=&#8221;0&#8243; sticky_enabled=&#8221;0&#8243;]<\/p>\n<p>Before moving to Boucherville, find out about the parking rules in your neighbourhood. Some streets may have parking restrictions or areas reserved for moving. If necessary, ask the city for special permission to facilitate the moving process.<\/p>\n<p>[\/et_pb_accordion_item][et_pb_accordion_item _builder_version=&#8221;4.20.2&#8243; _module_preset=&#8221;default&#8221; title=&#8221;How can I make it easier to adjust to my new life in Boucherville?&#8221; hover_enabled=&#8221;0&#8243; sticky_enabled=&#8221;0&#8243;]<\/p>\n<p>Once your move is complete, take the time to discover your new neighbourhood in Boucherville. Explore parks, local shops and community activities to become more integrated. Get involved in the social life of the city by joining clubs or associations. The more you get involved in the community, the sooner you&#8217;ll feel at <a href=\"https:\/\/demenagementpausecafe.ca\/en\/\">home<\/a>.<\/p>\n<p>[\/et_pb_accordion_item][\/et_pb_accordion][\/et_pb_column][\/et_pb_row][\/et_pb_section][et_pb_section fb_built=&#8221;1&#8243; _builder_version=&#8221;3.0.86&#8243; background_image=&#8221;https:\/\/demenagementpausecafe.ca\/wp-content\/uploads\/2017\/11\/great-moving-team-bg.jpg&#8221; global_module=&#8221;306&#8243; saved_tabs=&#8221;all&#8221; global_colors_info=&#8221;{}&#8221;][et_pb_row column_structure=&#8221;1_2,1_2&#8243; _builder_version=&#8221;4.16&#8243; global_colors_info=&#8221;{}&#8221;][et_pb_column type=&#8221;1_2&#8243; _builder_version=&#8221;4.16&#8243; custom_padding=&#8221;|||&#8221; global_colors_info=&#8221;{}&#8221; custom_padding__hover=&#8221;|||&#8221;][et_pb_text _builder_version=&#8221;4.16&#8243; text_font=&#8221;||||||||&#8221; background_layout=&#8221;dark&#8221; global_colors_info=&#8221;{}&#8221;]<\/p>\n<h2 class=\"p30\">free quote<\/h2>\n<p class=\"tel-jaune\"><b>(514) 569-8849<\/b> or <a class=\"et_pb_button et_pb_button_0 et_pb_module et_pb_bg_layout_light bas\" href=\"https:\/\/demenagementpausecafe.ca\/en\/estimation\/\">online<\/a><\/p>\n<p>[\/et_pb_text][\/et_pb_column][et_pb_column type=&#8221;1_2&#8243; _builder_version=&#8221;4.16&#8243; custom_padding=&#8221;|||&#8221; global_colors_info=&#8221;{}&#8221; custom_padding__hover=&#8221;|||&#8221;][\/et_pb_column][\/et_pb_row][\/et_pb_section]<\/p>\n<div style='text-align:left' class='yasr-auto-insert-visitor'><\/div>","protected":false},"excerpt":{"rendered":"<p>Moving to Boucherville Your moving professional in Boucherville &nbsp; The city of Boucherville is full of beautiful neighborhoods with omnipresent greenery. It provides a safe and tranquil environment for all. So you can live there and do business there. And to make your Boucherville moving operation a success, you must call on our company D\u00e9m\u00e9nagement [&hellip;]<\/p>\n","protected":false},"author":2,"featured_media":0,"parent":0,"menu_order":0,"comment_status":"closed","ping_status":"closed","template":"","meta":{"_et_pb_use_builder":"on","_et_pb_old_content":"","_et_gb_content_width":"","yasr_overall_rating":0,"yasr_post_is_review":"","yasr_auto_insert_disabled":"","yasr_review_type":"Other","footnotes":""},"class_list":["post-1985","page","type-page","status-publish","hentry"],"yasr_visitor_votes":{"stars_attributes":{"read_only":false,"span_bottom":false},"number_of_votes":0,"sum_votes":0},"yoast_head":"<!-- This site is optimized with the Yoast SEO Premium plugin v15.0 - https:\/\/yoast.com\/wordpress\/plugins\/seo\/ -->\n<title>Moving Boucherville - D\u00e9m\u00e9nagement Pause Caf\u00e9<\/title>\n<meta name=\"description\" content=\"Are you planning a future move to boucherville? Our team is here to carry out residential or commercial moving at the best price.\" \/>\n<meta name=\"robots\" content=\"index, follow, max-snippet:-1, max-image-preview:large, max-video-preview:-1\" \/>\n<link rel=\"canonical\" href=\"https:\/\/demenagementpausecafe.ca\/en\/moving-boucherville\/\" \/>\n<meta property=\"og:locale\" content=\"en_US\" \/>\n<meta property=\"og:type\" content=\"article\" \/>\n<meta property=\"og:title\" content=\"Moving Boucherville - D\u00e9m\u00e9nagement Pause Caf\u00e9\" \/>\n<meta property=\"og:description\" content=\"Are you planning a future move to boucherville? Our team is here to carry out residential or commercial moving at the best price.\" \/>\n<meta property=\"og:url\" content=\"https:\/\/demenagementpausecafe.ca\/en\/moving-boucherville\/\" \/>\n<meta property=\"og:site_name\" content=\"D\u00e9m\u00e9nagement Pause Caf\u00e9\" \/>\n<meta property=\"article:modified_time\" content=\"2023-07-13T20:36:20+00:00\" \/>\n<meta name=\"twitter:card\" content=\"summary_large_image\" \/>\n<script type=\"application\/ld+json\" class=\"yoast-schema-graph\">{\"@context\":\"https:\/\/schema.org\",\"@graph\":[{\"@type\":\"WebSite\",\"@id\":\"https:\/\/demenagementpausecafe.ca\/en\/#website\",\"url\":\"https:\/\/demenagementpausecafe.ca\/en\/\",\"name\":\"D\\u00e9m\\u00e9nagement Pause Caf\\u00e9\",\"description\":\"\",\"potentialAction\":[{\"@type\":\"SearchAction\",\"target\":\"https:\/\/demenagementpausecafe.ca\/en\/?s={search_term_string}\",\"query-input\":\"required name=search_term_string\"}],\"inLanguage\":\"en-US\"},{\"@type\":\"WebPage\",\"@id\":\"https:\/\/demenagementpausecafe.ca\/en\/moving-boucherville\/#webpage\",\"url\":\"https:\/\/demenagementpausecafe.ca\/en\/moving-boucherville\/\",\"name\":\"Moving Boucherville - D\\u00e9m\\u00e9nagement Pause Caf\\u00e9\",\"isPartOf\":{\"@id\":\"https:\/\/demenagementpausecafe.ca\/en\/#website\"},\"datePublished\":\"2019-01-21T21:11:30+00:00\",\"dateModified\":\"2023-07-13T20:36:20+00:00\",\"description\":\"Are you planning a future move to boucherville? Our team is here to carry out residential or commercial moving at the best price.\",\"inLanguage\":\"en-US\",\"potentialAction\":[{\"@type\":\"ReadAction\",\"target\":[\"https:\/\/demenagementpausecafe.ca\/en\/moving-boucherville\/\"]}]}]}<\/script>\n<!-- \/ Yoast SEO Premium plugin. -->","_links":{"self":[{"href":"https:\/\/demenagementpausecafe.ca\/en\/wp-json\/wp\/v2\/pages\/1985","targetHints":{"allow":["GET"]}}],"collection":[{"href":"https:\/\/demenagementpausecafe.ca\/en\/wp-json\/wp\/v2\/pages"}],"about":[{"href":"https:\/\/demenagementpausecafe.ca\/en\/wp-json\/wp\/v2\/types\/page"}],"author":[{"embeddable":true,"href":"https:\/\/demenagementpausecafe.ca\/en\/wp-json\/wp\/v2\/users\/2"}],"replies":[{"embeddable":true,"href":"https:\/\/demenagementpausecafe.ca\/en\/wp-json\/wp\/v2\/comments?post=1985"}],"version-history":[{"count":14,"href":"https:\/\/demenagementpausecafe.ca\/en\/wp-json\/wp\/v2\/pages\/1985\/revisions"}],"predecessor-version":[{"id":3799,"href":"https:\/\/demenagementpausecafe.ca\/en\/wp-json\/wp\/v2\/pages\/1985\/revisions\/3799"}],"wp:attachment":[{"href":"https:\/\/demenagementpausecafe.ca\/en\/wp-json\/wp\/v2\/media?parent=1985"}],"curies":[{"name":"wp","href":"https:\/\/api.w.org\/{rel}","templated":true}]}}