{"id":2001,"date":"2019-01-21T15:44:59","date_gmt":"2019-01-21T20:44:59","guid":{"rendered":"https:\/\/demenagementpausecafe.ca\/demenagement-candiac\/"},"modified":"2023-07-13T17:06:05","modified_gmt":"2023-07-13T21:06:05","slug":"moving-candiac","status":"publish","type":"page","link":"https:\/\/demenagementpausecafe.ca\/en\/moving-candiac\/","title":{"rendered":"Moving Candiac"},"content":{"rendered":"<p>[et_pb_section fb_built=&#8221;1&#8243; _builder_version=&#8221;4.16&#8243; background_image=&#8221;https:\/\/demenagementpausecafe.ca\/wp-content\/uploads\/2017\/11\/page-title-bg-1.jpg&#8221; global_colors_info=&#8221;{}&#8221;][et_pb_row _builder_version=&#8221;4.16&#8243; background_size=&#8221;initial&#8221; background_position=&#8221;top_left&#8221; background_repeat=&#8221;repeat&#8221; global_colors_info=&#8221;{}&#8221;][et_pb_column type=&#8221;4_4&#8243; _builder_version=&#8221;4.16&#8243; custom_padding=&#8221;|||&#8221; global_colors_info=&#8221;{}&#8221; custom_padding__hover=&#8221;|||&#8221;][et_pb_text _builder_version=&#8221;4.20.2&#8243; text_font=&#8221;|||on|||||&#8221; background_layout=&#8221;dark&#8221; hover_enabled=&#8221;0&#8243; global_colors_info=&#8221;{}&#8221; sticky_enabled=&#8221;0&#8243;]<\/p>\n<h1 style=\"margin-bottom: 12.0pt; text-align: justify;\"><span lang=\"FR\">Moving to Candiac<\/span><\/h1>\n<p>[\/et_pb_text][\/et_pb_column][\/et_pb_row][\/et_pb_section][et_pb_section fb_built=&#8221;1&#8243; _builder_version=&#8221;4.16&#8243; global_colors_info=&#8221;{}&#8221;][et_pb_row column_structure=&#8221;1_2,1_2&#8243; _builder_version=&#8221;4.16&#8243; global_colors_info=&#8221;{}&#8221;][et_pb_column type=&#8221;1_2&#8243; _builder_version=&#8221;4.16&#8243; custom_padding=&#8221;|||&#8221; global_colors_info=&#8221;{}&#8221; custom_padding__hover=&#8221;|||&#8221;][et_pb_image src=&#8221;https:\/\/demenagementpausecafe.ca\/wp-content\/uploads\/2022\/12\/evgenyatamanenko210200123.jpg&#8221; title_text=&#8221;evgenyatamanenko210200123&#8243; align_tablet=&#8221;center&#8221; align_phone=&#8221;center&#8221; align_last_edited=&#8221;on|desktop&#8221; module_class=&#8221;mission-left-img-holder&#8221; _builder_version=&#8221;4.19.2&#8243; global_colors_info=&#8221;{}&#8221;]<br \/>\n[\/et_pb_image][\/et_pb_column][et_pb_column type=&#8221;1_2&#8243; _builder_version=&#8221;4.16&#8243; custom_padding=&#8221;|||&#8221; global_colors_info=&#8221;{}&#8221; custom_padding__hover=&#8221;|||&#8221;][et_pb_text module_class=&#8221;titreR&#8221; _builder_version=&#8221;4.16&#8243; text_font=&#8221;||||||||&#8221; global_colors_info=&#8221;{}&#8221;]<\/p>\n<h1 style=\"text-align: justify; line-height: 115%;\"><span lang=\"FR-CA\">Your moving professional<o:p><\/o:p><\/span><\/h1>\n<p><span lang=\"FR-CA\"><\/span><\/p>\n<p><span>Your <strong>move to Candiac<\/strong>, in the Regional County Municipality of Roussillon,<\/span> <span>Fast approaching, but you are still looking for a company specializing in moving in this locality? D\u00e9m\u00e9nagement Pause-Caf\u00e9 is a professional residential <strong>moving<\/strong> <strong>and<\/strong> <strong>commercial<\/strong> <strong>moving<\/strong> in Candiac that you should contact. Our team of experienced and reliable <a href=\"https:\/\/demenagementpausecafe.ca\/en\/movers-montreal-east-west-island\/\">movers<\/a> intervene over short and long distances for a complete move or for the transport of your belongings.<\/span><\/p>\n<p><span> <\/span><\/p>\n<p>&nbsp;<\/p>\n<p>[\/et_pb_text][\/et_pb_column][\/et_pb_row][\/et_pb_section][et_pb_section fb_built=&#8221;1&#8243; _builder_version=&#8221;4.16&#8243; custom_margin=&#8221;|||&#8221; custom_padding=&#8221;0px||0px|&#8221; global_colors_info=&#8221;{}&#8221;][et_pb_row column_structure=&#8221;2_3,1_3&#8243; use_custom_gutter=&#8221;on&#8221; gutter_width=&#8221;1&#8243; make_equal=&#8221;on&#8221; module_class=&#8221; et_pb_row_fullwidth et_pb_row_fullwidth&#8221; _builder_version=&#8221;4.16&#8243; width=&#8221;100%&#8221; width_tablet=&#8221;100%&#8221; width_phone=&#8221;&#8221; width_last_edited=&#8221;on|desktop&#8221; max_width=&#8221;100%&#8221; max_width_tablet=&#8221;100%&#8221; max_width_phone=&#8221;&#8221; max_width_last_edited=&#8221;on|desktop&#8221; custom_padding=&#8221;0px||0px|&#8221; make_fullwidth=&#8221;on&#8221; global_colors_info=&#8221;{}&#8221;][et_pb_column type=&#8221;2_3&#8243; module_class=&#8221;padding3&#8243; _builder_version=&#8221;4.16&#8243; background_color=&#8221;#000000&#8243; custom_padding=&#8221;|||&#8221; global_colors_info=&#8221;{}&#8221; custom_padding__hover=&#8221;|||&#8221;][et_pb_text _builder_version=&#8221;4.20.2&#8243; text_font=&#8221;||||||||&#8221; background_layout=&#8221;dark&#8221; hover_enabled=&#8221;0&#8243; global_colors_info=&#8221;{}&#8221; sticky_enabled=&#8221;0&#8243;]<\/p>\n<h2>Residential move in Candiac<\/h2>\n<p>Specialist in moving in general and <a href=\"https:\/\/demenagementpausecafe.ca\/en\/category\/residentiel-en\/\">residential moving<\/a> in this case, our company stands by your side to satisfy you in every detail.<\/p>\n<h3>Tailor-made services for all moving formulas<\/h3>\n<p>In reality, with us, you are entitled to turnkey services, regardless of the moving formula. In other words, we pay particular attention to our customers who wish to perform:<\/p>\n<ul>\n<li>A local move,<\/li>\n<li>A <strong><a href=\"https:\/\/demenagementpausecafe.ca\/en\/long-distance-moving-montreal-east-west-island\/\">long-distance move<\/a><\/strong>;<\/li>\n<li>A short distance move;<\/li>\n<li>A bulky move.<\/li>\n<\/ul>\n<p>In addition, for any type of move, we provide blankets\/packing boxes for everyone. Each device is granted according to the nature of the effects to be collected. For example, if you have a piano to move, our <strong>piano<\/strong> <strong>mover<\/strong> who is in the center of Candiac assigns you the proper packaging.<\/p>\n<h2>The advantages of moving to Candiac<\/h2>\n<p>Before diving into the details of your move, it&#8217;s important to understand the benefits of moving to Candiac. This charming town in the Mont\u00e9r\u00e9gie region offers a peaceful and friendly living <a href=\"https:\/\/demenagementpausecafe.ca\/en\/category\/environment-4-en\/\">environment<\/a>, while being close to <a href=\"https:\/\/demenagementpausecafe.ca\/en\/category\/montreal-en\/\">Montreal<\/a>. You can enjoy the beauty of nature, green parks and proximity to essential services. In addition, Candiac offers an excellent quality of life, with its renowned schools, cultural and sports activities, as well as its many shops and restaurants.<\/p>\n<h2>Establish a budget for your move<\/h2>\n<p>Before you start your move to Candiac, it is essential to establish a clear and realistic budget. This will help you make informed decisions throughout the process. Consider the costs of hiring a <a href=\"https:\/\/demenagementpausecafe.ca\/en\/moving-company-montreal-east-west-island\/\">moving company<\/a>, purchasing packing supplies, transportation costs, paperwork, and other related expenses. Don&#8217;t forget to include room for the unexpected.<\/p>\n<h2>Find a reliable moving company in Candiac<\/h2>\n<p>Hiring a reliable and experienced moving company is crucial for a hassle-free move to Candiac. Do thorough research, read customer reviews, and ask those around you for recommendations. Make sure the moving company is licensed, insured and offers comprehensive services, such as packing, loading, transporting and unloading.<\/p>\n<h2>Make an inventory of your belongings and sort them<\/h2>\n<p>Before you start packing your belongings, take the time to take inventory of all your belongings. This will help you determine what you need to pack, what you can sell, give away, or throw away. Sort your stuff piece by room and get rid of everything that is no longer necessary or suitable for your new <a href=\"https:\/\/demenagementpausecafe.ca\/en\/\">home<\/a> in Candiac. This will allow you to reduce the amount of items to be transported and simplify the unpacking process.<\/p>\n<h2>Carton packaging and labelling<\/h2>\n<p>Careful packaging of your belongings is essential to protect them during transport. Use good quality boxes, bubble wrap, tape and other appropriate packaging materials. Pack fragile items individually and place them carefully in the boxes. Don&#8217;t forget to label each carton with a clear description of its contents and the destination part. This will make unloading and unpacking easier in your new home.<\/p>\n<p>&nbsp;<\/p>\n<p>[\/et_pb_text][\/et_pb_column][et_pb_column type=&#8221;1_3&#8243; _builder_version=&#8221;4.16&#8243; background_image=&#8221;https:\/\/demenagementpausecafe.ca\/wp-content\/uploads\/2017\/11\/emballage-demenagement.jpg&#8221; custom_padding=&#8221;|||&#8221; global_colors_info=&#8221;{}&#8221; custom_padding__hover=&#8221;|||&#8221;][\/et_pb_column][\/et_pb_row][\/et_pb_section][et_pb_section fb_built=&#8221;1&#8243; _builder_version=&#8221;4.16&#8243; global_colors_info=&#8221;{}&#8221;][et_pb_row column_structure=&#8221;1_2,1_2&#8243; _builder_version=&#8221;4.16&#8243; global_colors_info=&#8221;{}&#8221;][et_pb_column type=&#8221;1_2&#8243; _builder_version=&#8221;4.16&#8243; custom_padding=&#8221;|||&#8221; global_colors_info=&#8221;{}&#8221; custom_padding__hover=&#8221;|||&#8221;][et_pb_image src=&#8221;https:\/\/demenagementpausecafe.ca\/wp-content\/uploads\/2022\/12\/andreypopov210500795.jpg&#8221; title_text=&#8221;andreypopov210500795&#8243; align_tablet=&#8221;center&#8221; align_phone=&#8221;center&#8221; align_last_edited=&#8221;on|desktop&#8221; _builder_version=&#8221;4.19.2&#8243; global_colors_info=&#8221;{}&#8221;]<br \/>\n[\/et_pb_image][\/et_pb_column][et_pb_column type=&#8221;1_2&#8243; _builder_version=&#8221;4.16&#8243; custom_padding=&#8221;|||&#8221; global_colors_info=&#8221;{}&#8221; custom_padding__hover=&#8221;|||&#8221;][et_pb_text module_class=&#8221;titreR&#8221; _builder_version=&#8221;4.20.2&#8243; text_font=&#8221;||||||||&#8221; hover_enabled=&#8221;0&#8243; global_colors_info=&#8221;{}&#8221; sticky_enabled=&#8221;0&#8243;]<\/p>\n<h2>Commercial move to Candiac<\/h2>\n<p>As a business owner operating in <strong>Candiac<\/strong>, you want to move to your new premises located in another part of the city. We are the structure to contact for this kind of work.<\/p>\n<p>To do this, they do not hesitate to work day and night, and this, quickly to avoid unexpected surprises. This is what we have been doing for years at <strong>D\u00e9m\u00e9nagement Pause-Caf\u00e9<\/strong> throughout Quebec.<\/p>\n<p>In conclusion, visit our site to learn more about us and our <strong>residential<\/strong> <strong>and<\/strong> <strong>commercial<\/strong> <strong>moving<\/strong> activities in this city of 22,997 inhabitants (2021).<\/p>\n<h2>Rent a moving truck or hire professional movers<\/h2>\n<p>The choice between renting a moving truck and hiring professional movers depends on your needs, budget and preferences. If you have few belongings to transport and are willing to do the work yourself, renting a moving truck can be a budget-friendly option. However, if you have many heavy or fragile items, hiring professional movers will save you time, energy, and minimize the risk of damage.<\/p>\n<h2>Organize administrative formalities<\/h2>\n<p>Before you leave your old residence, be sure to organize all the necessary paperwork. This includes terminating or transferring utilities, redirecting mail, updating your address with financial institutions, government agencies, insurance providers, etc. Also take the time to learn about the formalities specific to Candiac, such as registering with the municipality and obtaining the necessary permits.<\/p>\n<h2>Plan the transport of your pets<\/h2>\n<p>If you have pets, it is important to plan their transportation safely and comfortably. Consult your veterinarian for <a href=\"https:\/\/demenagementpausecafe.ca\/en\/tag\/advice\/\">advice<\/a> on how to travel with your pets. Make sure you have proper transport crates, food, water and all necessary documents, such as up-to-date health certificates and vaccinations.<\/p>\n<h2>Anticipate the specific needs of children during the move<\/h2>\n<p>Moving can be a stressful time for children. Involve them from the beginning by explaining the reasons for the move and answering their questions. Try to maintain their daily routine as much as possible and plan fun activities to help them adjust to their new home in Candiac. Also involve them in the process of decorating their new room to make them feel at home.<\/p>\n<h2>Preparing your new home in Candiac<\/h2>\n<p>Before you arrive in Candiac, take the time to prepare your new home. Make sure utilities are on, the <a href=\"https:\/\/demenagementpausecafe.ca\/en\/category\/maison-en\/\">house<\/a> is clean, and necessary repairs are made. Also plan basic furniture and appliances to allow you to get comfortable from day one.<\/p>\n<h2>Install utilities and Internet providers<\/h2>\n<p>Installing utilities such as electricity, water, gas, and heating is essential to making your new home functional. Contact utility providers in advance to schedule installation appointments. Also, if you need an internet connection at your new address in Candiac, find out what providers are available and arrange for an internet connection as soon as you arrive.<\/p>\n<p>[\/et_pb_text][\/et_pb_column][\/et_pb_row][\/et_pb_section][et_pb_section fb_built=&#8221;1&#8243; theme_builder_area=&#8221;post_content&#8221; _builder_version=&#8221;4.20.2&#8243; _module_preset=&#8221;default&#8221;][et_pb_row _builder_version=&#8221;4.20.2&#8243; _module_preset=&#8221;default&#8221; theme_builder_area=&#8221;post_content&#8221;][et_pb_column _builder_version=&#8221;4.20.2&#8243; _module_preset=&#8221;default&#8221; type=&#8221;4_4&#8243; theme_builder_area=&#8221;post_content&#8221;][et_pb_text _builder_version=&#8221;4.20.2&#8243; _module_preset=&#8221;default&#8221; theme_builder_area=&#8221;post_content&#8221; hover_enabled=&#8221;0&#8243; sticky_enabled=&#8221;0&#8243;]<\/p>\n<h2>Unpack and settle into your new home<\/h2>\n<p>Once you arrive in Candiac, start by unpacking essential items, such as kitchen utensils, clothing and toiletries. Unpack the boxes piece by piece and take the time to familiarize yourself with your new home. Organize your belongings in a practical and functional way keeping in mind the layout of each room. Enjoy creating your new living space in Candiac.<\/p>\n<h2>Adapting to your new neighbourhood<\/h2>\n<p>Once you&#8217;ve settled into your new home, take some time to familiarize yourself with your new neighborhood in Candiac. Explore the surroundings, spot nearby schools, parks, shops and other amenities. Meet your neighbours, participate in community activities and get involved in the social life of your neighbourhood. This will help you feel at home and integrate quickly.<\/p>\n<h2>Tips to make it easier to adapt to Candiac<\/h2>\n<ul>\n<li>Join community groups or clubs to meet new people with similar interests.<\/li>\n<li>Explore Candiac&#8217;s parks and green spaces to enjoy nature and relax.<\/li>\n<li>Check out local events and festivals to learn about Candiac&#8217;s culture and history.<\/li>\n<li>Learn about sports and recreational activities in your neighbourhood to stay active and socialize.<\/li>\n<li>Do not hesitate to get involved in community life by offering your volunteer help or by joining local initiatives.<\/li>\n<\/ul>\n<p>[\/et_pb_text][\/et_pb_column][\/et_pb_row][\/et_pb_section][et_pb_section fb_built=&#8221;1&#8243; _builder_version=&#8221;3.0.86&#8243; background_image=&#8221;https:\/\/demenagementpausecafe.ca\/wp-content\/uploads\/2017\/11\/great-moving-team-bg.jpg&#8221; global_module=&#8221;306&#8243; saved_tabs=&#8221;all&#8221; global_colors_info=&#8221;{}&#8221;][et_pb_row column_structure=&#8221;1_2,1_2&#8243; _builder_version=&#8221;4.16&#8243; global_colors_info=&#8221;{}&#8221;][et_pb_column type=&#8221;1_2&#8243; _builder_version=&#8221;4.16&#8243; custom_padding=&#8221;|||&#8221; global_colors_info=&#8221;{}&#8221; custom_padding__hover=&#8221;|||&#8221;][et_pb_text _builder_version=&#8221;4.16&#8243; text_font=&#8221;||||||||&#8221; background_layout=&#8221;dark&#8221; global_colors_info=&#8221;{}&#8221;]<\/p>\n<h2 class=\"p30\">free quote<\/h2>\n<p class=\"tel-jaune\"><b>(514) 569-8849<\/b> or <a class=\"et_pb_button et_pb_button_0 et_pb_module et_pb_bg_layout_light bas\" href=\"https:\/\/demenagementpausecafe.ca\/en\/estimation\/\">online<\/a><\/p>\n<p>[\/et_pb_text][\/et_pb_column][et_pb_column type=&#8221;1_2&#8243; _builder_version=&#8221;4.16&#8243; custom_padding=&#8221;|||&#8221; global_colors_info=&#8221;{}&#8221; custom_padding__hover=&#8221;|||&#8221;][\/et_pb_column][\/et_pb_row][\/et_pb_section]<\/p>\n<div style='text-align:left' class='yasr-auto-insert-visitor'><\/div>","protected":false},"excerpt":{"rendered":"<p>Moving to Candiac Your moving professional Your move to Candiac, in the Regional County Municipality of Roussillon, Fast approaching, but you are still looking for a company specializing in moving in this locality? D\u00e9m\u00e9nagement Pause-Caf\u00e9 is a professional residential moving and commercial moving in Candiac that you should contact. Our team of experienced and reliable [&hellip;]<\/p>\n","protected":false},"author":2,"featured_media":0,"parent":0,"menu_order":0,"comment_status":"closed","ping_status":"closed","template":"","meta":{"_et_pb_use_builder":"on","_et_pb_old_content":"","_et_gb_content_width":"","yasr_overall_rating":0,"yasr_post_is_review":"","yasr_auto_insert_disabled":"","yasr_review_type":"","footnotes":""},"class_list":["post-2001","page","type-page","status-publish","hentry"],"yasr_visitor_votes":{"stars_attributes":{"read_only":false,"span_bottom":false},"number_of_votes":0,"sum_votes":0},"yoast_head":"<!-- This site is optimized with the Yoast SEO Premium plugin v15.0 - https:\/\/yoast.com\/wordpress\/plugins\/seo\/ -->\n<title>Moving Candiac - D\u00e9m\u00e9nagement Pause Caf\u00e9<\/title>\n<meta name=\"description\" content=\"You are thinking of moving soon to Candiac, our team is available for you at all times\" \/>\n<meta name=\"robots\" content=\"index, follow, max-snippet:-1, max-image-preview:large, max-video-preview:-1\" \/>\n<link rel=\"canonical\" href=\"https:\/\/demenagementpausecafe.ca\/en\/moving-candiac\/\" \/>\n<meta property=\"og:locale\" content=\"en_US\" \/>\n<meta property=\"og:type\" content=\"article\" \/>\n<meta property=\"og:title\" content=\"Moving Candiac - D\u00e9m\u00e9nagement Pause Caf\u00e9\" \/>\n<meta property=\"og:description\" content=\"You are thinking of moving soon to Candiac, our team is available for you at all times\" \/>\n<meta property=\"og:url\" content=\"https:\/\/demenagementpausecafe.ca\/en\/moving-candiac\/\" \/>\n<meta property=\"og:site_name\" content=\"D\u00e9m\u00e9nagement Pause Caf\u00e9\" \/>\n<meta property=\"article:modified_time\" content=\"2023-07-13T21:06:05+00:00\" \/>\n<meta name=\"twitter:card\" content=\"summary_large_image\" \/>\n<script type=\"application\/ld+json\" class=\"yoast-schema-graph\">{\"@context\":\"https:\/\/schema.org\",\"@graph\":[{\"@type\":\"WebSite\",\"@id\":\"https:\/\/demenagementpausecafe.ca\/en\/#website\",\"url\":\"https:\/\/demenagementpausecafe.ca\/en\/\",\"name\":\"D\\u00e9m\\u00e9nagement Pause Caf\\u00e9\",\"description\":\"\",\"potentialAction\":[{\"@type\":\"SearchAction\",\"target\":\"https:\/\/demenagementpausecafe.ca\/en\/?s={search_term_string}\",\"query-input\":\"required name=search_term_string\"}],\"inLanguage\":\"en-US\"},{\"@type\":\"WebPage\",\"@id\":\"https:\/\/demenagementpausecafe.ca\/en\/moving-candiac\/#webpage\",\"url\":\"https:\/\/demenagementpausecafe.ca\/en\/moving-candiac\/\",\"name\":\"Moving Candiac - D\\u00e9m\\u00e9nagement Pause Caf\\u00e9\",\"isPartOf\":{\"@id\":\"https:\/\/demenagementpausecafe.ca\/en\/#website\"},\"datePublished\":\"2019-01-21T20:44:59+00:00\",\"dateModified\":\"2023-07-13T21:06:05+00:00\",\"description\":\"You are thinking of moving soon to Candiac, our team is available for you at all times\",\"inLanguage\":\"en-US\",\"potentialAction\":[{\"@type\":\"ReadAction\",\"target\":[\"https:\/\/demenagementpausecafe.ca\/en\/moving-candiac\/\"]}]}]}<\/script>\n<!-- \/ Yoast SEO Premium plugin. -->","_links":{"self":[{"href":"https:\/\/demenagementpausecafe.ca\/en\/wp-json\/wp\/v2\/pages\/2001","targetHints":{"allow":["GET"]}}],"collection":[{"href":"https:\/\/demenagementpausecafe.ca\/en\/wp-json\/wp\/v2\/pages"}],"about":[{"href":"https:\/\/demenagementpausecafe.ca\/en\/wp-json\/wp\/v2\/types\/page"}],"author":[{"embeddable":true,"href":"https:\/\/demenagementpausecafe.ca\/en\/wp-json\/wp\/v2\/users\/2"}],"replies":[{"embeddable":true,"href":"https:\/\/demenagementpausecafe.ca\/en\/wp-json\/wp\/v2\/comments?post=2001"}],"version-history":[{"count":10,"href":"https:\/\/demenagementpausecafe.ca\/en\/wp-json\/wp\/v2\/pages\/2001\/revisions"}],"predecessor-version":[{"id":3814,"href":"https:\/\/demenagementpausecafe.ca\/en\/wp-json\/wp\/v2\/pages\/2001\/revisions\/3814"}],"wp:attachment":[{"href":"https:\/\/demenagementpausecafe.ca\/en\/wp-json\/wp\/v2\/media?parent=2001"}],"curies":[{"name":"wp","href":"https:\/\/api.w.org\/{rel}","templated":true}]}}