{"id":2008,"date":"2018-01-08T11:29:30","date_gmt":"2018-01-08T16:29:30","guid":{"rendered":"https:\/\/demenagementpausecafe.ca\/demenagement-cartierville\/"},"modified":"2019-08-27T17:14:46","modified_gmt":"2019-08-27T21:14:46","slug":"moving-cartierville","status":"publish","type":"page","link":"https:\/\/demenagementpausecafe.ca\/en\/moving-cartierville\/","title":{"rendered":"Moving Cartierville"},"content":{"rendered":"<p>[et_pb_section fb_built=&#8221;1&#8243; _builder_version=&#8221;3.22.3&#8243; background_image=&#8221;https:\/\/demenagementpausecafe.ca\/wp-content\/uploads\/2017\/11\/page-title-bg-1.jpg&#8221;][et_pb_row _builder_version=&#8221;3.22.3&#8243; background_size=&#8221;initial&#8221; background_position=&#8221;top_left&#8221; background_repeat=&#8221;repeat&#8221;][et_pb_column type=&#8221;4_4&#8243; _builder_version=&#8221;3.0.47&#8243;][et_pb_text _builder_version=&#8221;3.0.86&#8243; text_font=&#8221;|||on|||||&#8221; background_layout=&#8221;dark&#8221;]<\/p>\n<h1>moving CARTIERVILLE<\/h1>\n<p>[\/et_pb_text][\/et_pb_column][\/et_pb_row][\/et_pb_section][et_pb_section fb_built=&#8221;1&#8243; _builder_version=&#8221;3.22.3&#8243;][et_pb_row _builder_version=&#8221;3.22.3&#8243;][et_pb_column type=&#8221;1_2&#8243; _builder_version=&#8221;3.0.47&#8243;][et_pb_image src=&#8221;https:\/\/demenagementpausecafe.ca\/wp-content\/uploads\/2017\/11\/dechargement-caisses-demenagement.jpg&#8221; module_class=&#8221;mission-left-img-holder&#8221; _builder_version=&#8221;3.0.89&#8243;]<br \/>\n[\/et_pb_image][\/et_pb_column][et_pb_column type=&#8221;1_2&#8243; _builder_version=&#8221;3.0.47&#8243;][et_pb_text module_class=&#8221;titreR&#8221; _builder_version=&#8221;3.0.89&#8243; text_font=&#8221;||||||||&#8221;]<\/p>\n<h2><\/h2>\n<h1><span class=\"tlid-translation translation\" lang=\"en\"><span title=\"\" class=\"\">For Reliable and Professional Removal Services in Cartierville<\/span><\/span><\/h1>\n<p><span class=\"tlid-translation translation\" lang=\"en\"><\/p>\n<p><span title=\"\">Thinking of moving soon and you need professional and reliable moving services to take care of your goods?<\/span> <span title=\"\">Our professionals at your disposal are at your disposal to make your residential or <a href=\"https:\/\/demenagementpausecafe.ca\/en\/category\/commercial-en\/\">commercial moving<\/a> project a success all along the line.<\/span><\/span><\/p>\n<p>&nbsp;<\/p>\n<p>[\/et_pb_text][\/et_pb_column][\/et_pb_row][\/et_pb_section][et_pb_section fb_built=&#8221;1&#8243; _builder_version=&#8221;3.22.3&#8243; custom_margin=&#8221;|||&#8221; custom_padding=&#8221;0px||0px|&#8221;][et_pb_row use_custom_gutter=&#8221;on&#8221; gutter_width=&#8221;1&#8243; custom_padding=&#8221;0px||0px|&#8221; make_equal=&#8221;on&#8221; background_color_1=&#8221;#000000&#8243; bg_img_2=&#8221;https:\/\/demenagementpausecafe.ca\/wp-content\/uploads\/2017\/11\/emballage-demenagement.jpg&#8221; module_class_1=&#8221;padding3&#8243; module_class=&#8221; et_pb_row_fullwidth et_pb_row_fullwidth&#8221; _builder_version=&#8221;3.22.3&#8243; width=&#8221;100%&#8221; width_tablet=&#8221;100%&#8221; width_last_edited=&#8221;on|desktop&#8221; max_width=&#8221;100%&#8221; max_width_tablet=&#8221;100%&#8221; max_width_last_edited=&#8221;on|desktop&#8221; make_fullwidth=&#8221;on&#8221;][et_pb_column type=&#8221;2_3&#8243; _builder_version=&#8221;3.0.47&#8243;][et_pb_text _builder_version=&#8221;3.0.86&#8243; text_font=&#8221;||||||||&#8221; background_layout=&#8221;dark&#8221;]<\/p>\n<h2><span class=\"tlid-translation translation\" lang=\"en\"><span title=\"\" class=\"\">Personalized moving services<\/span><\/span><\/h2>\n<p><span class=\"tlid-translation translation\" lang=\"en\"><\/p>\n<p><span title=\"\">With many years of experience, our professional <a href=\"https:\/\/demenagementpausecafe.ca\/en\/movers-montreal-east-west-island\/\">movers<\/a> offer you personalized moving services according to your needs.<\/span> <span title=\"\">So, whether it&#8217;s a complete move including the packing and unpacking of your belongings, once you have reached your destination, or the transport of boxes already packed, our experts take care of your project to move the<\/span> <span title=\"\">beginning to end.<\/span><\/span><\/p>\n<p>[\/et_pb_text][\/et_pb_column][et_pb_column type=&#8221;1_3&#8243; _builder_version=&#8221;3.0.47&#8243;][\/et_pb_column][\/et_pb_row][\/et_pb_section][et_pb_section fb_built=&#8221;1&#8243; _builder_version=&#8221;3.22.3&#8243;][et_pb_row _builder_version=&#8221;3.22.3&#8243;][et_pb_column type=&#8221;1_2&#8243; _builder_version=&#8221;3.0.47&#8243;][et_pb_image src=&#8221;https:\/\/demenagementpausecafe.ca\/wp-content\/uploads\/2017\/11\/3.jpg&#8221; _builder_version=&#8221;3.0.86&#8243;]<br \/>\n[\/et_pb_image][\/et_pb_column][et_pb_column type=&#8221;1_2&#8243; _builder_version=&#8221;3.0.47&#8243;][et_pb_text module_class=&#8221;titreR&#8221; _builder_version=&#8221;3.0.89&#8243; text_font=&#8221;||||||||&#8221;]<\/p>\n<h1><span class=\"tlid-translation translation\" lang=\"en\">A team of movers in cartierville at your service<\/span><\/h1>\n<p><span class=\"tlid-translation translation\" lang=\"en\"><\/p>\n<p>With a solid team of qualified movers in Cartierville &#8211; each one is handpicked &#8211; we are able to offer you local or long-distance moving services according to your preferences. Our professional movers in Cartierville are at your heart and satisfy you with meticulousness and delicacy when packing, transporting and unpacking the goods. Our mission is to transport your goods to your destination with confidence, while offering you the most professional removal services in Cartierville.<\/p>\n<p>We know how important each property and each box is to you, and that&#8217;s why we handle objects with great care when moving, whether it&#8217;s a residential or <a href=\"https:\/\/demenagementpausecafe.ca\/en\/commercial-moving-montreal-east-west-island\/\">commercial move<\/a> .<\/p>\n<p>Regardless of the quantity and nature of the goods you wish to have packaged and transported (piano, work desk, pool table, etc.), we have the equipment, the labor and the expertise to deliver your goods. merchandise safely in one piece.<\/span><\/p>\n<p>[\/et_pb_text][\/et_pb_column][\/et_pb_row][\/et_pb_section][et_pb_section fb_built=&#8221;1&#8243; _builder_version=&#8221;3.22.3&#8243;][et_pb_row _builder_version=&#8221;3.22.7&#8243;][et_pb_column type=&#8221;1_2&#8243; _builder_version=&#8221;3.0.47&#8243;][et_pb_image src=&#8221;https:\/\/demenagementpausecafe.ca\/wp-content\/uploads\/2017\/11\/4.jpg&#8221; _builder_version=&#8221;3.0.86&#8243;]<br \/>\n[\/et_pb_image][\/et_pb_column][et_pb_column type=&#8221;1_2&#8243; _builder_version=&#8221;3.0.47&#8243;][et_pb_text module_class=&#8221;titreR&#8221; _builder_version=&#8221;3.0.89&#8243; text_font=&#8221;||||||||&#8221;]<\/p>\n<p><strong><span class=\"tlid-translation translation\" lang=\"en\"><span title=\"\" class=\"\">Hassle-free removal<\/span><\/span><\/strong><\/p>\n<p><span class=\"tlid-translation translation\" lang=\"en\"><\/span><\/p>\n<p><span title=\"\">With our comprehensive insurance against breakage, damage and theft, you&#8217;re assured of a hassle-free move to <a href=\"https:\/\/demenagementpausecafe.ca\/en\/category\/montreal-en\/\">Montreal<\/a> with dedicated professionals.<\/span> <span title=\"\">To learn more about our services or to get your <a href=\"https:\/\/demenagementpausecafe.ca\/en\/estimation\/\">free quote<\/a>, do not hesitate to <a href=\"https:\/\/demenagementpausecafe.ca\/en\/contact-us\/\">contact us<\/a>.<\/span> <span title=\"\">We serve the Montreal, Montreal East and Montreal West regions.<\/span><\/p>\n<p>[\/et_pb_text][\/et_pb_column][\/et_pb_row][\/et_pb_section][et_pb_section fb_built=&#8221;1&#8243; _builder_version=&#8221;3.22.3&#8243; background_image=&#8221;https:\/\/demenagementpausecafe.ca\/wp-content\/uploads\/2017\/11\/great-moving-team-bg.jpg&#8221; saved_tabs=&#8221;all&#8221;][et_pb_row _builder_version=&#8221;3.22.3&#8243;][et_pb_column type=&#8221;1_2&#8243; _builder_version=&#8221;3.0.47&#8243;][et_pb_text _builder_version=&#8221;3.0.89&#8243; text_font=&#8221;||||||||&#8221; background_layout=&#8221;dark&#8221;]<\/p>\n<h2 class=\"p30\">free quote<\/h2>\n<p class=\"emergency24hour\">\n<p class=\"tel-jaune\"><b>(514) 569-8849<\/b> ou <a class=\"et_pb_button et_pb_button_0 et_pb_module et_pb_bg_layout_light bas\" href=\"https:\/\/demenagementpausecafe.ca\/en\/estimation\/\"> en ligne<\/a><\/p>\n<p>[\/et_pb_text][\/et_pb_column][et_pb_column type=&#8221;1_2&#8243; _builder_version=&#8221;3.0.47&#8243;][\/et_pb_column][\/et_pb_row][\/et_pb_section]<\/p>\n<div style='text-align:left' class='yasr-auto-insert-visitor'><\/div>","protected":false},"excerpt":{"rendered":"<p>moving CARTIERVILLE For Reliable and Professional Removal Services in Cartierville Thinking of moving soon and you need professional and reliable moving services to take care of your goods? Our professionals at your disposal are at your disposal to make your residential or commercial moving project a success all along the line. &nbsp;Personalized moving services With [&hellip;]<\/p>\n","protected":false},"author":2,"featured_media":0,"parent":0,"menu_order":0,"comment_status":"closed","ping_status":"closed","template":"","meta":{"_et_pb_use_builder":"on","_et_pb_old_content":"","_et_gb_content_width":"","yasr_overall_rating":0,"yasr_post_is_review":"","yasr_auto_insert_disabled":"","yasr_review_type":"Other","footnotes":""},"class_list":["post-2008","page","type-page","status-publish","hentry"],"yasr_visitor_votes":{"stars_attributes":{"read_only":false,"span_bottom":false},"number_of_votes":0,"sum_votes":0},"yoast_head":"<!-- This site is optimized with the Yoast SEO Premium plugin v15.0 - https:\/\/yoast.com\/wordpress\/plugins\/seo\/ -->\n<title>Moving Cartierville - D\u00e9m\u00e9nagement Pause Caf\u00e9<\/title>\n<meta name=\"description\" content=\"Thinking of moving soon in Cartierville and you need professional and reliable moving services to take care of your goods?\" \/>\n<meta name=\"robots\" content=\"index, follow, max-snippet:-1, max-image-preview:large, max-video-preview:-1\" \/>\n<link rel=\"canonical\" href=\"https:\/\/demenagementpausecafe.ca\/en\/moving-cartierville\/\" \/>\n<meta property=\"og:locale\" content=\"en_US\" \/>\n<meta property=\"og:type\" content=\"article\" \/>\n<meta property=\"og:title\" content=\"Moving Cartierville - D\u00e9m\u00e9nagement Pause Caf\u00e9\" \/>\n<meta property=\"og:description\" content=\"Thinking of moving soon in Cartierville and you need professional and reliable moving services to take care of your goods?\" \/>\n<meta property=\"og:url\" content=\"https:\/\/demenagementpausecafe.ca\/en\/moving-cartierville\/\" \/>\n<meta property=\"og:site_name\" content=\"D\u00e9m\u00e9nagement Pause Caf\u00e9\" \/>\n<meta property=\"article:modified_time\" content=\"2019-08-27T21:14:46+00:00\" \/>\n<meta name=\"twitter:card\" content=\"summary_large_image\" \/>\n<script type=\"application\/ld+json\" class=\"yoast-schema-graph\">{\"@context\":\"https:\/\/schema.org\",\"@graph\":[{\"@type\":\"WebSite\",\"@id\":\"https:\/\/demenagementpausecafe.ca\/en\/#website\",\"url\":\"https:\/\/demenagementpausecafe.ca\/en\/\",\"name\":\"D\\u00e9m\\u00e9nagement Pause Caf\\u00e9\",\"description\":\"\",\"potentialAction\":[{\"@type\":\"SearchAction\",\"target\":\"https:\/\/demenagementpausecafe.ca\/en\/?s={search_term_string}\",\"query-input\":\"required name=search_term_string\"}],\"inLanguage\":\"en-US\"},{\"@type\":\"WebPage\",\"@id\":\"https:\/\/demenagementpausecafe.ca\/en\/moving-cartierville\/#webpage\",\"url\":\"https:\/\/demenagementpausecafe.ca\/en\/moving-cartierville\/\",\"name\":\"Moving Cartierville - D\\u00e9m\\u00e9nagement Pause Caf\\u00e9\",\"isPartOf\":{\"@id\":\"https:\/\/demenagementpausecafe.ca\/en\/#website\"},\"datePublished\":\"2018-01-08T16:29:30+00:00\",\"dateModified\":\"2019-08-27T21:14:46+00:00\",\"description\":\"Thinking of moving soon in Cartierville and you need professional and reliable moving services to take care of your goods?\",\"inLanguage\":\"en-US\",\"potentialAction\":[{\"@type\":\"ReadAction\",\"target\":[\"https:\/\/demenagementpausecafe.ca\/en\/moving-cartierville\/\"]}]}]}<\/script>\n<!-- \/ Yoast SEO Premium plugin. -->","_links":{"self":[{"href":"https:\/\/demenagementpausecafe.ca\/en\/wp-json\/wp\/v2\/pages\/2008","targetHints":{"allow":["GET"]}}],"collection":[{"href":"https:\/\/demenagementpausecafe.ca\/en\/wp-json\/wp\/v2\/pages"}],"about":[{"href":"https:\/\/demenagementpausecafe.ca\/en\/wp-json\/wp\/v2\/types\/page"}],"author":[{"embeddable":true,"href":"https:\/\/demenagementpausecafe.ca\/en\/wp-json\/wp\/v2\/users\/2"}],"replies":[{"embeddable":true,"href":"https:\/\/demenagementpausecafe.ca\/en\/wp-json\/wp\/v2\/comments?post=2008"}],"version-history":[{"count":2,"href":"https:\/\/demenagementpausecafe.ca\/en\/wp-json\/wp\/v2\/pages\/2008\/revisions"}],"predecessor-version":[{"id":2011,"href":"https:\/\/demenagementpausecafe.ca\/en\/wp-json\/wp\/v2\/pages\/2008\/revisions\/2011"}],"wp:attachment":[{"href":"https:\/\/demenagementpausecafe.ca\/en\/wp-json\/wp\/v2\/media?parent=2008"}],"curies":[{"name":"wp","href":"https:\/\/api.w.org\/{rel}","templated":true}]}}