{"id":2013,"date":"2019-01-21T16:00:42","date_gmt":"2019-01-21T21:00:42","guid":{"rendered":"https:\/\/demenagementpausecafe.ca\/demenagement-chambly\/"},"modified":"2023-07-13T17:12:27","modified_gmt":"2023-07-13T21:12:27","slug":"moving-chambly","status":"publish","type":"page","link":"https:\/\/demenagementpausecafe.ca\/en\/moving-chambly\/","title":{"rendered":"Moving Chambly"},"content":{"rendered":"<p>[et_pb_section fb_built=&#8221;1&#8243; _builder_version=&#8221;4.16&#8243; background_image=&#8221;https:\/\/demenagementpausecafe.ca\/wp-content\/uploads\/2017\/11\/page-title-bg-1.jpg&#8221; global_colors_info=&#8221;{}&#8221;][et_pb_row _builder_version=&#8221;4.16&#8243; background_size=&#8221;initial&#8221; background_position=&#8221;top_left&#8221; background_repeat=&#8221;repeat&#8221; global_colors_info=&#8221;{}&#8221;][et_pb_column type=&#8221;4_4&#8243; _builder_version=&#8221;4.16&#8243; custom_padding=&#8221;|||&#8221; global_colors_info=&#8221;{}&#8221; custom_padding__hover=&#8221;|||&#8221;][et_pb_text _builder_version=&#8221;4.20.2&#8243; text_font=&#8221;|||on|||||&#8221; background_layout=&#8221;dark&#8221; hover_enabled=&#8221;0&#8243; global_colors_info=&#8221;{}&#8221; sticky_enabled=&#8221;0&#8243;]<\/p>\n<h1 style=\"margin-bottom: 12.0pt; text-align: justify;\"><span lang=\"FR\">Moving to Chambly<\/span><\/h1>\n<p>[\/et_pb_text][\/et_pb_column][\/et_pb_row][\/et_pb_section][et_pb_section fb_built=&#8221;1&#8243; _builder_version=&#8221;4.16&#8243; global_colors_info=&#8221;{}&#8221;][et_pb_row column_structure=&#8221;1_2,1_2&#8243; _builder_version=&#8221;4.16&#8243; global_colors_info=&#8221;{}&#8221;][et_pb_column type=&#8221;1_2&#8243; _builder_version=&#8221;4.16&#8243; custom_padding=&#8221;|||&#8221; global_colors_info=&#8221;{}&#8221; custom_padding__hover=&#8221;|||&#8221;][et_pb_image src=&#8221;https:\/\/demenagementpausecafe.ca\/wp-content\/uploads\/2022\/12\/lacheev220900156.jpg&#8221; title_text=&#8221;lacheev220900156&#8243; align_tablet=&#8221;center&#8221; align_phone=&#8221;center&#8221; align_last_edited=&#8221;on|desktop&#8221; module_class=&#8221;mission-left-img-holder&#8221; _builder_version=&#8221;4.19.2&#8243; global_colors_info=&#8221;{}&#8221;]<br \/>\n[\/et_pb_image][\/et_pb_column][et_pb_column type=&#8221;1_2&#8243; _builder_version=&#8221;4.16&#8243; custom_padding=&#8221;|||&#8221; global_colors_info=&#8221;{}&#8221; custom_padding__hover=&#8221;|||&#8221;][et_pb_text module_class=&#8221;titreR&#8221; _builder_version=&#8221;4.20.2&#8243; text_font=&#8221;||||||||&#8221; hover_enabled=&#8221;0&#8243; global_colors_info=&#8221;{}&#8221; sticky_enabled=&#8221;0&#8243;]<\/p>\n<h2>For reliable and professional moving services!<\/h2>\n<h2>The advantages of moving to Chambly<\/h2>\n<p>Before going into the details of your move, it is important to understand the advantages of settling in Chambly. This charming town in the Mont\u00e9r\u00e9gie region offers a peaceful and picturesque living <a href=\"https:\/\/demenagementpausecafe.ca\/en\/category\/environment-4-en\/\">environment<\/a>, with its rich historical heritage and proximity to nature. Chambly offers a perfect balance between modern city life and a tranquil atmosphere. You can enjoy parks, bike paths, local restaurants and easy access to <a href=\"https:\/\/demenagementpausecafe.ca\/en\/category\/montreal-en\/\">Montreal<\/a>. Chambly is a popular destination for those looking to live in a friendly and warm environment.<\/p>\n<h2>Establish a budget for your move<\/h2>\n<p>Before embarking on your move to Chambly, it is essential to establish a clear and realistic budget. This will help you make informed decisions throughout the process. Consider the costs of hiring a <a href=\"https:\/\/demenagementpausecafe.ca\/en\/moving-company-montreal-east-west-island\/\">moving company<\/a>, purchasing packing supplies, transportation costs, paperwork, and other related expenses. Don&#8217;t forget to allow room for the unexpected.<\/p>\n<h2>Find a reliable moving company in Chambly<\/h2>\n<p>Hiring a reliable and experienced moving company is essential for a hassle-free move to Chambly. Do thorough research, read customer reviews, and ask those around you for recommendations. Make sure the moving company is licensed, insured, and offers comprehensive services, including packing, loading, transportation, and unloading.<\/p>\n<h2>Make an inventory of your belongings and sort them<\/h2>\n<p>Before you start packing your belongings, take the time to take inventory of all your belongings. This will help you determine what you need to pack, what you can sell, give away, or throw away. Sort your belongings piece by room and get rid of everything that is no longer necessary or that does not suit your new <a href=\"https:\/\/demenagementpausecafe.ca\/en\/\">home<\/a> in Chambly. This will allow you to reduce the amount of items to be transported and simplify the unpacking process.<\/p>\n<p>[\/et_pb_text][\/et_pb_column][\/et_pb_row][\/et_pb_section][et_pb_section fb_built=&#8221;1&#8243; _builder_version=&#8221;4.16&#8243; custom_margin=&#8221;|||&#8221; custom_padding=&#8221;0px||0px|&#8221; global_colors_info=&#8221;{}&#8221;][et_pb_row column_structure=&#8221;2_3,1_3&#8243; use_custom_gutter=&#8221;on&#8221; gutter_width=&#8221;1&#8243; make_equal=&#8221;on&#8221; module_class=&#8221; et_pb_row_fullwidth et_pb_row_fullwidth&#8221; _builder_version=&#8221;4.16&#8243; width=&#8221;100%&#8221; width_tablet=&#8221;100%&#8221; width_phone=&#8221;&#8221; width_last_edited=&#8221;on|desktop&#8221; max_width=&#8221;100%&#8221; max_width_tablet=&#8221;100%&#8221; max_width_phone=&#8221;&#8221; max_width_last_edited=&#8221;on|desktop&#8221; custom_padding=&#8221;0px||0px|&#8221; make_fullwidth=&#8221;on&#8221; global_colors_info=&#8221;{}&#8221;][et_pb_column type=&#8221;2_3&#8243; module_class=&#8221;padding3&#8243; _builder_version=&#8221;4.16&#8243; background_color=&#8221;#000000&#8243; custom_padding=&#8221;|||&#8221; global_colors_info=&#8221;{}&#8221; custom_padding__hover=&#8221;|||&#8221;][et_pb_text _builder_version=&#8221;4.20.2&#8243; text_font=&#8221;||||||||&#8221; background_layout=&#8221;dark&#8221; hover_enabled=&#8221;0&#8243; global_colors_info=&#8221;{}&#8221; sticky_enabled=&#8221;0&#8243;]<\/p>\n<h2>Residential move in Chambly<\/h2>\n<p>You want to integrate your new apartment or residence in Chambly. We offer you the best moving services.<\/p>\n<h3>Personalized moving services in Chambly<\/h3>\n<p>To meet all your needs, D\u00e9m\u00e9nagement Pause-Caf\u00e9 is able to offer you complete services and even additional services such as cleaning your property. We also offer storage of your furniture if you do not want to use it at the moment. We also take care of the assembly of your goods as well as more or less complex structures. To take advantage of the best options available to you, do not hesitate to contact our team of <strong><a href=\"https:\/\/demenagementpausecafe.ca\/en\/movers-montreal-east-west-island\/\">movers<\/a> in Chambly<\/strong>.<\/p>\n<h2>Carton packaging and labelling<\/h2>\n<p>Careful packaging of your belongings is essential to protect them during transport. Use good quality boxes, bubble wrap, tape and other appropriate packaging materials. Pack fragile items individually and place them carefully in the boxes. Don&#8217;t forget to label each carton with a clear description of its contents and the destination part. This will make unloading and unpacking easier in your new home.<\/p>\n<h2>Rent a moving truck or hire professional movers<\/h2>\n<p>The choice between renting a moving truck and hiring professional movers depends on your needs, budget and preferences. If you have few belongings to transport and are willing to do the work yourself, renting a moving truck can be a budget-friendly option. However, if you have many heavy or fragile items, hiring professional movers will save you time, energy, and minimize the risk of damage.<\/p>\n<h2>Organize administrative formalities<\/h2>\n<p>Before you leave your old residence, be sure to organize all the necessary paperwork. This includes terminating or transferring utilities, redirecting mail, updating your address with financial institutions, government agencies, insurance providers, etc. Also take the time to find out about the formalities specific to Chambly, such as registering with the municipality and obtaining the necessary permits.<\/p>\n<h2>Plan the transport of your pets<\/h2>\n<p>If you have pets, it is important to plan their transportation safely and comfortably. Consult your veterinarian for <a href=\"https:\/\/demenagementpausecafe.ca\/en\/tag\/advice\/\">advice<\/a> on how to travel with your pets. Make sure you have proper transport crates, food, water and all necessary documents, such as up-to-date health certificates and vaccinations.<\/p>\n<h2>Anticipate the specific needs of children during the move<\/h2>\n<p>Moving can be a stressful time for children. Involve them from the beginning by explaining the reasons for the move and answering their questions. Try to maintain their daily routine as much as possible and plan fun activities to help them adjust to their new home in Chambly. Also involve them in the process of decorating their new room to make them feel at home.<\/p>\n<h2>Preparing your new home in Chambly<\/h2>\n<p>Before you arrive in Chambly, take the time to prepare your new home. Make sure utilities are on, the <a href=\"https:\/\/demenagementpausecafe.ca\/en\/category\/maison-en\/\">house<\/a> is clean, and necessary repairs are made. Also plan basic furniture and appliances to allow you to get comfortable from day one.<\/p>\n<h2>Install utilities and Internet providers<\/h2>\n<p>Installing utilities such as electricity, water, gas, and heating is essential to making your new home functional. Contact utility providers in advance to schedule installation appointments. In addition, if you need an Internet connection at your new address in Chambly, find out what providers are available and make arrangements to get an Internet connection as soon as you arrive.<\/p>\n<h2>Unpack and settle into your new home<\/h2>\n<p>Once you arrive in Chambly, start by unpacking essential items, such as kitchen utensils, clothing and toiletries. Unpack the boxes piece by piece and take the time to familiarize yourself with your new home. Organize your belongings in a practical and functional way keeping in mind the layout of each room. Enjoy creating your new living space in Chambly.<\/p>\n<p>[\/et_pb_text][\/et_pb_column][et_pb_column type=&#8221;1_3&#8243; _builder_version=&#8221;4.16&#8243; background_image=&#8221;https:\/\/demenagementpausecafe.ca\/wp-content\/uploads\/2017\/11\/emballage-demenagement.jpg&#8221; custom_padding=&#8221;|||&#8221; global_colors_info=&#8221;{}&#8221; custom_padding__hover=&#8221;|||&#8221;][\/et_pb_column][\/et_pb_row][\/et_pb_section][et_pb_section fb_built=&#8221;1&#8243; _builder_version=&#8221;4.16&#8243; global_colors_info=&#8221;{}&#8221;][et_pb_row column_structure=&#8221;1_2,1_2&#8243; _builder_version=&#8221;4.16&#8243; global_colors_info=&#8221;{}&#8221;][et_pb_column type=&#8221;1_2&#8243; _builder_version=&#8221;4.16&#8243; custom_padding=&#8221;|||&#8221; global_colors_info=&#8221;{}&#8221; custom_padding__hover=&#8221;|||&#8221;][et_pb_image src=&#8221;https:\/\/demenagementpausecafe.ca\/wp-content\/uploads\/2022\/12\/api_thumb_450-7.jpg&#8221; title_text=&#8221;api_thumb_450 (7)&#8221; align_tablet=&#8221;center&#8221; align_phone=&#8221;center&#8221; align_last_edited=&#8221;on|desktop&#8221; _builder_version=&#8221;4.19.2&#8243; global_colors_info=&#8221;{}&#8221;]<br \/>\n[\/et_pb_image][\/et_pb_column][et_pb_column type=&#8221;1_2&#8243; _builder_version=&#8221;4.16&#8243; custom_padding=&#8221;|||&#8221; global_colors_info=&#8221;{}&#8221; custom_padding__hover=&#8221;|||&#8221;][et_pb_text module_class=&#8221;titreR&#8221; _builder_version=&#8221;4.16&#8243; text_font=&#8221;||||||||&#8221; global_colors_info=&#8221;{}&#8221;]<\/p>\n<h2><span>Commercial move to Chambly<\/span><\/h2>\n<p><span>D\u00e9m\u00e9nagement Pause-Caf\u00e9 also has the expertise and manpower to transport goods of any kind from your business. In other words, if you want to change corporate offices, we are the best company to contact throughout Quebec and especially in <strong>Chambly<\/strong>.<\/span><\/p>\n<h3><span>Outstanding expertise for tangible results<\/span><\/h3>\n<p><span>In fact, we help you make your <strong>commercial<\/strong> <strong>move<\/strong> a success by saving you as much time as possible. Look, if you have to pick up the stuff during the day, we can do it without disturbing you in your activities. Our <strong>commercial movers in Chambly<\/strong> know how to be discreet and make less noise in their operations. Better, we can move Chambly at night if you wish. In any case, you will only pay what was agreed at the beginning and your <strong>moving<\/strong> <strong>budget<\/strong> does not change.<\/span><\/p>\n<h3><span>Use of appropriate and professional rolling stock<\/span><\/h3>\n<p><span>A <a href=\"https:\/\/demenagementpausecafe.ca\/en\/commercial-moving-montreal-east-west-island\/\">commercial move<\/a> or an <strong>industrial<\/strong> <strong>move<\/strong> requires the use of adequate rolling stock. We have this logistics and allow you not to rent them. All your belongings are transported safely according to the standards in force that apply to each type of transfer. To get an accurate estimate according to your needs for your <strong>move to Chambly<\/strong>, you can ask us for a quote that we make free of charge!<\/span><\/p>\n<p>[\/et_pb_text][\/et_pb_column][\/et_pb_row][\/et_pb_section][et_pb_section fb_built=&#8221;1&#8243; theme_builder_area=&#8221;post_content&#8221; _builder_version=&#8221;4.20.2&#8243; _module_preset=&#8221;default&#8221;][et_pb_row _builder_version=&#8221;4.20.2&#8243; _module_preset=&#8221;default&#8221; column_structure=&#8221;1_2,1_2&#8243; theme_builder_area=&#8221;post_content&#8221;][et_pb_column _builder_version=&#8221;4.20.2&#8243; _module_preset=&#8221;default&#8221; type=&#8221;1_2&#8243; theme_builder_area=&#8221;post_content&#8221;][et_pb_text _builder_version=&#8221;4.20.2&#8243; _module_preset=&#8221;default&#8221; theme_builder_area=&#8221;post_content&#8221; hover_enabled=&#8221;0&#8243; sticky_enabled=&#8221;0&#8243;]<\/p>\n<h3><strong>Adapting to your new neighbourhood<\/strong><\/h3>\n<p>Once you&#8217;ve settled into your new home, take the time to familiarize yourself with your new neighbourhood in Chambly. Explore the surroundings, spot nearby schools, parks, shops and other amenities. Meet your neighbours, participate in community activities and get involved in the social life of your neighbourhood. This will help you feel at home and integrate quickly.<\/p>\n<h3><strong>Tips to facilitate adaptation in Chambly<\/strong><\/h3>\n<ul>\n<li>Join community groups or local associations to meet new people and integrate into the social life of Chambly.<\/li>\n<li>Enjoy Chambly&#8217;s green spaces and parks to relax and enjoy nature.<\/li>\n<li>Explore local events and festivals to discover Chambly&#8217;s culture and traditions.<\/li>\n<li>Familiarize yourself with local services and shops to make your daily life easier.<\/li>\n<li>Get involved in sports or arts activities in your neighborhood to meet new people with similar interests.<\/li>\n<\/ul>\n<h4><strong>Conclusion<\/strong><\/h4>\n<p>Organizing a move to Chambly may seem complex, but with proper <a href=\"https:\/\/demenagementpausecafe.ca\/en\/tag\/planning\/\">planning<\/a> and the right resources, you can make this transition stress-free. Follow the steps in this article to guide you through the process. Stay organized, ask for help if needed, and take the time to settle into your new home in comfort. Welcome to Chambly, your new home!<\/p>\n<p>[\/et_pb_text][\/et_pb_column][et_pb_column _builder_version=&#8221;4.20.2&#8243; _module_preset=&#8221;default&#8221; type=&#8221;1_2&#8243; theme_builder_area=&#8221;post_content&#8221;][\/et_pb_column][\/et_pb_row][\/et_pb_section][et_pb_section fb_built=&#8221;1&#8243; _builder_version=&#8221;3.0.86&#8243; background_image=&#8221;https:\/\/demenagementpausecafe.ca\/wp-content\/uploads\/2017\/11\/great-moving-team-bg.jpg&#8221; global_module=&#8221;306&#8243; saved_tabs=&#8221;all&#8221; global_colors_info=&#8221;{}&#8221;][et_pb_row column_structure=&#8221;1_2,1_2&#8243; _builder_version=&#8221;4.16&#8243; global_colors_info=&#8221;{}&#8221;][et_pb_column type=&#8221;1_2&#8243; _builder_version=&#8221;4.16&#8243; custom_padding=&#8221;|||&#8221; global_colors_info=&#8221;{}&#8221; custom_padding__hover=&#8221;|||&#8221;][et_pb_text _builder_version=&#8221;4.16&#8243; text_font=&#8221;||||||||&#8221; background_layout=&#8221;dark&#8221; global_colors_info=&#8221;{}&#8221;]<\/p>\n<h2 class=\"p30\">free quote<\/h2>\n<p class=\"tel-jaune\"><b>(514) 569-8849<\/b> or <a class=\"et_pb_button et_pb_button_0 et_pb_module et_pb_bg_layout_light bas\" href=\"https:\/\/demenagementpausecafe.ca\/en\/estimation\/\">online<\/a><\/p>\n<p>[\/et_pb_text][\/et_pb_column][et_pb_column type=&#8221;1_2&#8243; _builder_version=&#8221;4.16&#8243; custom_padding=&#8221;|||&#8221; global_colors_info=&#8221;{}&#8221; custom_padding__hover=&#8221;|||&#8221;][\/et_pb_column][\/et_pb_row][\/et_pb_section]<\/p>\n<div style='text-align:left' class='yasr-auto-insert-visitor'><\/div>","protected":false},"excerpt":{"rendered":"<p>Moving to Chambly For reliable and professional moving services! The advantages of moving to Chambly Before going into the details of your move, it is important to understand the advantages of settling in Chambly. This charming town in the Mont\u00e9r\u00e9gie region offers a peaceful and picturesque living environment, with its rich historical heritage and proximity [&hellip;]<\/p>\n","protected":false},"author":2,"featured_media":0,"parent":0,"menu_order":0,"comment_status":"closed","ping_status":"closed","template":"","meta":{"_et_pb_use_builder":"on","_et_pb_old_content":"","_et_gb_content_width":"","yasr_overall_rating":0,"yasr_post_is_review":"","yasr_auto_insert_disabled":"","yasr_review_type":"Other","footnotes":""},"class_list":["post-2013","page","type-page","status-publish","hentry"],"yasr_visitor_votes":{"stars_attributes":{"read_only":false,"span_bottom":false},"number_of_votes":0,"sum_votes":0},"yoast_head":"<!-- This site is optimized with the Yoast SEO Premium plugin v15.0 - https:\/\/yoast.com\/wordpress\/plugins\/seo\/ -->\n<title>Moving Chambly - D\u00e9m\u00e9nagement Pause Caf\u00e9<\/title>\n<meta name=\"description\" content=\"Our team of expert movers meet your residential and commercial moving needs in chambly\" \/>\n<meta name=\"robots\" content=\"index, follow, max-snippet:-1, max-image-preview:large, max-video-preview:-1\" \/>\n<link rel=\"canonical\" href=\"https:\/\/demenagementpausecafe.ca\/en\/moving-chambly\/\" \/>\n<meta property=\"og:locale\" content=\"en_US\" \/>\n<meta property=\"og:type\" content=\"article\" \/>\n<meta property=\"og:title\" content=\"Moving Chambly - D\u00e9m\u00e9nagement Pause Caf\u00e9\" \/>\n<meta property=\"og:description\" content=\"Our team of expert movers meet your residential and commercial moving needs in chambly\" \/>\n<meta property=\"og:url\" content=\"https:\/\/demenagementpausecafe.ca\/en\/moving-chambly\/\" \/>\n<meta property=\"og:site_name\" content=\"D\u00e9m\u00e9nagement Pause Caf\u00e9\" \/>\n<meta property=\"article:modified_time\" content=\"2023-07-13T21:12:27+00:00\" \/>\n<meta name=\"twitter:card\" content=\"summary_large_image\" \/>\n<script type=\"application\/ld+json\" class=\"yoast-schema-graph\">{\"@context\":\"https:\/\/schema.org\",\"@graph\":[{\"@type\":\"WebSite\",\"@id\":\"https:\/\/demenagementpausecafe.ca\/en\/#website\",\"url\":\"https:\/\/demenagementpausecafe.ca\/en\/\",\"name\":\"D\\u00e9m\\u00e9nagement Pause Caf\\u00e9\",\"description\":\"\",\"potentialAction\":[{\"@type\":\"SearchAction\",\"target\":\"https:\/\/demenagementpausecafe.ca\/en\/?s={search_term_string}\",\"query-input\":\"required name=search_term_string\"}],\"inLanguage\":\"en-US\"},{\"@type\":\"WebPage\",\"@id\":\"https:\/\/demenagementpausecafe.ca\/en\/moving-chambly\/#webpage\",\"url\":\"https:\/\/demenagementpausecafe.ca\/en\/moving-chambly\/\",\"name\":\"Moving Chambly - D\\u00e9m\\u00e9nagement Pause Caf\\u00e9\",\"isPartOf\":{\"@id\":\"https:\/\/demenagementpausecafe.ca\/en\/#website\"},\"datePublished\":\"2019-01-21T21:00:42+00:00\",\"dateModified\":\"2023-07-13T21:12:27+00:00\",\"description\":\"Our team of expert movers meet your residential and commercial moving needs in chambly\",\"inLanguage\":\"en-US\",\"potentialAction\":[{\"@type\":\"ReadAction\",\"target\":[\"https:\/\/demenagementpausecafe.ca\/en\/moving-chambly\/\"]}]}]}<\/script>\n<!-- \/ Yoast SEO Premium plugin. -->","_links":{"self":[{"href":"https:\/\/demenagementpausecafe.ca\/en\/wp-json\/wp\/v2\/pages\/2013","targetHints":{"allow":["GET"]}}],"collection":[{"href":"https:\/\/demenagementpausecafe.ca\/en\/wp-json\/wp\/v2\/pages"}],"about":[{"href":"https:\/\/demenagementpausecafe.ca\/en\/wp-json\/wp\/v2\/types\/page"}],"author":[{"embeddable":true,"href":"https:\/\/demenagementpausecafe.ca\/en\/wp-json\/wp\/v2\/users\/2"}],"replies":[{"embeddable":true,"href":"https:\/\/demenagementpausecafe.ca\/en\/wp-json\/wp\/v2\/comments?post=2013"}],"version-history":[{"count":12,"href":"https:\/\/demenagementpausecafe.ca\/en\/wp-json\/wp\/v2\/pages\/2013\/revisions"}],"predecessor-version":[{"id":3819,"href":"https:\/\/demenagementpausecafe.ca\/en\/wp-json\/wp\/v2\/pages\/2013\/revisions\/3819"}],"wp:attachment":[{"href":"https:\/\/demenagementpausecafe.ca\/en\/wp-json\/wp\/v2\/media?parent=2013"}],"curies":[{"name":"wp","href":"https:\/\/api.w.org\/{rel}","templated":true}]}}