{"id":2024,"date":"2018-01-08T11:42:58","date_gmt":"2018-01-08T16:42:58","guid":{"rendered":"https:\/\/demenagementpausecafe.ca\/demenagement-cote-des-neige\/"},"modified":"2023-07-13T17:26:02","modified_gmt":"2023-07-13T21:26:02","slug":"moving-cote-des-neige","status":"publish","type":"page","link":"https:\/\/demenagementpausecafe.ca\/en\/moving-cote-des-neige\/","title":{"rendered":"Moving C\u00f4te-des-Neige"},"content":{"rendered":"<p>[et_pb_section fb_built=&#8221;1&#8243; _builder_version=&#8221;4.16&#8243; background_image=&#8221;https:\/\/demenagementpausecafe.ca\/wp-content\/uploads\/2017\/11\/page-title-bg-1.jpg&#8221; global_colors_info=&#8221;{}&#8221;][et_pb_row _builder_version=&#8221;4.16&#8243; background_size=&#8221;initial&#8221; background_position=&#8221;top_left&#8221; background_repeat=&#8221;repeat&#8221; global_colors_info=&#8221;{}&#8221;][et_pb_column type=&#8221;4_4&#8243; _builder_version=&#8221;4.16&#8243; custom_padding=&#8221;|||&#8221; global_colors_info=&#8221;{}&#8221; custom_padding__hover=&#8221;|||&#8221;][et_pb_text _builder_version=&#8221;4.20.2&#8243; text_font=&#8221;|||on|||||&#8221; background_layout=&#8221;dark&#8221; hover_enabled=&#8221;0&#8243; global_colors_info=&#8221;{}&#8221; sticky_enabled=&#8221;0&#8243;]<\/p>\n<h1>Moving to C\u00f4te-des-Neiges (Montreal)<\/h1>\n<p>[\/et_pb_text][\/et_pb_column][\/et_pb_row][\/et_pb_section][et_pb_section fb_built=&#8221;1&#8243; _builder_version=&#8221;4.16&#8243; global_colors_info=&#8221;{}&#8221;][et_pb_row column_structure=&#8221;1_2,1_2&#8243; _builder_version=&#8221;4.16&#8243; global_colors_info=&#8221;{}&#8221;][et_pb_column type=&#8221;1_2&#8243; _builder_version=&#8221;4.16&#8243; custom_padding=&#8221;|||&#8221; global_colors_info=&#8221;{}&#8221; custom_padding__hover=&#8221;|||&#8221;][et_pb_image src=&#8221;https:\/\/demenagementpausecafe.ca\/wp-content\/uploads\/2023\/01\/ljupco200800092.jpg&#8221; title_text=&#8221;ljupco200800092&#8243; align_tablet=&#8221;center&#8221; align_phone=&#8221;center&#8221; align_last_edited=&#8221;on|desktop&#8221; module_class=&#8221;mission-left-img-holder&#8221; _builder_version=&#8221;4.19.2&#8243; global_colors_info=&#8221;{}&#8221;]<br \/>\n[\/et_pb_image][\/et_pb_column][et_pb_column type=&#8221;1_2&#8243; _builder_version=&#8221;4.16&#8243; custom_padding=&#8221;|||&#8221; global_colors_info=&#8221;{}&#8221; custom_padding__hover=&#8221;|||&#8221;][et_pb_text module_class=&#8221;titreR&#8221; _builder_version=&#8221;4.20.2&#8243; text_font=&#8221;||||||||&#8221; hover_enabled=&#8221;0&#8243; global_colors_info=&#8221;{}&#8221; sticky_enabled=&#8221;0&#8243;]<\/p>\n<h2>For reliable moving services in C\u00f4te-des-Neige<\/h2>\n<p>With a population of 102,442 (2011), the C\u00f4te-des-Neiges neighbourhood seduces many with its beauty and quality of life. <\/p>\n<h2>The advantages of moving to C\u00f4te-des-Neiges<\/h2>\n<p>Before going into the details of your move, it is important to understand the advantages of settling in C\u00f4te-des-Neiges. This <a href=\"https:\/\/demenagementpausecafe.ca\/en\/category\/montreal-en\/\">Montreal<\/a> neighbourhood offers a dynamic and diverse living <a href=\"https:\/\/demenagementpausecafe.ca\/en\/category\/environment-4-en\/\">environment<\/a>, with a multitude of services, amenities and attractions nearby. You can enjoy a wide variety of restaurants, shops, parks and green areas, as well as a rich cultural life. C\u00f4te-des-Neiges is also well served by public transportation, making it easy to get around the city.<\/p>\n<h2>Establish a budget for your move<\/h2>\n<p>Before embarking on your move to C\u00f4te-des-Neiges, it is essential to establish a clear and realistic budget. This will help you make informed decisions throughout the process. Consider the costs of hiring a <a href=\"https:\/\/demenagementpausecafe.ca\/en\/moving-company-montreal-east-west-island\/\">moving company<\/a>, purchasing packing supplies, transportation costs, paperwork, and other related expenses. Don&#8217;t forget to include room for the unexpected.<\/p>\n<h2>Find a reliable moving company in C\u00f4te-des-Neiges<\/h2>\n<p>Hiring a reliable and experienced moving company is crucial for a hassle-free move to C\u00f4te-des-Neiges. Do thorough research, read customer reviews, and ask those around you for recommendations. Make sure the moving company is licensed, insured, and offers comprehensive services, including packing, loading, transportation, and unloading.<\/p>\n<p>[\/et_pb_text][\/et_pb_column][\/et_pb_row][\/et_pb_section][et_pb_section fb_built=&#8221;1&#8243; _builder_version=&#8221;4.16&#8243; custom_margin=&#8221;|||&#8221; custom_padding=&#8221;0px||0px|&#8221; global_colors_info=&#8221;{}&#8221;][et_pb_row column_structure=&#8221;2_3,1_3&#8243; use_custom_gutter=&#8221;on&#8221; gutter_width=&#8221;1&#8243; make_equal=&#8221;on&#8221; module_class=&#8221; et_pb_row_fullwidth et_pb_row_fullwidth&#8221; _builder_version=&#8221;4.16&#8243; width=&#8221;100%&#8221; width_tablet=&#8221;100%&#8221; width_phone=&#8221;&#8221; width_last_edited=&#8221;on|desktop&#8221; max_width=&#8221;100%&#8221; max_width_tablet=&#8221;100%&#8221; max_width_phone=&#8221;&#8221; max_width_last_edited=&#8221;on|desktop&#8221; custom_padding=&#8221;0px||0px|&#8221; make_fullwidth=&#8221;on&#8221; global_colors_info=&#8221;{}&#8221;][et_pb_column type=&#8221;2_3&#8243; module_class=&#8221;padding3&#8243; _builder_version=&#8221;4.16&#8243; background_color=&#8221;#000000&#8243; custom_padding=&#8221;|||&#8221; global_colors_info=&#8221;{}&#8221; custom_padding__hover=&#8221;|||&#8221;][et_pb_text _builder_version=&#8221;4.20.2&#8243; text_font=&#8221;||||||||&#8221; background_layout=&#8221;dark&#8221; hover_enabled=&#8221;0&#8243; global_colors_info=&#8221;{}&#8221; sticky_enabled=&#8221;0&#8243;]<\/p>\n<h2>Make an inventory of your belongings and sort them<\/h2>\n<p>Before you start packing your belongings, take the time to take inventory of all your belongings. This will help you determine what you need to pack, what you can sell, give away, or throw away. Sort your belongings room by room and get rid of everything that is no longer necessary or that does not suit your new <a href=\"https:\/\/demenagementpausecafe.ca\/en\/\">home<\/a> in C\u00f4te-des-Neiges. This will allow you to reduce the amount of items to be transported and simplify the unpacking process.<\/p>\n<h2>Carton packaging and labelling<\/h2>\n<p>Careful packaging of your belongings is essential to protect them during transport. Use good quality boxes, bubble wrap, tape and other appropriate packaging materials. Pack fragile items individually and place them carefully in the boxes. Don&#8217;t forget to label each carton with a clear description of its contents and the destination part. This will make unloading and unpacking easier in your new home.<\/p>\n<h2>Rent a moving truck or hire professional movers<\/h2>\n<p>The choice between renting a moving truck and hiring professional <a href=\"https:\/\/demenagementpausecafe.ca\/en\/movers-montreal-east-west-island\/\">movers<\/a> depends on your needs, budget and preferences. If you have few belongings to transport and are willing to do the work yourself, renting a moving truck can be a budget-friendly option. However, if you have many heavy or fragile items, hiring professional movers will save you time, energy, and minimize the risk of damage.<\/p>\n<h2>Organize administrative formalities<\/h2>\n<p>Before you leave your old residence, be sure to organize all the necessary paperwork. This includes terminating or transferring utilities, redirecting mail, updating your address with financial institutions, government agencies, insurance providers, etc. Also take the time to find out about the formalities specific to C\u00f4te-des-Neiges, such as registering with the municipality and obtaining the necessary permits.<\/p>\n<h2>Plan the transport of your pets<\/h2>\n<p>If you have pets, it is important to plan their transportation safely and comfortably. Consult your veterinarian for <a href=\"https:\/\/demenagementpausecafe.ca\/en\/tag\/advice\/\">advice<\/a> on how to travel with your pets. Make sure you have proper transport crates, food, water and all necessary documents, such as up-to-date health certificates and vaccinations.<\/p>\n<p>[\/et_pb_text][\/et_pb_column][et_pb_column type=&#8221;1_3&#8243; _builder_version=&#8221;4.16&#8243; background_image=&#8221;https:\/\/demenagementpausecafe.ca\/wp-content\/uploads\/2017\/11\/emballage-demenagement.jpg&#8221; custom_padding=&#8221;|||&#8221; global_colors_info=&#8221;{}&#8221; custom_padding__hover=&#8221;|||&#8221;][\/et_pb_column][\/et_pb_row][\/et_pb_section][et_pb_section fb_built=&#8221;1&#8243; _builder_version=&#8221;4.16&#8243; global_colors_info=&#8221;{}&#8221;][et_pb_row column_structure=&#8221;1_2,1_2&#8243; _builder_version=&#8221;4.16&#8243; global_colors_info=&#8221;{}&#8221;][et_pb_column type=&#8221;1_2&#8243; _builder_version=&#8221;4.16&#8243; custom_padding=&#8221;|||&#8221; global_colors_info=&#8221;{}&#8221; custom_padding__hover=&#8221;|||&#8221;][et_pb_image src=&#8221;https:\/\/demenagementpausecafe.ca\/wp-content\/uploads\/2023\/01\/api_thumb_450.jpg&#8221; title_text=&#8221;api_thumb_450&#8243; align_tablet=&#8221;center&#8221; align_phone=&#8221;center&#8221; align_last_edited=&#8221;on|desktop&#8221; _builder_version=&#8221;4.19.2&#8243; global_colors_info=&#8221;{}&#8221;]<br \/>\n[\/et_pb_image][\/et_pb_column][et_pb_column type=&#8221;1_2&#8243; _builder_version=&#8221;4.16&#8243; custom_padding=&#8221;|||&#8221; global_colors_info=&#8221;{}&#8221; custom_padding__hover=&#8221;|||&#8221;][et_pb_text module_class=&#8221;titreR&#8221; _builder_version=&#8221;4.20.2&#8243; text_font=&#8221;||||||||&#8221; hover_enabled=&#8221;0&#8243; global_colors_info=&#8221;{}&#8221; sticky_enabled=&#8221;0&#8243;]<\/p>\n<h3>Professional service at all levels<\/h3>\n<p>When it comes to <strong>residential<\/strong> <strong>moving<\/strong> in C\u00f4te-de-Neiges (Montreal), our company D\u00e9m\u00e9nagement Pause-Caf\u00e9 holds a special place in the hearts of customers. In fact, we do all our operations with professionalism. For example, in our team, we have <strong>piano <\/strong><strong>movers<\/strong> if you have this kind of device. In addition, we always use appropriate packaging according to the business to be packed.<\/p>\n<p>On the other hand, since it is possible that your effects will suffer breakage, we have prepared accordingly. As such, we have an insurance policy that covers breakage, damage and possible theft.<\/p>\n<p>[\/et_pb_text][\/et_pb_column][\/et_pb_row][\/et_pb_section][et_pb_section fb_built=&#8221;1&#8243; _builder_version=&#8221;4.16&#8243; global_colors_info=&#8221;{}&#8221;][et_pb_row column_structure=&#8221;1_2,1_2&#8243; _builder_version=&#8221;4.16&#8243; global_colors_info=&#8221;{}&#8221;][et_pb_column type=&#8221;1_2&#8243; _builder_version=&#8221;4.16&#8243; custom_padding=&#8221;|||&#8221; global_colors_info=&#8221;{}&#8221; custom_padding__hover=&#8221;|||&#8221;][et_pb_image src=&#8221;https:\/\/demenagementpausecafe.ca\/wp-content\/uploads\/2023\/01\/elnur201200198-1.jpg&#8221; title_text=&#8221;elnur201200198 (1)&#8221; align_tablet=&#8221;center&#8221; align_phone=&#8221;center&#8221; align_last_edited=&#8221;on|desktop&#8221; _builder_version=&#8221;4.19.2&#8243; global_colors_info=&#8221;{}&#8221;]<br \/>\n[\/et_pb_image][\/et_pb_column][et_pb_column type=&#8221;1_2&#8243; _builder_version=&#8221;4.16&#8243; custom_padding=&#8221;|||&#8221; global_colors_info=&#8221;{}&#8221; custom_padding__hover=&#8221;|||&#8221;][et_pb_text module_class=&#8221;titreR&#8221; _builder_version=&#8221;4.18.0&#8243; text_font=&#8221;||||||||&#8221; global_colors_info=&#8221;{}&#8221;]<\/p>\n<h2>Commercial move to C\u00f4te-des-Neiges<\/h2>\n<p>In the life of any company, there are many issues. For example, to meet a given challenge, you need to change offices. To do this, you need a company that is expert in <strong>commercial<\/strong> <strong>moving<\/strong>. By the way, D\u00e9m\u00e9nagement Pause-Caf\u00e9 is your partner.<\/p>\n<p>In fact, we offer all companies (small, medium and large) that wish to move into their new premises, complete <strong>professional<\/strong> <strong>moving<\/strong> services.<\/p>\n<p>Our staff is well trained to carry out these types of operations with kindness and discretion without affecting the progress of your activities. And if necessary, we can pick up your belongings during the night to allow you to quickly integrate your premises on a good date. Finally, with us, whether the relocation is done day or night, it does not have an influence on your <strong>moving<\/strong> <strong>budget<\/strong>.<\/p>\n<p>In the end, we are in the best position to offer <strong>industrial<\/strong> <strong>moving<\/strong> services <strong>in C\u00f4te-des-Neiges<\/strong> and throughout Montreal.<\/p>\n<p>[\/et_pb_text][\/et_pb_column][\/et_pb_row][et_pb_row _builder_version=&#8221;4.20.2&#8243; _module_preset=&#8221;default&#8221;][et_pb_column _builder_version=&#8221;4.20.2&#8243; _module_preset=&#8221;default&#8221; type=&#8221;4_4&#8243;][et_pb_image _builder_version=&#8221;4.20.2&#8243; _module_preset=&#8221;default&#8221; alt=&#8221;Moving Montreal&#8221; src=&#8221;https:\/\/demenagementpausecafe.ca\/wp-content\/uploads\/2023\/02\/caucasian-couple-arguing-while-assembling-shelf-their-new-apartment-girlfriend-holding-instructions.jpg&#8221; hover_enabled=&#8221;0&#8243; sticky_enabled=&#8221;0&#8243;][\/et_pb_image][\/et_pb_column][\/et_pb_row][et_pb_row _builder_version=&#8221;4.20.2&#8243; _module_preset=&#8221;default&#8221;][et_pb_column _builder_version=&#8221;4.20.2&#8243; _module_preset=&#8221;default&#8221; type=&#8221;4_4&#8243;][et_pb_text _builder_version=&#8221;4.20.2&#8243; _module_preset=&#8221;default&#8221; hover_enabled=&#8221;0&#8243; sticky_enabled=&#8221;0&#8243;]<\/p>\n<h2>Anticipate the specific needs of children during the move<\/h2>\n<p>Moving can be a stressful time for children. Involve them from the beginning by explaining the reasons for the move and answering their questions. Try to maintain their daily routine as much as possible and plan fun activities to help them adjust to their new home in C\u00f4te-des-Neiges. Also involve them in the process of decorating their new room to make them feel at home.<\/p>\n<h2>Preparing your new home in C\u00f4te-des-Neiges<\/h2>\n<p>Before you arrive in C\u00f4te-des-Neiges, take the time to prepare your new home. Make sure utilities are on, the <a href=\"https:\/\/demenagementpausecafe.ca\/en\/category\/maison-en\/\">house<\/a> is clean, and necessary repairs are made. Also plan basic furniture and appliances to allow you to get comfortable from day one.<\/p>\n<h2>Install utilities and Internet providers<\/h2>\n<p>Installing utilities such as electricity, water, gas, and heating is essential to making your new home functional. Contact utility providers in advance to schedule installation appointments. In addition, if you need an Internet connection at your new address in C\u00f4te-des-Neiges, find out what providers are available and arrange for an Internet connection as soon as you arrive.<\/p>\n<h2>Unpack and settle into your new home<\/h2>\n<p>Once you arrive in C\u00f4te-des-Neiges, start by unpacking essential items, such as kitchen utensils, clothing and toiletries. Unpack the boxes piece by piece and take the time to familiarize yourself with your new home. Organize your belongings in a practical and functional way keeping in mind the layout of each room. Enjoy creating your new living space in C\u00f4te-des-Neiges.<\/p>\n<h2>Adapting to your new neighbourhood<\/h2>\n<p>Once you&#8217;ve settled into your new home, take the time to familiarize yourself with your new neighbourhood in C\u00f4te-des-Neiges. Explore the surroundings, spot nearby schools, parks, shops and other amenities. Meet your neighbours, participate in community activities and get involved in the social life of your neighbourhood. This will help you feel at home and integrate quickly.<\/p>\n<h2>Tips to help you adapt to C\u00f4te-des-Neiges<\/h2>\n<ul>\n<li>Explore the parks and green spaces of C\u00f4te-des-Neiges to enjoy nature and relax.<\/li>\n<li>Discover local events and festivals to discover the culture and history of C\u00f4te-des-Neiges.<\/li>\n<li>Learn about sports and recreational activities in your neighbourhood to stay active and socialize.<\/li>\n<li>Get involved in community life by volunteering or joining local initiatives.<\/li>\n<li>Meet new people by signing up for activities and clubs that interest you.<\/li>\n<\/ul>\n<p>[\/et_pb_text][\/et_pb_column][\/et_pb_row][\/et_pb_section][et_pb_section fb_built=&#8221;1&#8243; _builder_version=&#8221;3.0.86&#8243; background_image=&#8221;https:\/\/demenagementpausecafe.ca\/wp-content\/uploads\/2017\/11\/great-moving-team-bg.jpg&#8221; global_module=&#8221;306&#8243; saved_tabs=&#8221;all&#8221; global_colors_info=&#8221;{}&#8221;][et_pb_row column_structure=&#8221;1_2,1_2&#8243; _builder_version=&#8221;4.16&#8243; global_colors_info=&#8221;{}&#8221;][et_pb_column type=&#8221;1_2&#8243; _builder_version=&#8221;4.16&#8243; custom_padding=&#8221;|||&#8221; global_colors_info=&#8221;{}&#8221; custom_padding__hover=&#8221;|||&#8221;][et_pb_text _builder_version=&#8221;4.16&#8243; text_font=&#8221;||||||||&#8221; background_layout=&#8221;dark&#8221; hover_enabled=&#8221;0&#8243; global_colors_info=&#8221;{}&#8221; sticky_enabled=&#8221;0&#8243;]<\/p>\n<h2 class=\"p30\">free quote<\/h2>\n<p class=\"tel-jaune\"><b>(514) 569-8849<\/b> or <a class=\"et_pb_button et_pb_button_0 et_pb_module et_pb_bg_layout_light bas\" href=\"https:\/\/demenagementpausecafe.ca\/en\/estimation\/\">online<\/a><\/p>\n<p>[\/et_pb_text][\/et_pb_column][et_pb_column type=&#8221;1_2&#8243; _builder_version=&#8221;4.16&#8243; custom_padding=&#8221;|||&#8221; global_colors_info=&#8221;{}&#8221; custom_padding__hover=&#8221;|||&#8221;][\/et_pb_column][\/et_pb_row][\/et_pb_section]<\/p>\n<div style='text-align:left' class='yasr-auto-insert-visitor'><\/div>","protected":false},"excerpt":{"rendered":"<p>Moving to C\u00f4te-des-Neiges (Montreal) For reliable moving services in C\u00f4te-des-Neige With a population of 102,442 (2011), the C\u00f4te-des-Neiges neighbourhood seduces many with its beauty and quality of life. The advantages of moving to C\u00f4te-des-Neiges Before going into the details of your move, it is important to understand the advantages of settling in C\u00f4te-des-Neiges. This Montreal [&hellip;]<\/p>\n","protected":false},"author":2,"featured_media":0,"parent":0,"menu_order":0,"comment_status":"closed","ping_status":"closed","template":"","meta":{"_et_pb_use_builder":"on","_et_pb_old_content":"","_et_gb_content_width":"","yasr_overall_rating":0,"yasr_post_is_review":"","yasr_auto_insert_disabled":"","yasr_review_type":"Other","footnotes":""},"class_list":["post-2024","page","type-page","status-publish","hentry"],"yasr_visitor_votes":{"stars_attributes":{"read_only":false,"span_bottom":false},"number_of_votes":0,"sum_votes":0},"yoast_head":"<!-- This site is optimized with the Yoast SEO Premium plugin v15.0 - https:\/\/yoast.com\/wordpress\/plugins\/seo\/ -->\n<title>Moving C\u00f4te-des-Neige - D\u00e9m\u00e9nagement Pause Caf\u00e9<\/title>\n<meta name=\"description\" content=\"Are you moving to C\u00f4te des Neiges soon and need professional and reliable movers services?\" \/>\n<meta name=\"robots\" content=\"index, follow, max-snippet:-1, max-image-preview:large, max-video-preview:-1\" \/>\n<link rel=\"canonical\" href=\"https:\/\/demenagementpausecafe.ca\/en\/moving-cote-des-neige\/\" \/>\n<meta property=\"og:locale\" content=\"en_US\" \/>\n<meta property=\"og:type\" content=\"article\" \/>\n<meta property=\"og:title\" content=\"Moving C\u00f4te-des-Neige - D\u00e9m\u00e9nagement Pause Caf\u00e9\" \/>\n<meta property=\"og:description\" content=\"Are you moving to C\u00f4te des Neiges soon and need professional and reliable movers services?\" \/>\n<meta property=\"og:url\" content=\"https:\/\/demenagementpausecafe.ca\/en\/moving-cote-des-neige\/\" \/>\n<meta property=\"og:site_name\" content=\"D\u00e9m\u00e9nagement Pause Caf\u00e9\" \/>\n<meta property=\"article:modified_time\" content=\"2023-07-13T21:26:02+00:00\" \/>\n<meta name=\"twitter:card\" content=\"summary_large_image\" \/>\n<script type=\"application\/ld+json\" class=\"yoast-schema-graph\">{\"@context\":\"https:\/\/schema.org\",\"@graph\":[{\"@type\":\"WebSite\",\"@id\":\"https:\/\/demenagementpausecafe.ca\/en\/#website\",\"url\":\"https:\/\/demenagementpausecafe.ca\/en\/\",\"name\":\"D\\u00e9m\\u00e9nagement Pause Caf\\u00e9\",\"description\":\"\",\"potentialAction\":[{\"@type\":\"SearchAction\",\"target\":\"https:\/\/demenagementpausecafe.ca\/en\/?s={search_term_string}\",\"query-input\":\"required name=search_term_string\"}],\"inLanguage\":\"en-US\"},{\"@type\":\"WebPage\",\"@id\":\"https:\/\/demenagementpausecafe.ca\/en\/moving-cote-des-neige\/#webpage\",\"url\":\"https:\/\/demenagementpausecafe.ca\/en\/moving-cote-des-neige\/\",\"name\":\"Moving C\\u00f4te-des-Neige - D\\u00e9m\\u00e9nagement Pause Caf\\u00e9\",\"isPartOf\":{\"@id\":\"https:\/\/demenagementpausecafe.ca\/en\/#website\"},\"datePublished\":\"2018-01-08T16:42:58+00:00\",\"dateModified\":\"2023-07-13T21:26:02+00:00\",\"description\":\"Are you moving to C\\u00f4te des Neiges soon and need professional and reliable movers services?\",\"inLanguage\":\"en-US\",\"potentialAction\":[{\"@type\":\"ReadAction\",\"target\":[\"https:\/\/demenagementpausecafe.ca\/en\/moving-cote-des-neige\/\"]}]}]}<\/script>\n<!-- \/ Yoast SEO Premium plugin. -->","_links":{"self":[{"href":"https:\/\/demenagementpausecafe.ca\/en\/wp-json\/wp\/v2\/pages\/2024","targetHints":{"allow":["GET"]}}],"collection":[{"href":"https:\/\/demenagementpausecafe.ca\/en\/wp-json\/wp\/v2\/pages"}],"about":[{"href":"https:\/\/demenagementpausecafe.ca\/en\/wp-json\/wp\/v2\/types\/page"}],"author":[{"embeddable":true,"href":"https:\/\/demenagementpausecafe.ca\/en\/wp-json\/wp\/v2\/users\/2"}],"replies":[{"embeddable":true,"href":"https:\/\/demenagementpausecafe.ca\/en\/wp-json\/wp\/v2\/comments?post=2024"}],"version-history":[{"count":15,"href":"https:\/\/demenagementpausecafe.ca\/en\/wp-json\/wp\/v2\/pages\/2024\/revisions"}],"predecessor-version":[{"id":3830,"href":"https:\/\/demenagementpausecafe.ca\/en\/wp-json\/wp\/v2\/pages\/2024\/revisions\/3830"}],"wp:attachment":[{"href":"https:\/\/demenagementpausecafe.ca\/en\/wp-json\/wp\/v2\/media?parent=2024"}],"curies":[{"name":"wp","href":"https:\/\/api.w.org\/{rel}","templated":true}]}}