{"id":2031,"date":"2018-01-08T11:44:36","date_gmt":"2018-01-08T16:44:36","guid":{"rendered":"https:\/\/demenagementpausecafe.ca\/demenagement-cote-saint-luc\/"},"modified":"2023-07-13T17:28:49","modified_gmt":"2023-07-13T21:28:49","slug":"moving-cote-saint-luc","status":"publish","type":"page","link":"https:\/\/demenagementpausecafe.ca\/en\/moving-cote-saint-luc\/","title":{"rendered":"Moving C\u00f4te-Saint-Luc"},"content":{"rendered":"<p>[et_pb_section fb_built=&#8221;1&#8243; _builder_version=&#8221;4.16&#8243; background_image=&#8221;https:\/\/demenagementpausecafe.ca\/wp-content\/uploads\/2017\/11\/page-title-bg-1.jpg&#8221; global_colors_info=&#8221;{}&#8221;][et_pb_row _builder_version=&#8221;4.16&#8243; background_size=&#8221;initial&#8221; background_position=&#8221;top_left&#8221; background_repeat=&#8221;repeat&#8221; global_colors_info=&#8221;{}&#8221;][et_pb_column type=&#8221;4_4&#8243; _builder_version=&#8221;4.16&#8243; custom_padding=&#8221;|||&#8221; global_colors_info=&#8221;{}&#8221; custom_padding__hover=&#8221;|||&#8221;][et_pb_text _builder_version=&#8221;4.20.2&#8243; text_font=&#8221;|||on|||||&#8221; background_layout=&#8221;dark&#8221; hover_enabled=&#8221;0&#8243; global_colors_info=&#8221;{}&#8221; sticky_enabled=&#8221;0&#8243;]<\/p>\n<h1 style=\"margin-bottom: 12.0pt; text-align: justify;\">Moving to C\u00d4TE-SAINT-LUC<\/h1>\n<p>[\/et_pb_text][\/et_pb_column][\/et_pb_row][\/et_pb_section][et_pb_section fb_built=&#8221;1&#8243; _builder_version=&#8221;4.16&#8243; global_colors_info=&#8221;{}&#8221;][et_pb_row column_structure=&#8221;1_2,1_2&#8243; _builder_version=&#8221;4.16&#8243; global_colors_info=&#8221;{}&#8221;][et_pb_column type=&#8221;1_2&#8243; _builder_version=&#8221;4.16&#8243; custom_padding=&#8221;|||&#8221; global_colors_info=&#8221;{}&#8221; custom_padding__hover=&#8221;|||&#8221;][et_pb_image src=&#8221;https:\/\/demenagementpausecafe.ca\/wp-content\/uploads\/2023\/01\/api_thumb_450-3.jpg&#8221; title_text=&#8221;api_thumb_450 (3)&#8221; align_tablet=&#8221;center&#8221; align_phone=&#8221;center&#8221; align_last_edited=&#8221;on|desktop&#8221; module_class=&#8221;mission-left-img-holder&#8221; _builder_version=&#8221;4.19.4&#8243; global_colors_info=&#8221;{}&#8221;]<br \/>\n[\/et_pb_image][\/et_pb_column][et_pb_column type=&#8221;1_2&#8243; _builder_version=&#8221;4.16&#8243; custom_padding=&#8221;|||&#8221; global_colors_info=&#8221;{}&#8221; custom_padding__hover=&#8221;|||&#8221;][et_pb_text module_class=&#8221;titreR&#8221; _builder_version=&#8221;4.20.2&#8243; text_font=&#8221;||||||||&#8221; custom_padding=&#8221;5px|||||&#8221; hover_enabled=&#8221;0&#8243; global_colors_info=&#8221;{}&#8221; sticky_enabled=&#8221;0&#8243;]<\/p>\n<h2>The advantages of moving to C\u00f4te-Saint-Luc<\/h2>\n<p>Before diving into the details of your move, it&#8217;s important to understand the benefits of moving to C\u00f4te-Saint-Luc. This charming city on the island of <a href=\"https:\/\/demenagementpausecafe.ca\/en\/category\/montreal-en\/\">Montreal<\/a> offers a peaceful and friendly living <a href=\"https:\/\/demenagementpausecafe.ca\/en\/category\/environment-4-en\/\">environment<\/a>. C\u00f4te-Saint-Luc stands out for its parks, green spaces and quality of life. You can enjoy a variety of amenities, local services and a warm atmosphere. Moving to C\u00f4te-Saint-Luc will allow you to live in a welcoming and family neighbourhood.<\/p>\n<h2>Establish a budget for your move<\/h2>\n<p>Before embarking on your move to C\u00f4te-Saint-Luc, it is essential to establish a clear and realistic budget. This will help you make informed decisions throughout the process. Consider the costs of hiring a <a href=\"https:\/\/demenagementpausecafe.ca\/en\/moving-company-montreal-east-west-island\/\">moving company<\/a>, purchasing packing supplies, transportation costs, paperwork, and other related expenses. Don&#8217;t forget to include room for the unexpected.<\/p>\n<h2>Find a reliable moving company in C\u00f4te-Saint-Luc<\/h2>\n<p>Hiring a reliable and experienced moving company is crucial for a carefree move to C\u00f4te-Saint-Luc. Do thorough research, read customer reviews, and ask those around you for recommendations. Make sure the moving company is licensed, insured and offers comprehensive services, such as packing, loading, transporting and unloading.<\/p>\n<p>[\/et_pb_text][\/et_pb_column][\/et_pb_row][\/et_pb_section][et_pb_section fb_built=&#8221;1&#8243; _builder_version=&#8221;4.16&#8243; custom_margin=&#8221;|||&#8221; custom_padding=&#8221;0px||0px|&#8221; global_colors_info=&#8221;{}&#8221;][et_pb_row column_structure=&#8221;2_3,1_3&#8243; use_custom_gutter=&#8221;on&#8221; gutter_width=&#8221;1&#8243; make_equal=&#8221;on&#8221; module_class=&#8221; et_pb_row_fullwidth et_pb_row_fullwidth&#8221; _builder_version=&#8221;4.16&#8243; width=&#8221;100%&#8221; width_tablet=&#8221;100%&#8221; width_phone=&#8221;&#8221; width_last_edited=&#8221;on|desktop&#8221; max_width=&#8221;100%&#8221; max_width_tablet=&#8221;100%&#8221; max_width_phone=&#8221;&#8221; max_width_last_edited=&#8221;on|desktop&#8221; custom_padding=&#8221;0px||0px|&#8221; make_fullwidth=&#8221;on&#8221; global_colors_info=&#8221;{}&#8221;][et_pb_column type=&#8221;2_3&#8243; module_class=&#8221;padding3&#8243; _builder_version=&#8221;4.16&#8243; background_color=&#8221;#000000&#8243; custom_padding=&#8221;|||&#8221; global_colors_info=&#8221;{}&#8221; custom_padding__hover=&#8221;|||&#8221;][et_pb_text _builder_version=&#8221;4.20.2&#8243; text_font=&#8221;||||||||&#8221; background_layout=&#8221;dark&#8221; hover_enabled=&#8221;0&#8243; global_colors_info=&#8221;{}&#8221; sticky_enabled=&#8221;0&#8243;]<\/p>\n<h2>Make an inventory of your belongings and sort them<\/h2>\n<p>Before you start packing your belongings, take the time to take inventory of all your belongings. This will help you determine what you need to pack, what you can sell, give away, or throw away. Sort your belongings piece by room and get rid of everything that is no longer necessary or suitable for your new <a href=\"https:\/\/demenagementpausecafe.ca\/en\/\">home<\/a> in C\u00f4te-Saint-Luc. This will allow you to reduce the amount of items to be transported and simplify the unpacking process.<\/p>\n<h2>Carton packaging and labelling<\/h2>\n<p>Careful packaging of your belongings is essential to protect them during transport. Use good quality boxes, bubble wrap, tape and other appropriate packaging materials. Pack fragile items individually and place them carefully in the boxes. Don&#8217;t forget to label each carton with a clear description of its contents and the destination part. This will make unloading and unpacking easier in your new home.<\/p>\n<h2>Rent a moving truck or hire professional movers<\/h2>\n<p>The choice between renting a moving truck and hiring professional <a href=\"https:\/\/demenagementpausecafe.ca\/en\/movers-montreal-east-west-island\/\">movers<\/a> depends on your needs, budget and preferences. If you have few belongings to transport and are willing to do the work yourself, renting a moving truck can be a budget-friendly option. However, if you have many heavy or fragile items, hiring professional movers will save you time, energy, and minimize the risk of damage.<\/p>\n<h2>Organize administrative formalities<\/h2>\n<p>Before you leave your old residence, be sure to organize all the necessary paperwork. This includes terminating or transferring utilities, redirecting mail, updating your address with financial institutions, government agencies, insurance providers, etc. Also take the time to learn about the specific formalities in C\u00f4te-Saint-Luc, such as registering with the municipality and obtaining the necessary permits.<\/p>\n<p>[\/et_pb_text][\/et_pb_column][et_pb_column type=&#8221;1_3&#8243; _builder_version=&#8221;4.16&#8243; background_image=&#8221;https:\/\/demenagementpausecafe.ca\/wp-content\/uploads\/2017\/11\/emballage-demenagement.jpg&#8221; custom_padding=&#8221;|||&#8221; global_colors_info=&#8221;{}&#8221; custom_padding__hover=&#8221;|||&#8221;][\/et_pb_column][\/et_pb_row][\/et_pb_section][et_pb_section fb_built=&#8221;1&#8243; _builder_version=&#8221;4.16&#8243; global_colors_info=&#8221;{}&#8221;][et_pb_row column_structure=&#8221;1_2,1_2&#8243; _builder_version=&#8221;4.16&#8243; global_colors_info=&#8221;{}&#8221;][et_pb_column type=&#8221;1_2&#8243; _builder_version=&#8221;4.16&#8243; custom_padding=&#8221;|||&#8221; global_colors_info=&#8221;{}&#8221; custom_padding__hover=&#8221;|||&#8221;][et_pb_image src=&#8221;https:\/\/demenagementpausecafe.ca\/wp-content\/uploads\/2023\/01\/api_thumb_450-4.jpg&#8221; title_text=&#8221;api_thumb_450 (4)&#8221; align_tablet=&#8221;center&#8221; align_phone=&#8221;center&#8221; align_last_edited=&#8221;on|desktop&#8221; _builder_version=&#8221;4.19.4&#8243; global_colors_info=&#8221;{}&#8221;]<br \/>\n[\/et_pb_image][\/et_pb_column][et_pb_column type=&#8221;1_2&#8243; _builder_version=&#8221;4.16&#8243; custom_padding=&#8221;|||&#8221; global_colors_info=&#8221;{}&#8221; custom_padding__hover=&#8221;|||&#8221;][et_pb_text module_class=&#8221;titreR&#8221; _builder_version=&#8221;4.20.2&#8243; text_font=&#8221;||||||||&#8221; hover_enabled=&#8221;0&#8243; global_colors_info=&#8221;{}&#8221; sticky_enabled=&#8221;0&#8243;]<\/p>\n<h3>Outstanding services from our professional movers<\/h3>\n<p>We have the <strong>best movers in C\u00f4te-Saint-Luc<\/strong> who are able to offer you quality services so that you can integrate your new home without worries. In fact, we are able to provide you with packaging of all kinds to ensure the protection of your belongings throughout the journey. These are mainly mattress covers, wardrobe boxes, furniture protection devices, etc.<\/p>\n<p>In addition, we have within our staff, piano <strong>movers<\/strong> who master very well the delicacy of this operation, regardless of the type of <strong>piano<\/strong> you have.<\/p>\n<h3>Reliability in residential moving operations<\/h3>\n<p>In C\u00f4te-Saint-Luc, D\u00e9m\u00e9nagement Pause-Caf\u00e9 is increasingly appreciated by everyone, in this case when it comes to <strong>long-distance moving<\/strong>.<\/p>\n<p>In addition, being an expert mover, we have a professional liability guarantee. This allows us, of course, to cover various risks of damage to your property during transport.<\/p>\n<p>[\/et_pb_text][\/et_pb_column][\/et_pb_row][\/et_pb_section][et_pb_section fb_built=&#8221;1&#8243; theme_builder_area=&#8221;post_content&#8221; _builder_version=&#8221;4.20.2&#8243; _module_preset=&#8221;default&#8221;][et_pb_row _builder_version=&#8221;4.20.2&#8243; _module_preset=&#8221;default&#8221; theme_builder_area=&#8221;post_content&#8221;][et_pb_column _builder_version=&#8221;4.20.2&#8243; _module_preset=&#8221;default&#8221; type=&#8221;4_4&#8243; theme_builder_area=&#8221;post_content&#8221;][et_pb_text _builder_version=&#8221;4.20.2&#8243; _module_preset=&#8221;default&#8221; theme_builder_area=&#8221;post_content&#8221; hover_enabled=&#8221;0&#8243; sticky_enabled=&#8221;0&#8243;]<\/p>\n<h2>Plan the transport of your pets<\/h2>\n<p>If you have pets, it is important to plan their transportation safely and comfortably. Consult your veterinarian for <a href=\"https:\/\/demenagementpausecafe.ca\/en\/tag\/advice\/\">advice<\/a> on how to travel with your pets. Make sure you have proper transport crates, food, water and all necessary documents, such as up-to-date health certificates and vaccinations.<\/p>\n<h2>Anticipate the specific needs of children during the move<\/h2>\n<p>Moving can be a stressful time for children. Involve them from the beginning by explaining the reasons for the move and answering their questions. Try to maintain their daily routine as much as possible and plan fun activities to help them adjust to their new home in C\u00f4te-Saint-Luc. Also involve them in the process of decorating their new room to make them feel at home.<\/p>\n<h2>Preparing your new home in C\u00f4te-Saint-Luc<\/h2>\n<p>Before you arrive in C\u00f4te-Saint-Luc, take the time to prepare your new home. Make sure utilities are on, the <a href=\"https:\/\/demenagementpausecafe.ca\/en\/category\/maison-en\/\">house<\/a> is clean, and necessary repairs are made. Also plan basic furniture and appliances to allow you to get comfortable from day one.<\/p>\n<h2>Install utilities and Internet providers<\/h2>\n<p>Installing utilities such as electricity, water, gas, and heating is essential to making your new home functional. Contact utility providers in advance to schedule installation appointments. Also, if you need an Internet connection at your new address in C\u00f4te-Saint-Luc, find out what providers are available and arrange for an Internet connection as soon as you arrive.<\/p>\n<h2>Unpack and settle into your new home<\/h2>\n<p>Once you arrive in C\u00f4te-Saint-Luc, start by unpacking essential items, such as kitchen utensils, clothing and toiletries. Unpack the boxes piece by piece and take the time to familiarize yourself with your new home. Organize your belongings in a practical and functional way keeping in mind the layout of each room. Enjoy creating your new living space in C\u00f4te-Saint-Luc.<\/p>\n<h2>Adapting to your new neighbourhood<\/h2>\n<p>Once you&#8217;ve settled into your new home, take some time to familiarize yourself with your new neighbourhood in C\u00f4te-Saint-Luc. Explore the surroundings, spot nearby schools, parks, shops and other amenities. Meet your neighbours, participate in community activities and get involved in the social life of your neighbourhood. This will help you feel at home and integrate quickly.<\/p>\n<p>[\/et_pb_text][\/et_pb_column][\/et_pb_row][\/et_pb_section][et_pb_section fb_built=&#8221;1&#8243; _builder_version=&#8221;4.16&#8243; global_colors_info=&#8221;{}&#8221;][et_pb_row column_structure=&#8221;1_2,1_2&#8243; _builder_version=&#8221;4.16&#8243; global_colors_info=&#8221;{}&#8221;][et_pb_column type=&#8221;1_2&#8243; _builder_version=&#8221;4.16&#8243; custom_padding=&#8221;|||&#8221; global_colors_info=&#8221;{}&#8221; custom_padding__hover=&#8221;|||&#8221;][et_pb_image src=&#8221;https:\/\/demenagementpausecafe.ca\/wp-content\/uploads\/2023\/01\/lacheev220500531.jpg&#8221; title_text=&#8221;lacheev220500531&#8243; align_tablet=&#8221;center&#8221; align_phone=&#8221;center&#8221; align_last_edited=&#8221;on|desktop&#8221; _builder_version=&#8221;4.19.4&#8243; custom_margin=&#8221;||64px|||&#8221; global_colors_info=&#8221;{}&#8221;]<br \/>\n[\/et_pb_image][\/et_pb_column][et_pb_column type=&#8221;1_2&#8243; _builder_version=&#8221;4.16&#8243; custom_padding=&#8221;|||&#8221; global_colors_info=&#8221;{}&#8221; custom_padding__hover=&#8221;|||&#8221;][et_pb_text module_class=&#8221;titreR&#8221; _builder_version=&#8221;4.16&#8243; text_font=&#8221;||||||||&#8221; global_colors_info=&#8221;{}&#8221;]<\/p>\n<h2>Commercial move to C\u00f4te-Saint-Luc<\/h2>\n<p>In the Saint-Luc Jonction district of C\u00f4te-Saint-Luc, it is not uncommon to come across <strong>professional<\/strong> <strong>moving<\/strong> operations. One of the credible companies that companies rely on is our structure.<\/p>\n<h3>Turnkey services for any type of business<\/h3>\n<p>D\u00e9m\u00e9nagement Pause-Caf\u00e9 is not only a <a href=\"https:\/\/demenagementpausecafe.ca\/en\/category\/residentiel-en\/\">residential moving<\/a> specialist. We are also well placed to offer you <strong>commercial<\/strong> <strong>moving<\/strong> services. In fact, aware that a workplace move is a crucial event in the life of any company, we strive to live up to your expectations. We save you time and money by working even at night if you have to.<\/p>\n<p>From the beginning to the end of the <strong>C\u00f4te-Saint-Luc move<\/strong>, we work smoothly and discreetly. We also provide you with various professional equipment that take into account the nature of your activities. And we pay special attention to packing and moving your belongings to the final destination.<\/p>\n<h3>Professional equipment at all levels<\/h3>\n<p>If for several years, our establishment is one of the best in the Golf Club area, it is because we do not skimp on the means to satisfy the demands of our customers. For example, we have a wide range of transport equipment. These include:<\/p>\n<ul>\n<li>Special and custom-made cartons;<\/li>\n<li>Moving blankets;<\/li>\n<li>Carts;<\/li>\n<li>Cranes&#8230;<\/li>\n<\/ul>\n<p>We use them at will so that your <strong>professional<\/strong> <strong>move<\/strong> takes place in the best conditions. Better, with us, the use of this equipment does not change your <strong>moving<\/strong> <strong>budget<\/strong>.<\/p>\n<p>[\/et_pb_text][\/et_pb_column][\/et_pb_row][\/et_pb_section][et_pb_section fb_built=&#8221;1&#8243; theme_builder_area=&#8221;post_content&#8221; _builder_version=&#8221;4.20.2&#8243; _module_preset=&#8221;default&#8221;][et_pb_row _builder_version=&#8221;4.20.2&#8243; _module_preset=&#8221;default&#8221; theme_builder_area=&#8221;post_content&#8221;][et_pb_column _builder_version=&#8221;4.20.2&#8243; _module_preset=&#8221;default&#8221; type=&#8221;4_4&#8243; theme_builder_area=&#8221;post_content&#8221;][et_pb_text _builder_version=&#8221;4.20.2&#8243; _module_preset=&#8221;default&#8221; theme_builder_area=&#8221;post_content&#8221; hover_enabled=&#8221;0&#8243; sticky_enabled=&#8221;0&#8243;]<\/p>\n<h2>FAQs<\/h2>\n<ol>\n<li>\n<p><strong>When is the best time to move to C\u00f4te-Saint-Luc?<\/strong>  The best time to move to C\u00f4te-Saint-Luc is usually during the summer months, when weather conditions are favourable and days are longer.<\/p>\n<\/li>\n<li>\n<p><strong>What are the reputable schools in C\u00f4te-Saint-Luc?<\/strong>  C\u00f4te-Saint-Luc has several well-known schools, such as St-Luc High School and Parkdale Elementary School.<\/p>\n<\/li>\n<li>\n<p><strong>How to get around C\u00f4te-Saint-Luc easily?<\/strong>  C\u00f4te-Saint-Luc is well served by public transit, including bus routes, making it easy to get around the neighbourhood and the city.<\/p>\n<\/li>\n<li>\n<p><strong>What are the tourist attractions in C\u00f4te-Saint-Luc<\/strong> ? Although C\u00f4te-Saint-Luc is primarily a residential town, it is located near several Montreal tourist attractions, such as the Montreal Museum of Fine Arts and the Old Port of Montreal.<\/p>\n<\/li>\n<li>\n<p><strong>Where to find shops and restaurants in C\u00f4te-Saint-Luc<\/strong> ? C\u00f4te-Saint-Luc offers a variety of shops and restaurants along Sainte-Catherine Street and in nearby shopping centres. Here you will find shops, supermarkets, cafes, restaurants and much more.<\/p>\n<\/li>\n<\/ol>\n<p>[\/et_pb_text][\/et_pb_column][\/et_pb_row][\/et_pb_section][et_pb_section fb_built=&#8221;1&#8243; _builder_version=&#8221;3.0.86&#8243; background_image=&#8221;https:\/\/demenagementpausecafe.ca\/wp-content\/uploads\/2017\/11\/great-moving-team-bg.jpg&#8221; global_module=&#8221;306&#8243; saved_tabs=&#8221;all&#8221; global_colors_info=&#8221;{}&#8221;][et_pb_row column_structure=&#8221;1_2,1_2&#8243; _builder_version=&#8221;4.16&#8243; global_colors_info=&#8221;{}&#8221;][et_pb_column type=&#8221;1_2&#8243; _builder_version=&#8221;4.16&#8243; custom_padding=&#8221;|||&#8221; global_colors_info=&#8221;{}&#8221; custom_padding__hover=&#8221;|||&#8221;][et_pb_text _builder_version=&#8221;4.16&#8243; text_font=&#8221;||||||||&#8221; background_layout=&#8221;dark&#8221; global_colors_info=&#8221;{}&#8221;]<\/p>\n<h2 class=\"p30\">free quote<\/h2>\n<p class=\"tel-jaune\"><b>(514) 569-8849<\/b> or <a class=\"et_pb_button et_pb_button_0 et_pb_module et_pb_bg_layout_light bas\" href=\"https:\/\/demenagementpausecafe.ca\/en\/estimation\/\">online<\/a><\/p>\n<p>[\/et_pb_text][\/et_pb_column][et_pb_column type=&#8221;1_2&#8243; _builder_version=&#8221;4.16&#8243; custom_padding=&#8221;|||&#8221; global_colors_info=&#8221;{}&#8221; custom_padding__hover=&#8221;|||&#8221;][\/et_pb_column][\/et_pb_row][\/et_pb_section]<\/p>\n<div style='text-align:left' class='yasr-auto-insert-visitor'><\/div>","protected":false},"excerpt":{"rendered":"<p>Moving to C\u00d4TE-SAINT-LUC The advantages of moving to C\u00f4te-Saint-Luc Before diving into the details of your move, it&#8217;s important to understand the benefits of moving to C\u00f4te-Saint-Luc. This charming city on the island of Montreal offers a peaceful and friendly living environment. C\u00f4te-Saint-Luc stands out for its parks, green spaces and quality of life. You [&hellip;]<\/p>\n","protected":false},"author":2,"featured_media":0,"parent":0,"menu_order":0,"comment_status":"closed","ping_status":"closed","template":"","meta":{"_et_pb_use_builder":"on","_et_pb_old_content":"","_et_gb_content_width":"","yasr_overall_rating":0,"yasr_post_is_review":"","yasr_auto_insert_disabled":"","yasr_review_type":"Other","footnotes":""},"class_list":["post-2031","page","type-page","status-publish","hentry"],"yasr_visitor_votes":{"stars_attributes":{"read_only":false,"span_bottom":false},"number_of_votes":0,"sum_votes":0},"yoast_head":"<!-- This site is optimized with the Yoast SEO Premium plugin v15.0 - https:\/\/yoast.com\/wordpress\/plugins\/seo\/ -->\n<title>Moving C\u00f4te-Saint-Luc - D\u00e9m\u00e9nagement Pause Caf\u00e9<\/title>\n<meta name=\"description\" content=\"Are you thinking of moving to Saint-Luc side soon and you need professional and reliable moving services?\" \/>\n<meta name=\"robots\" content=\"index, follow, max-snippet:-1, max-image-preview:large, max-video-preview:-1\" \/>\n<link rel=\"canonical\" href=\"https:\/\/demenagementpausecafe.ca\/en\/moving-cote-saint-luc\/\" \/>\n<meta property=\"og:locale\" content=\"en_US\" \/>\n<meta property=\"og:type\" content=\"article\" \/>\n<meta property=\"og:title\" content=\"Moving C\u00f4te-Saint-Luc - D\u00e9m\u00e9nagement Pause Caf\u00e9\" \/>\n<meta property=\"og:description\" content=\"Are you thinking of moving to Saint-Luc side soon and you need professional and reliable moving services?\" \/>\n<meta property=\"og:url\" content=\"https:\/\/demenagementpausecafe.ca\/en\/moving-cote-saint-luc\/\" \/>\n<meta property=\"og:site_name\" content=\"D\u00e9m\u00e9nagement Pause Caf\u00e9\" \/>\n<meta property=\"article:modified_time\" content=\"2023-07-13T21:28:49+00:00\" \/>\n<meta name=\"twitter:card\" content=\"summary_large_image\" \/>\n<script type=\"application\/ld+json\" class=\"yoast-schema-graph\">{\"@context\":\"https:\/\/schema.org\",\"@graph\":[{\"@type\":\"WebSite\",\"@id\":\"https:\/\/demenagementpausecafe.ca\/en\/#website\",\"url\":\"https:\/\/demenagementpausecafe.ca\/en\/\",\"name\":\"D\\u00e9m\\u00e9nagement Pause Caf\\u00e9\",\"description\":\"\",\"potentialAction\":[{\"@type\":\"SearchAction\",\"target\":\"https:\/\/demenagementpausecafe.ca\/en\/?s={search_term_string}\",\"query-input\":\"required name=search_term_string\"}],\"inLanguage\":\"en-US\"},{\"@type\":\"WebPage\",\"@id\":\"https:\/\/demenagementpausecafe.ca\/en\/moving-cote-saint-luc\/#webpage\",\"url\":\"https:\/\/demenagementpausecafe.ca\/en\/moving-cote-saint-luc\/\",\"name\":\"Moving C\\u00f4te-Saint-Luc - D\\u00e9m\\u00e9nagement Pause Caf\\u00e9\",\"isPartOf\":{\"@id\":\"https:\/\/demenagementpausecafe.ca\/en\/#website\"},\"datePublished\":\"2018-01-08T16:44:36+00:00\",\"dateModified\":\"2023-07-13T21:28:49+00:00\",\"description\":\"Are you thinking of moving to Saint-Luc side soon and you need professional and reliable moving services?\",\"inLanguage\":\"en-US\",\"potentialAction\":[{\"@type\":\"ReadAction\",\"target\":[\"https:\/\/demenagementpausecafe.ca\/en\/moving-cote-saint-luc\/\"]}]}]}<\/script>\n<!-- \/ Yoast SEO Premium plugin. -->","_links":{"self":[{"href":"https:\/\/demenagementpausecafe.ca\/en\/wp-json\/wp\/v2\/pages\/2031","targetHints":{"allow":["GET"]}}],"collection":[{"href":"https:\/\/demenagementpausecafe.ca\/en\/wp-json\/wp\/v2\/pages"}],"about":[{"href":"https:\/\/demenagementpausecafe.ca\/en\/wp-json\/wp\/v2\/types\/page"}],"author":[{"embeddable":true,"href":"https:\/\/demenagementpausecafe.ca\/en\/wp-json\/wp\/v2\/users\/2"}],"replies":[{"embeddable":true,"href":"https:\/\/demenagementpausecafe.ca\/en\/wp-json\/wp\/v2\/comments?post=2031"}],"version-history":[{"count":9,"href":"https:\/\/demenagementpausecafe.ca\/en\/wp-json\/wp\/v2\/pages\/2031\/revisions"}],"predecessor-version":[{"id":3835,"href":"https:\/\/demenagementpausecafe.ca\/en\/wp-json\/wp\/v2\/pages\/2031\/revisions\/3835"}],"wp:attachment":[{"href":"https:\/\/demenagementpausecafe.ca\/en\/wp-json\/wp\/v2\/media?parent=2031"}],"curies":[{"name":"wp","href":"https:\/\/api.w.org\/{rel}","templated":true}]}}