{"id":2036,"date":"2019-01-21T18:40:29","date_gmt":"2019-01-21T23:40:29","guid":{"rendered":"https:\/\/demenagementpausecafe.ca\/demenagement-deux-montagnes\/"},"modified":"2023-07-13T17:36:28","modified_gmt":"2023-07-13T21:36:28","slug":"moving-deux-montagnes","status":"publish","type":"page","link":"https:\/\/demenagementpausecafe.ca\/en\/moving-deux-montagnes\/","title":{"rendered":"Moving Deux-Montagnes"},"content":{"rendered":"<p>[et_pb_section fb_built=&#8221;1&#8243; _builder_version=&#8221;4.16&#8243; background_image=&#8221;https:\/\/demenagementpausecafe.ca\/wp-content\/uploads\/2017\/11\/page-title-bg-1.jpg&#8221; global_colors_info=&#8221;{}&#8221;][et_pb_row _builder_version=&#8221;4.16&#8243; background_size=&#8221;initial&#8221; background_position=&#8221;top_left&#8221; background_repeat=&#8221;repeat&#8221; global_colors_info=&#8221;{}&#8221;][et_pb_column type=&#8221;4_4&#8243; _builder_version=&#8221;4.16&#8243; custom_padding=&#8221;|||&#8221; global_colors_info=&#8221;{}&#8221; custom_padding__hover=&#8221;|||&#8221;][et_pb_text _builder_version=&#8221;4.20.2&#8243; text_font=&#8221;|||on|||||&#8221; background_layout=&#8221;dark&#8221; global_colors_info=&#8221;{}&#8221;]<\/p>\n<h1>Moving Deux-Montagnes<\/h1>\n<p>[\/et_pb_text][\/et_pb_column][\/et_pb_row][\/et_pb_section][et_pb_section fb_built=&#8221;1&#8243; _builder_version=&#8221;4.16&#8243; global_colors_info=&#8221;{}&#8221;][et_pb_row column_structure=&#8221;1_2,1_2&#8243; _builder_version=&#8221;4.16&#8243; global_colors_info=&#8221;{}&#8221;][et_pb_column type=&#8221;1_2&#8243; _builder_version=&#8221;4.16&#8243; custom_padding=&#8221;|||&#8221; global_colors_info=&#8221;{}&#8221; custom_padding__hover=&#8221;|||&#8221;][et_pb_image src=&#8221;https:\/\/demenagementpausecafe.ca\/wp-content\/uploads\/2023\/01\/api_thumb_450-5-1.jpg&#8221; title_text=&#8221;api_thumb_450 (5)&#8221; align_tablet=&#8221;center&#8221; align_phone=&#8221;center&#8221; align_last_edited=&#8221;on|desktop&#8221; module_class=&#8221;mission-left-img-holder&#8221; _builder_version=&#8221;4.19.4&#8243; global_colors_info=&#8221;{}&#8221;]<br \/>\n[\/et_pb_image][\/et_pb_column][et_pb_column type=&#8221;1_2&#8243; _builder_version=&#8221;4.16&#8243; custom_padding=&#8221;|||&#8221; global_colors_info=&#8221;{}&#8221; custom_padding__hover=&#8221;|||&#8221;][et_pb_text module_class=&#8221;titreR&#8221; _builder_version=&#8221;4.20.2&#8243; text_font=&#8221;||||||||&#8221; global_colors_info=&#8221;{}&#8221;]<\/p>\n<h2>Reliable and professional moving in Deux-Montagnes<\/h2>\n<p>The city of Deux Montagnes stands out from the many <a href=\"https:\/\/demenagementpausecafe.ca\/en\/cities\/\">cities<\/a> of Quebec City by its low crime rate and other amenities. It is therefore a locality of choice for families and businesses. And to move to Deux-Montagnes, you need the services of a professional company like D\u00e9m\u00e9nagement Pause-Caf\u00e9. We support you in all your moving projects, whatever its size thanks to our personalized <a href=\"https:\/\/demenagementpausecafe.ca\/en\/category\/residentiel-en\/\">residential moving<\/a> and custom <a href=\"https:\/\/demenagementpausecafe.ca\/en\/category\/commercial-en\/\">commercial moving<\/a> services.<\/p>\n<h2>Find a reliable moving company in Deux-Montagnes<\/h2>\n<p>Hiring a reliable and experienced <a href=\"https:\/\/demenagementpausecafe.ca\/en\/moving-company-montreal-east-west-island\/\">moving company<\/a> is crucial for a hassle-free move to Deux-Montagnes. Do thorough research, read customer reviews, and ask those around you for recommendations. Make sure the moving company is licensed, insured, and offers comprehensive services, including packing, loading, transportation, and unloading.<\/p>\n<h2>Make an inventory of your belongings and sort them<\/h2>\n<p>Before you start packing your belongings, take the time to take inventory of all your belongings. This will help you determine what you need to pack, what you can sell, give away, or throw away. Sort your belongings piece by room and get rid of everything that is no longer necessary or that does not suit your new <a href=\"https:\/\/demenagementpausecafe.ca\/en\/\">home<\/a> in Deux-Montagnes. This will allow you to reduce the amount of items to be transported and simplify the unpacking process.<\/p>\n<h2>Carton packaging and labelling<\/h2>\n<p>Careful packaging of your belongings is essential to protect them during transport. Use good quality boxes, bubble wrap, tape and other appropriate packaging materials. Pack fragile items individually and place them carefully in the boxes. Don&#8217;t forget to label each carton with a clear description of its contents and the destination part. This will make unloading and unpacking easier in your new home.<\/p>\n<h2>Rent a moving truck or hire professional movers<\/h2>\n<p>The choice between renting a moving truck and hiring professional <a href=\"https:\/\/demenagementpausecafe.ca\/en\/movers-montreal-east-west-island\/\">movers<\/a> depends on your needs, budget and preferences. If you have few belongings to transport and are willing to do the work yourself, renting a moving truck can be a budget-friendly option. However, if you have many heavy or fragile items, hiring professional movers will save you time, energy, and minimize the risk of damage.<\/p>\n<p>[\/et_pb_text][\/et_pb_column][\/et_pb_row][\/et_pb_section][et_pb_section fb_built=&#8221;1&#8243; _builder_version=&#8221;4.16&#8243; custom_margin=&#8221;|||&#8221; custom_padding=&#8221;0px||0px|&#8221; global_colors_info=&#8221;{}&#8221;][et_pb_row column_structure=&#8221;2_3,1_3&#8243; use_custom_gutter=&#8221;on&#8221; gutter_width=&#8221;1&#8243; make_equal=&#8221;on&#8221; module_class=&#8221; et_pb_row_fullwidth et_pb_row_fullwidth&#8221; _builder_version=&#8221;4.16&#8243; width=&#8221;100%&#8221; width_tablet=&#8221;100%&#8221; width_phone=&#8221;&#8221; width_last_edited=&#8221;on|desktop&#8221; max_width=&#8221;100%&#8221; max_width_tablet=&#8221;100%&#8221; max_width_phone=&#8221;&#8221; max_width_last_edited=&#8221;on|desktop&#8221; custom_padding=&#8221;0px||0px|&#8221; make_fullwidth=&#8221;on&#8221; global_colors_info=&#8221;{}&#8221;][et_pb_column type=&#8221;2_3&#8243; module_class=&#8221;padding3&#8243; _builder_version=&#8221;4.16&#8243; background_color=&#8221;#000000&#8243; custom_padding=&#8221;|||&#8221; global_colors_info=&#8221;{}&#8221; custom_padding__hover=&#8221;|||&#8221;][et_pb_text _builder_version=&#8221;4.20.2&#8243; text_font=&#8221;||||||||&#8221; background_layout=&#8221;dark&#8221; hover_enabled=&#8221;0&#8243; global_colors_info=&#8221;{}&#8221; sticky_enabled=&#8221;0&#8243;]<\/p>\n<h2>Residential move in Deux-Montagnes<\/h2>\n<p>One of our specialties is residential moving. Whether it&#8217;s a local move or a <strong><a href=\"https:\/\/demenagementpausecafe.ca\/en\/long-distance-moving-montreal-east-west-island\/\">long-distance move<\/a><\/strong>, our experts offer you premium services.<\/p>\n<h3>Exceptional services<\/h3>\n<p>We provide the Deux-Montagnais with specific services according to their status. So, if you are a student, young couples, or single, we know how to serve you so that your <strong><a href=\"https:\/\/demenagementpausecafe.ca\/en\/moving-montreal-east-west-island\/\">residential move<\/a><\/strong> goes very smoothly.<\/p>\n<h2>Preparing your new home in Deux-Montagnes<\/h2>\n<p>Before you arrive in Deux-Montagnes, take the time to prepare your new home. Make sure utilities are on, the <a href=\"https:\/\/demenagementpausecafe.ca\/en\/category\/maison-en\/\">house<\/a> is clean, and necessary repairs are made. Also plan basic furniture and appliances to allow you to get comfortable from day one.<\/p>\n<h2>Install utilities and Internet providers<\/h2>\n<p>Installing utilities such as electricity, water, gas, and heating is essential to making your new home functional. Contact utility providers in advance to schedule installation appointments. In addition, if you need an Internet connection at your new address in Deux-Montagnes, find out what providers are available and arrange for an Internet connection as soon as you arrive.<\/p>\n<p>[\/et_pb_text][\/et_pb_column][et_pb_column type=&#8221;1_3&#8243; _builder_version=&#8221;4.16&#8243; background_image=&#8221;https:\/\/demenagementpausecafe.ca\/wp-content\/uploads\/2017\/11\/emballage-demenagement.jpg&#8221; custom_padding=&#8221;|||&#8221; global_colors_info=&#8221;{}&#8221; custom_padding__hover=&#8221;|||&#8221;][\/et_pb_column][\/et_pb_row][\/et_pb_section][et_pb_section fb_built=&#8221;1&#8243; _builder_version=&#8221;4.16&#8243; global_colors_info=&#8221;{}&#8221;][et_pb_row column_structure=&#8221;1_2,1_2&#8243; _builder_version=&#8221;4.16&#8243; global_colors_info=&#8221;{}&#8221;][et_pb_column type=&#8221;1_2&#8243; _builder_version=&#8221;4.16&#8243; custom_padding=&#8221;|||&#8221; global_colors_info=&#8221;{}&#8221; custom_padding__hover=&#8221;|||&#8221;][et_pb_image src=&#8221;https:\/\/demenagementpausecafe.ca\/wp-content\/uploads\/2017\/11\/3.jpg&#8221; align_tablet=&#8221;center&#8221; align_phone=&#8221;center&#8221; align_last_edited=&#8221;on|desktop&#8221; _builder_version=&#8221;4.16&#8243; global_colors_info=&#8221;{}&#8221;]<br \/>\n[\/et_pb_image][\/et_pb_column][et_pb_column type=&#8221;1_2&#8243; _builder_version=&#8221;4.16&#8243; custom_padding=&#8221;|||&#8221; global_colors_info=&#8221;{}&#8221; custom_padding__hover=&#8221;|||&#8221;][et_pb_text module_class=&#8221;titreR&#8221; _builder_version=&#8221;4.16&#8243; text_font=&#8221;||||||||&#8221; global_colors_info=&#8221;{}&#8221;]<\/p>\n<h3>Experts at your disposal for everything<\/h3>\n<p>In the moving luggage you have a grand piano or a toad piano. Don&#8217;t worry about transporting it. At <strong>D\u00e9m\u00e9nagement Pause-Caf\u00e9<\/strong>, <strong>piano movers<\/strong> are provided. They know how to pack and transport these types of equipment.<\/p>\n<p>In addition, the pool table is a device that can be moved without disassembly. As such, no matter what type of pool table you have, we have the equipment and professionals that can satisfy you.<\/p>\n<p>In short, for a perfect <strong>move to Deux-Montagnes<\/strong>, contact our team.<\/p>\n<p>[\/et_pb_text][\/et_pb_column][\/et_pb_row][\/et_pb_section][et_pb_section fb_built=&#8221;1&#8243; _builder_version=&#8221;4.16&#8243; global_colors_info=&#8221;{}&#8221;][et_pb_row column_structure=&#8221;1_2,1_2&#8243; _builder_version=&#8221;4.16&#8243; global_colors_info=&#8221;{}&#8221;][et_pb_column type=&#8221;1_2&#8243; _builder_version=&#8221;4.16&#8243; custom_padding=&#8221;|||&#8221; global_colors_info=&#8221;{}&#8221; custom_padding__hover=&#8221;|||&#8221;][et_pb_image src=&#8221;https:\/\/demenagementpausecafe.ca\/wp-content\/uploads\/2023\/01\/api_thumb_450-6.jpg&#8221; title_text=&#8221;api_thumb_450 (6)&#8221; align_tablet=&#8221;center&#8221; align_phone=&#8221;center&#8221; align_last_edited=&#8221;on|desktop&#8221; _builder_version=&#8221;4.19.4&#8243; custom_padding=&#8221;||86px|||&#8221; global_colors_info=&#8221;{}&#8221;]<br \/>\n[\/et_pb_image][\/et_pb_column][et_pb_column type=&#8221;1_2&#8243; _builder_version=&#8221;4.16&#8243; custom_padding=&#8221;|||&#8221; global_colors_info=&#8221;{}&#8221; custom_padding__hover=&#8221;|||&#8221;][et_pb_text module_class=&#8221;titreR&#8221; _builder_version=&#8221;4.20.2&#8243; text_font=&#8221;||||||||&#8221; global_colors_info=&#8221;{}&#8221;]<\/p>\n<h2>Commercial move to Deux-Montagnes<\/h2>\n<p>You are a business manager involved in any activity and you plan to change commercial premises. D\u00e9m\u00e9nagement Pause-Caf\u00e9, which is present throughout the city of Deux-Montagnes, offers you its <strong>commercial moving<\/strong> service that meets your expectations.<\/p>\n<h3>Peaceful commercial and industrial move to Deux Montagnes<\/h3>\n<p>With our many years of experience in <strong>commercial and industrial moving<\/strong>, we manage to meet the expectations of companies wishing to integrate their new premises. We have the best approach that will allow you to leave, without wasting time, your old offices. The team that works for you is well trained for these types of operations. For example, we do not hesitate to work at night so that you are on time.<\/p>\n<p>On the other hand, D\u00e9m\u00e9nagement Pause-Caf\u00e9 has equipped itself with impressive and adequate logistics for each <strong>professional moving<\/strong> project.<\/p>\n<h3>Professionalism at your fingertips<\/h3>\n<p>Being professionals, we never work without having carried out a thorough analysis of your expectations. This step is important to us. It allows us, of course, to determine your rolling stock needs and to plan operations well to stay on time.<\/p>\n<p>Finally, whatever type of business relocation you want in Deux-Montagnes, we promise that with our turnkey services, you control your <strong>moving<\/strong> <strong>budget<\/strong>.<\/p>\n<p>[\/et_pb_text][\/et_pb_column][\/et_pb_row][et_pb_row _builder_version=&#8221;4.20.2&#8243; _module_preset=&#8221;default&#8221; global_colors_info=&#8221;{}&#8221;][et_pb_column type=&#8221;4_4&#8243; _builder_version=&#8221;4.20.2&#8243; _module_preset=&#8221;default&#8221; global_colors_info=&#8221;{}&#8221;][et_pb_text _builder_version=&#8221;4.20.2&#8243; _module_preset=&#8221;default&#8221; global_colors_info=&#8221;{}&#8221;]<\/p>\n<h2>Tips to facilitate adaptation to Deux-Montagnes<\/h2>\n<ul>\n<li>Enjoy the outdoor activities offered by the Deux-Montagnes area, such as hiking, biking and water sports.<\/li>\n<li>Discover local events and festivals to immerse yourself in the cultural life of Deux-Montagnes.<\/li>\n<li>Find out about the services and infrastructure available in your neighbourhood, such as schools, health centres, parks and shops.<\/li>\n<li>Get involved in the community by joining local associations, participating in volunteer activities, or enrolling in classes or clubs.<\/li>\n<\/ul>\n<p>&nbsp;<\/p>\n<h2>Faq<\/h2>\n<ol>\n<li>\n<p><strong>When is the best time to move to Deux-Montagnes?<\/strong>  The best time to move to Deux-Montagnes is usually during the summer months, when weather conditions are favorable and the days are longer.<\/p>\n<\/li>\n<li>\n<p><strong>What are the reputable schools in Deux-Montagnes?<\/strong>  Deux-Montagnes has several well-known schools, such as \u00c9cole primaire Saint-Jude and \u00c9cole secondaire Des Montagnes.<\/p>\n<\/li>\n<li>\n<p><strong>How to get around Deux-Montagnes easily?<\/strong>  Deux-Montagnes is well served by public transportation, including bus lines and commuter train that make it easy to get around the city and the surrounding area.<\/p>\n<\/li>\n<li>\n<p><strong>What are the tourist attractions in Deux-Montagnes?<\/strong>  Deux-Montagnes is known for its eponymous lake, which offers water activities and beautiful landscapes. You can also visit Olympia Park, which offers sports facilities and leisure areas.<\/p>\n<\/li>\n<li>\n<p><strong>Where to find shops and restaurants in Deux-Montagnes?<\/strong>  Deux-Montagnes offers a variety of shops and restaurants along Deux-Montagnes Avenue and in nearby shopping centres. Here you will find shops, supermarkets, cafes, restaurants and much more.<\/p>\n<\/li>\n<\/ol>\n<p>[\/et_pb_text][\/et_pb_column][\/et_pb_row][\/et_pb_section][et_pb_section fb_built=&#8221;1&#8243; _builder_version=&#8221;3.0.86&#8243; background_image=&#8221;https:\/\/demenagementpausecafe.ca\/wp-content\/uploads\/2017\/11\/great-moving-team-bg.jpg&#8221; global_module=&#8221;306&#8243; saved_tabs=&#8221;all&#8221; global_colors_info=&#8221;{}&#8221;][et_pb_row column_structure=&#8221;1_2,1_2&#8243; _builder_version=&#8221;4.16&#8243; global_colors_info=&#8221;{}&#8221;][et_pb_column type=&#8221;1_2&#8243; _builder_version=&#8221;4.16&#8243; custom_padding=&#8221;|||&#8221; global_colors_info=&#8221;{}&#8221; custom_padding__hover=&#8221;|||&#8221;][et_pb_text _builder_version=&#8221;4.16&#8243; text_font=&#8221;||||||||&#8221; background_layout=&#8221;dark&#8221; global_colors_info=&#8221;{}&#8221;]<\/p>\n<h2 class=\"p30\">free quote<\/h2>\n<p class=\"tel-jaune\"><b>(514) 569-8849<\/b> or <a class=\"et_pb_button et_pb_button_0 et_pb_module et_pb_bg_layout_light bas\" href=\"https:\/\/demenagementpausecafe.ca\/en\/estimation\/\">online<\/a><\/p>\n<p>[\/et_pb_text][\/et_pb_column][et_pb_column type=&#8221;1_2&#8243; _builder_version=&#8221;4.16&#8243; custom_padding=&#8221;|||&#8221; global_colors_info=&#8221;{}&#8221; custom_padding__hover=&#8221;|||&#8221;][\/et_pb_column][\/et_pb_row][\/et_pb_section]<\/p>\n<div style='text-align:left' class='yasr-auto-insert-visitor'><\/div>","protected":false},"excerpt":{"rendered":"<p>Moving Deux-Montagnes Reliable and professional moving in Deux-Montagnes The city of Deux Montagnes stands out from the many cities of Quebec City by its low crime rate and other amenities. It is therefore a locality of choice for families and businesses. And to move to Deux-Montagnes, you need the services of a professional company like [&hellip;]<\/p>\n","protected":false},"author":2,"featured_media":0,"parent":0,"menu_order":0,"comment_status":"closed","ping_status":"closed","template":"","meta":{"_et_pb_use_builder":"on","_et_pb_old_content":"","_et_gb_content_width":"","yasr_overall_rating":0,"yasr_post_is_review":"","yasr_auto_insert_disabled":"","yasr_review_type":"Other","footnotes":""},"class_list":["post-2036","page","type-page","status-publish","hentry"],"yasr_visitor_votes":{"stars_attributes":{"read_only":false,"span_bottom":false},"number_of_votes":0,"sum_votes":0},"yoast_head":"<!-- This site is optimized with the Yoast SEO Premium plugin v15.0 - https:\/\/yoast.com\/wordpress\/plugins\/seo\/ -->\n<title>Moving Deux-Montagnes - D\u00e9m\u00e9nagement Pause Caf\u00e9<\/title>\n<meta name=\"description\" content=\"Moving services in Deux-montagnes, for your professional and reliable movers services? We are here.\" \/>\n<meta name=\"robots\" content=\"index, follow, max-snippet:-1, max-image-preview:large, max-video-preview:-1\" \/>\n<link rel=\"canonical\" href=\"https:\/\/demenagementpausecafe.ca\/en\/moving-deux-montagnes\/\" \/>\n<meta property=\"og:locale\" content=\"en_US\" \/>\n<meta property=\"og:type\" content=\"article\" \/>\n<meta property=\"og:title\" content=\"Moving Deux-Montagnes - D\u00e9m\u00e9nagement Pause Caf\u00e9\" \/>\n<meta property=\"og:description\" content=\"Moving services in Deux-montagnes, for your professional and reliable movers services? We are here.\" \/>\n<meta property=\"og:url\" content=\"https:\/\/demenagementpausecafe.ca\/en\/moving-deux-montagnes\/\" \/>\n<meta property=\"og:site_name\" content=\"D\u00e9m\u00e9nagement Pause Caf\u00e9\" \/>\n<meta property=\"article:modified_time\" content=\"2023-07-13T21:36:28+00:00\" \/>\n<meta name=\"twitter:card\" content=\"summary_large_image\" \/>\n<script type=\"application\/ld+json\" class=\"yoast-schema-graph\">{\"@context\":\"https:\/\/schema.org\",\"@graph\":[{\"@type\":\"WebSite\",\"@id\":\"https:\/\/demenagementpausecafe.ca\/en\/#website\",\"url\":\"https:\/\/demenagementpausecafe.ca\/en\/\",\"name\":\"D\\u00e9m\\u00e9nagement Pause Caf\\u00e9\",\"description\":\"\",\"potentialAction\":[{\"@type\":\"SearchAction\",\"target\":\"https:\/\/demenagementpausecafe.ca\/en\/?s={search_term_string}\",\"query-input\":\"required name=search_term_string\"}],\"inLanguage\":\"en-US\"},{\"@type\":\"WebPage\",\"@id\":\"https:\/\/demenagementpausecafe.ca\/en\/moving-deux-montagnes\/#webpage\",\"url\":\"https:\/\/demenagementpausecafe.ca\/en\/moving-deux-montagnes\/\",\"name\":\"Moving Deux-Montagnes - D\\u00e9m\\u00e9nagement Pause Caf\\u00e9\",\"isPartOf\":{\"@id\":\"https:\/\/demenagementpausecafe.ca\/en\/#website\"},\"datePublished\":\"2019-01-21T23:40:29+00:00\",\"dateModified\":\"2023-07-13T21:36:28+00:00\",\"description\":\"Moving services in Deux-montagnes, for your professional and reliable movers services? We are here.\",\"inLanguage\":\"en-US\",\"potentialAction\":[{\"@type\":\"ReadAction\",\"target\":[\"https:\/\/demenagementpausecafe.ca\/en\/moving-deux-montagnes\/\"]}]}]}<\/script>\n<!-- \/ Yoast SEO Premium plugin. -->","_links":{"self":[{"href":"https:\/\/demenagementpausecafe.ca\/en\/wp-json\/wp\/v2\/pages\/2036","targetHints":{"allow":["GET"]}}],"collection":[{"href":"https:\/\/demenagementpausecafe.ca\/en\/wp-json\/wp\/v2\/pages"}],"about":[{"href":"https:\/\/demenagementpausecafe.ca\/en\/wp-json\/wp\/v2\/types\/page"}],"author":[{"embeddable":true,"href":"https:\/\/demenagementpausecafe.ca\/en\/wp-json\/wp\/v2\/users\/2"}],"replies":[{"embeddable":true,"href":"https:\/\/demenagementpausecafe.ca\/en\/wp-json\/wp\/v2\/comments?post=2036"}],"version-history":[{"count":18,"href":"https:\/\/demenagementpausecafe.ca\/en\/wp-json\/wp\/v2\/pages\/2036\/revisions"}],"predecessor-version":[{"id":3843,"href":"https:\/\/demenagementpausecafe.ca\/en\/wp-json\/wp\/v2\/pages\/2036\/revisions\/3843"}],"wp:attachment":[{"href":"https:\/\/demenagementpausecafe.ca\/en\/wp-json\/wp\/v2\/media?parent=2036"}],"curies":[{"name":"wp","href":"https:\/\/api.w.org\/{rel}","templated":true}]}}