{"id":2088,"date":"2018-01-08T12:03:32","date_gmt":"2018-01-08T17:03:32","guid":{"rendered":"https:\/\/demenagementpausecafe.ca\/demenagement-lachine\/"},"modified":"2023-07-19T11:03:02","modified_gmt":"2023-07-19T15:03:02","slug":"moving-lachine","status":"publish","type":"page","link":"https:\/\/demenagementpausecafe.ca\/en\/moving-lachine\/","title":{"rendered":"Lachine Move"},"content":{"rendered":"<p>[et_pb_section fb_built=&#8221;1&#8243; _builder_version=&#8221;4.16&#8243; background_image=&#8221;https:\/\/demenagementpausecafe.ca\/wp-content\/uploads\/2017\/11\/page-title-bg-1.jpg&#8221; global_colors_info=&#8221;{}&#8221;][et_pb_row _builder_version=&#8221;4.16&#8243; background_size=&#8221;initial&#8221; background_position=&#8221;top_left&#8221; background_repeat=&#8221;repeat&#8221; global_colors_info=&#8221;{}&#8221;][et_pb_column type=&#8221;4_4&#8243; _builder_version=&#8221;4.16&#8243; custom_padding=&#8221;|||&#8221; global_colors_info=&#8221;{}&#8221; custom_padding__hover=&#8221;|||&#8221;][et_pb_text _builder_version=&#8221;4.16&#8243; text_font=&#8221;|||on|||||&#8221; background_layout=&#8221;dark&#8221; hover_enabled=&#8221;0&#8243; global_colors_info=&#8221;{}&#8221; sticky_enabled=&#8221;0&#8243;]<\/p>\n<h1>Lachine Move<\/h1>\n<p>[\/et_pb_text][\/et_pb_column][\/et_pb_row][\/et_pb_section][et_pb_section fb_built=&#8221;1&#8243; _builder_version=&#8221;4.16&#8243; global_colors_info=&#8221;{}&#8221;][et_pb_row _builder_version=&#8221;4.16&#8243; global_colors_info=&#8221;{}&#8221; column_structure=&#8221;1_2,1_2&#8243;][et_pb_column type=&#8221;1_2&#8243; _builder_version=&#8221;4.16&#8243; custom_padding=&#8221;|||&#8221; global_colors_info=&#8221;{}&#8221; custom_padding__hover=&#8221;|||&#8221;][et_pb_image src=&#8221;https:\/\/demenagementpausecafe.ca\/wp-content\/uploads\/2017\/11\/dechargement-caisses-demenagement.jpg&#8221; align_tablet=&#8221;center&#8221; align_last_edited=&#8221;on|desktop&#8221; module_class=&#8221;mission-left-img-holder&#8221; _builder_version=&#8221;4.16&#8243; global_colors_info=&#8221;{}&#8221; align_phone=&#8221;center&#8221;]<br \/>\n[\/et_pb_image][\/et_pb_column][et_pb_column type=&#8221;1_2&#8243; _builder_version=&#8221;4.16&#8243; custom_padding=&#8221;|||&#8221; global_colors_info=&#8221;{}&#8221; custom_padding__hover=&#8221;|||&#8221;][et_pb_text module_class=&#8221;titreR&#8221; _builder_version=&#8221;4.20.2&#8243; text_font=&#8221;||||||||&#8221; hover_enabled=&#8221;0&#8243; global_colors_info=&#8221;{}&#8221; sticky_enabled=&#8221;0&#8243;]<\/p>\n<h2>For reliable and professional moving services in Lachine!<\/h2>\n<p>Are you thinking of moving soon and you need the services of professional and reliable <a href=\"https:\/\/demenagementpausecafe.ca\/en\/movers-montreal-east-west-island\/\">movers<\/a> to take care of your goods? Our professionals at your disposal are at your disposal to make your residential or commercial relocation project a success on the whole line.<\/p>\n<h2>Moving to Lachine: Discover this beautiful city<\/h2>\n<h3>Why choose Lachine for your move?<\/h3>\n<p>Lachine is a charming city located on the shores of Lake Saint-Louis, in the West Island of <a href=\"https:\/\/demenagementpausecafe.ca\/en\/category\/montreal-en\/\">Montreal<\/a>. It offers a pleasant living <a href=\"https:\/\/demenagementpausecafe.ca\/en\/category\/environment-4-en\/\">environment<\/a>, between nature and proximity to the big city. Here are some reasons why you should choose Lachine for your move:<\/p>\n<ul>\n<li>\n<p>Proximity to nature: Lachine is surrounded by parks, bike paths and hiking trails. Guests can enjoy outdoor activities and recharge their batteries in a natural environment.<\/p>\n<\/li>\n<li>\n<p>Easy access to amenities: Although Lachine is a peaceful city, it offers easy access to the amenities of everyday life, with shops, restaurants and services nearby.<\/p>\n<\/li>\n<li>\n<p>Historical charm: Lachine has a rich historical heritage. Guests can discover ancient buildings, visit museums and explore remnants of the city&#8217;s past.<\/p>\n<\/li>\n<li>\n<p>Community atmosphere: Lachine is known for its warm atmosphere and welcoming community. You will quickly feel at <a href=\"https:\/\/demenagementpausecafe.ca\/en\/\">home<\/a> and can participate in many local activities and events.<\/p>\n<\/li>\n<\/ul>\n<p>[\/et_pb_text][\/et_pb_column][\/et_pb_row][\/et_pb_section][et_pb_section fb_built=&#8221;1&#8243; _builder_version=&#8221;4.16&#8243; custom_margin=&#8221;|||&#8221; custom_padding=&#8221;0px||0px|&#8221; global_colors_info=&#8221;{}&#8221;][et_pb_row use_custom_gutter=&#8221;on&#8221; gutter_width=&#8221;1&#8243; make_equal=&#8221;on&#8221; module_class=&#8221; et_pb_row_fullwidth et_pb_row_fullwidth&#8221; _builder_version=&#8221;4.16&#8243; width=&#8221;100%&#8221; width_tablet=&#8221;100%&#8221; width_phone=&#8221;&#8221; width_last_edited=&#8221;on|desktop&#8221; max_width=&#8221;100%&#8221; max_width_tablet=&#8221;100%&#8221; max_width_phone=&#8221;&#8221; max_width_last_edited=&#8221;on|desktop&#8221; custom_padding=&#8221;0px||0px|&#8221; make_fullwidth=&#8221;on&#8221; global_colors_info=&#8221;{}&#8221; column_structure=&#8221;2_3,1_3&#8243;][et_pb_column type=&#8221;2_3&#8243; module_class=&#8221;padding3&#8243; _builder_version=&#8221;4.16&#8243; background_color=&#8221;#000000&#8243; custom_padding=&#8221;|||&#8221; global_colors_info=&#8221;{}&#8221; custom_padding__hover=&#8221;|||&#8221;][et_pb_text _builder_version=&#8221;4.16&#8243; text_font=&#8221;||||||||&#8221; background_layout=&#8221;dark&#8221; global_colors_info=&#8221;{}&#8221;]<\/p>\n<h2>Personalized moving services in Lachine<\/h2>\n<p>With many years of experience, our professional movers offer you personalized moving services according to your needs. So whether it&#8217;s a complete move that includes packing and unpacking your belongings, once you&#8217;re at your destination, or even transporting boxes that are already packed, our experts take care of your moving project from start to finish.<\/p>\n<p>[\/et_pb_text][\/et_pb_column][et_pb_column type=&#8221;1_3&#8243; _builder_version=&#8221;4.16&#8243; background_image=&#8221;https:\/\/demenagementpausecafe.ca\/wp-content\/uploads\/2017\/11\/emballage-demenagement.jpg&#8221; custom_padding=&#8221;|||&#8221; global_colors_info=&#8221;{}&#8221; custom_padding__hover=&#8221;|||&#8221;][\/et_pb_column][\/et_pb_row][\/et_pb_section][et_pb_section fb_built=&#8221;1&#8243; _builder_version=&#8221;4.16&#8243; global_colors_info=&#8221;{}&#8221;][et_pb_row _builder_version=&#8221;4.16&#8243; global_colors_info=&#8221;{}&#8221; column_structure=&#8221;1_2,1_2&#8243;][et_pb_column type=&#8221;1_2&#8243; _builder_version=&#8221;4.16&#8243; custom_padding=&#8221;|||&#8221; global_colors_info=&#8221;{}&#8221; custom_padding__hover=&#8221;|||&#8221;][et_pb_image src=&#8221;https:\/\/demenagementpausecafe.ca\/wp-content\/uploads\/2017\/11\/3.jpg&#8221; align_tablet=&#8221;center&#8221; align_last_edited=&#8221;on|desktop&#8221; _builder_version=&#8221;4.16&#8243; global_colors_info=&#8221;{}&#8221; align_phone=&#8221;center&#8221;]<br \/>\n[\/et_pb_image][\/et_pb_column][et_pb_column type=&#8221;1_2&#8243; _builder_version=&#8221;4.16&#8243; custom_padding=&#8221;|||&#8221; global_colors_info=&#8221;{}&#8221; custom_padding__hover=&#8221;|||&#8221;][et_pb_text module_class=&#8221;titreR&#8221; _builder_version=&#8221;4.16&#8243; text_font=&#8221;||||||||&#8221; global_colors_info=&#8221;{}&#8221;]<\/p>\n<h2>A team of movers at your service in Lachine<\/h2>\n<p>With a strong team of qualified movers in Lachine \u2013 each of them is handpicked \u2013 we are able to offer you local or long-distance moving services according to your preferences. Our professional movers in Lachine are committed to your satisfaction and show meticulousness and delicacy when packing, transporting and unpacking goods. Our mission is to transport your goods safely with peace of mind, while offering you the most professional moving services in Lachine.<\/p>\n<p>We know how important each property and box is to you, and that&#8217;s why we handle objects with great care during moving, whether it&#8217;s a residential or <a href=\"https:\/\/demenagementpausecafe.ca\/en\/commercial-moving-montreal-east-west-island\/\">commercial move<\/a>.<\/p>\n<p>No matter how much and the nature of the goods you want to pack and transport (piano, work desk, pool table, etc.), we have the equipment, manpower and expertise to get your goods safely in one piece.<\/p>\n<p>[\/et_pb_text][\/et_pb_column][\/et_pb_row][\/et_pb_section][et_pb_section fb_built=&#8221;1&#8243; _builder_version=&#8221;4.16&#8243; global_colors_info=&#8221;{}&#8221;][et_pb_row _builder_version=&#8221;4.16&#8243; global_colors_info=&#8221;{}&#8221; column_structure=&#8221;1_2,1_2&#8243;][et_pb_column type=&#8221;1_2&#8243; _builder_version=&#8221;4.16&#8243; custom_padding=&#8221;|||&#8221; global_colors_info=&#8221;{}&#8221; custom_padding__hover=&#8221;|||&#8221;][et_pb_image src=&#8221;https:\/\/demenagementpausecafe.ca\/wp-content\/uploads\/2017\/11\/4.jpg&#8221; align_tablet=&#8221;center&#8221; align_last_edited=&#8221;on|desktop&#8221; _builder_version=&#8221;4.16&#8243; global_colors_info=&#8221;{}&#8221; align_phone=&#8221;center&#8221;]<br \/>\n[\/et_pb_image][\/et_pb_column][et_pb_column type=&#8221;1_2&#8243; _builder_version=&#8221;4.16&#8243; custom_padding=&#8221;|||&#8221; global_colors_info=&#8221;{}&#8221; custom_padding__hover=&#8221;|||&#8221;][et_pb_text module_class=&#8221;titreR&#8221; _builder_version=&#8221;4.20.2&#8243; text_font=&#8221;||||||||&#8221; hover_enabled=&#8221;0&#8243; global_colors_info=&#8221;{}&#8221; sticky_enabled=&#8221;0&#8243;]<\/p>\n<h2>Moving without hassle<\/h2>\n<p>Thanks to our comprehensive insurance policy against breakage, damage and theft, you are assured of a hassle-free move to Lachine by dedicated professionals. To learn more about our services or to get your <a href=\"https:\/\/demenagementpausecafe.ca\/en\/estimation\/\">free quote<\/a>, please <a href=\"https:\/\/demenagementpausecafe.ca\/en\/contact-us\/\">contact us<\/a>. We serve the Lachine, Montreal East and Montreal West regions.<\/p>\n<h3>Moving companies in Lachine<\/h3>\n<p>When <a href=\"https:\/\/demenagementpausecafe.ca\/en\/tag\/planning\/\">planning<\/a> your move to Lachine, it is essential to choose a reliable and experienced <a href=\"https:\/\/demenagementpausecafe.ca\/en\/moving-company-montreal-east-west-island\/\">moving company<\/a>. Here are some of the best moving companies in the area:<\/p>\n<ol>\n<li>\n<p>D\u00e9m\u00e9nagement Lachine Express: Specializing in residential and commercial moves, D\u00e9m\u00e9nagement Lachine Express offers professional and efficient services to facilitate your transition to your new address in Lachine.<\/p>\n<\/li>\n<li>\n<p>D\u00e9m\u00e9nagement Prestige: With an experienced team and modern equipment, D\u00e9m\u00e9nagement Prestige offers complete moving services, including packing, transporting and unpacking your belongings.<\/p>\n<\/li>\n<li>\n<p>Easy Moving: This reputable moving company stands out for its professionalism and exceptional customer service. D\u00e9m\u00e9nagement Facile will accompany you throughout your move to Lachine, ensuring that your belongings are treated with the utmost care.<\/p>\n<\/li>\n<\/ol>\n<h3>Practical tips for a stress-free move<\/h3>\n<p>A move can be a stressful experience, but with proper planning, you can make it smoother and less stressful. Here are some practical tips to help you:<\/p>\n<ul>\n<li>\n<p>Plan ahead: Start planning your move as soon as possible. Make a list of tasks to be accomplished, such as booking the moving company, collecting packing supplies, and notifying you of a change of address.<\/p>\n<\/li>\n<li>\n<p>Pack methodically: Pack your belongings in an organized manner by clearly labeling each box with its contents and destination piece. This will facilitate the unpacking process once you arrive in Lachine.<\/p>\n<\/li>\n<li>\n<p>Sort it out: Take advantage of the move to sort your belongings. Get rid of items you no longer use by giving, selling or throwing them away. This will allow you to start in your new home with a more organized space.<\/p>\n<\/li>\n<li>\n<p>Inform utilities and suppliers: Before you move, be sure to contact utilities such as electricity, water, and gas to arrange for your services to transition. Also notify your service providers, such as your Internet provider and telephone company, of your change of address.<\/p>\n<\/li>\n<li>\n<p>Consider outside help: If possible, ask friends or family for help on moving day. Several pairs of hands will make the process faster and less exhausting.<\/p>\n<\/li>\n<\/ul>\n<p>[\/et_pb_text][\/et_pb_column][\/et_pb_row][\/et_pb_section][et_pb_section fb_built=&#8221;1&#8243; theme_builder_area=&#8221;post_content&#8221; _builder_version=&#8221;4.20.2&#8243; _module_preset=&#8221;default&#8221;][et_pb_row _builder_version=&#8221;4.20.2&#8243; _module_preset=&#8221;default&#8221; theme_builder_area=&#8221;post_content&#8221;][et_pb_column _builder_version=&#8221;4.20.2&#8243; _module_preset=&#8221;default&#8221; type=&#8221;4_4&#8243; theme_builder_area=&#8221;post_content&#8221;][et_pb_accordion _builder_version=&#8221;4.20.2&#8243; _module_preset=&#8221;default&#8221; theme_builder_area=&#8221;post_content&#8221; hover_enabled=&#8221;0&#8243; sticky_enabled=&#8221;0&#8243;][et_pb_accordion_item _builder_version=&#8221;4.20.2&#8243; _module_preset=&#8221;default&#8221; theme_builder_area=&#8221;post_content&#8221; title=&#8221;  How to choose the best moving company in Lachine?&#8221; hover_enabled=&#8221;0&#8243; sticky_enabled=&#8221;0&#8243;]<\/p>\n<p>To choose the best moving company in Lachine, you can ask for recommendations from those around you, do research online and read customer reviews. Make sure you select a reputable, duly registered and insured company.<\/p>\n<p>[\/et_pb_accordion_item][et_pb_accordion_item _builder_version=&#8221;4.20.2&#8243; _module_preset=&#8221;default&#8221; theme_builder_area=&#8221;post_content&#8221; title=&#8221;What are the elements to consider when choosing a moving company?&#8221; hover_enabled=&#8221;0&#8243; sticky_enabled=&#8221;0&#8243;]<\/p>\n<p>When choosing a moving company, it is important to consider several elements. Check the company&#8217;s reputation, its experience in the field, the services it offers, as well as its rates. Also ask for detailed quotes to compare offers.<\/p>\n<p>[\/et_pb_accordion_item][et_pb_accordion_item _builder_version=&#8221;4.20.2&#8243; _module_preset=&#8221;default&#8221; theme_builder_area=&#8221;post_content&#8221; title=&#8221; How do I prepare my belongings for the move?&#8221; hover_enabled=&#8221;0&#8243; sticky_enabled=&#8221;0&#8243;]<\/p>\n<p>To prepare your belongings for the move, start by getting rid of items you no longer use. Pack your belongings methodically using sturdy boxes and labeling them clearly. Protect fragile items with bubble wrap or blankets to prevent damage during transport.<\/p>\n<p>[\/et_pb_accordion_item][et_pb_accordion_item _builder_version=&#8221;4.20.2&#8243; _module_preset=&#8221;default&#8221; theme_builder_area=&#8221;post_content&#8221; title=&#8221; When is the best time to move to Lachine?&#8221; hover_enabled=&#8221;0&#8243; sticky_enabled=&#8221;0&#8243;]<\/p>\n<p>The best time to move to Lachine depends on your preferences and the specific constraints of your situation. Most moves take place during the summer months, between May and September, when the weather is milder. However, if you want to benefit from cheaper rates, consider moving during the off-season months.<\/p>\n<p>[\/et_pb_accordion_item][\/et_pb_accordion][\/et_pb_column][\/et_pb_row][\/et_pb_section][et_pb_section fb_built=&#8221;1&#8243; _builder_version=&#8221;3.0.86&#8243; background_image=&#8221;https:\/\/demenagementpausecafe.ca\/wp-content\/uploads\/2017\/11\/great-moving-team-bg.jpg&#8221; global_module=&#8221;306&#8243; saved_tabs=&#8221;all&#8221; global_colors_info=&#8221;{}&#8221;][et_pb_row column_structure=&#8221;1_2,1_2&#8243; _builder_version=&#8221;4.16&#8243; global_colors_info=&#8221;{}&#8221;][et_pb_column type=&#8221;1_2&#8243; _builder_version=&#8221;4.16&#8243; custom_padding=&#8221;|||&#8221; global_colors_info=&#8221;{}&#8221; custom_padding__hover=&#8221;|||&#8221;][et_pb_text _builder_version=&#8221;4.16&#8243; text_font=&#8221;||||||||&#8221; background_layout=&#8221;dark&#8221; global_colors_info=&#8221;{}&#8221;]<\/p>\n<h2 class=\"p30\">free quote<\/h2>\n<p class=\"tel-jaune\"><b>(514) 569-8849<\/b> or <a class=\"et_pb_button et_pb_button_0 et_pb_module et_pb_bg_layout_light bas\" href=\"https:\/\/demenagementpausecafe.ca\/en\/estimation\/\">online<\/a><\/p>\n<p>[\/et_pb_text][\/et_pb_column][et_pb_column type=&#8221;1_2&#8243; _builder_version=&#8221;4.16&#8243; custom_padding=&#8221;|||&#8221; global_colors_info=&#8221;{}&#8221; custom_padding__hover=&#8221;|||&#8221;][\/et_pb_column][\/et_pb_row][\/et_pb_section]<\/p>\n<div style='text-align:left' class='yasr-auto-insert-visitor'><\/div>","protected":false},"excerpt":{"rendered":"<p>Lachine Move For reliable and professional moving services in Lachine! Are you thinking of moving soon and you need the services of professional and reliable movers to take care of your goods? Our professionals at your disposal are at your disposal to make your residential or commercial relocation project a success on the whole line. [&hellip;]<\/p>\n","protected":false},"author":2,"featured_media":0,"parent":0,"menu_order":0,"comment_status":"closed","ping_status":"closed","template":"","meta":{"_et_pb_use_builder":"on","_et_pb_old_content":"","_et_gb_content_width":"","yasr_overall_rating":0,"yasr_post_is_review":"","yasr_auto_insert_disabled":"","yasr_review_type":"Other","footnotes":""},"class_list":["post-2088","page","type-page","status-publish","hentry"],"yasr_visitor_votes":{"stars_attributes":{"read_only":false,"span_bottom":false},"number_of_votes":0,"sum_votes":0},"yoast_head":"<!-- This site is optimized with the Yoast SEO Premium plugin v15.0 - https:\/\/yoast.com\/wordpress\/plugins\/seo\/ -->\n<title>Lachine Move - D\u00e9m\u00e9nagement Pause Caf\u00e9<\/title>\n<meta name=\"description\" content=\"Are you thinking of moving to Lachine soon? We take care of your moves, simple or complex, in this city\" \/>\n<meta name=\"robots\" content=\"index, follow, max-snippet:-1, max-image-preview:large, max-video-preview:-1\" \/>\n<link rel=\"canonical\" href=\"https:\/\/demenagementpausecafe.ca\/en\/moving-lachine\/\" \/>\n<meta property=\"og:locale\" content=\"en_US\" \/>\n<meta property=\"og:type\" content=\"article\" \/>\n<meta property=\"og:title\" content=\"Lachine Move - D\u00e9m\u00e9nagement Pause Caf\u00e9\" \/>\n<meta property=\"og:description\" content=\"Are you thinking of moving to Lachine soon? We take care of your moves, simple or complex, in this city\" \/>\n<meta property=\"og:url\" content=\"https:\/\/demenagementpausecafe.ca\/en\/moving-lachine\/\" \/>\n<meta property=\"og:site_name\" content=\"D\u00e9m\u00e9nagement Pause Caf\u00e9\" \/>\n<meta property=\"article:modified_time\" content=\"2023-07-19T15:03:02+00:00\" \/>\n<meta name=\"twitter:card\" content=\"summary_large_image\" \/>\n<script type=\"application\/ld+json\" class=\"yoast-schema-graph\">{\"@context\":\"https:\/\/schema.org\",\"@graph\":[{\"@type\":\"WebSite\",\"@id\":\"https:\/\/demenagementpausecafe.ca\/en\/#website\",\"url\":\"https:\/\/demenagementpausecafe.ca\/en\/\",\"name\":\"D\\u00e9m\\u00e9nagement Pause Caf\\u00e9\",\"description\":\"\",\"potentialAction\":[{\"@type\":\"SearchAction\",\"target\":\"https:\/\/demenagementpausecafe.ca\/en\/?s={search_term_string}\",\"query-input\":\"required name=search_term_string\"}],\"inLanguage\":\"en-US\"},{\"@type\":\"WebPage\",\"@id\":\"https:\/\/demenagementpausecafe.ca\/en\/moving-lachine\/#webpage\",\"url\":\"https:\/\/demenagementpausecafe.ca\/en\/moving-lachine\/\",\"name\":\"Lachine Move - D\\u00e9m\\u00e9nagement Pause Caf\\u00e9\",\"isPartOf\":{\"@id\":\"https:\/\/demenagementpausecafe.ca\/en\/#website\"},\"datePublished\":\"2018-01-08T17:03:32+00:00\",\"dateModified\":\"2023-07-19T15:03:02+00:00\",\"description\":\"Are you thinking of moving to Lachine soon? We take care of your moves, simple or complex, in this city\",\"inLanguage\":\"en-US\",\"potentialAction\":[{\"@type\":\"ReadAction\",\"target\":[\"https:\/\/demenagementpausecafe.ca\/en\/moving-lachine\/\"]}]}]}<\/script>\n<!-- \/ Yoast SEO Premium plugin. -->","_links":{"self":[{"href":"https:\/\/demenagementpausecafe.ca\/en\/wp-json\/wp\/v2\/pages\/2088","targetHints":{"allow":["GET"]}}],"collection":[{"href":"https:\/\/demenagementpausecafe.ca\/en\/wp-json\/wp\/v2\/pages"}],"about":[{"href":"https:\/\/demenagementpausecafe.ca\/en\/wp-json\/wp\/v2\/types\/page"}],"author":[{"embeddable":true,"href":"https:\/\/demenagementpausecafe.ca\/en\/wp-json\/wp\/v2\/users\/2"}],"replies":[{"embeddable":true,"href":"https:\/\/demenagementpausecafe.ca\/en\/wp-json\/wp\/v2\/comments?post=2088"}],"version-history":[{"count":5,"href":"https:\/\/demenagementpausecafe.ca\/en\/wp-json\/wp\/v2\/pages\/2088\/revisions"}],"predecessor-version":[{"id":3880,"href":"https:\/\/demenagementpausecafe.ca\/en\/wp-json\/wp\/v2\/pages\/2088\/revisions\/3880"}],"wp:attachment":[{"href":"https:\/\/demenagementpausecafe.ca\/en\/wp-json\/wp\/v2\/media?parent=2088"}],"curies":[{"name":"wp","href":"https:\/\/api.w.org\/{rel}","templated":true}]}}