{"id":2126,"date":"2018-01-08T17:06:57","date_gmt":"2018-01-08T22:06:57","guid":{"rendered":"https:\/\/demenagementpausecafe.ca\/demenagement-parc-extension\/"},"modified":"2023-07-19T11:50:53","modified_gmt":"2023-07-19T15:50:53","slug":"moving-parc-extension","status":"publish","type":"page","link":"https:\/\/demenagementpausecafe.ca\/en\/moving-parc-extension\/","title":{"rendered":"Moving Park-Extension"},"content":{"rendered":"<p>[et_pb_section fb_built=&#8221;1&#8243; _builder_version=&#8221;4.16&#8243; background_image=&#8221;https:\/\/demenagementpausecafe.ca\/wp-content\/uploads\/2017\/11\/page-title-bg-1.jpg&#8221; global_colors_info=&#8221;{}&#8221;][et_pb_row _builder_version=&#8221;4.16&#8243; background_size=&#8221;initial&#8221; background_position=&#8221;top_left&#8221; background_repeat=&#8221;repeat&#8221; global_colors_info=&#8221;{}&#8221;][et_pb_column type=&#8221;4_4&#8243; _builder_version=&#8221;4.16&#8243; custom_padding=&#8221;|||&#8221; global_colors_info=&#8221;{}&#8221; custom_padding__hover=&#8221;|||&#8221;][et_pb_text _builder_version=&#8221;4.16&#8243; text_font=&#8221;|||on|||||&#8221; background_layout=&#8221;dark&#8221; global_colors_info=&#8221;{}&#8221;]<\/p>\n<h1>Park-extension move<\/h1>\n<p>[\/et_pb_text][\/et_pb_column][\/et_pb_row][\/et_pb_section][et_pb_section fb_built=&#8221;1&#8243; _builder_version=&#8221;4.16&#8243; global_colors_info=&#8221;{}&#8221;][et_pb_row _builder_version=&#8221;4.16&#8243; global_colors_info=&#8221;{}&#8221; column_structure=&#8221;1_2,1_2&#8243;][et_pb_column type=&#8221;1_2&#8243; _builder_version=&#8221;4.16&#8243; custom_padding=&#8221;|||&#8221; global_colors_info=&#8221;{}&#8221; custom_padding__hover=&#8221;|||&#8221;][et_pb_image src=&#8221;https:\/\/demenagementpausecafe.ca\/wp-content\/uploads\/2017\/11\/dechargement-caisses-demenagement.jpg&#8221; align_tablet=&#8221;center&#8221; align_last_edited=&#8221;on|desktop&#8221; module_class=&#8221;mission-left-img-holder&#8221; _builder_version=&#8221;4.16&#8243; global_colors_info=&#8221;{}&#8221; align_phone=&#8221;center&#8221;][\/et_pb_image][\/et_pb_column][et_pb_column type=&#8221;1_2&#8243; _builder_version=&#8221;4.16&#8243; custom_padding=&#8221;|||&#8221; global_colors_info=&#8221;{}&#8221; custom_padding__hover=&#8221;|||&#8221;][et_pb_text module_class=&#8221;titreR&#8221; _builder_version=&#8221;4.20.2&#8243; text_font=&#8221;||||||||&#8221; hover_enabled=&#8221;0&#8243; global_colors_info=&#8221;{}&#8221; sticky_enabled=&#8221;0&#8243;]<\/p>\n<h2>For reliable and professional moving services!<\/h2>\n<p>Are you thinking of moving soon and you need professional and reliable <a href=\"https:\/\/demenagementpausecafe.ca\/en\/movers-montreal-east-west-island\/\">movers<\/a> services at Parc-Extension to take care of your goods? Our professionals at your disposal are at your disposal to make your residential or commercial relocation project a success on the whole line.<\/p>\n<h2>Moving services in Parc-Extension<\/h2>\n<h3>Residential moving<\/h3>\n<p>If you intend to move your <a href=\"https:\/\/demenagementpausecafe.ca\/en\/\">home<\/a> to Parc-Extension, we are here to help you make this step easier. Our experienced team of movers who specialize in residential moves are ready to take care of all aspects of your move. Whether you need to pack your belongings, transport them safely or unpack them in your new home, we are here to provide you with a hassle-free experience.<\/p>\n<h3>Commercial moving<\/h3>\n<p>Parc-Extension is home to many successful businesses, and if you are thinking of moving your business to this area, we are here to support you. Our <a href=\"https:\/\/demenagementpausecafe.ca\/en\/category\/commercial-en\/\">commercial moving<\/a> service is designed to meet the specific needs of businesses by minimizing business interruptions during the transition. We work efficiently to ensure the smooth transfer of your equipment, office furniture and other essentials to your new location in Parc-Extension.<\/p>\n<h3>D\u00e9m\u00e9nagement longue distance<\/h3>\n<p>If you are <a href=\"https:\/\/demenagementpausecafe.ca\/en\/tag\/planning\/\">planning<\/a> a move from or to Parc-Extension from another city or province, we are here to facilitate your transition. Our long-distance moving service is designed to meet your specific needs when moving over long distances. Whether you&#8217;re moving across the country or between provinces, our professional and well-trained team will take care of all the logistics, allowing you to focus on your new life in your new home.<\/p>\n<h3>Packaging Services<\/h3>\n<p>Packing can be a tedious and time-consuming task when moving. Fortunately, we offer comprehensive packaging services to facilitate this step. Our packaging experts use high-quality materials and professional techniques to ensure optimal protection of your belongings during transport. With our packing service, you can have peace of mind knowing that your belongings will be in good hands.<\/p>\n<p>[\/et_pb_text][\/et_pb_column][\/et_pb_row][\/et_pb_section][et_pb_section fb_built=&#8221;1&#8243; _builder_version=&#8221;4.16&#8243; custom_margin=&#8221;|||&#8221; custom_padding=&#8221;0px||0px|&#8221; global_colors_info=&#8221;{}&#8221;][et_pb_row use_custom_gutter=&#8221;on&#8221; gutter_width=&#8221;1&#8243; make_equal=&#8221;on&#8221; module_class=&#8221; et_pb_row_fullwidth&#8221; _builder_version=&#8221;4.16&#8243; width=&#8221;100%&#8221; width_tablet=&#8221;100%&#8221; width_last_edited=&#8221;on|desktop&#8221; max_width=&#8221;100%&#8221; max_width_tablet=&#8221;100%&#8221; max_width_last_edited=&#8221;on|desktop&#8221; custom_padding=&#8221;0px||0px|&#8221; make_fullwidth=&#8221;on&#8221; global_colors_info=&#8221;{}&#8221; column_structure=&#8221;2_3,1_3&#8243; width_phone=&#8221;100%&#8221; max_width_phone=&#8221;100%&#8221;][et_pb_column type=&#8221;2_3&#8243; module_class=&#8221;padding3&#8243; _builder_version=&#8221;4.16&#8243; background_color=&#8221;#000000&#8243; custom_padding=&#8221;|||&#8221; global_colors_info=&#8221;{}&#8221; custom_padding__hover=&#8221;|||&#8221;][et_pb_text _builder_version=&#8221;4.20.2&#8243; text_font=&#8221;||||||||&#8221; background_layout=&#8221;dark&#8221; hover_enabled=&#8221;0&#8243; global_colors_info=&#8221;{}&#8221; sticky_enabled=&#8221;0&#8243;]<\/p>\n<h2>Personalized Parc-Extension moving services<\/h2>\n<p>With many years of experience, our professional movers offer you personalized moving services according to your needs. So whether it&#8217;s a complete move that includes packing and unpacking your belongings, once you&#8217;re at your destination, or even transporting boxes that are already packed, our experts take care of your moving project from start to finish.<\/p>\n<h2>Why choose our moving company in Parc-Extension?<\/h2>\n<h3>Experience and expertise<\/h3>\n<p>Our <a href=\"https:\/\/demenagementpausecafe.ca\/en\/moving-company-montreal-east-west-island\/\">moving company<\/a> in Parc-Extension has extensive experience in the field. We have helped many clients make their move a success, whether locally, across the country or internationally. Our team is made up of qualified and knowledgeable professionals who understand the intricacies of the moving process. We put this expertise at your service to offer you a stress-free and worry-free experience.<\/p>\n<h3>Customer satisfaction<\/h3>\n<p>The satisfaction of our customers is our top priority. We understand that every move is unique, which is why we work closely with you to understand your specific needs and customize our services accordingly. We are proud of the many positive <a href=\"https:\/\/demenagementpausecafe.ca\/en\/testimonials\/\">testimonials<\/a> we have received from satisfied customers, which is a testament to our commitment to their satisfaction.<\/p>\n<h3>State-of-the-art equipment and advanced techniques<\/h3>\n<p>We constantly invest in state-of-the-art moving equipment and keep abreast of the latest techniques and practices in the industry. This allows us to offer efficient, safe and fast moving services. Whether you have fragile items, bulky furniture or valuables, we have the tools and skills to handle them with care and transport them safely to your new destination.<\/p>\n<p>[\/et_pb_text][\/et_pb_column][et_pb_column type=&#8221;1_3&#8243; _builder_version=&#8221;4.16&#8243; background_image=&#8221;https:\/\/demenagementpausecafe.ca\/wp-content\/uploads\/2017\/11\/emballage-demenagement.jpg&#8221; custom_padding=&#8221;|||&#8221; global_colors_info=&#8221;{}&#8221; custom_padding__hover=&#8221;|||&#8221;][\/et_pb_column][\/et_pb_row][\/et_pb_section][et_pb_section fb_built=&#8221;1&#8243; _builder_version=&#8221;4.16&#8243; global_colors_info=&#8221;{}&#8221;][et_pb_row _builder_version=&#8221;4.16&#8243; global_colors_info=&#8221;{}&#8221; column_structure=&#8221;1_2,1_2&#8243;][et_pb_column type=&#8221;1_2&#8243; _builder_version=&#8221;4.16&#8243; custom_padding=&#8221;|||&#8221; global_colors_info=&#8221;{}&#8221; custom_padding__hover=&#8221;|||&#8221;][et_pb_image src=&#8221;https:\/\/demenagementpausecafe.ca\/wp-content\/uploads\/2017\/11\/3.jpg&#8221; align_tablet=&#8221;center&#8221; align_last_edited=&#8221;on|desktop&#8221; _builder_version=&#8221;4.16&#8243; global_colors_info=&#8221;{}&#8221; align_phone=&#8221;center&#8221;][\/et_pb_image][\/et_pb_column][et_pb_column type=&#8221;1_2&#8243; _builder_version=&#8221;4.16&#8243; custom_padding=&#8221;|||&#8221; global_colors_info=&#8221;{}&#8221; custom_padding__hover=&#8221;|||&#8221;][et_pb_text module_class=&#8221;titreR&#8221; _builder_version=&#8221;4.16&#8243; text_font=&#8221;||||||||&#8221; global_colors_info=&#8221;{}&#8221;]<\/p>\n<h2>A team of Montreal movers at your service<\/h2>\n<p>With a strong team of qualified movers at Parc-Extension \u2013 each of them is handpicked \u2013 we are able to offer you local or long-distance moving services according to your preferences. Our professional movers at Parc-Extension are committed to your satisfaction and show meticulousness and delicacy when packing, transporting and unpacking goods. Our mission is to transport your goods safely with peace of mind, while offering you the most professional moving services at Parc-Extension available.<\/p>\n<p>We know how important each property and box is to you, and that&#8217;s why we handle objects with great care during moving, whether it&#8217;s a residential or <a href=\"https:\/\/demenagementpausecafe.ca\/en\/commercial-moving-montreal-east-west-island\/\">commercial move<\/a>.<\/p>\n<p>No matter how much and the nature of the goods you want to pack and transport (piano, work desk, pool table, etc.), we have the equipment, manpower and expertise to get your goods safely in one piece.<\/p>\n<p>[\/et_pb_text][\/et_pb_column][\/et_pb_row][\/et_pb_section][et_pb_section fb_built=&#8221;1&#8243; _builder_version=&#8221;4.16&#8243; global_colors_info=&#8221;{}&#8221;][et_pb_row _builder_version=&#8221;4.16&#8243; global_colors_info=&#8221;{}&#8221; column_structure=&#8221;1_2,1_2&#8243;][et_pb_column type=&#8221;1_2&#8243; _builder_version=&#8221;4.16&#8243; custom_padding=&#8221;|||&#8221; global_colors_info=&#8221;{}&#8221; custom_padding__hover=&#8221;|||&#8221;][et_pb_image src=&#8221;https:\/\/demenagementpausecafe.ca\/wp-content\/uploads\/2017\/11\/4.jpg&#8221; align_tablet=&#8221;center&#8221; align_last_edited=&#8221;on|desktop&#8221; _builder_version=&#8221;4.16&#8243; global_colors_info=&#8221;{}&#8221; align_phone=&#8221;center&#8221;][\/et_pb_image][\/et_pb_column][et_pb_column type=&#8221;1_2&#8243; _builder_version=&#8221;4.16&#8243; custom_padding=&#8221;|||&#8221; global_colors_info=&#8221;{}&#8221; custom_padding__hover=&#8221;|||&#8221;][et_pb_text module_class=&#8221;titreR&#8221; _builder_version=&#8221;4.20.2&#8243; text_font=&#8221;||||||||&#8221; hover_enabled=&#8221;0&#8243; global_colors_info=&#8221;{}&#8221; sticky_enabled=&#8221;0&#8243;]<\/p>\n<h2>Moving without hassle<\/h2>\n<p>Thanks to our comprehensive insurance policy against breakage, damage and theft, you are assured of a hassle-free move to Parc-Extension carried out by dedicated professionals. To learn more about our services or to get your <a href=\"https:\/\/demenagementpausecafe.ca\/en\/estimation\/\">free quote<\/a>, please <a href=\"https:\/\/demenagementpausecafe.ca\/en\/contact-us\/\">contact us<\/a>. We serve the Parc-Extension, <a href=\"https:\/\/demenagementpausecafe.ca\/en\/category\/montreal-en\/\">Montreal<\/a> East and Montreal West regions.<\/p>\n<h2>Tips to prepare for your move to Parc-Extension<\/h2>\n<h3>Plan ahead<\/h3>\n<p>Pre-planning is essential for a successful move to Parc-Extension. Take the time to create a detailed schedule with all the tasks to be accomplished, such as packing, changing addresses, booking a moving service, etc. Planning will help you stay organized and avoid last-minute delays.<\/p>\n<h3>Get rid of unnecessary items<\/h3>\n<p>Before you start packing, take the opportunity to sort and dispose of items you no longer use. Donate, sell or throw away items that are no longer needed. This will reduce the amount of belongings to be moved and simplify the process.<\/p>\n<h3>Call on moving professionals<\/h3>\n<p>Hiring moving professionals at Parc-Extension will allow you to benefit from professional expertise and assistance. Do some research to find a reputable moving company, read online reviews, and ask your loved ones for recommendations. The moving professionals will take care of all the logistical details, allowing you to focus on your new life at Parc-Extension.<\/p>\n<p>[\/et_pb_text][\/et_pb_column][\/et_pb_row][\/et_pb_section][et_pb_section fb_built=&#8221;1&#8243; _builder_version=&#8221;3.0.86&#8243; background_image=&#8221;https:\/\/demenagementpausecafe.ca\/wp-content\/uploads\/2017\/11\/great-moving-team-bg.jpg&#8221; global_module=&#8221;306&#8243; saved_tabs=&#8221;all&#8221; global_colors_info=&#8221;{}&#8221;][et_pb_row column_structure=&#8221;1_2,1_2&#8243; _builder_version=&#8221;4.16&#8243; global_colors_info=&#8221;{}&#8221;][et_pb_column type=&#8221;1_2&#8243; _builder_version=&#8221;4.16&#8243; custom_padding=&#8221;|||&#8221; global_colors_info=&#8221;{}&#8221; custom_padding__hover=&#8221;|||&#8221;][et_pb_text _builder_version=&#8221;4.16&#8243; text_font=&#8221;||||||||&#8221; background_layout=&#8221;dark&#8221; global_colors_info=&#8221;{}&#8221;]<\/p>\n<h2 class=\"p30\">free quote<\/h2>\n<p class=\"tel-jaune\"><b>(514) 569-8849<\/b> or <a class=\"et_pb_button et_pb_button_0 et_pb_module et_pb_bg_layout_light bas\" href=\"https:\/\/demenagementpausecafe.ca\/en\/estimation\/\">online<\/a><\/p>\n<p>[\/et_pb_text][\/et_pb_column][et_pb_column type=&#8221;1_2&#8243; _builder_version=&#8221;4.16&#8243; custom_padding=&#8221;|||&#8221; global_colors_info=&#8221;{}&#8221; custom_padding__hover=&#8221;|||&#8221;][\/et_pb_column][\/et_pb_row][\/et_pb_section]<\/p>\n<div style='text-align:left' class='yasr-auto-insert-visitor'><\/div>","protected":false},"excerpt":{"rendered":"<p>Park-extension moveFor reliable and professional moving services! Are you thinking of moving soon and you need professional and reliable movers services at Parc-Extension to take care of your goods? Our professionals at your disposal are at your disposal to make your residential or commercial relocation project a success on the whole line. Moving services in [&hellip;]<\/p>\n","protected":false},"author":2,"featured_media":0,"parent":0,"menu_order":0,"comment_status":"closed","ping_status":"closed","template":"","meta":{"_et_pb_use_builder":"on","_et_pb_old_content":"","_et_gb_content_width":"","yasr_overall_rating":0,"yasr_post_is_review":"","yasr_auto_insert_disabled":"","yasr_review_type":"Other","footnotes":""},"class_list":["post-2126","page","type-page","status-publish","hentry"],"yasr_visitor_votes":{"stars_attributes":{"read_only":false,"span_bottom":false},"number_of_votes":0,"sum_votes":0},"yoast_head":"<!-- This site is optimized with the Yoast SEO Premium plugin v15.0 - https:\/\/yoast.com\/wordpress\/plugins\/seo\/ -->\n<title>Moving Park-Extension - D\u00e9m\u00e9nagement Pause Caf\u00e9<\/title>\n<meta name=\"description\" content=\"Your moving partner in Parc-Extension, you benefit from an experienced team with Pause-Caf\u00e9\" \/>\n<meta name=\"robots\" content=\"index, follow, max-snippet:-1, max-image-preview:large, max-video-preview:-1\" \/>\n<link rel=\"canonical\" href=\"https:\/\/demenagementpausecafe.ca\/en\/moving-parc-extension\/\" \/>\n<meta property=\"og:locale\" content=\"en_US\" \/>\n<meta property=\"og:type\" content=\"article\" \/>\n<meta property=\"og:title\" content=\"Moving Park-Extension - D\u00e9m\u00e9nagement Pause Caf\u00e9\" \/>\n<meta property=\"og:description\" content=\"Your moving partner in Parc-Extension, you benefit from an experienced team with Pause-Caf\u00e9\" \/>\n<meta property=\"og:url\" content=\"https:\/\/demenagementpausecafe.ca\/en\/moving-parc-extension\/\" \/>\n<meta property=\"og:site_name\" content=\"D\u00e9m\u00e9nagement Pause Caf\u00e9\" \/>\n<meta property=\"article:modified_time\" content=\"2023-07-19T15:50:53+00:00\" \/>\n<meta name=\"twitter:card\" content=\"summary_large_image\" \/>\n<script type=\"application\/ld+json\" class=\"yoast-schema-graph\">{\"@context\":\"https:\/\/schema.org\",\"@graph\":[{\"@type\":\"WebSite\",\"@id\":\"https:\/\/demenagementpausecafe.ca\/en\/#website\",\"url\":\"https:\/\/demenagementpausecafe.ca\/en\/\",\"name\":\"D\\u00e9m\\u00e9nagement Pause Caf\\u00e9\",\"description\":\"\",\"potentialAction\":[{\"@type\":\"SearchAction\",\"target\":\"https:\/\/demenagementpausecafe.ca\/en\/?s={search_term_string}\",\"query-input\":\"required name=search_term_string\"}],\"inLanguage\":\"en-US\"},{\"@type\":\"WebPage\",\"@id\":\"https:\/\/demenagementpausecafe.ca\/en\/moving-parc-extension\/#webpage\",\"url\":\"https:\/\/demenagementpausecafe.ca\/en\/moving-parc-extension\/\",\"name\":\"Moving Park-Extension - D\\u00e9m\\u00e9nagement Pause Caf\\u00e9\",\"isPartOf\":{\"@id\":\"https:\/\/demenagementpausecafe.ca\/en\/#website\"},\"datePublished\":\"2018-01-08T22:06:57+00:00\",\"dateModified\":\"2023-07-19T15:50:53+00:00\",\"description\":\"Your moving partner in Parc-Extension, you benefit from an experienced team with Pause-Caf\\u00e9\",\"inLanguage\":\"en-US\",\"potentialAction\":[{\"@type\":\"ReadAction\",\"target\":[\"https:\/\/demenagementpausecafe.ca\/en\/moving-parc-extension\/\"]}]}]}<\/script>\n<!-- \/ Yoast SEO Premium plugin. -->","_links":{"self":[{"href":"https:\/\/demenagementpausecafe.ca\/en\/wp-json\/wp\/v2\/pages\/2126","targetHints":{"allow":["GET"]}}],"collection":[{"href":"https:\/\/demenagementpausecafe.ca\/en\/wp-json\/wp\/v2\/pages"}],"about":[{"href":"https:\/\/demenagementpausecafe.ca\/en\/wp-json\/wp\/v2\/types\/page"}],"author":[{"embeddable":true,"href":"https:\/\/demenagementpausecafe.ca\/en\/wp-json\/wp\/v2\/users\/2"}],"replies":[{"embeddable":true,"href":"https:\/\/demenagementpausecafe.ca\/en\/wp-json\/wp\/v2\/comments?post=2126"}],"version-history":[{"count":4,"href":"https:\/\/demenagementpausecafe.ca\/en\/wp-json\/wp\/v2\/pages\/2126\/revisions"}],"predecessor-version":[{"id":3913,"href":"https:\/\/demenagementpausecafe.ca\/en\/wp-json\/wp\/v2\/pages\/2126\/revisions\/3913"}],"wp:attachment":[{"href":"https:\/\/demenagementpausecafe.ca\/en\/wp-json\/wp\/v2\/media?parent=2126"}],"curies":[{"name":"wp","href":"https:\/\/api.w.org\/{rel}","templated":true}]}}