{"id":2162,"date":"2019-01-21T18:38:23","date_gmt":"2019-01-21T23:38:23","guid":{"rendered":"https:\/\/demenagementpausecafe.ca\/demenagement-pointe-claire\/"},"modified":"2019-08-28T16:55:32","modified_gmt":"2019-08-28T20:55:32","slug":"moving-pointe-claire","status":"publish","type":"page","link":"https:\/\/demenagementpausecafe.ca\/en\/moving-pointe-claire\/","title":{"rendered":"Moving Pointe-Claire"},"content":{"rendered":"<p>[et_pb_section fb_built=&#8221;1&#8243; _builder_version=&#8221;3.22.3&#8243; background_image=&#8221;https:\/\/demenagementpausecafe.ca\/wp-content\/uploads\/2017\/11\/page-title-bg-1.jpg&#8221;][et_pb_row _builder_version=&#8221;3.22.3&#8243; background_size=&#8221;initial&#8221; background_position=&#8221;top_left&#8221; background_repeat=&#8221;repeat&#8221;][et_pb_column type=&#8221;4_4&#8243; _builder_version=&#8221;3.0.47&#8243;][et_pb_text _builder_version=&#8221;3.22.7&#8243; text_font=&#8221;|||on|||||&#8221; background_layout=&#8221;dark&#8221;]<\/p>\n<h1>moving pointe-claire<\/h1>\n<p>[\/et_pb_text][\/et_pb_column][\/et_pb_row][\/et_pb_section][et_pb_section fb_built=&#8221;1&#8243; _builder_version=&#8221;3.22.3&#8243;][et_pb_row _builder_version=&#8221;3.22.3&#8243;][et_pb_column type=&#8221;1_2&#8243; _builder_version=&#8221;3.0.47&#8243;][et_pb_image src=&#8221;https:\/\/demenagementpausecafe.ca\/wp-content\/uploads\/2017\/11\/dechargement-caisses-demenagement.jpg&#8221; module_class=&#8221;mission-left-img-holder&#8221; _builder_version=&#8221;3.0.89&#8243;]<br \/>\n[\/et_pb_image][\/et_pb_column][et_pb_column type=&#8221;1_2&#8243; _builder_version=&#8221;3.0.47&#8243;][et_pb_text module_class=&#8221;titreR&#8221; _builder_version=&#8221;3.0.89&#8243; text_font=&#8221;||||||||&#8221;]<\/p>\n<h1><span class=\"tlid-translation translation\" lang=\"en\"><span title=\"\" class=\"\">For reliable and professional moving services!<\/span><\/span><\/h1>\n<p><span class=\"tlid-translation translation\" lang=\"en\"><\/p>\n<p><span title=\"\" class=\"\">Thinking of moving soon and you need professional and reliable moving services to take care of your goods?<\/span> <span title=\"\">Our professionals at your disposal are at your disposal to make your residential or <a href=\"https:\/\/demenagementpausecafe.ca\/en\/category\/commercial-en\/\">commercial moving<\/a> project a success all along the line.<\/span><\/span><\/p>\n<p>[\/et_pb_text][\/et_pb_column][\/et_pb_row][\/et_pb_section][et_pb_section fb_built=&#8221;1&#8243; _builder_version=&#8221;3.22.3&#8243; custom_margin=&#8221;|||&#8221; custom_padding=&#8221;0px||0px|&#8221;][et_pb_row use_custom_gutter=&#8221;on&#8221; gutter_width=&#8221;1&#8243; custom_padding=&#8221;0px||0px|&#8221; make_equal=&#8221;on&#8221; background_color_1=&#8221;#000000&#8243; bg_img_2=&#8221;https:\/\/demenagementpausecafe.ca\/wp-content\/uploads\/2017\/11\/emballage-demenagement.jpg&#8221; module_class_1=&#8221;padding3&#8243; module_class=&#8221; et_pb_row_fullwidth et_pb_row_fullwidth&#8221; _builder_version=&#8221;3.22.3&#8243; width=&#8221;100%&#8221; width_tablet=&#8221;100%&#8221; width_last_edited=&#8221;on|desktop&#8221; max_width=&#8221;100%&#8221; max_width_tablet=&#8221;100%&#8221; max_width_last_edited=&#8221;on|desktop&#8221; make_fullwidth=&#8221;on&#8221;][et_pb_column type=&#8221;2_3&#8243; _builder_version=&#8221;3.0.47&#8243;][et_pb_text _builder_version=&#8221;3.0.86&#8243; text_font=&#8221;||||||||&#8221; background_layout=&#8221;dark&#8221;]<\/p>\n<h1><span class=\"tlid-translation translation\" lang=\"en\"><span title=\"\" class=\"\">Personalized moving services<\/span><\/span><\/h1>\n<p><span class=\"tlid-translation translation\" lang=\"en\"><\/p>\n<p><span title=\"\">Moving Pause Caf\u00e9 also offers complementary services such as the complete or partial cleaning of real estate, the storage of your goods, the assembly of your furniture or personalized assistance.<\/span><\/p>\n<p>\u00a0 <span title=\"\">Moving Pause Caf\u00e9 offers you more than just a move to Pointe-Claire, we guarantee a turnkey service with options tailored to your needs.<\/span><\/span><\/p>\n<p>[\/et_pb_text][\/et_pb_column][et_pb_column type=&#8221;1_3&#8243; _builder_version=&#8221;3.0.47&#8243;][\/et_pb_column][\/et_pb_row][\/et_pb_section][et_pb_section fb_built=&#8221;1&#8243; _builder_version=&#8221;3.22.3&#8243;][et_pb_row _builder_version=&#8221;3.22.3&#8243;][et_pb_column type=&#8221;1_2&#8243; _builder_version=&#8221;3.0.47&#8243;][et_pb_image src=&#8221;https:\/\/demenagementpausecafe.ca\/wp-content\/uploads\/2017\/11\/3.jpg&#8221; _builder_version=&#8221;3.0.86&#8243;]<br \/>\n[\/et_pb_image][\/et_pb_column][et_pb_column type=&#8221;1_2&#8243; _builder_version=&#8221;3.0.47&#8243;][et_pb_text module_class=&#8221;titreR&#8221; _builder_version=&#8221;3.0.89&#8243; text_font=&#8221;||||||||&#8221;]<\/p>\n<h1><span class=\"tlid-translation translation\" lang=\"en\">Movers in Pointe-Claire at your disposal<br \/><\/span><\/h1>\n<p><span class=\"tlid-translation translation\" lang=\"en\"><\/span><\/p>\n<p>With a solid experience in moving to Pointe-Claire, D\u00e9m\u00e9nagement Pause Caf\u00e9 provides a service of the highest quality, from the beginning to the end of your project. All our <a href=\"https:\/\/demenagementpausecafe.ca\/en\/movers-montreal-east-west-island\/\">movers<\/a> are carefully selected to ensure your satisfaction at all times. That&#8217;s why your residential or commercial merchandise is transported carefully and meticulously from packaging to unpacking at your new address. The transport is always carried out in the greatest security.<\/p>\n<p>\u00a0Our professionals are used to moves in Pointe-Claire and to transport goods with confidence. We know the importance of your property to you, so we take care of it in all circumstances.<\/p>\n<p>\u00a0Pianos, billiard tables, desks, shelves or beds, we hold a solid expertise for the transport of goods of all kinds. Do not hesitate to tell us about your needs during your quote request!<\/p>\n<p>[\/et_pb_text][\/et_pb_column][\/et_pb_row][\/et_pb_section][et_pb_section fb_built=&#8221;1&#8243; _builder_version=&#8221;3.22.3&#8243;][et_pb_row _builder_version=&#8221;3.22.3&#8243;][et_pb_column type=&#8221;1_2&#8243; _builder_version=&#8221;3.0.47&#8243;][et_pb_image src=&#8221;https:\/\/demenagementpausecafe.ca\/wp-content\/uploads\/2017\/11\/4.jpg&#8221; _builder_version=&#8221;3.0.86&#8243;]<br \/>\n[\/et_pb_image][\/et_pb_column][et_pb_column type=&#8221;1_2&#8243; _builder_version=&#8221;3.0.47&#8243;][et_pb_text module_class=&#8221;titreR&#8221; _builder_version=&#8221;3.0.89&#8243; text_font=&#8221;||||||||&#8221;]<\/p>\n<h1><span class=\"tlid-translation translation\" lang=\"en\"><span title=\"\" class=\"\">Relocations to Pointe-Claire 100% Safe<\/span><\/span><\/h1>\n<p><span class=\"tlid-translation translation\" lang=\"en\">\u00a0<\/span><\/p>\n<p><span title=\"\">In order to guarantee you moves without any breakage, damage or theft, we hold a complete insurance policy.<\/span> <span title=\"\">With Moving Coffee Break, you can rest easy all along your move in Pointe-Claire and the <a href=\"https:\/\/demenagementpausecafe.ca\/en\/category\/montreal-en\/\">Montreal<\/a> area.<\/span> <span title=\"\">We put at your disposal a team of dedicated movers for your move project.<\/span><\/p>\n<p><span title=\"\">To learn more about our residential and commercial removals services in Montreal and Pointe-Claire, you can call us today at (514) 569-8849 or <a href=\"https:\/\/demenagementpausecafe.ca\/en\/contact-us\/\">contact us<\/a> directly online.<\/span> <span title=\"\">We make free submissions based on your project!<\/span><\/p>\n<p>[\/et_pb_text][\/et_pb_column][\/et_pb_row][\/et_pb_section][et_pb_section fb_built=&#8221;1&#8243; _builder_version=&#8221;3.22.3&#8243; background_image=&#8221;https:\/\/demenagementpausecafe.ca\/wp-content\/uploads\/2017\/11\/great-moving-team-bg.jpg&#8221; saved_tabs=&#8221;all&#8221;][et_pb_row _builder_version=&#8221;3.22.3&#8243;][et_pb_column type=&#8221;1_2&#8243; _builder_version=&#8221;3.0.47&#8243;][et_pb_text _builder_version=&#8221;3.0.89&#8243; text_font=&#8221;||||||||&#8221; background_layout=&#8221;dark&#8221;]<\/p>\n<h2 class=\"p30\">FREE QUOTE<\/h2>\n<p class=\"emergency24hour\">\n<p class=\"tel-jaune\"><b>(514) 569-8849<\/b> ou <a class=\"et_pb_button et_pb_button_0 et_pb_module et_pb_bg_layout_light bas\" href=\"https:\/\/demenagementpausecafe.ca\/en\/estimation\/\"> en ligne<\/a><\/p>\n<p>[\/et_pb_text][\/et_pb_column][et_pb_column type=&#8221;1_2&#8243; _builder_version=&#8221;3.0.47&#8243;][\/et_pb_column][\/et_pb_row][\/et_pb_section]<\/p>\n<div style='text-align:left' class='yasr-auto-insert-visitor'><\/div>","protected":false},"excerpt":{"rendered":"<p>moving pointe-claire For reliable and professional moving services! Thinking of moving soon and you need professional and reliable moving services to take care of your goods? Our professionals at your disposal are at your disposal to make your residential or commercial moving project a success all along the line.Personalized moving services Moving Pause Caf\u00e9 also [&hellip;]<\/p>\n","protected":false},"author":2,"featured_media":0,"parent":0,"menu_order":0,"comment_status":"closed","ping_status":"closed","template":"","meta":{"_et_pb_use_builder":"on","_et_pb_old_content":"","_et_gb_content_width":"","yasr_overall_rating":0,"yasr_post_is_review":"","yasr_auto_insert_disabled":"","yasr_review_type":"Other","footnotes":""},"class_list":["post-2162","page","type-page","status-publish","hentry"],"yasr_visitor_votes":{"stars_attributes":{"read_only":false,"span_bottom":false},"number_of_votes":0,"sum_votes":0},"yoast_head":"<!-- This site is optimized with the Yoast SEO Premium plugin v15.0 - https:\/\/yoast.com\/wordpress\/plugins\/seo\/ -->\n<title>Moving Pointe-Claire - D\u00e9m\u00e9nagement Pause Caf\u00e9<\/title>\n<meta name=\"description\" content=\"Hassle-free moving in Pointe-claire ! With our comprehensive insurance against breakage, damage and theft, you&#039;re assured of a hassle-free move to Montreal with dedicated professionals. i\" \/>\n<meta name=\"robots\" content=\"index, follow, max-snippet:-1, max-image-preview:large, max-video-preview:-1\" \/>\n<link rel=\"canonical\" href=\"https:\/\/demenagementpausecafe.ca\/en\/moving-pointe-claire\/\" \/>\n<meta property=\"og:locale\" content=\"en_US\" \/>\n<meta property=\"og:type\" content=\"article\" \/>\n<meta property=\"og:title\" content=\"Moving Pointe-Claire - D\u00e9m\u00e9nagement Pause Caf\u00e9\" \/>\n<meta property=\"og:description\" content=\"Hassle-free moving in Pointe-claire ! With our comprehensive insurance against breakage, damage and theft, you&#039;re assured of a hassle-free move to Montreal with dedicated professionals. i\" \/>\n<meta property=\"og:url\" content=\"https:\/\/demenagementpausecafe.ca\/en\/moving-pointe-claire\/\" \/>\n<meta property=\"og:site_name\" content=\"D\u00e9m\u00e9nagement Pause Caf\u00e9\" \/>\n<meta property=\"article:modified_time\" content=\"2019-08-28T20:55:32+00:00\" \/>\n<meta name=\"twitter:card\" content=\"summary_large_image\" \/>\n<script type=\"application\/ld+json\" class=\"yoast-schema-graph\">{\"@context\":\"https:\/\/schema.org\",\"@graph\":[{\"@type\":\"WebSite\",\"@id\":\"https:\/\/demenagementpausecafe.ca\/en\/#website\",\"url\":\"https:\/\/demenagementpausecafe.ca\/en\/\",\"name\":\"D\\u00e9m\\u00e9nagement Pause Caf\\u00e9\",\"description\":\"\",\"potentialAction\":[{\"@type\":\"SearchAction\",\"target\":\"https:\/\/demenagementpausecafe.ca\/en\/?s={search_term_string}\",\"query-input\":\"required name=search_term_string\"}],\"inLanguage\":\"en-US\"},{\"@type\":\"WebPage\",\"@id\":\"https:\/\/demenagementpausecafe.ca\/en\/moving-pointe-claire\/#webpage\",\"url\":\"https:\/\/demenagementpausecafe.ca\/en\/moving-pointe-claire\/\",\"name\":\"Moving Pointe-Claire - D\\u00e9m\\u00e9nagement Pause Caf\\u00e9\",\"isPartOf\":{\"@id\":\"https:\/\/demenagementpausecafe.ca\/en\/#website\"},\"datePublished\":\"2019-01-21T23:38:23+00:00\",\"dateModified\":\"2019-08-28T20:55:32+00:00\",\"description\":\"Hassle-free moving in Pointe-claire ! With our comprehensive insurance against breakage, damage and theft, you're assured of a hassle-free move to Montreal with dedicated professionals. i\",\"inLanguage\":\"en-US\",\"potentialAction\":[{\"@type\":\"ReadAction\",\"target\":[\"https:\/\/demenagementpausecafe.ca\/en\/moving-pointe-claire\/\"]}]}]}<\/script>\n<!-- \/ Yoast SEO Premium plugin. -->","_links":{"self":[{"href":"https:\/\/demenagementpausecafe.ca\/en\/wp-json\/wp\/v2\/pages\/2162","targetHints":{"allow":["GET"]}}],"collection":[{"href":"https:\/\/demenagementpausecafe.ca\/en\/wp-json\/wp\/v2\/pages"}],"about":[{"href":"https:\/\/demenagementpausecafe.ca\/en\/wp-json\/wp\/v2\/types\/page"}],"author":[{"embeddable":true,"href":"https:\/\/demenagementpausecafe.ca\/en\/wp-json\/wp\/v2\/users\/2"}],"replies":[{"embeddable":true,"href":"https:\/\/demenagementpausecafe.ca\/en\/wp-json\/wp\/v2\/comments?post=2162"}],"version-history":[{"count":2,"href":"https:\/\/demenagementpausecafe.ca\/en\/wp-json\/wp\/v2\/pages\/2162\/revisions"}],"predecessor-version":[{"id":2176,"href":"https:\/\/demenagementpausecafe.ca\/en\/wp-json\/wp\/v2\/pages\/2162\/revisions\/2176"}],"wp:attachment":[{"href":"https:\/\/demenagementpausecafe.ca\/en\/wp-json\/wp\/v2\/media?parent=2162"}],"curies":[{"name":"wp","href":"https:\/\/api.w.org\/{rel}","templated":true}]}}