{"id":2163,"date":"2019-01-21T16:18:16","date_gmt":"2019-01-21T21:18:16","guid":{"rendered":"https:\/\/demenagementpausecafe.ca\/demenagement-prevost\/"},"modified":"2019-08-28T17:04:14","modified_gmt":"2019-08-28T21:04:14","slug":"moving-prevost","status":"publish","type":"page","link":"https:\/\/demenagementpausecafe.ca\/en\/moving-prevost\/","title":{"rendered":"Moving Pr\u00e9vost"},"content":{"rendered":"<p>[et_pb_section fb_built=&#8221;1&#8243; _builder_version=&#8221;3.22.3&#8243; background_image=&#8221;https:\/\/demenagementpausecafe.ca\/wp-content\/uploads\/2017\/11\/page-title-bg-1.jpg&#8221;][et_pb_row _builder_version=&#8221;3.22.3&#8243; background_size=&#8221;initial&#8221; background_position=&#8221;top_left&#8221; background_repeat=&#8221;repeat&#8221;][et_pb_column type=&#8221;4_4&#8243; _builder_version=&#8221;3.0.47&#8243;][et_pb_text _builder_version=&#8221;3.22.7&#8243; text_font=&#8221;|||on|||||&#8221; background_layout=&#8221;dark&#8221;]<\/p>\n<h1>MOVING PREVOST<\/h1>\n<p>[\/et_pb_text][\/et_pb_column][\/et_pb_row][\/et_pb_section][et_pb_section fb_built=&#8221;1&#8243; _builder_version=&#8221;3.22.3&#8243;][et_pb_row _builder_version=&#8221;3.22.3&#8243;][et_pb_column type=&#8221;1_2&#8243; _builder_version=&#8221;3.0.47&#8243;][et_pb_image src=&#8221;https:\/\/demenagementpausecafe.ca\/wp-content\/uploads\/2017\/11\/dechargement-caisses-demenagement.jpg&#8221; module_class=&#8221;mission-left-img-holder&#8221; _builder_version=&#8221;3.0.89&#8243;]<br \/>\n[\/et_pb_image][\/et_pb_column][et_pb_column type=&#8221;1_2&#8243; _builder_version=&#8221;3.0.47&#8243;][et_pb_text module_class=&#8221;titreR&#8221; _builder_version=&#8221;3.0.89&#8243; text_font=&#8221;||||||||&#8221;]<\/p>\n<h2><span class=\"tlid-translation translation\" lang=\"en\">Moving services in Pr\u00e9vost<br \/><\/span><\/h2>\n<p><span class=\"tlid-translation translation\" lang=\"en\">\u00a0<\/span><\/p>\n<p>Your move to Pr\u00e9vost is fast approaching, but are you still looking for a <a href=\"https:\/\/demenagementpausecafe.ca\/en\/moving-company-montreal-east-west-island\/\">moving company<\/a> in your area? Moving Coffee Break is a professional moving <a href=\"https:\/\/demenagementpausecafe.ca\/en\/category\/maison-en\/\">house<\/a> and <a href=\"https:\/\/demenagementpausecafe.ca\/en\/category\/commercial-en\/\">commercial moving<\/a> Pr\u00e9vost. Our team of experienced and reliable <a href=\"https:\/\/demenagementpausecafe.ca\/en\/movers-montreal-east-west-island\/\">movers<\/a> intervene on short and long distances for a complete move or for the transport of heavy objects (pianos, billiard tables, furniture, etc.). With Moving Coffee Break, your move to Pr\u00e9vost will be a real success!<\/p>\n<p><strong>A turnkey and tailor-made moving service<\/strong><\/p>\n<p>&nbsp;<\/p>\n<p>Are you <a href=\"https:\/\/demenagementpausecafe.ca\/en\/tag\/planning\/\">planning<\/a> a complete move of your goods from one address to another? You only have to move a piano, a pool table or a desk? Whatever your needs, Moving Coffee Break has a solution for you! Concerned about your needs and your satisfaction, our moving company in Pr\u00e9vost is available for you to listen throughout your move.<\/p>\n<p>Moving Pause Caf\u00e9 offers turnkey and personalized services to its residential and commercial customers. We carry out many missions for you: packing, unpacking, transport, etc. In addition, we operate in Pr\u00e9vost, but also in the <a href=\"https:\/\/demenagementpausecafe.ca\/en\/category\/montreal-en\/\">Montreal<\/a> area, for the transportation of your residential or commercial merchandise.<\/p>\n<p>[\/et_pb_text][\/et_pb_column][\/et_pb_row][\/et_pb_section][et_pb_section fb_built=&#8221;1&#8243; _builder_version=&#8221;3.22.3&#8243; custom_margin=&#8221;|||&#8221; custom_padding=&#8221;0px||0px|&#8221;][et_pb_row use_custom_gutter=&#8221;on&#8221; gutter_width=&#8221;1&#8243; custom_padding=&#8221;0px||0px|&#8221; make_equal=&#8221;on&#8221; background_color_1=&#8221;#000000&#8243; bg_img_2=&#8221;https:\/\/demenagementpausecafe.ca\/wp-content\/uploads\/2017\/11\/emballage-demenagement.jpg&#8221; module_class_1=&#8221;padding3&#8243; module_class=&#8221; et_pb_row_fullwidth et_pb_row_fullwidth&#8221; _builder_version=&#8221;3.22.3&#8243; width=&#8221;100%&#8221; width_tablet=&#8221;100%&#8221; width_last_edited=&#8221;on|desktop&#8221; max_width=&#8221;100%&#8221; max_width_tablet=&#8221;100%&#8221; max_width_last_edited=&#8221;on|desktop&#8221; make_fullwidth=&#8221;on&#8221;][et_pb_column type=&#8221;2_3&#8243; _builder_version=&#8221;3.0.47&#8243;][et_pb_text _builder_version=&#8221;3.0.86&#8243; text_font=&#8221;||||||||&#8221; background_layout=&#8221;dark&#8221;]<\/p>\n<h1><span class=\"tlid-translation translation\" lang=\"en\"><span title=\"\">Personalized moving services<\/span><\/span><\/h1>\n<p><span class=\"tlid-translation translation\" lang=\"en\"><\/p>\n<p><span title=\"\" class=\"\">To meet all your needs, D\u00e9m\u00e9nagement Pause Caf\u00e9 is able to offer you complete and complementary services such as the cleaning of your property, the storage of your furniture, the assembly of your goods or an accompaniment<\/span> <span title=\"\">customized.<\/span> <span title=\"\" class=\"\">To take advantage of the best options available to you, do not hesitate to contact our team of movers in Pr\u00e9vost!<\/span><\/span><\/p>\n<p>[\/et_pb_text][\/et_pb_column][et_pb_column type=&#8221;1_3&#8243; _builder_version=&#8221;3.0.47&#8243;][\/et_pb_column][\/et_pb_row][\/et_pb_section][et_pb_section fb_built=&#8221;1&#8243; _builder_version=&#8221;3.22.3&#8243;][et_pb_row _builder_version=&#8221;3.22.3&#8243;][et_pb_column type=&#8221;1_2&#8243; _builder_version=&#8221;3.0.47&#8243;][et_pb_image src=&#8221;https:\/\/demenagementpausecafe.ca\/wp-content\/uploads\/2017\/11\/3.jpg&#8221; _builder_version=&#8221;3.0.86&#8243;]<br \/>\n[\/et_pb_image][\/et_pb_column][et_pb_column type=&#8221;1_2&#8243; _builder_version=&#8221;3.0.47&#8243;][et_pb_text module_class=&#8221;titreR&#8221; _builder_version=&#8221;3.0.89&#8243; text_font=&#8221;||||||||&#8221;]<\/p>\n<h1><span class=\"tlid-translation translation\" lang=\"en\">Reliable and experienced movers<br \/><\/span><\/h1>\n<p><span class=\"tlid-translation translation\" lang=\"en\"><\/span><\/p>\n<p>Expert in moving to Pr\u00e9vost, the company Pause Coffee Break has a solid expertise in the transportation of goods. With several years of experience in the field, D\u00e9m\u00e9nagement Pause Caf\u00e9 guarantees services of the highest quality. In addition, all our movers hold a strong experience for a safe, thorough and professional transportation of all your heavy and fragile objects. You entrust your residential and commercial goods in good hands! We ensure optimal protection of your property thanks to appropriate equipment and unique know-how from our movers.<\/p>\n<p>Moving Pause Caf\u00e9 has the expertise and the manpower to transport goods of all kinds, including pianos, billiard tables, corporate offices, and heavy furniture in your <a href=\"https:\/\/demenagementpausecafe.ca\/en\/\">home<\/a>. All your goods are transported safely and quality at all times. To get an accurate estimate according to your needs for your move to Pr\u00e9vost, you may request a quote from us for free!<\/p>\n<p>[\/et_pb_text][\/et_pb_column][\/et_pb_row][\/et_pb_section][et_pb_section fb_built=&#8221;1&#8243; _builder_version=&#8221;3.22.3&#8243;][et_pb_row _builder_version=&#8221;3.22.3&#8243;][et_pb_column type=&#8221;1_2&#8243; _builder_version=&#8221;3.0.47&#8243;][et_pb_image src=&#8221;https:\/\/demenagementpausecafe.ca\/wp-content\/uploads\/2017\/11\/4.jpg&#8221; _builder_version=&#8221;3.0.86&#8243;]<br \/>\n[\/et_pb_image][\/et_pb_column][et_pb_column type=&#8221;1_2&#8243; _builder_version=&#8221;3.0.47&#8243;][et_pb_text module_class=&#8221;titreR&#8221; _builder_version=&#8221;3.0.89&#8243; text_font=&#8221;||||||||&#8221;]<\/p>\n<p><span class=\"tlid-translation translation\" lang=\"en\"><strong><span title=\"\" class=\"\">A move with peace of mind<\/span><\/strong><br \/><\/span><\/p>\n<p><span class=\"tlid-translation translation\" lang=\"en\">\u00a0<\/span><\/p>\n<p><span title=\"\">The move is a stressful step for all homeowners and tenants.<\/span> <span title=\"\">To make this moment more pleasant, D\u00e9m\u00e9nagement Pause Caf\u00e9 would like to reassure you on the quality of its services.<\/span> <span title=\"\">In addition, we have a comprehensive insurance policy that we make available to you against breakage, damage and possible theft.<\/span> <span title=\"\">You can rest assured to find all your belongings in their original state.<\/span> <span title=\"\">Plus, our movers are taking care of your belongings and furniture search throughout the Pr\u00e9vost move.<\/span><\/p>\n<p><span title=\"\">Do you want to plan your residential or <a href=\"https:\/\/demenagementpausecafe.ca\/en\/commercial-moving-montreal-east-west-island\/\">commercial move<\/a> in Pr\u00e9vost?<\/span> <span title=\"\">To do this, contact D\u00e9m\u00e9nagement Pause Caf\u00e9 now by calling (514) 569-8849 and get a <a href=\"https:\/\/demenagementpausecafe.ca\/en\/estimation\/\">free quote<\/a>!<\/span><\/p>\n<p>[\/et_pb_text][\/et_pb_column][\/et_pb_row][\/et_pb_section][et_pb_section fb_built=&#8221;1&#8243; _builder_version=&#8221;3.22.3&#8243; background_image=&#8221;https:\/\/demenagementpausecafe.ca\/wp-content\/uploads\/2017\/11\/great-moving-team-bg.jpg&#8221; saved_tabs=&#8221;all&#8221;][et_pb_row _builder_version=&#8221;3.22.3&#8243;][et_pb_column type=&#8221;1_2&#8243; _builder_version=&#8221;3.0.47&#8243;][et_pb_text _builder_version=&#8221;3.22.7&#8243; text_font=&#8221;||||||||&#8221; background_layout=&#8221;dark&#8221;]<\/p>\n<h2 class=\"p30\">FREE QUOTE<\/h2>\n<p class=\"emergency24hour\">\n<p class=\"tel-jaune\"><b>(514) 569-8849<\/b> ou <a class=\"et_pb_button et_pb_button_0 et_pb_module et_pb_bg_layout_light bas\" href=\"https:\/\/demenagementpausecafe.ca\/en\/estimation\/\"> en ligne<\/a><\/p>\n<p>[\/et_pb_text][\/et_pb_column][et_pb_column type=&#8221;1_2&#8243; _builder_version=&#8221;3.0.47&#8243;][\/et_pb_column][\/et_pb_row][\/et_pb_section]<\/p>\n<div style='text-align:left' class='yasr-auto-insert-visitor'><\/div>","protected":false},"excerpt":{"rendered":"<p>MOVING PREVOST Moving services in Pr\u00e9vost \u00a0 Your move to Pr\u00e9vost is fast approaching, but are you still looking for a moving company in your area? Moving Coffee Break is a professional moving house and commercial moving Pr\u00e9vost. Our team of experienced and reliable movers intervene on short and long distances for a complete move [&hellip;]<\/p>\n","protected":false},"author":2,"featured_media":0,"parent":0,"menu_order":0,"comment_status":"closed","ping_status":"closed","template":"","meta":{"_et_pb_use_builder":"on","_et_pb_old_content":"","_et_gb_content_width":"","yasr_overall_rating":0,"yasr_post_is_review":"","yasr_auto_insert_disabled":"","yasr_review_type":"Other","footnotes":""},"class_list":["post-2163","page","type-page","status-publish","hentry"],"yasr_visitor_votes":{"stars_attributes":{"read_only":false,"span_bottom":false},"number_of_votes":0,"sum_votes":0},"yoast_head":"<!-- This site is optimized with the Yoast SEO Premium plugin v15.0 - https:\/\/yoast.com\/wordpress\/plugins\/seo\/ -->\n<title>Moving Pr\u00e9vost - D\u00e9m\u00e9nagement Pause Caf\u00e9<\/title>\n<meta name=\"description\" content=\"Hassle-free moving in Prevost! With our comprehensive insurance against breakage, damage and theft, you&#039;re assured of a hassle-free move to Montreal with dedicated professionals. i\" \/>\n<meta name=\"robots\" content=\"index, follow, max-snippet:-1, max-image-preview:large, max-video-preview:-1\" \/>\n<link rel=\"canonical\" href=\"https:\/\/demenagementpausecafe.ca\/en\/moving-prevost\/\" \/>\n<meta property=\"og:locale\" content=\"en_US\" \/>\n<meta property=\"og:type\" content=\"article\" \/>\n<meta property=\"og:title\" content=\"Moving Pr\u00e9vost - D\u00e9m\u00e9nagement Pause Caf\u00e9\" \/>\n<meta property=\"og:description\" content=\"Hassle-free moving in Prevost! With our comprehensive insurance against breakage, damage and theft, you&#039;re assured of a hassle-free move to Montreal with dedicated professionals. i\" \/>\n<meta property=\"og:url\" content=\"https:\/\/demenagementpausecafe.ca\/en\/moving-prevost\/\" \/>\n<meta property=\"og:site_name\" content=\"D\u00e9m\u00e9nagement Pause Caf\u00e9\" \/>\n<meta property=\"article:modified_time\" content=\"2019-08-28T21:04:14+00:00\" \/>\n<meta name=\"twitter:card\" content=\"summary_large_image\" \/>\n<script type=\"application\/ld+json\" class=\"yoast-schema-graph\">{\"@context\":\"https:\/\/schema.org\",\"@graph\":[{\"@type\":\"WebSite\",\"@id\":\"https:\/\/demenagementpausecafe.ca\/en\/#website\",\"url\":\"https:\/\/demenagementpausecafe.ca\/en\/\",\"name\":\"D\\u00e9m\\u00e9nagement Pause Caf\\u00e9\",\"description\":\"\",\"potentialAction\":[{\"@type\":\"SearchAction\",\"target\":\"https:\/\/demenagementpausecafe.ca\/en\/?s={search_term_string}\",\"query-input\":\"required name=search_term_string\"}],\"inLanguage\":\"en-US\"},{\"@type\":\"WebPage\",\"@id\":\"https:\/\/demenagementpausecafe.ca\/en\/moving-prevost\/#webpage\",\"url\":\"https:\/\/demenagementpausecafe.ca\/en\/moving-prevost\/\",\"name\":\"Moving Pr\\u00e9vost - D\\u00e9m\\u00e9nagement Pause Caf\\u00e9\",\"isPartOf\":{\"@id\":\"https:\/\/demenagementpausecafe.ca\/en\/#website\"},\"datePublished\":\"2019-01-21T21:18:16+00:00\",\"dateModified\":\"2019-08-28T21:04:14+00:00\",\"description\":\"Hassle-free moving in Prevost! With our comprehensive insurance against breakage, damage and theft, you're assured of a hassle-free move to Montreal with dedicated professionals. i\",\"inLanguage\":\"en-US\",\"potentialAction\":[{\"@type\":\"ReadAction\",\"target\":[\"https:\/\/demenagementpausecafe.ca\/en\/moving-prevost\/\"]}]}]}<\/script>\n<!-- \/ Yoast SEO Premium plugin. -->","_links":{"self":[{"href":"https:\/\/demenagementpausecafe.ca\/en\/wp-json\/wp\/v2\/pages\/2163","targetHints":{"allow":["GET"]}}],"collection":[{"href":"https:\/\/demenagementpausecafe.ca\/en\/wp-json\/wp\/v2\/pages"}],"about":[{"href":"https:\/\/demenagementpausecafe.ca\/en\/wp-json\/wp\/v2\/types\/page"}],"author":[{"embeddable":true,"href":"https:\/\/demenagementpausecafe.ca\/en\/wp-json\/wp\/v2\/users\/2"}],"replies":[{"embeddable":true,"href":"https:\/\/demenagementpausecafe.ca\/en\/wp-json\/wp\/v2\/comments?post=2163"}],"version-history":[{"count":2,"href":"https:\/\/demenagementpausecafe.ca\/en\/wp-json\/wp\/v2\/pages\/2163\/revisions"}],"predecessor-version":[{"id":2178,"href":"https:\/\/demenagementpausecafe.ca\/en\/wp-json\/wp\/v2\/pages\/2163\/revisions\/2178"}],"wp:attachment":[{"href":"https:\/\/demenagementpausecafe.ca\/en\/wp-json\/wp\/v2\/media?parent=2163"}],"curies":[{"name":"wp","href":"https:\/\/api.w.org\/{rel}","templated":true}]}}