{"id":2164,"date":"2019-01-21T18:21:35","date_gmt":"2019-01-21T23:21:35","guid":{"rendered":"https:\/\/demenagementpausecafe.ca\/demenagement-repentigny\/"},"modified":"2023-07-19T12:19:33","modified_gmt":"2023-07-19T16:19:33","slug":"moving-repentigny","status":"publish","type":"page","link":"https:\/\/demenagementpausecafe.ca\/en\/moving-repentigny\/","title":{"rendered":"Moving Repentigny"},"content":{"rendered":"<p>[et_pb_section fb_built=&#8221;1&#8243; _builder_version=&#8221;4.16&#8243; background_image=&#8221;https:\/\/demenagementpausecafe.ca\/wp-content\/uploads\/2017\/11\/page-title-bg-1.jpg&#8221; global_colors_info=&#8221;{}&#8221;][et_pb_row _builder_version=&#8221;4.16&#8243; background_size=&#8221;initial&#8221; background_position=&#8221;top_left&#8221; background_repeat=&#8221;repeat&#8221; global_colors_info=&#8221;{}&#8221;][et_pb_column type=&#8221;4_4&#8243; _builder_version=&#8221;4.16&#8243; custom_padding=&#8221;|||&#8221; global_colors_info=&#8221;{}&#8221; custom_padding__hover=&#8221;|||&#8221;][et_pb_text _builder_version=&#8221;4.16&#8243; text_font=&#8221;|||on|||||&#8221; background_layout=&#8221;dark&#8221; global_colors_info=&#8221;{}&#8221;]<\/p>\n<h1>D\u00e9m\u00e9nagement repentigny<\/h1>\n<p>[\/et_pb_text][\/et_pb_column][\/et_pb_row][\/et_pb_section][et_pb_section fb_built=&#8221;1&#8243; _builder_version=&#8221;4.16&#8243; global_colors_info=&#8221;{}&#8221;][et_pb_row _builder_version=&#8221;4.16&#8243; global_colors_info=&#8221;{}&#8221; column_structure=&#8221;1_2,1_2&#8243;][et_pb_column type=&#8221;1_2&#8243; _builder_version=&#8221;4.16&#8243; custom_padding=&#8221;|||&#8221; global_colors_info=&#8221;{}&#8221; custom_padding__hover=&#8221;|||&#8221;][et_pb_image src=&#8221;https:\/\/demenagementpausecafe.ca\/wp-content\/uploads\/2017\/11\/dechargement-caisses-demenagement.jpg&#8221; align_tablet=&#8221;center&#8221; align_last_edited=&#8221;on|desktop&#8221; module_class=&#8221;mission-left-img-holder&#8221; _builder_version=&#8221;4.16&#8243; global_colors_info=&#8221;{}&#8221; align_phone=&#8221;center&#8221;]<br \/>\n[\/et_pb_image][\/et_pb_column][et_pb_column type=&#8221;1_2&#8243; _builder_version=&#8221;4.16&#8243; custom_padding=&#8221;|||&#8221; global_colors_info=&#8221;{}&#8221; custom_padding__hover=&#8221;|||&#8221;][et_pb_text module_class=&#8221;titreR&#8221; _builder_version=&#8221;4.16&#8243; text_font=&#8221;||||||||&#8221; hover_enabled=&#8221;0&#8243; global_colors_info=&#8221;{}&#8221; sticky_enabled=&#8221;0&#8243;]<\/p>\n<h1><span>Your moving company in Repentigny  <\/span><\/h1>\n<p><span> <\/span><\/p>\n<p><span>Are you <a href=\"https:\/\/demenagementpausecafe.ca\/en\/tag\/planning\/\">planning<\/a> a future move and looking for a <a href=\"https:\/\/demenagementpausecafe.ca\/en\/moving-company-montreal-east-west-island\/\">moving company<\/a> in Repentigny? Moving Break Caf\u00e9 has the expertise to move your merchandise from one address to another. For all your residential and commercial moves, you can count on professional, meticulous and reliable <a href=\"https:\/\/demenagementpausecafe.ca\/en\/movers-montreal-east-west-island\/\">movers<\/a>. Be accompanied by an excellent team throughout your move to Repentigny!  <\/span><\/p>\n<p><span> <\/span><\/p>\n<h2><span>Complete and customized moving services in Repentigny  <\/span><\/h2>\n<p><span> <\/span><\/p>\n<p><span>Want to move all your furniture to your new apartment? You just want to have a piano or pool table transported? Listening to its customers, Moving Pause Caf\u00e9 offers services tailored to your expectations and the specificity of your needs. With many years of experience, our movers are able to meet all your expectations, even the most demanding ones. <\/span><\/p>\n<p><span> <\/span><span>From packing to unpacking to transporting your boxes, D\u00e9m\u00e9nagement Pause Caf\u00e9 offers you many personalized services for your move to Repentigny.  <\/span><\/p>\n<p><span> <\/span><span>On short and long distances, our team of experienced movers transports your rare or fragile goods to the right destination. <\/span><\/p>\n<p>[\/et_pb_text][\/et_pb_column][\/et_pb_row][\/et_pb_section][et_pb_section fb_built=&#8221;1&#8243; _builder_version=&#8221;4.16&#8243; custom_margin=&#8221;|||&#8221; custom_padding=&#8221;0px||0px|&#8221; global_colors_info=&#8221;{}&#8221;][et_pb_row use_custom_gutter=&#8221;on&#8221; gutter_width=&#8221;1&#8243; make_equal=&#8221;on&#8221; module_class=&#8221; et_pb_row_fullwidth et_pb_row_fullwidth&#8221; _builder_version=&#8221;4.16&#8243; width=&#8221;100%&#8221; width_tablet=&#8221;100%&#8221; width_phone=&#8221;&#8221; width_last_edited=&#8221;on|desktop&#8221; max_width=&#8221;100%&#8221; max_width_tablet=&#8221;100%&#8221; max_width_phone=&#8221;&#8221; max_width_last_edited=&#8221;on|desktop&#8221; custom_padding=&#8221;0px||0px|&#8221; make_fullwidth=&#8221;on&#8221; global_colors_info=&#8221;{}&#8221; column_structure=&#8221;2_3,1_3&#8243;][et_pb_column type=&#8221;2_3&#8243; module_class=&#8221;padding3&#8243; _builder_version=&#8221;4.16&#8243; background_color=&#8221;#000000&#8243; custom_padding=&#8221;|||&#8221; global_colors_info=&#8221;{}&#8221; custom_padding__hover=&#8221;|||&#8221;][et_pb_text _builder_version=&#8221;4.20.2&#8243; text_font=&#8221;||||||||&#8221; background_layout=&#8221;dark&#8221; hover_enabled=&#8221;0&#8243; global_colors_info=&#8221;{}&#8221; sticky_enabled=&#8221;0&#8243;]<\/p>\n<h2>Personalised moving services<\/h2>\n<p>D\u00e9m\u00e9nagement Pause Caf\u00e9 also offers complementary services such as the complete or partial cleaning of real estate, the storage of your belongings, the assembly of your furniture or personalized assistance.<\/p>\n<p>  D\u00e9m\u00e9nagement Pause Caf\u00e9 offers you much more than a simple move to Repentigny, we guarantee you a turnkey service with options adapted to your real needs.<\/p>\n<h2>Why move to Repentigny?<\/h2>\n<h3>Easy access to the metropolis<\/h3>\n<p>Repentigny benefits from an advantageous proximity to the metropolis of <a href=\"https:\/\/demenagementpausecafe.ca\/en\/category\/montreal-en\/\">Montreal<\/a>. You can easily get to Montreal by highways or using public transportation. This offers an opportunity to enjoy the jobs, cultural activities and services offered by a big city while living in a quieter setting.<\/p>\n<h3>Affordable alternative in Montreal<\/h3>\n<p>Moving to Repentigny can be a more affordable alternative to real estate prices in Montreal. Housing costs in Repentigny are often more accessible, which can make it possible to acquire a more spacious <a href=\"https:\/\/demenagementpausecafe.ca\/en\/category\/maison-en\/\">house<\/a> or apartment at a reasonable price.<\/p>\n<h2>Peaceful living environment<\/h2>\n<h3>Attractive residential areas<\/h3>\n<p>Repentigny offers a diversity of attractive residential neighbourhoods. Whether you&#8217;re looking for a friendly family <a href=\"https:\/\/demenagementpausecafe.ca\/en\/category\/environment-4-en\/\">environment<\/a>, a quieter neighborhood or a lively living environment, you&#8217;ll find options to suit your preferences. Repentigny offers a range of housing choices to meet everyone&#8217;s needs.<\/p>\n<h3>Nature spaces and parks<\/h3>\n<p>The city of Repentigny has many green spaces and parks, offering places for relaxation and outdoor activities. Whether cycling, walking, jogging or simply enjoying nature, you will find pleasant spaces to recharge your batteries.<\/p>\n<h3>Waterfront L&#8217;Assomption<\/h3>\n<p>Repentigny is bordered by the magnificent L&#8217;Assomption River. You can enjoy its peaceful shores for romantic walks, family picnics or water activities. The riverside offers a picturesque setting for relaxation and contemplation.<\/p>\n<h3>Quality schools<\/h3>\n<p>Repentigny has several renowned schools, from elementary schools to secondary schools. You will also find reliable daycares and child care to meet the needs of families. The quality of education is an asset for Repentigny residents.<\/p>\n<h3>Shops and shopping centres<\/h3>\n<p>The city of Repentigny offers a wide range of shops, boutiques and shopping centres. You&#8217;ll find everything you need nearby, whether it&#8217;s for your daily needs, special shopping or shopping. Repentigny offers a pleasant and convenient shopping experience.<\/p>\n<h3>Accessible health services<\/h3>\n<p>Repentigny offers easy access to health services. Medical clinics, pharmacies and other health services can be found nearby. In addition, the city is located within a reasonable distance of the larger hospitals and medical centers in the area.<\/p>\n<h3>Cultural and sports activities<\/h3>\n<p>Repentigny offers a variety of cultural and sports activities for all tastes. Guests can attend shows, art exhibitions, open-air concerts and participate in organized sports activities. The city showcases cultural diversity and provides opportunities for all residents to get involved in activities they are passionate about.<\/p>\n<h3>Local events and festivals<\/h3>\n<p>Repentigny is animated by many local events and festivals throughout the year. Whether it&#8217;s music festivals, family events, craft fairs or cultural celebrations, you&#8217;ll find plenty of opportunities to have fun and immerse yourself in community life.<\/p>\n<h3>Citizen engagement<\/h3>\n<p>The community of Repentigny is known for its civic engagement. Residents are active in community life and participate in various local initiatives. Whether through volunteering, participating in committees or contributing to local projects, you will have the opportunity to get involved and create strong bonds with your fellow citizens.<\/p>\n<p>[\/et_pb_text][\/et_pb_column][et_pb_column type=&#8221;1_3&#8243; _builder_version=&#8221;4.16&#8243; background_image=&#8221;https:\/\/demenagementpausecafe.ca\/wp-content\/uploads\/2017\/11\/emballage-demenagement.jpg&#8221; custom_padding=&#8221;|||&#8221; global_colors_info=&#8221;{}&#8221; custom_padding__hover=&#8221;|||&#8221;][\/et_pb_column][\/et_pb_row][\/et_pb_section][et_pb_section fb_built=&#8221;1&#8243; _builder_version=&#8221;4.16&#8243; global_colors_info=&#8221;{}&#8221;][et_pb_row _builder_version=&#8221;4.16&#8243; global_colors_info=&#8221;{}&#8221; column_structure=&#8221;1_2,1_2&#8243;][et_pb_column type=&#8221;1_2&#8243; _builder_version=&#8221;4.16&#8243; custom_padding=&#8221;|||&#8221; global_colors_info=&#8221;{}&#8221; custom_padding__hover=&#8221;|||&#8221;][et_pb_image src=&#8221;https:\/\/demenagementpausecafe.ca\/wp-content\/uploads\/2017\/11\/3.jpg&#8221; align_tablet=&#8221;center&#8221; align_last_edited=&#8221;on|desktop&#8221; _builder_version=&#8221;4.16&#8243; global_colors_info=&#8221;{}&#8221; align_phone=&#8221;center&#8221;]<br \/>\n[\/et_pb_image][\/et_pb_column][et_pb_column type=&#8221;1_2&#8243; _builder_version=&#8221;4.16&#8243; custom_padding=&#8221;|||&#8221; global_colors_info=&#8221;{}&#8221; custom_padding__hover=&#8221;|||&#8221;][et_pb_text module_class=&#8221;titreR&#8221; _builder_version=&#8221;4.16&#8243; text_font=&#8221;||||||||&#8221; global_colors_info=&#8221;{}&#8221;]<\/p>\n<h2><span>Movers in Repentigny at your disposal<\/span><\/h2>\n<p><span> <\/span><\/p>\n<p><span>With a solid experience in moving to Repentigny, D\u00e9m\u00e9nagement Pause Caf\u00e9 ensures the highest quality service, from the beginning to the end of your project. All our movers are carefully selected to ensure your satisfaction at all times. That&#8217;s why your residential or commercial merchandise is transported delicately and meticulously from the packaging to the unpacking at your new address. Transportation is always carried out in the utmost security. <\/span><\/p>\n<p><span> <\/span><span>Our professionals are used to moving to Repentigny and carrying out goods transport with peace of mind. We know how important your property is to you, which is why we take care of them in all circumstances. <\/span><\/p>\n<p><span> <\/span><span>Pianos, pool tables, desks, shelves or beds, we have a solid expertise in transporting goods of all kinds. Don&#8217;t hesitate to let us know what you need when you apply for a quote! <\/span><\/p>\n<p>[\/et_pb_text][\/et_pb_column][\/et_pb_row][\/et_pb_section][et_pb_section fb_built=&#8221;1&#8243; _builder_version=&#8221;4.16&#8243; global_colors_info=&#8221;{}&#8221;][et_pb_row _builder_version=&#8221;4.16&#8243; global_colors_info=&#8221;{}&#8221; column_structure=&#8221;1_2,1_2&#8243;][et_pb_column type=&#8221;1_2&#8243; _builder_version=&#8221;4.16&#8243; custom_padding=&#8221;|||&#8221; global_colors_info=&#8221;{}&#8221; custom_padding__hover=&#8221;|||&#8221;][et_pb_image src=&#8221;https:\/\/demenagementpausecafe.ca\/wp-content\/uploads\/2017\/11\/4.jpg&#8221; align_tablet=&#8221;center&#8221; align_last_edited=&#8221;on|desktop&#8221; _builder_version=&#8221;4.16&#8243; global_colors_info=&#8221;{}&#8221; align_phone=&#8221;center&#8221;]<br \/>\n[\/et_pb_image][\/et_pb_column][et_pb_column type=&#8221;1_2&#8243; _builder_version=&#8221;4.16&#8243; custom_padding=&#8221;|||&#8221; global_colors_info=&#8221;{}&#8221; custom_padding__hover=&#8221;|||&#8221;][et_pb_text module_class=&#8221;titreR&#8221; _builder_version=&#8221;4.16&#8243; text_font=&#8221;||||||||&#8221; global_colors_info=&#8221;{}&#8221;]<\/p>\n<h2><span>Moving to Repentigny 100% safe<\/span><\/h2>\n<p><span> <\/span><\/p>\n<p><span>In order to guarantee you moves without any damage, damage or theft, we have a full insurance policy. With D\u00e9m\u00e9nagement Pause Caf\u00e9, you can have peace of mind throughout your move to Repentigny and the Montreal area. We have a team of dedicated movers for your movers. <\/span><\/p>\n<p><span> <\/span><span>To learn more about our residential or <a href=\"https:\/\/demenagementpausecafe.ca\/en\/category\/commercial-en\/\">commercial moving<\/a> services offered in Montreal and Repentigny, you can call us today at (514) 569-8849 or <a href=\"https:\/\/demenagementpausecafe.ca\/en\/contact-us\/\">contact us<\/a> directly online. We make free submissions based on your project! <\/span><\/p>\n<p>[\/et_pb_text][\/et_pb_column][\/et_pb_row][\/et_pb_section][et_pb_section fb_built=&#8221;1&#8243; _builder_version=&#8221;3.0.86&#8243; background_image=&#8221;https:\/\/demenagementpausecafe.ca\/wp-content\/uploads\/2017\/11\/great-moving-team-bg.jpg&#8221; global_module=&#8221;306&#8243; saved_tabs=&#8221;all&#8221; global_colors_info=&#8221;{}&#8221;][et_pb_row column_structure=&#8221;1_2,1_2&#8243; _builder_version=&#8221;4.16&#8243; global_colors_info=&#8221;{}&#8221;][et_pb_column type=&#8221;1_2&#8243; _builder_version=&#8221;4.16&#8243; custom_padding=&#8221;|||&#8221; global_colors_info=&#8221;{}&#8221; custom_padding__hover=&#8221;|||&#8221;][et_pb_text _builder_version=&#8221;4.16&#8243; text_font=&#8221;||||||||&#8221; background_layout=&#8221;dark&#8221; global_colors_info=&#8221;{}&#8221;]<\/p>\n<h2 class=\"p30\">free quote<\/h2>\n<p class=\"tel-jaune\"><b>(514) 569-8849<\/b> or <a class=\"et_pb_button et_pb_button_0 et_pb_module et_pb_bg_layout_light bas\" href=\"https:\/\/demenagementpausecafe.ca\/en\/estimation\/\">online<\/a><\/p>\n<p>[\/et_pb_text][\/et_pb_column][et_pb_column type=&#8221;1_2&#8243; _builder_version=&#8221;4.16&#8243; custom_padding=&#8221;|||&#8221; global_colors_info=&#8221;{}&#8221; custom_padding__hover=&#8221;|||&#8221;][\/et_pb_column][\/et_pb_row][\/et_pb_section]<\/p>\n<div style='text-align:left' class='yasr-auto-insert-visitor'><\/div>","protected":false},"excerpt":{"rendered":"<p>D\u00e9m\u00e9nagement repentigny Your moving company in Repentigny Are you planning a future move and looking for a moving company in Repentigny? Moving Break Caf\u00e9 has the expertise to move your merchandise from one address to another. For all your residential and commercial moves, you can count on professional, meticulous and reliable movers. Be accompanied by [&hellip;]<\/p>\n","protected":false},"author":2,"featured_media":0,"parent":0,"menu_order":0,"comment_status":"closed","ping_status":"closed","template":"","meta":{"_et_pb_use_builder":"on","_et_pb_old_content":"","_et_gb_content_width":"","yasr_overall_rating":0,"yasr_post_is_review":"","yasr_auto_insert_disabled":"","yasr_review_type":"Other","footnotes":""},"class_list":["post-2164","page","type-page","status-publish","hentry"],"yasr_visitor_votes":{"stars_attributes":{"read_only":false,"span_bottom":false},"number_of_votes":0,"sum_votes":0},"yoast_head":"<!-- This site is optimized with the Yoast SEO Premium plugin v15.0 - https:\/\/yoast.com\/wordpress\/plugins\/seo\/ -->\n<title>Moving Repentigny - D\u00e9m\u00e9nagement Pause Caf\u00e9<\/title>\n<meta name=\"description\" content=\"You are thinking of moving to Repentigny soon and you need professional and reliable movers services to take care of your merchandise\" \/>\n<meta name=\"robots\" content=\"index, follow, max-snippet:-1, max-image-preview:large, max-video-preview:-1\" \/>\n<link rel=\"canonical\" href=\"https:\/\/demenagementpausecafe.ca\/en\/moving-repentigny\/\" \/>\n<meta property=\"og:locale\" content=\"en_US\" \/>\n<meta property=\"og:type\" content=\"article\" \/>\n<meta property=\"og:title\" content=\"Moving Repentigny - D\u00e9m\u00e9nagement Pause Caf\u00e9\" \/>\n<meta property=\"og:description\" content=\"You are thinking of moving to Repentigny soon and you need professional and reliable movers services to take care of your merchandise\" \/>\n<meta property=\"og:url\" content=\"https:\/\/demenagementpausecafe.ca\/en\/moving-repentigny\/\" \/>\n<meta property=\"og:site_name\" content=\"D\u00e9m\u00e9nagement Pause Caf\u00e9\" \/>\n<meta property=\"article:modified_time\" content=\"2023-07-19T16:19:33+00:00\" \/>\n<meta name=\"twitter:card\" content=\"summary_large_image\" \/>\n<script type=\"application\/ld+json\" class=\"yoast-schema-graph\">{\"@context\":\"https:\/\/schema.org\",\"@graph\":[{\"@type\":\"WebSite\",\"@id\":\"https:\/\/demenagementpausecafe.ca\/en\/#website\",\"url\":\"https:\/\/demenagementpausecafe.ca\/en\/\",\"name\":\"D\\u00e9m\\u00e9nagement Pause Caf\\u00e9\",\"description\":\"\",\"potentialAction\":[{\"@type\":\"SearchAction\",\"target\":\"https:\/\/demenagementpausecafe.ca\/en\/?s={search_term_string}\",\"query-input\":\"required name=search_term_string\"}],\"inLanguage\":\"en-US\"},{\"@type\":\"WebPage\",\"@id\":\"https:\/\/demenagementpausecafe.ca\/en\/moving-repentigny\/#webpage\",\"url\":\"https:\/\/demenagementpausecafe.ca\/en\/moving-repentigny\/\",\"name\":\"Moving Repentigny - D\\u00e9m\\u00e9nagement Pause Caf\\u00e9\",\"isPartOf\":{\"@id\":\"https:\/\/demenagementpausecafe.ca\/en\/#website\"},\"datePublished\":\"2019-01-21T23:21:35+00:00\",\"dateModified\":\"2023-07-19T16:19:33+00:00\",\"description\":\"You are thinking of moving to Repentigny soon and you need professional and reliable movers services to take care of your merchandise\",\"inLanguage\":\"en-US\",\"potentialAction\":[{\"@type\":\"ReadAction\",\"target\":[\"https:\/\/demenagementpausecafe.ca\/en\/moving-repentigny\/\"]}]}]}<\/script>\n<!-- \/ Yoast SEO Premium plugin. -->","_links":{"self":[{"href":"https:\/\/demenagementpausecafe.ca\/en\/wp-json\/wp\/v2\/pages\/2164","targetHints":{"allow":["GET"]}}],"collection":[{"href":"https:\/\/demenagementpausecafe.ca\/en\/wp-json\/wp\/v2\/pages"}],"about":[{"href":"https:\/\/demenagementpausecafe.ca\/en\/wp-json\/wp\/v2\/types\/page"}],"author":[{"embeddable":true,"href":"https:\/\/demenagementpausecafe.ca\/en\/wp-json\/wp\/v2\/users\/2"}],"replies":[{"embeddable":true,"href":"https:\/\/demenagementpausecafe.ca\/en\/wp-json\/wp\/v2\/comments?post=2164"}],"version-history":[{"count":4,"href":"https:\/\/demenagementpausecafe.ca\/en\/wp-json\/wp\/v2\/pages\/2164\/revisions"}],"predecessor-version":[{"id":3937,"href":"https:\/\/demenagementpausecafe.ca\/en\/wp-json\/wp\/v2\/pages\/2164\/revisions\/3937"}],"wp:attachment":[{"href":"https:\/\/demenagementpausecafe.ca\/en\/wp-json\/wp\/v2\/media?parent=2164"}],"curies":[{"name":"wp","href":"https:\/\/api.w.org\/{rel}","templated":true}]}}