{"id":2188,"date":"2019-05-29T21:06:32","date_gmt":"2019-05-30T01:06:32","guid":{"rendered":"https:\/\/demenagementpausecafe.ca\/demenagement-rive-nord\/"},"modified":"2022-11-30T10:38:27","modified_gmt":"2022-11-30T15:38:27","slug":"moving-rive-nord","status":"publish","type":"page","link":"https:\/\/demenagementpausecafe.ca\/en\/moving-rive-nord\/","title":{"rendered":"Moving North Shore"},"content":{"rendered":"<p>[et_pb_section fb_built=&#8221;1&#8243; _builder_version=&#8221;4.16&#8243; background_image=&#8221;https:\/\/demenagementpausecafe.ca\/wp-content\/uploads\/2017\/11\/page-title-bg-1.jpg&#8221; global_colors_info=&#8221;{}&#8221;][et_pb_row _builder_version=&#8221;4.16&#8243; background_size=&#8221;initial&#8221; background_position=&#8221;top_left&#8221; background_repeat=&#8221;repeat&#8221; global_colors_info=&#8221;{}&#8221;][et_pb_column type=&#8221;4_4&#8243; _builder_version=&#8221;4.16&#8243; custom_padding=&#8221;|||&#8221; global_colors_info=&#8221;{}&#8221; custom_padding__hover=&#8221;|||&#8221;][et_pb_text _builder_version=&#8221;4.18.0&#8243; text_font=&#8221;|||on|||||&#8221; background_layout=&#8221;dark&#8221; global_colors_info=&#8221;{}&#8221;]<\/p>\n<h1 style=\"text-align: center;\"><span lang=\"FR\">Moving Coffee Break on the North Shore<o:p><\/o:p><\/span><\/h1>\n<h1 style=\"text-align: center;\">de Montr\u00e9al<\/h1>\n<p>[\/et_pb_text][\/et_pb_column][\/et_pb_row][\/et_pb_section][et_pb_section fb_built=&#8221;1&#8243; _builder_version=&#8221;4.16&#8243; global_colors_info=&#8221;{}&#8221;][et_pb_row _builder_version=&#8221;4.18.0&#8243; min_height=&#8221;189.2px&#8221; global_colors_info=&#8221;{}&#8221;][et_pb_column type=&#8221;4_4&#8243; _builder_version=&#8221;4.16&#8243; custom_padding=&#8221;|||&#8221; global_colors_info=&#8221;{}&#8221; custom_padding__hover=&#8221;|||&#8221;][et_pb_text module_class=&#8221;titreR&#8221; _builder_version=&#8221;4.18.0&#8243; text_font=&#8221;||||||||&#8221; global_colors_info=&#8221;{}&#8221;]<\/p>\n<h1 style=\"text-align: justify;\">Specialist in residential and commercial moving<\/h1>\n<p>&nbsp;<\/p>\n<p><span>A suburb of <a href=\"https:\/\/demenagementpausecafe.ca\/en\/category\/montreal-en\/\">Montreal<\/a>, <strong>the North Shore<\/strong> offers its residents a natural living <a href=\"https:\/\/demenagementpausecafe.ca\/en\/category\/environment-4-en\/\">environment<\/a> close to major Quebec <a href=\"https:\/\/demenagementpausecafe.ca\/en\/cities\/\">cities<\/a>. It is also a thriving economy location. If you plan to settle there or relocate your offices or commercial space, you will need the services of a  <\/span><a href=\"https:\/\/demenagementpausecafe.ca\/en\/moving-company-montreal-east-west-island\/\">moving company<\/a> like <span>D\u00e9m\u00e9nagement Pause-Caf\u00e9.<\/span><\/p>\n<p><span><img decoding=\"async\" src=\"https:\/\/demenagementpausecafe.ca\/wp-content\/uploads\/2022\/08\/Demenageur-300x200.jpg\" width=\"300\" height=\"200\" alt=\"\" class=\"wp-image-3177 alignnone size-medium\" style=\"display: block; margin-left: auto; margin-right: auto;\" srcset=\"https:\/\/demenagementpausecafe.ca\/wp-content\/uploads\/2022\/08\/Demenageur-300x200.jpg 300w, https:\/\/demenagementpausecafe.ca\/wp-content\/uploads\/2022\/08\/Demenageur.jpg 450w\" sizes=\"(max-width: 300px) 100vw, 300px\" \/><\/span><\/p>\n<p><span><\/span><\/p>\n<p>[\/et_pb_text][\/et_pb_column][\/et_pb_row][\/et_pb_section][et_pb_section fb_built=&#8221;1&#8243; _builder_version=&#8221;4.16&#8243; custom_margin=&#8221;|||&#8221; custom_padding=&#8221;0px||0px|&#8221; global_colors_info=&#8221;{}&#8221;][et_pb_row column_structure=&#8221;3_4,1_4&#8243; use_custom_gutter=&#8221;on&#8221; gutter_width=&#8221;1&#8243; make_equal=&#8221;on&#8221; module_class=&#8221; et_pb_row_fullwidth et_pb_row_fullwidth et_pb_row_fullwidth&#8221; _builder_version=&#8221;4.16&#8243; width=&#8221;100%&#8221; width_tablet=&#8221;100%&#8221; width_phone=&#8221;&#8221; width_last_edited=&#8221;on|desktop&#8221; max_width=&#8221;100%&#8221; max_width_tablet=&#8221;100%&#8221; max_width_phone=&#8221;&#8221; max_width_last_edited=&#8221;on|desktop&#8221; min_height=&#8221;277.6px&#8221; custom_margin=&#8221;|auto|-68px|auto||&#8221; custom_padding=&#8221;0px||0px|&#8221; make_fullwidth=&#8221;on&#8221; global_colors_info=&#8221;{}&#8221;][et_pb_column type=&#8221;3_4&#8243; module_class=&#8221;padding3&#8243; _builder_version=&#8221;4.16&#8243; background_color=&#8221;#000000&#8243; custom_padding=&#8221;|||&#8221; global_colors_info=&#8221;{}&#8221; custom_padding__hover=&#8221;|||&#8221;][et_pb_text _builder_version=&#8221;4.18.0&#8243; text_font=&#8221;||||||||&#8221; background_layout=&#8221;dark&#8221; global_colors_info=&#8221;{}&#8221;]<\/p>\n<h2><span>Residential move on the North Shore<\/span><\/h2>\n<p><span><\/span><\/p>\n<p><span><\/span><\/p>\n<p><span>D\u00e9m\u00e9nagement Pause-Caf\u00e9 is an agency specialized in <\/span><strong><a href=\"https:\/\/demenagementpausecafe.ca\/en\/category\/residentiel-en\/\">residential moving<\/a><\/strong>. If you have just purchased a <a href=\"https:\/\/demenagementpausecafe.ca\/en\/\">home<\/a> or signed a rental agreement on the North Shore, we are ready to accompany you throughout the moving process.<\/p>\n<p>[\/et_pb_text][\/et_pb_column][et_pb_column type=&#8221;1_4&#8243; module_class=&#8221;padding3&#8243; _builder_version=&#8221;4.16&#8243; background_color=&#8221;#000000&#8243; custom_padding=&#8221;|||&#8221; global_colors_info=&#8221;{}&#8221; custom_padding__hover=&#8221;|||&#8221;][\/et_pb_column][\/et_pb_row][\/et_pb_section][et_pb_section fb_built=&#8221;1&#8243; _builder_version=&#8221;4.16&#8243; min_height=&#8221;589.1px&#8221; global_colors_info=&#8221;{}&#8221;][et_pb_row column_structure=&#8221;2_5,3_5&#8243; _builder_version=&#8221;4.16&#8243; global_colors_info=&#8221;{}&#8221;][et_pb_column type=&#8221;2_5&#8243; _builder_version=&#8221;4.16&#8243; custom_padding=&#8221;|||&#8221; global_colors_info=&#8221;{}&#8221; custom_padding__hover=&#8221;|||&#8221;][et_pb_image src=&#8221;https:\/\/demenagementpausecafe.ca\/wp-content\/uploads\/2022\/11\/andreypopov191000229.jpg&#8221; title_text=&#8221;Andreypopov191000229&#8243; align_tablet=&#8221;center&#8221; align_phone=&#8221;&#8221; align_last_edited=&#8221;on|desktop&#8221; _builder_version=&#8221;4.18.0&#8243; global_colors_info=&#8221;{}&#8221;][\/et_pb_image][\/et_pb_column][et_pb_column type=&#8221;3_5&#8243; _builder_version=&#8221;4.16&#8243; custom_padding=&#8221;|||&#8221; global_colors_info=&#8221;{}&#8221; custom_padding__hover=&#8221;|||&#8221;][et_pb_text module_class=&#8221;titreR&#8221; _builder_version=&#8221;4.18.0&#8243; text_font=&#8221;||||||||&#8221; global_colors_info=&#8221;{}&#8221;]<\/p>\n<h3><span>Turnkey service<\/span><\/h3>\n<p><span>We are aware that a <\/span><strong><a href=\"https:\/\/demenagementpausecafe.ca\/en\/long-distance-moving-montreal-east-west-island\/\">long-distance move<\/a><\/strong><span>  in Mirabel or Pointe-Calumet is stressful. Then our agency will take care of everything for you. We start by sorting your belongings and finally packing them. For this purpose, we use quality materials including bubble wrap and cardboard. For your fragile dishes, you have nothing to fear. Our <strong>best mover<\/strong> located in Blainville (North Shore of Montreal) will take care of packing them with delicacy using appropriate materials. It will be the same for your piano which will be completely disassembled and packed by the <strong>piano mover<\/strong> of our agency.<\/span><\/p>\n<p><span>Once packed, your belongings will be transported to your next home. For this purpose, we use the latest generation utilities. They are robust and completely secure. Your most fragile objects will not fear anything during transport even in case of shaking.<\/span><\/p>\n<p><span>In addition, we proceed to the cleaning of your old <a href=\"https:\/\/demenagementpausecafe.ca\/en\/category\/maison-en\/\">house<\/a>, but also of the one you integrate. Our <strong>best North Shore <a href=\"https:\/\/demenagementpausecafe.ca\/en\/movers-montreal-east-west-island\/\">movers<\/a><\/strong> will make you benefit from their cleaning skills. Finally, we are also willing to place your belongings in your new home following, of course, your tastes and moods.<\/span><\/p>\n<h3><span>Reliability  <\/span><\/h3>\n<p><span>When it comes to <\/span> moving <strong>on the North Shore<\/strong>, <span>D\u00e9m\u00e9nagement Pause-Caf\u00e9&#8217;s<\/span> service mark is reliability. For this, we only recruit professionals who know how to listen to customers and take into account all their requirements. They handle with dexterity all objects especially those that are fragile and occupy a special place in your heart. Our reliability is also the insurance that covers all your belongings during their transport from your old home to the new one. With our <strong>moving company<\/strong> operating in Boisbriand, Sainte-Marthe-sur-le-Lac and Rosem\u00e8re, you will be fully compensated for any breakage and scuffs on your objects.<\/p>\n<p>[\/et_pb_text][\/et_pb_column][\/et_pb_row][\/et_pb_section][et_pb_section fb_built=&#8221;1&#8243; _builder_version=&#8221;4.16&#8243; global_colors_info=&#8221;{}&#8221;][et_pb_row _builder_version=&#8221;4.16&#8243; global_colors_info=&#8221;{}&#8221;][et_pb_column type=&#8221;4_4&#8243; _builder_version=&#8221;4.16&#8243; custom_padding=&#8221;|||&#8221; global_colors_info=&#8221;{}&#8221; custom_padding__hover=&#8221;|||&#8221;][et_pb_text module_class=&#8221;titreR&#8221; _builder_version=&#8221;4.18.0&#8243; text_font=&#8221;||||||||&#8221; global_colors_info=&#8221;{}&#8221;]<\/p>\n<h2><span>Commercial move on the North Shore<\/span><\/h2>\n<p><span><img decoding=\"async\" src=\"https:\/\/demenagementpausecafe.ca\/wp-content\/uploads\/2022\/11\/elnur190912760-300x200.jpg\" width=\"300\" height=\"200\" alt=\"\" class=\"wp-image-3347 alignnone size-medium\" style=\"float: right;\" srcset=\"https:\/\/demenagementpausecafe.ca\/wp-content\/uploads\/2022\/11\/elnur190912760-300x200.jpg 300w, https:\/\/demenagementpausecafe.ca\/wp-content\/uploads\/2022\/11\/elnur190912760.jpg 450w\" sizes=\"(max-width: 300px) 100vw, 300px\" \/><\/span><\/p>\n<p><span>Our agency has always offered professionals its <strong><a href=\"https:\/\/demenagementpausecafe.ca\/en\/category\/commercial-en\/\">commercial moving<\/a><\/strong> service. Thanks to this service, your business saves time. Better still, your employees will not be disturbed by the activities, because we are willing to work overnight. Our team of professional movers has many years of experience and can quickly move all your belongings in a short time. This is without any additional costs that would explode your <strong>moving budget<\/strong>.<\/span><\/p>\n<p><span>D\u00e9m\u00e9nagement Pause-Caf\u00e9 also specializes in <strong>industrial moving<\/strong> in Repentigny, Lorraine or any city on the North Shore of Montreal. We then use specialized equipment for your sole benefit that ensures impeccable service.<\/span><\/p>\n<p>[\/et_pb_text][et_pb_divider show_divider=&#8221;off&#8221; _builder_version=&#8221;4.16&#8243; global_colors_info=&#8221;{}&#8221;][\/et_pb_divider][\/et_pb_column][\/et_pb_row][\/et_pb_section][et_pb_section fb_built=&#8221;1&#8243; _builder_version=&#8221;3.0.86&#8243; background_image=&#8221;https:\/\/demenagementpausecafe.ca\/wp-content\/uploads\/2017\/11\/great-moving-team-bg.jpg&#8221; global_module=&#8221;306&#8243; saved_tabs=&#8221;all&#8221; global_colors_info=&#8221;{}&#8221;][et_pb_row column_structure=&#8221;1_2,1_2&#8243; _builder_version=&#8221;4.16&#8243; global_colors_info=&#8221;{}&#8221;][et_pb_column type=&#8221;1_2&#8243; _builder_version=&#8221;4.16&#8243; custom_padding=&#8221;|||&#8221; global_colors_info=&#8221;{}&#8221; custom_padding__hover=&#8221;|||&#8221;][et_pb_text _builder_version=&#8221;4.16&#8243; text_font=&#8221;||||||||&#8221; background_layout=&#8221;dark&#8221; global_colors_info=&#8221;{}&#8221;]<\/p>\n<h2 class=\"p30\">free quote<\/h2>\n<p class=\"tel-jaune\"><b>(514) 569-8849<\/b> or <a class=\"et_pb_button et_pb_button_0 et_pb_module et_pb_bg_layout_light bas\" href=\"https:\/\/demenagementpausecafe.ca\/en\/estimation\/\">online<\/a><\/p>\n<p>[\/et_pb_text][\/et_pb_column][et_pb_column type=&#8221;1_2&#8243; _builder_version=&#8221;4.16&#8243; custom_padding=&#8221;|||&#8221; global_colors_info=&#8221;{}&#8221; custom_padding__hover=&#8221;|||&#8221;][\/et_pb_column][\/et_pb_row][\/et_pb_section]<\/p>\n<div style='text-align:left' class='yasr-auto-insert-visitor'><\/div>","protected":false},"excerpt":{"rendered":"<p>Moving Coffee Break on the North Shore de Montr\u00e9alSpecialist in residential and commercial moving &nbsp; A suburb of Montreal, the North Shore offers its residents a natural living environment close to major Quebec cities. It is also a thriving economy location. If you plan to settle there or relocate your offices or commercial space, you [&hellip;]<\/p>\n","protected":false},"author":1,"featured_media":0,"parent":0,"menu_order":0,"comment_status":"closed","ping_status":"closed","template":"","meta":{"_et_pb_use_builder":"on","_et_pb_old_content":"","_et_gb_content_width":"","yasr_overall_rating":0,"yasr_post_is_review":"","yasr_auto_insert_disabled":"","yasr_review_type":"","footnotes":""},"class_list":["post-2188","page","type-page","status-publish","hentry"],"yasr_visitor_votes":{"stars_attributes":{"read_only":false,"span_bottom":false},"number_of_votes":0,"sum_votes":0},"yoast_head":"<!-- This site is optimized with the Yoast SEO Premium plugin v15.0 - https:\/\/yoast.com\/wordpress\/plugins\/seo\/ -->\n<title>Moving North Shore - D\u00e9m\u00e9nagement Pause Caf\u00e9<\/title>\n<meta name=\"description\" content=\"Residential and commercial moving company for the North Shore\" \/>\n<meta name=\"robots\" content=\"index, follow, max-snippet:-1, max-image-preview:large, max-video-preview:-1\" \/>\n<link rel=\"canonical\" href=\"https:\/\/demenagementpausecafe.ca\/en\/moving-rive-nord\/\" \/>\n<meta property=\"og:locale\" content=\"en_US\" \/>\n<meta property=\"og:type\" content=\"article\" \/>\n<meta property=\"og:title\" content=\"Moving North Shore - D\u00e9m\u00e9nagement Pause Caf\u00e9\" \/>\n<meta property=\"og:description\" content=\"Residential and commercial moving company for the North Shore\" \/>\n<meta property=\"og:url\" content=\"https:\/\/demenagementpausecafe.ca\/en\/moving-rive-nord\/\" \/>\n<meta property=\"og:site_name\" content=\"D\u00e9m\u00e9nagement Pause Caf\u00e9\" \/>\n<meta property=\"article:modified_time\" content=\"2022-11-30T15:38:27+00:00\" \/>\n<meta property=\"og:image\" content=\"https:\/\/demenagementpausecafe.ca\/wp-content\/uploads\/2022\/08\/Demenageur-300x200.jpg\" \/>\n<meta name=\"twitter:card\" content=\"summary_large_image\" \/>\n<script type=\"application\/ld+json\" class=\"yoast-schema-graph\">{\"@context\":\"https:\/\/schema.org\",\"@graph\":[{\"@type\":\"WebSite\",\"@id\":\"https:\/\/demenagementpausecafe.ca\/en\/#website\",\"url\":\"https:\/\/demenagementpausecafe.ca\/en\/\",\"name\":\"D\\u00e9m\\u00e9nagement Pause Caf\\u00e9\",\"description\":\"\",\"potentialAction\":[{\"@type\":\"SearchAction\",\"target\":\"https:\/\/demenagementpausecafe.ca\/en\/?s={search_term_string}\",\"query-input\":\"required name=search_term_string\"}],\"inLanguage\":\"en-US\"},{\"@type\":\"ImageObject\",\"@id\":\"https:\/\/demenagementpausecafe.ca\/en\/moving-rive-nord\/#primaryimage\",\"inLanguage\":\"en-US\",\"url\":\"https:\/\/demenagementpausecafe.ca\/wp-content\/uploads\/2022\/08\/Demenageur.jpg\",\"width\":450,\"height\":300},{\"@type\":\"WebPage\",\"@id\":\"https:\/\/demenagementpausecafe.ca\/en\/moving-rive-nord\/#webpage\",\"url\":\"https:\/\/demenagementpausecafe.ca\/en\/moving-rive-nord\/\",\"name\":\"Moving North Shore - D\\u00e9m\\u00e9nagement Pause Caf\\u00e9\",\"isPartOf\":{\"@id\":\"https:\/\/demenagementpausecafe.ca\/en\/#website\"},\"primaryImageOfPage\":{\"@id\":\"https:\/\/demenagementpausecafe.ca\/en\/moving-rive-nord\/#primaryimage\"},\"datePublished\":\"2019-05-30T01:06:32+00:00\",\"dateModified\":\"2022-11-30T15:38:27+00:00\",\"description\":\"Residential and commercial moving company for the North Shore\",\"inLanguage\":\"en-US\",\"potentialAction\":[{\"@type\":\"ReadAction\",\"target\":[\"https:\/\/demenagementpausecafe.ca\/en\/moving-rive-nord\/\"]}]}]}<\/script>\n<!-- \/ Yoast SEO Premium plugin. -->","_links":{"self":[{"href":"https:\/\/demenagementpausecafe.ca\/en\/wp-json\/wp\/v2\/pages\/2188","targetHints":{"allow":["GET"]}}],"collection":[{"href":"https:\/\/demenagementpausecafe.ca\/en\/wp-json\/wp\/v2\/pages"}],"about":[{"href":"https:\/\/demenagementpausecafe.ca\/en\/wp-json\/wp\/v2\/types\/page"}],"author":[{"embeddable":true,"href":"https:\/\/demenagementpausecafe.ca\/en\/wp-json\/wp\/v2\/users\/1"}],"replies":[{"embeddable":true,"href":"https:\/\/demenagementpausecafe.ca\/en\/wp-json\/wp\/v2\/comments?post=2188"}],"version-history":[{"count":9,"href":"https:\/\/demenagementpausecafe.ca\/en\/wp-json\/wp\/v2\/pages\/2188\/revisions"}],"predecessor-version":[{"id":3416,"href":"https:\/\/demenagementpausecafe.ca\/en\/wp-json\/wp\/v2\/pages\/2188\/revisions\/3416"}],"wp:attachment":[{"href":"https:\/\/demenagementpausecafe.ca\/en\/wp-json\/wp\/v2\/media?parent=2188"}],"curies":[{"name":"wp","href":"https:\/\/api.w.org\/{rel}","templated":true}]}}