{"id":2216,"date":"2019-01-21T18:29:50","date_gmt":"2019-01-21T23:29:50","guid":{"rendered":"https:\/\/demenagementpausecafe.ca\/demenagement-saint-jerome\/"},"modified":"2023-07-19T12:32:29","modified_gmt":"2023-07-19T16:32:29","slug":"moving-saint-jerome","status":"publish","type":"page","link":"https:\/\/demenagementpausecafe.ca\/en\/moving-saint-jerome\/","title":{"rendered":"Moving St. Jerome"},"content":{"rendered":"<p>[et_pb_section fb_built=&#8221;1&#8243; _builder_version=&#8221;4.16&#8243; background_image=&#8221;https:\/\/demenagementpausecafe.ca\/wp-content\/uploads\/2017\/11\/page-title-bg-1.jpg&#8221; global_colors_info=&#8221;{}&#8221;][et_pb_row _builder_version=&#8221;4.16&#8243; background_size=&#8221;initial&#8221; background_position=&#8221;top_left&#8221; background_repeat=&#8221;repeat&#8221; global_colors_info=&#8221;{}&#8221;][et_pb_column type=&#8221;4_4&#8243; _builder_version=&#8221;4.16&#8243; custom_padding=&#8221;|||&#8221; global_colors_info=&#8221;{}&#8221; custom_padding__hover=&#8221;|||&#8221;][et_pb_text _builder_version=&#8221;4.16&#8243; text_font=&#8221;|||on|||||&#8221; background_layout=&#8221;dark&#8221; global_colors_info=&#8221;{}&#8221;]<\/p>\n<h1>Moving Saint-J\u00e9r\u00f4me<\/h1>\n<p>[\/et_pb_text][\/et_pb_column][\/et_pb_row][\/et_pb_section][et_pb_section fb_built=&#8221;1&#8243; _builder_version=&#8221;4.16&#8243; global_colors_info=&#8221;{}&#8221;][et_pb_row _builder_version=&#8221;4.16&#8243; global_colors_info=&#8221;{}&#8221; column_structure=&#8221;1_2,1_2&#8243;][et_pb_column type=&#8221;1_2&#8243; _builder_version=&#8221;4.16&#8243; custom_padding=&#8221;|||&#8221; global_colors_info=&#8221;{}&#8221; custom_padding__hover=&#8221;|||&#8221;][et_pb_image src=&#8221;https:\/\/demenagementpausecafe.ca\/wp-content\/uploads\/2017\/11\/dechargement-caisses-demenagement.jpg&#8221; align_tablet=&#8221;center&#8221; align_last_edited=&#8221;on|desktop&#8221; module_class=&#8221;mission-left-img-holder&#8221; _builder_version=&#8221;4.16&#8243; global_colors_info=&#8221;{}&#8221; align_phone=&#8221;center&#8221;]<br \/>\n[\/et_pb_image][\/et_pb_column][et_pb_column type=&#8221;1_2&#8243; _builder_version=&#8221;4.16&#8243; custom_padding=&#8221;|||&#8221; global_colors_info=&#8221;{}&#8221; custom_padding__hover=&#8221;|||&#8221;][et_pb_text module_class=&#8221;titreR&#8221; _builder_version=&#8221;4.20.2&#8243; text_font=&#8221;||||||||&#8221; hover_enabled=&#8221;0&#8243; global_colors_info=&#8221;{}&#8221; sticky_enabled=&#8221;0&#8243;]<\/p>\n<h2>Professional moving in St-J\u00e9r\u00f4me<\/h2>\n<p>Are you thinking of moving soon and you need the services of professional and reliable <a href=\"https:\/\/demenagementpausecafe.ca\/en\/movers-montreal-east-west-island\/\">movers<\/a> to take care of your goods? Our professionals at your disposal are at your disposal to make your residential or commercial relocation project a success on the whole line.<\/p>\n<h2>Why Move to St-J\u00e9r\u00f4me?<\/h2>\n<h3>An exceptional natural setting<\/h3>\n<p>St-J\u00e9r\u00f4me is surrounded by an exceptional natural setting. The Laurentian region is renowned for its picturesque landscapes, majestic mountains and crystal clear lakes. If you are an outdoor enthusiast, St-J\u00e9r\u00f4me is the perfect place for hiking, biking, skiing, fishing and many other outdoor activities. The natural beauty of St-J\u00e9r\u00f4me will amaze you around every corner.<\/p>\n<h3>A rich cultural life<\/h3>\n<p>St-J\u00e9r\u00f4me has a rich and diverse cultural life. The city is <a href=\"https:\/\/demenagementpausecafe.ca\/en\/\">home<\/a> to theatres, art galleries and festivals throughout the year. You can attend theatrical performances, concerts, art exhibitions and many other cultural events. St-J\u00e9r\u00f4me values art and culture, offering residents a variety of enriching activities.<\/p>\n<h3>A thriving economic sector<\/h3>\n<p>St-J\u00e9r\u00f4me benefits from a thriving economic sector. The city is home to a mix of local and international companies, providing employment opportunities in various fields. Whether you are looking for a job in manufacturing, information technology, health or professional services, St-J\u00e9r\u00f4me offers a dynamic job market. In addition, the proximity to <a href=\"https:\/\/demenagementpausecafe.ca\/en\/category\/montreal-en\/\">Montreal<\/a> opens up additional employment opportunities for St-J\u00e9r\u00f4me residents.<\/p>\n<p>[\/et_pb_text][\/et_pb_column][\/et_pb_row][\/et_pb_section][et_pb_section fb_built=&#8221;1&#8243; _builder_version=&#8221;4.16&#8243; custom_margin=&#8221;|||&#8221; custom_padding=&#8221;0px||0px|&#8221; global_colors_info=&#8221;{}&#8221;][et_pb_row use_custom_gutter=&#8221;on&#8221; gutter_width=&#8221;1&#8243; make_equal=&#8221;on&#8221; module_class=&#8221; et_pb_row_fullwidth et_pb_row_fullwidth&#8221; _builder_version=&#8221;4.16&#8243; width=&#8221;100%&#8221; width_tablet=&#8221;100%&#8221; width_phone=&#8221;&#8221; width_last_edited=&#8221;on|desktop&#8221; max_width=&#8221;100%&#8221; max_width_tablet=&#8221;100%&#8221; max_width_phone=&#8221;&#8221; max_width_last_edited=&#8221;on|desktop&#8221; custom_padding=&#8221;0px||0px|&#8221; make_fullwidth=&#8221;on&#8221; global_colors_info=&#8221;{}&#8221; column_structure=&#8221;2_3,1_3&#8243;][et_pb_column type=&#8221;2_3&#8243; module_class=&#8221;padding3&#8243; _builder_version=&#8221;4.16&#8243; background_color=&#8221;#000000&#8243; custom_padding=&#8221;|||&#8221; global_colors_info=&#8221;{}&#8221; custom_padding__hover=&#8221;|||&#8221;][et_pb_text _builder_version=&#8221;4.20.2&#8243; text_font=&#8221;||||||||&#8221; background_layout=&#8221;dark&#8221; hover_enabled=&#8221;0&#8243; global_colors_info=&#8221;{}&#8221; sticky_enabled=&#8221;0&#8243;]<\/p>\n<h3>Renowned educational institutions<\/h3>\n<p>St-J\u00e9r\u00f4me is proud to offer renowned educational institutions. Whether for elementary, secondary or post-secondary education, you will find quality schools and colleges in St-J\u00e9r\u00f4me. Students can benefit from a solid and diverse education, thus preparing for their academic and professional future.<\/p>\n<h3>A welcoming community<\/h3>\n<p>St-J\u00e9r\u00f4me is distinguished by its welcoming and warm community. The residents of St-J\u00e9r\u00f4me are known for their hospitality and spirit of solidarity. If you decide to move to St-J\u00e9r\u00f4me, you will be warmly welcomed and integrated into the community. The many community activities and social events create a sense of belonging and promote social connections.<\/p>\n<h3>Proximity to Nature and Outdoor Activities<\/h3>\n<p>St-J\u00e9r\u00f4me offers proximity to nature and many outdoor activities. Guests can enjoy hiking trails, bike paths, parks and green spaces to relax and rejuvenate. Winter sports enthusiasts will also find their happiness thanks to the nearby ski resorts. St-J\u00e9r\u00f4me is a true paradise for nature lovers.<\/p>\n<h2>Affordable moving services<\/h2>\n<p>D\u00e9m\u00e9nagement Pause Caf\u00e9 also offers complementary services such as the complete or partial cleaning of real estate, the storage of your belongings, the assembly of your furniture or personalized assistance.<\/p>\n<p>  D\u00e9m\u00e9nagement Pause Caf\u00e9 offers you much more than a simple move to Saint-J\u00e9r\u00f4me, we guarantee a turnkey service with options adapted to your real needs.<\/p>\n<p>[\/et_pb_text][\/et_pb_column][et_pb_column type=&#8221;1_3&#8243; _builder_version=&#8221;4.16&#8243; background_image=&#8221;https:\/\/demenagementpausecafe.ca\/wp-content\/uploads\/2017\/11\/emballage-demenagement.jpg&#8221; custom_padding=&#8221;|||&#8221; global_colors_info=&#8221;{}&#8221; custom_padding__hover=&#8221;|||&#8221;][\/et_pb_column][\/et_pb_row][\/et_pb_section][et_pb_section fb_built=&#8221;1&#8243; _builder_version=&#8221;4.16&#8243; global_colors_info=&#8221;{}&#8221;][et_pb_row _builder_version=&#8221;4.16&#8243; global_colors_info=&#8221;{}&#8221; column_structure=&#8221;1_2,1_2&#8243;][et_pb_column type=&#8221;1_2&#8243; _builder_version=&#8221;4.16&#8243; custom_padding=&#8221;|||&#8221; global_colors_info=&#8221;{}&#8221; custom_padding__hover=&#8221;|||&#8221;][et_pb_image src=&#8221;https:\/\/demenagementpausecafe.ca\/wp-content\/uploads\/2017\/11\/3.jpg&#8221; align_tablet=&#8221;center&#8221; align_last_edited=&#8221;on|desktop&#8221; _builder_version=&#8221;4.16&#8243; global_colors_info=&#8221;{}&#8221; align_phone=&#8221;center&#8221;]<br \/>\n[\/et_pb_image][\/et_pb_column][et_pb_column type=&#8221;1_2&#8243; _builder_version=&#8221;4.16&#8243; custom_padding=&#8221;|||&#8221; global_colors_info=&#8221;{}&#8221; custom_padding__hover=&#8221;|||&#8221;][et_pb_text module_class=&#8221;titreR&#8221; _builder_version=&#8221;4.16&#8243; text_font=&#8221;||||||||&#8221; global_colors_info=&#8221;{}&#8221;]<\/p>\n<h2>A team of Montreal movers at your service<\/h2>\n<p>With a strong team of qualified movers in Montreal \u2013 each of them is handpicked \u2013 we are able to offer you local or long-distance moving services according to your preferences. Our professional movers in Montreal are committed to your satisfaction and show meticulousness and delicacy when packing, transporting and unpacking goods. Our mission is to transport your goods safely in peace, while offering you the most professional moving services in Montreal.<\/p>\n<p>We know how important each property and box is to you, and that&#8217;s why we handle objects with great care during moving, whether it&#8217;s a residential or <a href=\"https:\/\/demenagementpausecafe.ca\/en\/commercial-moving-montreal-east-west-island\/\">commercial move<\/a>.<\/p>\n<p>No matter how much and the nature of the goods you want to pack and transport (piano, work desk, pool table, etc.), we have the equipment, manpower and expertise to get your goods safely in one piece.<\/p>\n<p>[\/et_pb_text][\/et_pb_column][\/et_pb_row][\/et_pb_section][et_pb_section fb_built=&#8221;1&#8243; _builder_version=&#8221;4.16&#8243; global_colors_info=&#8221;{}&#8221;][et_pb_row _builder_version=&#8221;4.16&#8243; global_colors_info=&#8221;{}&#8221; column_structure=&#8221;1_2,1_2&#8243;][et_pb_column type=&#8221;1_2&#8243; _builder_version=&#8221;4.16&#8243; custom_padding=&#8221;|||&#8221; global_colors_info=&#8221;{}&#8221; custom_padding__hover=&#8221;|||&#8221;][et_pb_image src=&#8221;https:\/\/demenagementpausecafe.ca\/wp-content\/uploads\/2017\/11\/4.jpg&#8221; align_tablet=&#8221;center&#8221; align_last_edited=&#8221;on|desktop&#8221; _builder_version=&#8221;4.16&#8243; global_colors_info=&#8221;{}&#8221; align_phone=&#8221;center&#8221;]<br \/>\n[\/et_pb_image][\/et_pb_column][et_pb_column type=&#8221;1_2&#8243; _builder_version=&#8221;4.16&#8243; custom_padding=&#8221;|||&#8221; global_colors_info=&#8221;{}&#8221; custom_padding__hover=&#8221;|||&#8221;][et_pb_text module_class=&#8221;titreR&#8221; _builder_version=&#8221;4.16&#8243; text_font=&#8221;||||||||&#8221; global_colors_info=&#8221;{}&#8221;]<\/p>\n<h2><span>Moves to Saint-J\u00e9r\u00f4me 100% safe<\/span><\/h2>\n<p><span> <\/span><\/p>\n<p><span>In order to guarantee you moves without any damage, damage or theft, we have a full insurance policy. With D\u00e9m\u00e9nagement Pause Caf\u00e9, you can have peace of mind throughout your move to Saint-J\u00e9r\u00f4me and the Montreal area. We have a team of dedicated movers for your movers. <\/span><\/p>\n<p><span> <\/span><span>To learn more about our residential or <a href=\"https:\/\/demenagementpausecafe.ca\/en\/category\/commercial-en\/\">commercial moving<\/a> services offered in Montreal and Saint-J\u00e9r\u00f4me, you can call us today at (514) 569-8849 or <a href=\"https:\/\/demenagementpausecafe.ca\/en\/contact-us\/\">contact us<\/a> directly online. We make free submissions based on your project! <\/span><\/p>\n<p>[\/et_pb_text][\/et_pb_column][\/et_pb_row][\/et_pb_section][et_pb_section fb_built=&#8221;1&#8243; theme_builder_area=&#8221;post_content&#8221; _builder_version=&#8221;4.20.2&#8243; _module_preset=&#8221;default&#8221;][et_pb_row _builder_version=&#8221;4.20.2&#8243; _module_preset=&#8221;default&#8221; theme_builder_area=&#8221;post_content&#8221;][et_pb_column _builder_version=&#8221;4.20.2&#8243; _module_preset=&#8221;default&#8221; type=&#8221;4_4&#8243; theme_builder_area=&#8221;post_content&#8221;][et_pb_accordion _builder_version=&#8221;4.20.2&#8243; _module_preset=&#8221;default&#8221; theme_builder_area=&#8221;post_content&#8221; hover_enabled=&#8221;0&#8243; sticky_enabled=&#8221;0&#8243;][et_pb_accordion_item _builder_version=&#8221;4.20.2&#8243; _module_preset=&#8221;default&#8221; theme_builder_area=&#8221;post_content&#8221; title=&#8221;Are there job opportunities in St-J\u00e9r\u00f4me?&#8221; hover_enabled=&#8221;0&#8243; sticky_enabled=&#8221;0&#8243;]<\/p>\n<p>Yes, St-J\u00e9r\u00f4me offers job opportunities in different sectors. The city is home to a number of local and international businesses, offering a variety of positions in fields such as manufacturing, information technology, healthcare, professional services, and many more.<\/p>\n<p>[\/et_pb_accordion_item][et_pb_accordion_item _builder_version=&#8221;4.20.2&#8243; _module_preset=&#8221;default&#8221; theme_builder_area=&#8221;post_content&#8221; title=&#8221;What are the options for accommodation in St-J\u00e9r\u00f4me?&#8221; hover_enabled=&#8221;0&#8243; sticky_enabled=&#8221;0&#8243;]<\/p>\n<p>St-J\u00e9r\u00f4me offers a wide range of housing options. You can find single-family homes, apartments, condominiums, and townhouses in different areas of the city. It is recommended that you contact a local real estate agent to help you find the accommodation that best suits your needs.<\/p>\n<p>[\/et_pb_accordion_item][et_pb_accordion_item _builder_version=&#8221;4.20.2&#8243; _module_preset=&#8221;default&#8221; theme_builder_area=&#8221;post_content&#8221; title=&#8221;What recreational activities are available in St-J\u00e9r\u00f4me?&#8221; hover_enabled=&#8221;0&#8243; sticky_enabled=&#8221;0&#8243;]<\/p>\n<p>St-J\u00e9r\u00f4me offers a multitude of recreational activities. You can enjoy hiking trails, bike paths, parks, golf courses, sports centers and recreational facilities. The city also offers events and festivals throughout the year.<\/p>\n<p>[\/et_pb_accordion_item][et_pb_accordion_item _builder_version=&#8221;4.20.2&#8243; _module_preset=&#8221;default&#8221; theme_builder_area=&#8221;post_content&#8221; title=&#8221;How is access to health services in St-J\u00e9r\u00f4me?&#8221; hover_enabled=&#8221;0&#8243; sticky_enabled=&#8221;0&#8243;]<\/p>\n<p>St-J\u00e9r\u00f4me has a full range of health services, including medical clinics, hospitals, pharmacies and qualified health professionals. St-J\u00e9r\u00f4me residents have access to quality health care close to home.<\/p>\n<p>[\/et_pb_accordion_item][et_pb_accordion_item _builder_version=&#8221;4.20.2&#8243; _module_preset=&#8221;default&#8221; theme_builder_area=&#8221;post_content&#8221; title=&#8221;Are there any higher education institutions in St-J\u00e9r\u00f4me?&#8221; hover_enabled=&#8221;0&#8243; sticky_enabled=&#8221;0&#8243;]<\/p>\n<p>Yes, St-J\u00e9r\u00f4me is home to several higher education institutions. The C\u00e9gep de Saint-J\u00e9r\u00f4me offers a variety of post-secondary programs, and the Universit\u00e9 du Qu\u00e9bec en Outaouais also has a campus in St-J\u00e9r\u00f4me, offering graduate opportunities.<\/p>\n<p>[\/et_pb_accordion_item][et_pb_accordion_item _builder_version=&#8221;4.20.2&#8243; _module_preset=&#8221;default&#8221; theme_builder_area=&#8221;post_content&#8221; title=&#8221;What are the tourist attractions in St-J\u00e9r\u00f4me?&#8221; hover_enabled=&#8221;0&#8243; sticky_enabled=&#8221;0&#8243;]<\/p>\n<p>St-J\u00e9r\u00f4me has several tourist attractions, including the Mus\u00e9e d&#8217;art contemporain des Laurentides, the Saint-J\u00e9r\u00f4me Cathedral, the Gilles-Vigneault Theatre and the Parc r\u00e9gional de la Rivi\u00e8re-du-Nord. These sites offer a unique cultural and artistic experience for residents and visitors to St-J\u00e9r\u00f4me.<\/p>\n<p>[\/et_pb_accordion_item][\/et_pb_accordion][\/et_pb_column][\/et_pb_row][\/et_pb_section][et_pb_section fb_built=&#8221;1&#8243; _builder_version=&#8221;3.0.86&#8243; background_image=&#8221;https:\/\/demenagementpausecafe.ca\/wp-content\/uploads\/2017\/11\/great-moving-team-bg.jpg&#8221; global_module=&#8221;306&#8243; saved_tabs=&#8221;all&#8221; global_colors_info=&#8221;{}&#8221;][et_pb_row column_structure=&#8221;1_2,1_2&#8243; _builder_version=&#8221;4.16&#8243; global_colors_info=&#8221;{}&#8221;][et_pb_column type=&#8221;1_2&#8243; _builder_version=&#8221;4.16&#8243; custom_padding=&#8221;|||&#8221; global_colors_info=&#8221;{}&#8221; custom_padding__hover=&#8221;|||&#8221;][et_pb_text _builder_version=&#8221;4.16&#8243; text_font=&#8221;||||||||&#8221; background_layout=&#8221;dark&#8221; global_colors_info=&#8221;{}&#8221;]<\/p>\n<h2 class=\"p30\">free quote<\/h2>\n<p class=\"tel-jaune\"><b>(514) 569-8849<\/b> or <a class=\"et_pb_button et_pb_button_0 et_pb_module et_pb_bg_layout_light bas\" href=\"https:\/\/demenagementpausecafe.ca\/en\/estimation\/\">online<\/a><\/p>\n<p>[\/et_pb_text][\/et_pb_column][et_pb_column type=&#8221;1_2&#8243; _builder_version=&#8221;4.16&#8243; custom_padding=&#8221;|||&#8221; global_colors_info=&#8221;{}&#8221; custom_padding__hover=&#8221;|||&#8221;][\/et_pb_column][\/et_pb_row][\/et_pb_section]<\/p>\n<div style='text-align:left' class='yasr-auto-insert-visitor'><\/div>","protected":false},"excerpt":{"rendered":"<p>Moving Saint-J\u00e9r\u00f4me Professional moving in St-J\u00e9r\u00f4me Are you thinking of moving soon and you need the services of professional and reliable movers to take care of your goods? Our professionals at your disposal are at your disposal to make your residential or commercial relocation project a success on the whole line. Why Move to St-J\u00e9r\u00f4me? [&hellip;]<\/p>\n","protected":false},"author":2,"featured_media":0,"parent":0,"menu_order":0,"comment_status":"closed","ping_status":"closed","template":"","meta":{"_et_pb_use_builder":"on","_et_pb_old_content":"","_et_gb_content_width":"","yasr_overall_rating":0,"yasr_post_is_review":"","yasr_auto_insert_disabled":"","yasr_review_type":"Other","footnotes":""},"class_list":["post-2216","page","type-page","status-publish","hentry"],"yasr_visitor_votes":{"stars_attributes":{"read_only":false,"span_bottom":false},"number_of_votes":0,"sum_votes":0},"yoast_head":"<!-- This site is optimized with the Yoast SEO Premium plugin v15.0 - https:\/\/yoast.com\/wordpress\/plugins\/seo\/ -->\n<title>Moving St. Jerome - D\u00e9m\u00e9nagement Pause Caf\u00e9<\/title>\n<meta name=\"description\" content=\"Moving to Saint-J\u00e9r\u00f4me and you need professional and reliable movers services to take care of your merchandise\" \/>\n<meta name=\"robots\" content=\"index, follow, max-snippet:-1, max-image-preview:large, max-video-preview:-1\" \/>\n<link rel=\"canonical\" href=\"https:\/\/demenagementpausecafe.ca\/en\/moving-saint-jerome\/\" \/>\n<meta property=\"og:locale\" content=\"en_US\" \/>\n<meta property=\"og:type\" content=\"article\" \/>\n<meta property=\"og:title\" content=\"Moving St. Jerome - D\u00e9m\u00e9nagement Pause Caf\u00e9\" \/>\n<meta property=\"og:description\" content=\"Moving to Saint-J\u00e9r\u00f4me and you need professional and reliable movers services to take care of your merchandise\" \/>\n<meta property=\"og:url\" content=\"https:\/\/demenagementpausecafe.ca\/en\/moving-saint-jerome\/\" \/>\n<meta property=\"og:site_name\" content=\"D\u00e9m\u00e9nagement Pause Caf\u00e9\" \/>\n<meta property=\"article:modified_time\" content=\"2023-07-19T16:32:29+00:00\" \/>\n<meta name=\"twitter:card\" content=\"summary_large_image\" \/>\n<script type=\"application\/ld+json\" class=\"yoast-schema-graph\">{\"@context\":\"https:\/\/schema.org\",\"@graph\":[{\"@type\":\"WebSite\",\"@id\":\"https:\/\/demenagementpausecafe.ca\/en\/#website\",\"url\":\"https:\/\/demenagementpausecafe.ca\/en\/\",\"name\":\"D\\u00e9m\\u00e9nagement Pause Caf\\u00e9\",\"description\":\"\",\"potentialAction\":[{\"@type\":\"SearchAction\",\"target\":\"https:\/\/demenagementpausecafe.ca\/en\/?s={search_term_string}\",\"query-input\":\"required name=search_term_string\"}],\"inLanguage\":\"en-US\"},{\"@type\":\"WebPage\",\"@id\":\"https:\/\/demenagementpausecafe.ca\/en\/moving-saint-jerome\/#webpage\",\"url\":\"https:\/\/demenagementpausecafe.ca\/en\/moving-saint-jerome\/\",\"name\":\"Moving St. Jerome - D\\u00e9m\\u00e9nagement Pause Caf\\u00e9\",\"isPartOf\":{\"@id\":\"https:\/\/demenagementpausecafe.ca\/en\/#website\"},\"datePublished\":\"2019-01-21T23:29:50+00:00\",\"dateModified\":\"2023-07-19T16:32:29+00:00\",\"description\":\"Moving to Saint-J\\u00e9r\\u00f4me and you need professional and reliable movers services to take care of your merchandise\",\"inLanguage\":\"en-US\",\"potentialAction\":[{\"@type\":\"ReadAction\",\"target\":[\"https:\/\/demenagementpausecafe.ca\/en\/moving-saint-jerome\/\"]}]}]}<\/script>\n<!-- \/ Yoast SEO Premium plugin. -->","_links":{"self":[{"href":"https:\/\/demenagementpausecafe.ca\/en\/wp-json\/wp\/v2\/pages\/2216","targetHints":{"allow":["GET"]}}],"collection":[{"href":"https:\/\/demenagementpausecafe.ca\/en\/wp-json\/wp\/v2\/pages"}],"about":[{"href":"https:\/\/demenagementpausecafe.ca\/en\/wp-json\/wp\/v2\/types\/page"}],"author":[{"embeddable":true,"href":"https:\/\/demenagementpausecafe.ca\/en\/wp-json\/wp\/v2\/users\/2"}],"replies":[{"embeddable":true,"href":"https:\/\/demenagementpausecafe.ca\/en\/wp-json\/wp\/v2\/comments?post=2216"}],"version-history":[{"count":5,"href":"https:\/\/demenagementpausecafe.ca\/en\/wp-json\/wp\/v2\/pages\/2216\/revisions"}],"predecessor-version":[{"id":3948,"href":"https:\/\/demenagementpausecafe.ca\/en\/wp-json\/wp\/v2\/pages\/2216\/revisions\/3948"}],"wp:attachment":[{"href":"https:\/\/demenagementpausecafe.ca\/en\/wp-json\/wp\/v2\/media?parent=2216"}],"curies":[{"name":"wp","href":"https:\/\/api.w.org\/{rel}","templated":true}]}}