{"id":2217,"date":"2018-01-09T16:11:02","date_gmt":"2018-01-09T21:11:02","guid":{"rendered":"https:\/\/demenagementpausecafe.ca\/demenagement-saint-laurent\/"},"modified":"2023-07-19T12:41:14","modified_gmt":"2023-07-19T16:41:14","slug":"moving-saint-laurent","status":"publish","type":"page","link":"https:\/\/demenagementpausecafe.ca\/en\/moving-saint-laurent\/","title":{"rendered":"Moving St. Lawrence"},"content":{"rendered":"<p>[et_pb_section fb_built=&#8221;1&#8243; _builder_version=&#8221;4.16&#8243; background_image=&#8221;https:\/\/demenagementpausecafe.ca\/wp-content\/uploads\/2017\/11\/page-title-bg-1.jpg&#8221; global_colors_info=&#8221;{}&#8221;][et_pb_row _builder_version=&#8221;4.16&#8243; background_size=&#8221;initial&#8221; background_position=&#8221;top_left&#8221; background_repeat=&#8221;repeat&#8221; global_colors_info=&#8221;{}&#8221;][et_pb_column type=&#8221;4_4&#8243; _builder_version=&#8221;4.16&#8243; custom_padding=&#8221;|||&#8221; global_colors_info=&#8221;{}&#8221; custom_padding__hover=&#8221;|||&#8221;][et_pb_text _builder_version=&#8221;4.16&#8243; text_font=&#8221;|||on|||||&#8221; background_layout=&#8221;dark&#8221; global_colors_info=&#8221;{}&#8221;]<\/p>\n<h1>D\u00e9m\u00e9nagement saint-laurent<\/h1>\n<p>[\/et_pb_text][\/et_pb_column][\/et_pb_row][\/et_pb_section][et_pb_section fb_built=&#8221;1&#8243; _builder_version=&#8221;4.16&#8243; global_colors_info=&#8221;{}&#8221;][et_pb_row _builder_version=&#8221;4.16&#8243; global_colors_info=&#8221;{}&#8221; column_structure=&#8221;1_2,1_2&#8243;][et_pb_column type=&#8221;1_2&#8243; _builder_version=&#8221;4.16&#8243; custom_padding=&#8221;|||&#8221; global_colors_info=&#8221;{}&#8221; custom_padding__hover=&#8221;|||&#8221;][et_pb_image src=&#8221;https:\/\/demenagementpausecafe.ca\/wp-content\/uploads\/2017\/11\/dechargement-caisses-demenagement.jpg&#8221; align_tablet=&#8221;center&#8221; align_last_edited=&#8221;on|desktop&#8221; module_class=&#8221;mission-left-img-holder&#8221; _builder_version=&#8221;4.16&#8243; global_colors_info=&#8221;{}&#8221; align_phone=&#8221;center&#8221;]<br \/>\n[\/et_pb_image][\/et_pb_column][et_pb_column type=&#8221;1_2&#8243; _builder_version=&#8221;4.16&#8243; custom_padding=&#8221;|||&#8221; global_colors_info=&#8221;{}&#8221; custom_padding__hover=&#8221;|||&#8221;][et_pb_text module_class=&#8221;titreR&#8221; _builder_version=&#8221;4.20.2&#8243; text_font=&#8221;||||||||&#8221; hover_enabled=&#8221;0&#8243; global_colors_info=&#8221;{}&#8221; sticky_enabled=&#8221;0&#8243;]<\/p>\n<h2>Why Move to Saint-Laurent?<\/h2>\n<h3>Employment Opportunities and Proximity to Industrial Parks<\/h3>\n<p>Saint-Laurent is renowned for its economic dynamism and its many job opportunities. The city is <a href=\"https:\/\/demenagementpausecafe.ca\/en\/\">home<\/a> to several industrial parks where local and international companies are located. Whether you are looking for a job in high-tech, aerospace, pharmaceutical research or other sectors, Saint-Laurent offers a diversified job market. In addition, the proximity of Montr\u00e9al-Trudeau International Airport and downtown Montr\u00e9al makes it a strategic location for business.<\/p>\n<h3>Proximity to Services and Amenities<\/h3>\n<p>By moving to Saint-Laurent, you will benefit from the proximity of many amenities and services. The city has shopping malls, supermarkets, restaurants, health centers and quality educational institutions. You won&#8217;t have to travel long distances to access everything you need on a daily basis. In addition, well-developed public transport allows you to move around the area easily.<\/p>\n<h3>Cultural Diversity and Community Events<\/h3>\n<p>Saint-Laurent is renowned for its cultural diversity and community richness. By settling in this city, you will have the opportunity to meet people from different backgrounds and participate in cultural events and festivals. Saint-Laurent regularly hosts community events that bring residents together and promote intercultural exchange. You will quickly feel at home in this welcoming community.<\/p>\n<p>[\/et_pb_text][\/et_pb_column][\/et_pb_row][\/et_pb_section][et_pb_section fb_built=&#8221;1&#8243; _builder_version=&#8221;4.16&#8243; custom_margin=&#8221;|||&#8221; custom_padding=&#8221;0px||0px|&#8221; global_colors_info=&#8221;{}&#8221;][et_pb_row use_custom_gutter=&#8221;on&#8221; gutter_width=&#8221;1&#8243; make_equal=&#8221;on&#8221; module_class=&#8221; et_pb_row_fullwidth et_pb_row_fullwidth&#8221; _builder_version=&#8221;4.16&#8243; width=&#8221;100%&#8221; width_tablet=&#8221;100%&#8221; width_phone=&#8221;&#8221; width_last_edited=&#8221;on|desktop&#8221; max_width=&#8221;100%&#8221; max_width_tablet=&#8221;100%&#8221; max_width_phone=&#8221;&#8221; max_width_last_edited=&#8221;on|desktop&#8221; custom_padding=&#8221;0px||0px|&#8221; make_fullwidth=&#8221;on&#8221; global_colors_info=&#8221;{}&#8221; column_structure=&#8221;2_3,1_3&#8243;][et_pb_column type=&#8221;2_3&#8243; module_class=&#8221;padding3&#8243; _builder_version=&#8221;4.16&#8243; background_color=&#8221;#000000&#8243; custom_padding=&#8221;|||&#8221; global_colors_info=&#8221;{}&#8221; custom_padding__hover=&#8221;|||&#8221;][et_pb_text _builder_version=&#8221;4.20.2&#8243; text_font=&#8221;||||||||&#8221; background_layout=&#8221;dark&#8221; hover_enabled=&#8221;0&#8243; global_colors_info=&#8221;{}&#8221; sticky_enabled=&#8221;0&#8243;]<\/p>\n<h3>Parks and Green Spaces<\/h3>\n<p>Despite its location in an urban area, Saint-Laurent offers many parks and green spaces to enjoy nature. Residents can relax in well-maintained parks, cycle along bike paths, or enjoy a leisurely outdoor stroll. The parks also offer sports facilities for lovers of physical activities and playgrounds for children. The presence of the Rivi\u00e8re des Prairies adds a touch of tranquility to the <a href=\"https:\/\/demenagementpausecafe.ca\/en\/category\/environment-4-en\/\">environment<\/a>.<\/p>\n<h3>Easy Access to Public Transport<\/h3>\n<p>Saint-Laurent benefits from an excellent public transportation network, which makes it easy to get around the region. You can use buses, commuter trains and the metro to get to <a href=\"https:\/\/demenagementpausecafe.ca\/en\/category\/montreal-en\/\">Montreal<\/a> or other parts of the city. This allows you to get around without having to worry about traffic or parking. Easy access to public transportation is a major advantage for Saint-Laurent residents.<\/p>\n<h3>Quality Educational Institutions<\/h3>\n<p>If you have children, the quality of education is an important consideration when moving. Saint-Laurent is home to quality educational institutions, ranging from elementary schools to higher education institutions. Students can benefit from a solid education and many learning opportunities. In addition, Montreal&#8217;s proximity to universities and colleges offers world-class graduate options.<\/p>\n<p>&nbsp;<\/p>\n<p>[\/et_pb_text][\/et_pb_column][et_pb_column type=&#8221;1_3&#8243; _builder_version=&#8221;4.16&#8243; background_image=&#8221;https:\/\/demenagementpausecafe.ca\/wp-content\/uploads\/2017\/11\/emballage-demenagement.jpg&#8221; custom_padding=&#8221;|||&#8221; global_colors_info=&#8221;{}&#8221; custom_padding__hover=&#8221;|||&#8221;][\/et_pb_column][\/et_pb_row][\/et_pb_section][et_pb_section fb_built=&#8221;1&#8243; _builder_version=&#8221;4.16&#8243; global_colors_info=&#8221;{}&#8221;][et_pb_row _builder_version=&#8221;4.16&#8243; global_colors_info=&#8221;{}&#8221; column_structure=&#8221;1_2,1_2&#8243;][et_pb_column type=&#8221;1_2&#8243; _builder_version=&#8221;4.16&#8243; custom_padding=&#8221;|||&#8221; global_colors_info=&#8221;{}&#8221; custom_padding__hover=&#8221;|||&#8221;][et_pb_image src=&#8221;https:\/\/demenagementpausecafe.ca\/wp-content\/uploads\/2017\/11\/3.jpg&#8221; align_tablet=&#8221;center&#8221; align_last_edited=&#8221;on|desktop&#8221; _builder_version=&#8221;4.16&#8243; global_colors_info=&#8221;{}&#8221; align_phone=&#8221;center&#8221;]<br \/>\n[\/et_pb_image][\/et_pb_column][et_pb_column type=&#8221;1_2&#8243; _builder_version=&#8221;4.16&#8243; custom_padding=&#8221;|||&#8221; global_colors_info=&#8221;{}&#8221; custom_padding__hover=&#8221;|||&#8221;][et_pb_text module_class=&#8221;titreR&#8221; _builder_version=&#8221;4.16&#8243; text_font=&#8221;||||||||&#8221; global_colors_info=&#8221;{}&#8221;]<\/p>\n<h2>A team of Montreal movers at your service<\/h2>\n<p>With a strong team of qualified <a href=\"https:\/\/demenagementpausecafe.ca\/en\/movers-montreal-east-west-island\/\">movers<\/a> in Saint-Laurent \u2013 each of them is handpicked \u2013 we are able to offer you local or long-distance moving services according to your preferences. Our professional movers in Saint-Laurent are committed to your satisfaction and show meticulousness and delicacy when packing, transporting and unpacking goods. Our mission is to transport your goods safely with peace of mind, while offering you the most professional moving services in Saint-Laurent.<\/p>\n<p>We know how important each property and box is to you, and that&#8217;s why we handle objects with great care during moving, whether it&#8217;s a residential or <a href=\"https:\/\/demenagementpausecafe.ca\/en\/commercial-moving-montreal-east-west-island\/\">commercial move<\/a>.<\/p>\n<p>No matter how much and the nature of the goods you want to pack and transport (piano, work desk, pool table, etc.), we have the equipment, manpower and expertise to get your goods safely in one piece.<\/p>\n<p>[\/et_pb_text][\/et_pb_column][\/et_pb_row][\/et_pb_section][et_pb_section fb_built=&#8221;1&#8243; _builder_version=&#8221;4.16&#8243; global_colors_info=&#8221;{}&#8221;][et_pb_row _builder_version=&#8221;4.16&#8243; global_colors_info=&#8221;{}&#8221; column_structure=&#8221;1_2,1_2&#8243;][et_pb_column type=&#8221;1_2&#8243; _builder_version=&#8221;4.16&#8243; custom_padding=&#8221;|||&#8221; global_colors_info=&#8221;{}&#8221; custom_padding__hover=&#8221;|||&#8221;][et_pb_image src=&#8221;https:\/\/demenagementpausecafe.ca\/wp-content\/uploads\/2017\/11\/4.jpg&#8221; align_tablet=&#8221;center&#8221; align_last_edited=&#8221;on|desktop&#8221; _builder_version=&#8221;4.16&#8243; global_colors_info=&#8221;{}&#8221; align_phone=&#8221;center&#8221;]<br \/>\n[\/et_pb_image][\/et_pb_column][et_pb_column type=&#8221;1_2&#8243; _builder_version=&#8221;4.16&#8243; custom_padding=&#8221;|||&#8221; global_colors_info=&#8221;{}&#8221; custom_padding__hover=&#8221;|||&#8221;][et_pb_text module_class=&#8221;titreR&#8221; _builder_version=&#8221;4.20.2&#8243; text_font=&#8221;||||||||&#8221; hover_enabled=&#8221;0&#8243; global_colors_info=&#8221;{}&#8221; sticky_enabled=&#8221;0&#8243;]<\/p>\n<h2>Hassle-free moving Saint-Laurent<\/h2>\n<p>Thanks to our comprehensive insurance policy against breakage, damage and theft, you are assured of a hassle-free move to Saint-Laurent by dedicated professionals. To learn more about our services or to get your <a href=\"https:\/\/demenagementpausecafe.ca\/en\/estimation\/\">free quote<\/a>, please <a href=\"https:\/\/demenagementpausecafe.ca\/en\/contact-us\/\">contact us<\/a>. We serve the Saint-Laurent, Montreal East and Montreal West regions.<\/p>\n<h2>Tailor-made moving services<\/h2>\n<p>With many years of experience, our professional movers offer you personalized moving services according to your needs. So whether it&#8217;s a complete move that includes packing and unpacking your belongings, once you&#8217;re at your destination, or even transporting boxes that are already packed, our experts take care of your moving project from start to finish.<\/p>\n<p>[\/et_pb_text][\/et_pb_column][\/et_pb_row][\/et_pb_section][et_pb_section fb_built=&#8221;1&#8243; theme_builder_area=&#8221;post_content&#8221; _builder_version=&#8221;4.20.2&#8243; _module_preset=&#8221;default&#8221;][et_pb_row _builder_version=&#8221;4.20.2&#8243; _module_preset=&#8221;default&#8221; theme_builder_area=&#8221;post_content&#8221;][et_pb_column _builder_version=&#8221;4.20.2&#8243; _module_preset=&#8221;default&#8221; type=&#8221;4_4&#8243; theme_builder_area=&#8221;post_content&#8221;][et_pb_accordion _builder_version=&#8221;4.20.2&#8243; _module_preset=&#8221;default&#8221; theme_builder_area=&#8221;post_content&#8221; hover_enabled=&#8221;0&#8243; sticky_enabled=&#8221;0&#8243;][et_pb_accordion_item _builder_version=&#8221;4.20.2&#8243; _module_preset=&#8221;default&#8221; theme_builder_area=&#8221;post_content&#8221; title=&#8221;Are there parks for children in Saint-Laurent?&#8221; hover_enabled=&#8221;0&#8243; sticky_enabled=&#8221;0&#8243;]<\/p>\n<p>Yes, Saint-Laurent has several parks with children&#8217;s playgrounds. You can take your children to play in parks such as Parc Marcel-Laurin, Parc Beaudet or Parc Fr\u00e9d\u00e9ric-Back. These spaces offer equipment suitable for children of different ages.<\/p>\n<p>[\/et_pb_accordion_item][et_pb_accordion_item _builder_version=&#8221;4.20.2&#8243; _module_preset=&#8221;default&#8221; theme_builder_area=&#8221;post_content&#8221; title=&#8221;What are the options for accommodation in Saint-Laurent?&#8221; hover_enabled=&#8221;0&#8243; sticky_enabled=&#8221;0&#8243;]<\/p>\n<p>Saint-Laurent offers a variety of housing options, from single-family homes to apartments and condominiums. You can choose according to your needs and budget. It is recommended that you contact a local real estate agent for assistance in your search for housing in Saint-Laurent.<\/p>\n<p>[\/et_pb_accordion_item][et_pb_accordion_item _builder_version=&#8221;4.20.2&#8243; _module_preset=&#8221;default&#8221; theme_builder_area=&#8221;post_content&#8221; title=&#8221;What are the annual events in Saint-Laurent?&#8221; hover_enabled=&#8221;0&#8243; sticky_enabled=&#8221;0&#8243;]<\/p>\n<p>Saint-Laurent hosts several annual events, such as the Festival des Mille Couleurs, the F\u00eate nationale du Qu\u00e9bec, the Festival du Printemps de la Danse and the Festival de la Musique de Saint-Laurent. These events offer cultural, artistic and musical activities for all tastes.<\/p>\n<p>[\/et_pb_accordion_item][et_pb_accordion_item _builder_version=&#8221;4.20.2&#8243; _module_preset=&#8221;default&#8221; theme_builder_area=&#8221;post_content&#8221; title=&#8221;How is access to health services in Saint-Laurent?&#8221; hover_enabled=&#8221;0&#8243; sticky_enabled=&#8221;0&#8243;]<\/p>\n<p>Saint-Laurent has many health services, including medical clinics, hospitals and pharmacies. Residents have access to qualified health professionals and quality medical facilities close to home.<\/p>\n<p>[\/et_pb_accordion_item][et_pb_accordion_item _builder_version=&#8221;4.20.2&#8243; _module_preset=&#8221;default&#8221; theme_builder_area=&#8221;post_content&#8221; title=&#8221;What are the transport options in Saint-Laurent?&#8221; hover_enabled=&#8221;0&#8243; sticky_enabled=&#8221;0&#8243;]<\/p>\n<p>Saint-Laurent is well served by public transport. You can use the buses of the Soci\u00e9t\u00e9 de transport de Montr\u00e9al (STM) to get around the city and the metropolitan area. In addition, the presence of Montr\u00e9al-Trudeau International Airport facilitates travel to other destinations.<\/p>\n<p>[\/et_pb_accordion_item][\/et_pb_accordion][\/et_pb_column][\/et_pb_row][\/et_pb_section][et_pb_section fb_built=&#8221;1&#8243; _builder_version=&#8221;3.0.86&#8243; background_image=&#8221;https:\/\/demenagementpausecafe.ca\/wp-content\/uploads\/2017\/11\/great-moving-team-bg.jpg&#8221; global_module=&#8221;306&#8243; saved_tabs=&#8221;all&#8221; global_colors_info=&#8221;{}&#8221;][et_pb_row column_structure=&#8221;1_2,1_2&#8243; _builder_version=&#8221;4.16&#8243; global_colors_info=&#8221;{}&#8221;][et_pb_column type=&#8221;1_2&#8243; _builder_version=&#8221;4.16&#8243; custom_padding=&#8221;|||&#8221; global_colors_info=&#8221;{}&#8221; custom_padding__hover=&#8221;|||&#8221;][et_pb_text _builder_version=&#8221;4.16&#8243; text_font=&#8221;||||||||&#8221; background_layout=&#8221;dark&#8221; global_colors_info=&#8221;{}&#8221;]<\/p>\n<h2 class=\"p30\">free quote<\/h2>\n<p class=\"tel-jaune\"><b>(514) 569-8849<\/b> or <a class=\"et_pb_button et_pb_button_0 et_pb_module et_pb_bg_layout_light bas\" href=\"https:\/\/demenagementpausecafe.ca\/en\/estimation\/\">online<\/a><\/p>\n<p>[\/et_pb_text][\/et_pb_column][et_pb_column type=&#8221;1_2&#8243; _builder_version=&#8221;4.16&#8243; custom_padding=&#8221;|||&#8221; global_colors_info=&#8221;{}&#8221; custom_padding__hover=&#8221;|||&#8221;][\/et_pb_column][\/et_pb_row][\/et_pb_section]<\/p>\n<div style='text-align:left' class='yasr-auto-insert-visitor'><\/div>","protected":false},"excerpt":{"rendered":"<p>D\u00e9m\u00e9nagement saint-laurent Why Move to Saint-Laurent? Employment Opportunities and Proximity to Industrial Parks Saint-Laurent is renowned for its economic dynamism and its many job opportunities. The city is home to several industrial parks where local and international companies are located. Whether you are looking for a job in high-tech, aerospace, pharmaceutical research or other sectors, [&hellip;]<\/p>\n","protected":false},"author":2,"featured_media":0,"parent":0,"menu_order":0,"comment_status":"closed","ping_status":"closed","template":"","meta":{"_et_pb_use_builder":"on","_et_pb_old_content":"","_et_gb_content_width":"","yasr_overall_rating":0,"yasr_post_is_review":"","yasr_auto_insert_disabled":"","yasr_review_type":"Other","footnotes":""},"class_list":["post-2217","page","type-page","status-publish","hentry"],"yasr_visitor_votes":{"stars_attributes":{"read_only":false,"span_bottom":false},"number_of_votes":0,"sum_votes":0},"yoast_head":"<!-- This site is optimized with the Yoast SEO Premium plugin v15.0 - https:\/\/yoast.com\/wordpress\/plugins\/seo\/ -->\n<title>Moving St. Lawrence - D\u00e9m\u00e9nagement Pause Caf\u00e9<\/title>\n<meta name=\"description\" content=\"Cheap, reliable and efficient moving in Saint-Laurent, with the commercial and residential moving teams of coffee break\" \/>\n<meta name=\"robots\" content=\"index, follow, max-snippet:-1, max-image-preview:large, max-video-preview:-1\" \/>\n<link rel=\"canonical\" href=\"https:\/\/demenagementpausecafe.ca\/en\/moving-saint-laurent\/\" \/>\n<meta property=\"og:locale\" content=\"en_US\" \/>\n<meta property=\"og:type\" content=\"article\" \/>\n<meta property=\"og:title\" content=\"Moving St. Lawrence - D\u00e9m\u00e9nagement Pause Caf\u00e9\" \/>\n<meta property=\"og:description\" content=\"Cheap, reliable and efficient moving in Saint-Laurent, with the commercial and residential moving teams of coffee break\" \/>\n<meta property=\"og:url\" content=\"https:\/\/demenagementpausecafe.ca\/en\/moving-saint-laurent\/\" \/>\n<meta property=\"og:site_name\" content=\"D\u00e9m\u00e9nagement Pause Caf\u00e9\" \/>\n<meta property=\"article:modified_time\" content=\"2023-07-19T16:41:14+00:00\" \/>\n<meta name=\"twitter:card\" content=\"summary_large_image\" \/>\n<script type=\"application\/ld+json\" class=\"yoast-schema-graph\">{\"@context\":\"https:\/\/schema.org\",\"@graph\":[{\"@type\":\"WebSite\",\"@id\":\"https:\/\/demenagementpausecafe.ca\/en\/#website\",\"url\":\"https:\/\/demenagementpausecafe.ca\/en\/\",\"name\":\"D\\u00e9m\\u00e9nagement Pause Caf\\u00e9\",\"description\":\"\",\"potentialAction\":[{\"@type\":\"SearchAction\",\"target\":\"https:\/\/demenagementpausecafe.ca\/en\/?s={search_term_string}\",\"query-input\":\"required name=search_term_string\"}],\"inLanguage\":\"en-US\"},{\"@type\":\"WebPage\",\"@id\":\"https:\/\/demenagementpausecafe.ca\/en\/moving-saint-laurent\/#webpage\",\"url\":\"https:\/\/demenagementpausecafe.ca\/en\/moving-saint-laurent\/\",\"name\":\"Moving St. Lawrence - D\\u00e9m\\u00e9nagement Pause Caf\\u00e9\",\"isPartOf\":{\"@id\":\"https:\/\/demenagementpausecafe.ca\/en\/#website\"},\"datePublished\":\"2018-01-09T21:11:02+00:00\",\"dateModified\":\"2023-07-19T16:41:14+00:00\",\"description\":\"Cheap, reliable and efficient moving in Saint-Laurent, with the commercial and residential moving teams of coffee break\",\"inLanguage\":\"en-US\",\"potentialAction\":[{\"@type\":\"ReadAction\",\"target\":[\"https:\/\/demenagementpausecafe.ca\/en\/moving-saint-laurent\/\"]}]}]}<\/script>\n<!-- \/ Yoast SEO Premium plugin. -->","_links":{"self":[{"href":"https:\/\/demenagementpausecafe.ca\/en\/wp-json\/wp\/v2\/pages\/2217","targetHints":{"allow":["GET"]}}],"collection":[{"href":"https:\/\/demenagementpausecafe.ca\/en\/wp-json\/wp\/v2\/pages"}],"about":[{"href":"https:\/\/demenagementpausecafe.ca\/en\/wp-json\/wp\/v2\/types\/page"}],"author":[{"embeddable":true,"href":"https:\/\/demenagementpausecafe.ca\/en\/wp-json\/wp\/v2\/users\/2"}],"replies":[{"embeddable":true,"href":"https:\/\/demenagementpausecafe.ca\/en\/wp-json\/wp\/v2\/comments?post=2217"}],"version-history":[{"count":5,"href":"https:\/\/demenagementpausecafe.ca\/en\/wp-json\/wp\/v2\/pages\/2217\/revisions"}],"predecessor-version":[{"id":3953,"href":"https:\/\/demenagementpausecafe.ca\/en\/wp-json\/wp\/v2\/pages\/2217\/revisions\/3953"}],"wp:attachment":[{"href":"https:\/\/demenagementpausecafe.ca\/en\/wp-json\/wp\/v2\/media?parent=2217"}],"curies":[{"name":"wp","href":"https:\/\/api.w.org\/{rel}","templated":true}]}}