{"id":2254,"date":"2019-08-15T16:49:22","date_gmt":"2019-08-15T20:49:22","guid":{"rendered":"https:\/\/demenagementpausecafe.ca\/?page_id=2254"},"modified":"2019-10-28T15:19:14","modified_gmt":"2019-10-28T19:19:14","slug":"sitemap","status":"publish","type":"page","link":"https:\/\/demenagementpausecafe.ca\/en\/sitemap\/","title":{"rendered":"Sitemap"},"content":{"rendered":"<div id=\"simple-sitemap-container-69d5b50244fb5\" class=\"simple-sitemap-container simple-sitemap-container-69d5b50244fb5 tab-disabled\"><div class=\"simple-sitemap-wrap\"><h3 class=\"post-type\">Pages<\/h3><ul class=\"simple-sitemap-page main\"><li class=\"sitemap-item page_item page-item-893\"><a href=\"https:\/\/demenagementpausecafe.ca\/en\/furniture-assembly-montreal-east-west-island\/\">Assembling furniture<\/a><\/li>\n<li class=\"sitemap-item page_item page-item-1973\"><a href=\"https:\/\/demenagementpausecafe.ca\/en\/moving-blainville\/\">Blainville Move<\/a><\/li>\n<li class=\"sitemap-item page_item page-item-1931\"><a href=\"https:\/\/demenagementpausecafe.ca\/en\/blog\/\">Blog<\/a><\/li>\n<li class=\"sitemap-item page_item page-item-2782\"><a href=\"https:\/\/demenagementpausecafe.ca\/en\/cheap-move\/\">Cheap move<\/a><\/li>\n<li class=\"sitemap-item page_item page-item-1944\"><a href=\"https:\/\/demenagementpausecafe.ca\/en\/cities\/\">Cities<\/a><\/li>\n<li class=\"sitemap-item page_item page-item-771\"><a href=\"https:\/\/demenagementpausecafe.ca\/en\/commercial-moving-montreal-east-west-island\/\">Commercial moving<\/a><\/li>\n<li class=\"sitemap-item page_item page-item-946\"><a href=\"https:\/\/demenagementpausecafe.ca\/en\/contact-us\/\">Contact us<\/a><\/li>\n<li class=\"sitemap-item page_item page-item-4003\"><a href=\"https:\/\/demenagementpausecafe.ca\/en\/cookies-policy-ca\/\">Cookies Policy (CA)<\/a><\/li>\n<li class=\"sitemap-item page_item page-item-768\"><a href=\"https:\/\/demenagementpausecafe.ca\/en\/long-distance-moving-montreal-east-west-island\/\">D\u00e9m\u00e9nagement longue distance<\/a><\/li>\n<li class=\"sitemap-item page_item page-item-959\"><a href=\"https:\/\/demenagementpausecafe.ca\/en\/estimation\/\">Free Quote<\/a><\/li>\n<li class=\"sitemap-item page_item page-item-2088\"><a href=\"https:\/\/demenagementpausecafe.ca\/en\/moving-lachine\/\">Lachine Move<\/a><\/li>\n<li class=\"sitemap-item page_item page-item-2123\"><a href=\"https:\/\/demenagementpausecafe.ca\/en\/moving-mirabel\/\">Mirabel Move<\/a><\/li>\n<li class=\"sitemap-item page_item page-item-753\"><a href=\"https:\/\/demenagementpausecafe.ca\/en\/movers-montreal-east-west-island\/\">Movers<\/a><\/li>\n<li class=\"sitemap-item page_item page-item-1934\"><a href=\"https:\/\/demenagementpausecafe.ca\/en\/moving-ahuntsic\/\">Moving Ahuntsic<\/a><\/li>\n<li class=\"sitemap-item page_item page-item-1951\"><a href=\"https:\/\/demenagementpausecafe.ca\/en\/moving-anjou\/\">Moving Anjou<\/a><\/li>\n<li class=\"sitemap-item page_item page-item-1958\"><a href=\"https:\/\/demenagementpausecafe.ca\/en\/moving-beaconsfield\/\">Moving Beaconsfield<\/a><\/li>\n<li class=\"sitemap-item page_item page-item-1965\"><a href=\"https:\/\/demenagementpausecafe.ca\/en\/moving-beloeil\/\">Moving Beloeil<\/a><\/li>\n<li class=\"sitemap-item page_item page-item-1979\"><a href=\"https:\/\/demenagementpausecafe.ca\/en\/moving-boisbriand\/\">Moving Boisbriand<\/a><\/li>\n<li class=\"sitemap-item page_item page-item-1985\"><a href=\"https:\/\/demenagementpausecafe.ca\/en\/moving-boucherville\/\">Moving Boucherville<\/a><\/li>\n<li class=\"sitemap-item page_item page-item-1993\"><a href=\"https:\/\/demenagementpausecafe.ca\/en\/votre-compagnie-de-demenagement-a-brossard\/\">Moving Brossard<\/a><\/li>\n<li class=\"sitemap-item page_item page-item-2001\"><a href=\"https:\/\/demenagementpausecafe.ca\/en\/moving-candiac\/\">Moving Candiac<\/a><\/li>\n<li class=\"sitemap-item page_item page-item-2008\"><a href=\"https:\/\/demenagementpausecafe.ca\/en\/moving-cartierville\/\">Moving Cartierville<\/a><\/li>\n<li class=\"sitemap-item page_item page-item-2013\"><a href=\"https:\/\/demenagementpausecafe.ca\/en\/moving-chambly\/\">Moving Chambly<\/a><\/li>\n<li class=\"sitemap-item page_item page-item-2019\"><a href=\"https:\/\/demenagementpausecafe.ca\/en\/moving-chateauguay\/\">Moving Chateauguay<\/a><\/li>\n<li class=\"sitemap-item page_item page-item-3350\"><a href=\"https:\/\/demenagementpausecafe.ca\/en\/moving-coffee-break-in-montreal\/\">Moving Coffee Break in Montreal<\/a><\/li>\n<li class=\"sitemap-item page_item page-item-763\"><a href=\"https:\/\/demenagementpausecafe.ca\/en\/moving-company-montreal-east-west-island\/\">Moving Company<\/a><\/li>\n<li class=\"sitemap-item page_item page-item-2024\"><a href=\"https:\/\/demenagementpausecafe.ca\/en\/moving-cote-des-neige\/\">Moving C\u00f4te-des-Neige<\/a><\/li>\n<li class=\"sitemap-item page_item page-item-2031\"><a href=\"https:\/\/demenagementpausecafe.ca\/en\/moving-cote-saint-luc\/\">Moving C\u00f4te-Saint-Luc<\/a><\/li>\n<li class=\"sitemap-item page_item page-item-2036\"><a href=\"https:\/\/demenagementpausecafe.ca\/en\/moving-deux-montagnes\/\">Moving Deux-Montagnes<\/a><\/li>\n<li class=\"sitemap-item page_item page-item-2043\"><a href=\"https:\/\/demenagementpausecafe.ca\/en\/moving-dollard-des-ormeaux\/\">Moving Dollard-des-Ormeaux<\/a><\/li>\n<li class=\"sitemap-item page_item page-item-2048\"><a href=\"https:\/\/demenagementpausecafe.ca\/en\/moving-dorval\/\">Moving Dorval<\/a><\/li>\n<li class=\"sitemap-item page_item page-item-2768\"><a href=\"https:\/\/demenagementpausecafe.ca\/en\/moving-for-seniors-and-students\/\">Moving for seniors and students<\/a><\/li>\n<li class=\"sitemap-item page_item page-item-2053\"><a href=\"https:\/\/demenagementpausecafe.ca\/en\/moving-hampsted\/\">Moving Hampsted<\/a><\/li>\n<li class=\"sitemap-item page_item page-item-2059\"><a href=\"https:\/\/demenagementpausecafe.ca\/en\/moving-hochelaga-maisonneuve\/\">Moving Hochelaga-Maisonneuve<\/a><\/li>\n<li class=\"sitemap-item page_item page-item-2071\"><a href=\"https:\/\/demenagementpausecafe.ca\/en\/moving-hudson\/\">Moving Hudson<\/a><\/li>\n<li class=\"sitemap-item page_item page-item-2083\"><a href=\"https:\/\/demenagementpausecafe.ca\/en\/moving-kirkland\/\">Moving Kirkland<\/a><\/li>\n<li class=\"sitemap-item page_item page-item-2095\"><a href=\"https:\/\/demenagementpausecafe.ca\/en\/moving-lasalle\/\">Moving Lasalle<\/a><\/li>\n<li class=\"sitemap-item page_item page-item-2103\"><a href=\"https:\/\/demenagementpausecafe.ca\/en\/moving-laval\/\">Moving Laval<\/a><\/li>\n<li class=\"sitemap-item page_item page-item-2108\"><a href=\"https:\/\/demenagementpausecafe.ca\/en\/moving-lassomption\/\">Moving L\u2019assomption<\/a><\/li>\n<li class=\"sitemap-item page_item page-item-2114\"><a href=\"https:\/\/demenagementpausecafe.ca\/en\/moving-mascouche\/\">Moving Mascouche<\/a><\/li>\n<li class=\"sitemap-item page_item page-item-1632\"><a href=\"https:\/\/demenagementpausecafe.ca\/en\/moving-mercier\/\">Moving Mercier<\/a><\/li>\n<li class=\"sitemap-item page_item page-item-624\"><a href=\"https:\/\/demenagementpausecafe.ca\/en\/\">Moving Montreal Break Caf\u00e9 - Home<\/a><\/li>\n<li class=\"sitemap-item page_item page-item-2188\"><a href=\"https:\/\/demenagementpausecafe.ca\/en\/moving-rive-nord\/\">Moving North Shore<\/a><\/li>\n<li class=\"sitemap-item page_item page-item-2784\"><a href=\"https:\/\/demenagementpausecafe.ca\/en\/moving-notre-dame-de-grace\/\">Moving Notre-Dame-de-Gr\u00e2ce<\/a><\/li>\n<li class=\"sitemap-item page_item page-item-2125\"><a href=\"https:\/\/demenagementpausecafe.ca\/en\/moving-outremont\/\">Moving Outremont<\/a><\/li>\n<li class=\"sitemap-item page_item page-item-2126\"><a href=\"https:\/\/demenagementpausecafe.ca\/en\/moving-parc-extension\/\">Moving Park-Extension<\/a><\/li>\n<li class=\"sitemap-item page_item page-item-2145\"><a href=\"https:\/\/demenagementpausecafe.ca\/en\/moving-plateau-mont-royal\/\">Moving Plateau-Mont-Royal<\/a><\/li>\n<li class=\"sitemap-item page_item page-item-2146\"><a href=\"https:\/\/demenagementpausecafe.ca\/en\/moving-pointe-saint-charles\/\">Moving Pointe Saint-Charles<\/a><\/li>\n<li class=\"sitemap-item page_item page-item-2161\"><a href=\"https:\/\/demenagementpausecafe.ca\/en\/moving-pointe-aux-trembles\/\">Moving Pointe-aux-Trembles<\/a><\/li>\n<li class=\"sitemap-item page_item page-item-2162\"><a href=\"https:\/\/demenagementpausecafe.ca\/en\/moving-pointe-claire\/\">Moving Pointe-Claire<\/a><\/li>\n<li class=\"sitemap-item page_item page-item-881\"><a href=\"https:\/\/demenagementpausecafe.ca\/en\/pool-table-moving-montreal-east-west-island\/\">Moving pool table<\/a><\/li>\n<li class=\"sitemap-item page_item page-item-869\"><a href=\"https:\/\/demenagementpausecafe.ca\/en\/piano-moving-montreal-east-west-island\/\">Moving pool tables and Piano<\/a><\/li>\n<li class=\"sitemap-item page_item page-item-2163\"><a href=\"https:\/\/demenagementpausecafe.ca\/en\/moving-prevost\/\">Moving Pr\u00e9vost<\/a><\/li>\n<li class=\"sitemap-item page_item page-item-2164\"><a href=\"https:\/\/demenagementpausecafe.ca\/en\/moving-repentigny\/\">Moving Repentigny<\/a><\/li>\n<li class=\"sitemap-item page_item page-item-2191\"><a href=\"https:\/\/demenagementpausecafe.ca\/en\/moving-riviere-des-prairies\/\">Moving Rivi\u00e8re-des-Prairies<\/a><\/li>\n<li class=\"sitemap-item page_item page-item-2192\"><a href=\"https:\/\/demenagementpausecafe.ca\/en\/moving-rosemont\/\">Moving Rosemont<\/a><\/li>\n<li class=\"sitemap-item page_item page-item-2219\"><a href=\"https:\/\/demenagementpausecafe.ca\/en\/moving-saint-michel\/\">Moving Saint-Michel<\/a><\/li>\n<li class=\"sitemap-item page_item page-item-2220\"><a href=\"https:\/\/demenagementpausecafe.ca\/en\/moving-saint-sauveur\/\">Moving Saint-Sauveur<\/a><\/li>\n<li class=\"sitemap-item page_item page-item-2215\"><a href=\"https:\/\/demenagementpausecafe.ca\/en\/moving-saint-eustache\/\">Moving St. Eustache<\/a><\/li>\n<li class=\"sitemap-item page_item page-item-2216\"><a href=\"https:\/\/demenagementpausecafe.ca\/en\/moving-saint-jerome\/\">Moving St. Jerome<\/a><\/li>\n<li class=\"sitemap-item page_item page-item-2217\"><a href=\"https:\/\/demenagementpausecafe.ca\/en\/moving-saint-laurent\/\">Moving St. Lawrence<\/a><\/li>\n<li class=\"sitemap-item page_item page-item-2218\"><a href=\"https:\/\/demenagementpausecafe.ca\/en\/moving-saint-leonard\/\">Moving St. Leonard<\/a><\/li>\n<li class=\"sitemap-item page_item page-item-2773\"><a href=\"https:\/\/demenagementpausecafe.ca\/en\/moving-st-therese\/\">Moving St. Therese<\/a><\/li>\n<li class=\"sitemap-item page_item page-item-2266\"><a href=\"https:\/\/demenagementpausecafe.ca\/en\/moving-terrebonne\/\">Moving Terrebonne<\/a><\/li>\n<li class=\"sitemap-item page_item page-item-2272\"><a href=\"https:\/\/demenagementpausecafe.ca\/en\/moving-varennes\/\">Moving Varennes<\/a><\/li>\n<li class=\"sitemap-item page_item page-item-2775\"><a href=\"https:\/\/demenagementpausecafe.ca\/en\/moving-verdun\/\">Moving Verdun<\/a><\/li>\n<li class=\"sitemap-item page_item page-item-2274\"><a href=\"https:\/\/demenagementpausecafe.ca\/en\/moving-ville-marie\/\">Moving Ville-Marie<\/a><\/li>\n<li class=\"sitemap-item page_item page-item-2276\"><a href=\"https:\/\/demenagementpausecafe.ca\/en\/moving-villerai\/\">Moving Villerai<\/a><\/li>\n<li class=\"sitemap-item page_item page-item-2275\"><a href=\"https:\/\/demenagementpausecafe.ca\/en\/moving-westmount\/\">Moving Westmount<\/a><\/li>\n<li class=\"sitemap-item page_item page-item-923\"><a href=\"https:\/\/demenagementpausecafe.ca\/en\/our-prices\/\">Our prices<\/a><\/li>\n<li class=\"sitemap-item page_item page-item-2144\"><a href=\"https:\/\/demenagementpausecafe.ca\/en\/moving-pierrefonds\/\">Pierrefonds Moving<\/a><\/li>\n<li class=\"sitemap-item page_item page-item-733\"><a href=\"https:\/\/demenagementpausecafe.ca\/en\/moving-montreal-east-west-island\/\">Residential move<\/a><\/li>\n<li class=\"sitemap-item page_item page-item-2124\"><a href=\"https:\/\/demenagementpausecafe.ca\/en\/moving-montreal\/\">Services<\/a><\/li>\n<li class=\"sitemap-item page_item page-item-2254\"><a href=\"https:\/\/demenagementpausecafe.ca\/en\/sitemap\/\">Sitemap<\/a><\/li>\n<li class=\"sitemap-item page_item page-item-2190\"><a href=\"https:\/\/demenagementpausecafe.ca\/en\/moving-rive-sud\/\">South Shore Moving Company<\/a><\/li>\n<li class=\"sitemap-item page_item page-item-916\"><a href=\"https:\/\/demenagementpausecafe.ca\/en\/testimonials\/\">Testimonials<\/a><\/li>\n<li class=\"sitemap-item page_item page-item-2273\"><a href=\"https:\/\/demenagementpausecafe.ca\/en\/moving-vaudreuil-dorion\/\">Vaudreuil-Dorion Move<\/a><\/li>\n<li class=\"sitemap-item page_item page-item-2257\"><a href=\"https:\/\/demenagementpausecafe.ca\/en\/work-with-an-seo-agency-for-its-web-referencing\/\">Work with an SEO agency for its web referencing<\/a><\/li>\n<\/ul><\/div><\/div><br style=\"clear: both;\">\n<div style='text-align:left' class='yasr-auto-insert-visitor'><\/div>","protected":false},"excerpt":{"rendered":"","protected":false},"author":2,"featured_media":0,"parent":0,"menu_order":0,"comment_status":"closed","ping_status":"closed","template":"","meta":{"_et_pb_use_builder":"off","_et_pb_old_content":"<ul>\r\n \t<li><a href=\"https:\/\/demenagementpausecafe.ca\/\">Accueil<\/a><\/li>\r\n \t<li><a href=\"https:\/\/demenagementpausecafe.ca\/demenagement-montreal\">D\u00e9m\u00e9nagement<\/a><\/li>\r\n \t<li><a href=\"https:\/\/demenagementpausecafe.ca\/villes\/\">Villes<\/a><\/li>\r\n \t<li><a href=\"https:\/\/demenagementpausecafe.ca\/demenagement-montreal-est-ouest\/\">D\u00e9m\u00e9nagement<\/a><\/li>\r\n \t<li><a href=\"https:\/\/demenagementpausecafe.ca\/demenageurs-montreal-est-ouest\/\">D\u00e9m\u00e9nageur<\/a><\/li>\r\n \t<li><a href=\"https:\/\/demenagementpausecafe.ca\/compagnie-de-demenagement-montreal-est-ouest\/\">Compagnie de d\u00e9m\u00e9nagement<\/a><\/li>\r\n \t<li><a href=\"https:\/\/demenagementpausecafe.ca\/demenagement-longue-distance-montreal-est-ouest\/\">D\u00e9m\u00e9nagement longue distance<\/a><\/li>\r\n \t<li><a href=\"https:\/\/demenagementpausecafe.ca\/demenagement-commercial-montreal-est-ouest\/\">D\u00e9m\u00e9nagement commercial<\/a><\/li>\r\n \t<li><a href=\"https:\/\/demenagementpausecafe.ca\/demenagement-piano-montreal-est-ouest\/\">D\u00e9m\u00e9nagement de piano<\/a><\/li>\r\n \t<li><a href=\"https:\/\/demenagementpausecafe.ca\/demenagement-table-de-billard-montreal-est-ouest\/\">D\u00e9m\u00e9nagement table de billard<\/a><\/li>\r\n \t<li><a href=\"https:\/\/demenagementpausecafe.ca\/assemblage-meubles-montreal-est-ouest\/\">Assemblage des meubles<\/a><\/li>\r\n \t<li><a href=\"https:\/\/demenagementpausecafe.ca\/temoignages\/\">T\u00e9moignages<\/a><\/li>\r\n<\/ul>\r\n<ul>\r\n \t<li><a href=\"https:\/\/demenagementpausecafe.ca\/prix\/\">Nos prix<\/a><\/li>\r\n \t<li><a href=\"https:\/\/demenagementpausecafe.ca\/contact\/\">Contact<\/a><\/li>\r\n<\/ul>\r\n<ul>\r\n \t<li><a href=\"https:\/\/demenagementpausecafe.ca\/\">D\u00e9m\u00e9nagement Montr\u00e9al<\/a><\/li>\r\n \t<li><a href=\"https:\/\/demenagementpausecafe.ca\/demenagement-ahuntsic\">D\u00e9m\u00e9nagement Ahuntsic<\/a><\/li>\r\n \t<li><a href=\"https:\/\/demenagementpausecafe.ca\/demenagement-anjou\">D\u00e9m\u00e9nagement Anjou<\/a><\/li>\r\n \t<li><a href=\"https:\/\/demenagementpausecafe.ca\/demenagement-beaconsfield\">D\u00e9m\u00e9nagement Beaconsfield<\/a><\/li>\r\n \t<li><a href=\"https:\/\/demenagementpausecafe.ca\/demenagement-cartierville\">D\u00e9m\u00e9nagement Cartierville<\/a><\/li>\r\n \t<li><a href=\"https:\/\/demenagementpausecafe.ca\/demenagement-mercier\">D\u00e9m\u00e9nagement Mercier<\/a><\/li>\r\n \t<li><a href=\"https:\/\/demenagementpausecafe.ca\/demenagement-cote-des-neige\">D\u00e9m\u00e9nagement C\u00f4te-des -Neige<\/a><\/li>\r\n \t<li><a href=\"https:\/\/demenagementpausecafe.ca\/demenagement-cote-saint-luc\">D\u00e9m\u00e9nagement C\u00f4te-Saint-Luc<\/a><\/li>\r\n \t<li><a href=\"https:\/\/demenagementpausecafe.ca\/demenagement-dollard-des-ormeaux\">D\u00e9m\u00e9nagement Dollard-des-Ormeaux<\/a><\/li>\r\n \t<li><a href=\"https:\/\/demenagementpausecafe.ca\/demenagement-dorval\">D\u00e9m\u00e9nagement Dorval<\/a><\/li>\r\n \t<li><a href=\"https:\/\/demenagementpausecafe.ca\/demenagement-hampsted\">D\u00e9m\u00e9nagement Hampsted<\/a><\/li>\r\n \t<li><a href=\"https:\/\/demenagementpausecafe.ca\/demenagement-hochelaga-maisonneuve\">D\u00e9m\u00e9nagement Hochelaga-Maisonneuve<\/a><\/li>\r\n \t<li><a href=\"https:\/\/demenagementpausecafe.ca\/demenagement-hudson\">D\u00e9m\u00e9nagement Hudson<\/a><\/li>\r\n \t<li><a href=\"https:\/\/demenagementpausecafe.ca\/demenagement-kirkland\">D\u00e9m\u00e9nagement Kirkland<\/a><\/li>\r\n \t<li><a href=\"https:\/\/demenagementpausecafe.ca\/demenagement-lachine\">D\u00e9m\u00e9nagement Lachine<\/a><\/li>\r\n \t<li><a href=\"https:\/\/demenagementpausecafe.ca\/demenagement-lasalle\">D\u00e9m\u00e9nagement Lasalle<\/a><\/li>\r\n \t<li><a href=\"https:\/\/demenagementpausecafe.ca\/demenagement-mercier\">D\u00e9m\u00e9nagement Mercier<\/a><\/li>\r\n \t<li><a href=\"https:\/\/demenagementpausecafe.ca\/demenagement-notre-dame-de-grace\">D\u00e9m\u00e9nagement Notre-Dame-de-Gr\u00e2ce<\/a><\/li>\r\n \t<li><a href=\"https:\/\/demenagementpausecafe.ca\/demenagement-outremont\">D\u00e9m\u00e9nagement Outremont<\/a><\/li>\r\n \t<li><a href=\"https:\/\/demenagementpausecafe.ca\/demenagement-parc-extension\">D\u00e9m\u00e9nagement Parc-Extension<\/a><\/li>\r\n \t<li><a href=\"https:\/\/demenagementpausecafe.ca\/demenagement-pierrefonds\">D\u00e9m\u00e9nagement Pierrefonds<\/a><\/li>\r\n \t<li><a href=\"https:\/\/demenagementpausecafe.ca\/demenagement-plateau-mont-royal\">D\u00e9m\u00e9nagement Plateau Mont-Royal<\/a><\/li>\r\n \t<li><a href=\"https:\/\/demenagementpausecafe.ca\/demenagement-pointe-saint-charles\">D\u00e9m\u00e9nagement Pointe Saint-Charles<\/a><\/li>\r\n \t<li><a href=\"https:\/\/demenagementpausecafe.ca\/demenagement-pointe-aux-trembles\">D\u00e9m\u00e9nagement Pointe-aux-Trembles<\/a><\/li>\r\n \t<li><a href=\"https:\/\/demenagementpausecafe.ca\/demenagement-riviere-des-prairies\">D\u00e9m\u00e9nagement Rivi\u00e8re-des-Prairies<\/a><\/li>\r\n \t<li><a href=\"https:\/\/demenagementpausecafe.ca\/demenagement-rosemont\">D\u00e9m\u00e9nagement Rosemont<\/a><\/li>\r\n \t<li><a href=\"https:\/\/demenagementpausecafe.ca\/demenagement-saint-michel\">D\u00e9m\u00e9nagement Saint-Michel<\/a><\/li>\r\n \t<li><a href=\"https:\/\/demenagementpausecafe.ca\/demenagement-saint-laurent\">D\u00e9m\u00e9nagement Saint-Laurent<\/a><\/li>\r\n \t<li><a href=\"https:\/\/demenagementpausecafe.ca\/demenagement-saint-leonard\">D\u00e9m\u00e9nagement Saint L\u00e9onard<\/a><\/li>\r\n \t<li><a href=\"https:\/\/demenagementpausecafe.ca\/demenagement-vaudreuil-dorion\">D\u00e9m\u00e9nagement Vaudreuil-Dorion<\/a><\/li>\r\n \t<li><a href=\"https:\/\/demenagementpausecafe.ca\/demenagement-verdun\">D\u00e9m\u00e9nagement Verdun<\/a><\/li>\r\n \t<li><a href=\"https:\/\/demenagementpausecafe.ca\/demenagement-ville-marie\">D\u00e9m\u00e9nagement Ville-Marie<\/a><\/li>\r\n \t<li><a href=\"https:\/\/demenagementpausecafe.ca\/demenagement-villerai\">D\u00e9m\u00e9nagement Villerai<\/a><\/li>\r\n \t<li><a href=\"https:\/\/demenagementpausecafe.ca\/demenagement-westmount\">D\u00e9m\u00e9nagement Westmount<\/a><\/li>\r\n<\/ul>\r\nPARTENAIRES\r\n\r\n\u00a0\r\n<ul>\r\n \t<li><a href=\"http:\/\/blackcatseo.ca\">SEO Montreal<\/a><\/li>\r\n<\/ul>\r\n\u00a0","_et_gb_content_width":"","yasr_overall_rating":0,"yasr_post_is_review":"","yasr_auto_insert_disabled":"","yasr_review_type":"Other","footnotes":""},"class_list":["post-2254","page","type-page","status-publish","hentry"],"yasr_visitor_votes":{"stars_attributes":{"read_only":false,"span_bottom":false},"number_of_votes":0,"sum_votes":0},"yoast_head":"<!-- This site is optimized with the Yoast SEO Premium plugin v15.0 - https:\/\/yoast.com\/wordpress\/plugins\/seo\/ -->\n<title>Sitemap - D\u00e9m\u00e9nagement Pause Caf\u00e9<\/title>\n<meta name=\"description\" content=\"PagesAssembling furniture Blainville Move Blog Cheap move Cities Commercial moving Contact us Cookies Policy (CA) D\u00e9m\u00e9nagement longue distance Free Quote Lachine Move Mirabel Move Movers Moving Ahuntsic Moving Anjou Moving Beaconsfield Moving Beloe\" \/>\n<meta name=\"robots\" content=\"index, follow, max-snippet:-1, max-image-preview:large, max-video-preview:-1\" \/>\n<link rel=\"canonical\" href=\"https:\/\/demenagementpausecafe.ca\/en\/sitemap\/\" \/>\n<meta property=\"og:locale\" content=\"en_US\" \/>\n<meta property=\"og:type\" content=\"article\" \/>\n<meta property=\"og:title\" content=\"Sitemap - D\u00e9m\u00e9nagement Pause Caf\u00e9\" \/>\n<meta property=\"og:url\" content=\"https:\/\/demenagementpausecafe.ca\/en\/sitemap\/\" \/>\n<meta property=\"og:site_name\" content=\"D\u00e9m\u00e9nagement Pause Caf\u00e9\" \/>\n<meta property=\"article:modified_time\" content=\"2019-10-28T19:19:14+00:00\" \/>\n<meta name=\"twitter:card\" content=\"summary_large_image\" \/>\n<script type=\"application\/ld+json\" class=\"yoast-schema-graph\">{\"@context\":\"https:\/\/schema.org\",\"@graph\":[{\"@type\":\"WebSite\",\"@id\":\"https:\/\/demenagementpausecafe.ca\/en\/#website\",\"url\":\"https:\/\/demenagementpausecafe.ca\/en\/\",\"name\":\"D\\u00e9m\\u00e9nagement Pause Caf\\u00e9\",\"description\":\"\",\"potentialAction\":[{\"@type\":\"SearchAction\",\"target\":\"https:\/\/demenagementpausecafe.ca\/en\/?s={search_term_string}\",\"query-input\":\"required name=search_term_string\"}],\"inLanguage\":\"en-US\"},{\"@type\":\"WebPage\",\"@id\":\"https:\/\/demenagementpausecafe.ca\/en\/sitemap\/#webpage\",\"url\":\"https:\/\/demenagementpausecafe.ca\/en\/sitemap\/\",\"name\":\"Sitemap - D\\u00e9m\\u00e9nagement Pause Caf\\u00e9\",\"isPartOf\":{\"@id\":\"https:\/\/demenagementpausecafe.ca\/en\/#website\"},\"datePublished\":\"2019-08-15T20:49:22+00:00\",\"dateModified\":\"2019-10-28T19:19:14+00:00\",\"inLanguage\":\"en-US\",\"potentialAction\":[{\"@type\":\"ReadAction\",\"target\":[\"https:\/\/demenagementpausecafe.ca\/en\/sitemap\/\"]}]}]}<\/script>\n<!-- \/ Yoast SEO Premium plugin. -->","_links":{"self":[{"href":"https:\/\/demenagementpausecafe.ca\/en\/wp-json\/wp\/v2\/pages\/2254","targetHints":{"allow":["GET"]}}],"collection":[{"href":"https:\/\/demenagementpausecafe.ca\/en\/wp-json\/wp\/v2\/pages"}],"about":[{"href":"https:\/\/demenagementpausecafe.ca\/en\/wp-json\/wp\/v2\/types\/page"}],"author":[{"embeddable":true,"href":"https:\/\/demenagementpausecafe.ca\/en\/wp-json\/wp\/v2\/users\/2"}],"replies":[{"embeddable":true,"href":"https:\/\/demenagementpausecafe.ca\/en\/wp-json\/wp\/v2\/comments?post=2254"}],"version-history":[{"count":3,"href":"https:\/\/demenagementpausecafe.ca\/en\/wp-json\/wp\/v2\/pages\/2254\/revisions"}],"predecessor-version":[{"id":2528,"href":"https:\/\/demenagementpausecafe.ca\/en\/wp-json\/wp\/v2\/pages\/2254\/revisions\/2528"}],"wp:attachment":[{"href":"https:\/\/demenagementpausecafe.ca\/en\/wp-json\/wp\/v2\/media?parent=2254"}],"curies":[{"name":"wp","href":"https:\/\/api.w.org\/{rel}","templated":true}]}}