{"id":2266,"date":"2019-01-21T18:18:20","date_gmt":"2019-01-21T23:18:20","guid":{"rendered":"https:\/\/demenagementpausecafe.ca\/demenagement-terrebonne\/"},"modified":"2023-07-19T13:07:02","modified_gmt":"2023-07-19T17:07:02","slug":"moving-terrebonne","status":"publish","type":"page","link":"https:\/\/demenagementpausecafe.ca\/en\/moving-terrebonne\/","title":{"rendered":"Moving Terrebonne"},"content":{"rendered":"<p>[et_pb_section fb_built=&#8221;1&#8243; _builder_version=&#8221;4.16&#8243; background_image=&#8221;https:\/\/demenagementpausecafe.ca\/wp-content\/uploads\/2017\/11\/page-title-bg-1.jpg&#8221; global_colors_info=&#8221;{}&#8221;][et_pb_row _builder_version=&#8221;4.16&#8243; background_size=&#8221;initial&#8221; background_position=&#8221;top_left&#8221; background_repeat=&#8221;repeat&#8221; global_colors_info=&#8221;{}&#8221;][et_pb_column type=&#8221;4_4&#8243; _builder_version=&#8221;4.16&#8243; custom_padding=&#8221;|||&#8221; global_colors_info=&#8221;{}&#8221; custom_padding__hover=&#8221;|||&#8221;][et_pb_text _builder_version=&#8221;4.18.0&#8243; text_font=&#8221;|||on|||||&#8221; background_layout=&#8221;dark&#8221; global_colors_info=&#8221;{}&#8221;]<\/p>\n<h1>Moving Coffee Break in Terrebonne<\/h1>\n<p>[\/et_pb_text][\/et_pb_column][\/et_pb_row][\/et_pb_section][et_pb_section fb_built=&#8221;1&#8243; _builder_version=&#8221;4.16&#8243; global_colors_info=&#8221;{}&#8221;][et_pb_row column_structure=&#8221;1_2,1_2&#8243; _builder_version=&#8221;4.16&#8243; global_colors_info=&#8221;{}&#8221;][et_pb_column type=&#8221;1_2&#8243; _builder_version=&#8221;4.16&#8243; custom_padding=&#8221;|||&#8221; global_colors_info=&#8221;{}&#8221; custom_padding__hover=&#8221;|||&#8221;][et_pb_image src=&#8221;https:\/\/demenagementpausecafe.ca\/wp-content\/uploads\/2022\/11\/api_thumb_450.jpg&#8221; title_text=&#8221;api_thumb_450&#8243; align_tablet=&#8221;center&#8221; align_phone=&#8221;center&#8221; align_last_edited=&#8221;on|desktop&#8221; module_class=&#8221;mission-left-img-holder&#8221; _builder_version=&#8221;4.18.0&#8243; width=&#8221;89.3%&#8221; global_colors_info=&#8221;{}&#8221;]<br \/>\n[\/et_pb_image][\/et_pb_column][et_pb_column type=&#8221;1_2&#8243; _builder_version=&#8221;4.16&#8243; custom_padding=&#8221;|||&#8221; global_colors_info=&#8221;{}&#8221; custom_padding__hover=&#8221;|||&#8221;][et_pb_text module_class=&#8221;titreR&#8221; _builder_version=&#8221;4.18.0&#8243; text_font=&#8221;||||||||&#8221; global_colors_info=&#8221;{}&#8221;]<\/p>\n<h1><span>Your moving company<\/span><\/h1>\n<p><strong><span>Terrebonne<\/span><\/strong><span>  is a growing Quebec city with a living <a href=\"https:\/\/demenagementpausecafe.ca\/en\/category\/environment-4-en\/\">environment<\/a> conducive to the development of its population. Are you <a href=\"https:\/\/demenagementpausecafe.ca\/en\/tag\/planning\/\">planning<\/a> to move there to enjoy its dynamism and modernity? Or did you already live there and want to change neighborhoods in the same city? Either way, you will undoubtedly need the services of professional <a href=\"https:\/\/demenagementpausecafe.ca\/en\/movers-montreal-east-west-island\/\">movers<\/a>. For <\/span>any type of <strong>move<\/strong> <strong>Terrebonne<\/strong>, <span>the company, D\u00e9m\u00e9nagement Pause-Caf\u00e9, is your best ally.<\/span><\/p>\n<h2 style=\"margin-top: 12.0pt;\"><span lang=\"FR\">Residential move in Terrebonne<o:p><\/o:p><\/span><\/h2>\n<p><span>For many years, our <\/span><a href=\"https:\/\/demenagementpausecafe.ca\/en\/moving-company-montreal-east-west-island\/\">moving company<\/a> has accompanied many individuals in their <strong><a href=\"https:\/\/demenagementpausecafe.ca\/en\/category\/residentiel-en\/\">residential moving<\/a><\/strong> project in P-R M 4 or anywhere in Terrebonne. The majority of them have become loyal customers who do not hesitate to recommend us to their loved ones. There are many reasons.<\/p>\n<h3><span>Impeccable expertise<\/span><\/h3>\n<p>As with any move, carrying out a <strong>successful Terrebonne move<\/strong> requires a certain professionalism. First, you must be of optimal physical health in order to lift more or less heavy objects. We have solved this problem by putting at your disposal strong people.<\/p>\n<p>In addition, whether in Mirko or Saint-Louis-de-Terrebonne, our <strong>best Terrebonne movers<\/strong> take care to pack your most fragile belongings and transport them to your new <a href=\"https:\/\/demenagementpausecafe.ca\/en\/\">home<\/a> without scratches or breakage. This means that by using the services of D\u00e9m\u00e9nagement Pause-Caf\u00e9 in Terrebonne, you are assured of having entrusted your precious belongings to experts.<\/p>\n<p>[\/et_pb_text][\/et_pb_column][\/et_pb_row][\/et_pb_section][et_pb_section fb_built=&#8221;1&#8243; _builder_version=&#8221;4.16&#8243; custom_margin=&#8221;|||&#8221; custom_padding=&#8221;0px||0px|&#8221; global_colors_info=&#8221;{}&#8221;][et_pb_row column_structure=&#8221;2_3,1_3&#8243; use_custom_gutter=&#8221;on&#8221; gutter_width=&#8221;1&#8243; make_equal=&#8221;on&#8221; module_class=&#8221; et_pb_row_fullwidth et_pb_row_fullwidth&#8221; _builder_version=&#8221;4.16&#8243; width=&#8221;100%&#8221; width_tablet=&#8221;100%&#8221; width_phone=&#8221;&#8221; width_last_edited=&#8221;on|desktop&#8221; max_width=&#8221;100%&#8221; max_width_tablet=&#8221;100%&#8221; max_width_phone=&#8221;&#8221; max_width_last_edited=&#8221;on|desktop&#8221; custom_padding=&#8221;0px||0px|&#8221; make_fullwidth=&#8221;on&#8221; global_colors_info=&#8221;{}&#8221;][et_pb_column type=&#8221;2_3&#8243; module_class=&#8221;padding3&#8243; _builder_version=&#8221;4.16&#8243; background_color=&#8221;#000000&#8243; custom_padding=&#8221;|||&#8221; global_colors_info=&#8221;{}&#8221; custom_padding__hover=&#8221;|||&#8221;][et_pb_text _builder_version=&#8221;4.20.2&#8243; text_font=&#8221;||||||||&#8221; background_layout=&#8221;dark&#8221; hover_enabled=&#8221;0&#8243; global_colors_info=&#8221;{}&#8221; sticky_enabled=&#8221;0&#8243;]<\/p>\n<h3 style=\"margin-top: 12.0pt;\"><span lang=\"FR\">Tailor-made service<\/span><\/h3>\n<p>From one client to another, the residential moving experience in Terrebonne is different. It is for this reason that we do not hesitate to personalize each intervention. For example, when you <a href=\"https:\/\/demenagementpausecafe.ca\/en\/contact-us\/\">contact us<\/a> in Domaine-du-Bois\u00e9 or when you come to the agency, one of our reception staff collects your expectations and then entrusts you to our <strong>best mover<\/strong> who covers the area. The latter will establish the type of service that will be provided to you so that your move is the least stressful. For example, he will put in the team that will intervene at your home an expert <strong>piano mover<\/strong> if you have such an instrument at home.<\/p>\n<p>In short, from packing to unpacking to transporting your boxes, D\u00e9m\u00e9nagement Pause-Caf\u00e9 offers you many personalized services for your move to Terrebonne.<\/p>\n<h2>Why Move to Terrebonne?<\/h2>\n<h3>Exceptional natural setting<\/h3>\n<p>Terrebonne is surrounded by an exceptional natural setting. The city is bordered by the Mille \u00celes River and has many parks, green spaces and hiking trails. Nature lovers will be delighted by the picturesque landscapes, outdoor activities and relaxation opportunities offered by Terrebonne.<\/p>\n<h3>Superior Quality of Life<\/h3>\n<p>Terrebonne offers a superior quality of life to its residents. The city offers a multitude of cultural, sports and recreational activities. Guests can enjoy shopping malls, restaurants, cinemas and theatres in the area. In addition, Terrebonne is distinguished by its tranquility, its safe environment and its proximity to nature.<\/p>\n<h3>Proximity to Amenities<\/h3>\n<p>By moving to Terrebonne, you will be close to all the amenities necessary for your daily life. The city has many shops, shopping centers, grocery stores, pharmacies and health services. You won&#8217;t have to travel long distances to access everything you need.<\/p>\n<h3>Economic Opportunities<\/h3>\n<p>Terrebonne offers interesting economic opportunities. The city has many thriving businesses and industries, providing employment opportunities in various sectors. In addition, its proximity to the Greater <a href=\"https:\/\/demenagementpausecafe.ca\/en\/category\/montreal-en\/\">Montreal<\/a> Area opens up additional opportunities in terms of jobs and professional development.<\/p>\n<h3>Quality Education<\/h3>\n<p>Terrebonne is home to quality educational institutions. The city&#8217;s primary, secondary and higher education institutions offer a solid education and varied educational programs. You will be able to provide your children with a quality education in Terrebonne.<\/p>\n<h3>Vibrant community life<\/h3>\n<p>Terrebonne is a dynamic city, with a rich and diverse community life. The city organizes many events, festivals, exhibitions and activities throughout the year. You will have the opportunity to get involved in the community, meet new people and create lasting connections.<\/p>\n<p>[\/et_pb_text][\/et_pb_column][et_pb_column type=&#8221;1_3&#8243; _builder_version=&#8221;4.16&#8243; background_image=&#8221;https:\/\/demenagementpausecafe.ca\/wp-content\/uploads\/2017\/11\/emballage-demenagement.jpg&#8221; custom_padding=&#8221;|||&#8221; global_colors_info=&#8221;{}&#8221; custom_padding__hover=&#8221;|||&#8221;][\/et_pb_column][\/et_pb_row][\/et_pb_section][et_pb_section fb_built=&#8221;1&#8243; _builder_version=&#8221;4.16&#8243; global_colors_info=&#8221;{}&#8221;][et_pb_row column_structure=&#8221;1_2,1_2&#8243; _builder_version=&#8221;4.16&#8243; global_colors_info=&#8221;{}&#8221;][et_pb_column type=&#8221;1_2&#8243; _builder_version=&#8221;4.16&#8243; custom_padding=&#8221;|||&#8221; global_colors_info=&#8221;{}&#8221; custom_padding__hover=&#8221;|||&#8221;][et_pb_image src=&#8221;https:\/\/demenagementpausecafe.ca\/wp-content\/uploads\/2022\/11\/megaflopp200600370.jpg&#8221; title_text=&#8221;megaflopp200600370&#8243; align_tablet=&#8221;center&#8221; align_phone=&#8221;center&#8221; align_last_edited=&#8221;on|desktop&#8221; _builder_version=&#8221;4.18.0&#8243; global_colors_info=&#8221;{}&#8221;]<br \/>\n[\/et_pb_image][\/et_pb_column][et_pb_column type=&#8221;1_2&#8243; _builder_version=&#8221;4.16&#8243; custom_padding=&#8221;|||&#8221; global_colors_info=&#8221;{}&#8221; custom_padding__hover=&#8221;|||&#8221;][et_pb_text module_class=&#8221;titreR&#8221; _builder_version=&#8221;4.18.0&#8243; text_font=&#8221;||||||||&#8221; global_colors_info=&#8221;{}&#8221;]<\/p>\n<h2>Commercial move to Terrebonne<\/h2>\n<p>Especially for companies, <span>D\u00e9m\u00e9nagement Pause-Caf\u00e9 has designed a <strong>commercial or industrial moving<\/strong> package <\/span>in Terrebonne, a city of 120,893 inhabitants (2022).<\/p>\n<h3><span>Well-organized and affordable delivery<\/span><\/h3>\n<p>Generally, a commercial or <a href=\"https:\/\/demenagementpausecafe.ca\/en\/tag\/professional-move\/\">professional move<\/a> is a source of disruption for the company&#8217;s employees. To do this, you need to get organized. If you wish, our company will take care of preparing your <strong><a href=\"https:\/\/demenagementpausecafe.ca\/en\/long-distance-moving-montreal-east-west-island\/\">long-distance move<\/a><\/strong> from A to Z during the day or overnight.<\/p>\n<p>No additional costs will be charged by our moving company located in Lac-Andr\u00e9 (Terrebonne). From then on, you will stay within your <strong>moving budget<\/strong> whatever happens since we will have planned everything.<\/p>\n<p>[\/et_pb_text][\/et_pb_column][\/et_pb_row][\/et_pb_section][et_pb_section fb_built=&#8221;1&#8243; _builder_version=&#8221;4.16&#8243; global_colors_info=&#8221;{}&#8221;][et_pb_row column_structure=&#8221;1_2,1_2&#8243; _builder_version=&#8221;4.16&#8243; global_colors_info=&#8221;{}&#8221;][et_pb_column type=&#8221;1_2&#8243; _builder_version=&#8221;4.16&#8243; custom_padding=&#8221;|||&#8221; global_colors_info=&#8221;{}&#8221; custom_padding__hover=&#8221;|||&#8221;][et_pb_image src=&#8221;https:\/\/demenagementpausecafe.ca\/wp-content\/uploads\/2022\/08\/Demenageurs.jpg&#8221; title_text=&#8221;Movers&#8221; align_tablet=&#8221;center&#8221; align_phone=&#8221;center&#8221; align_last_edited=&#8221;on|desktop&#8221; _builder_version=&#8221;4.18.0&#8243; global_colors_info=&#8221;{}&#8221;]<br \/>\n[\/et_pb_image][\/et_pb_column][et_pb_column type=&#8221;1_2&#8243; _builder_version=&#8221;4.16&#8243; custom_padding=&#8221;|||&#8221; global_colors_info=&#8221;{}&#8221; custom_padding__hover=&#8221;|||&#8221;][et_pb_text module_class=&#8221;titreR&#8221; _builder_version=&#8221;4.18.0&#8243; text_font=&#8221;||||||||&#8221; global_colors_info=&#8221;{}&#8221;]<\/p>\n<h3 style=\"margin-top: 12.0pt;\"><span lang=\"FR\">Use of professional equipment<o:p><\/o:p><\/span><\/h3>\n<p>Over its many years in the sector, our <strong>moving company<\/strong> has equipped itself with appropriate professional equipment. Therefore, it always meets the requirements for an industrial or commercial <strong>move<\/strong> to Terrebonne and across Canada. You could have rented this specialized equipment, but it would have a significant impact on your moving budget. What&#8217;s better, <span>D\u00e9m\u00e9nagement Pause-Caf\u00e9<\/span> will never charge you for the use of its equipment.<\/p>\n<p><span>To learn more about our residential or <a href=\"https:\/\/demenagementpausecafe.ca\/en\/category\/commercial-en\/\">commercial moving<\/a> services offered in Terrebonne, you can call us at (514) 569-8849 or contact us directly online. We make free submissions based on your project! <\/span><\/p>\n<p>[\/et_pb_text][\/et_pb_column][\/et_pb_row][\/et_pb_section][et_pb_section fb_built=&#8221;1&#8243; theme_builder_area=&#8221;post_content&#8221; _builder_version=&#8221;4.20.2&#8243; _module_preset=&#8221;default&#8221;][et_pb_row _builder_version=&#8221;4.20.2&#8243; _module_preset=&#8221;default&#8221; theme_builder_area=&#8221;post_content&#8221;][et_pb_column _builder_version=&#8221;4.20.2&#8243; _module_preset=&#8221;default&#8221; type=&#8221;4_4&#8243; theme_builder_area=&#8221;post_content&#8221;][et_pb_accordion _builder_version=&#8221;4.20.2&#8243; _module_preset=&#8221;default&#8221; theme_builder_area=&#8221;post_content&#8221; hover_enabled=&#8221;0&#8243; sticky_enabled=&#8221;0&#8243;][et_pb_accordion_item _builder_version=&#8221;4.20.2&#8243; _module_preset=&#8221;default&#8221; theme_builder_area=&#8221;post_content&#8221; title=&#8221;What are the popular parks in Terrebonne?&#8221; hover_enabled=&#8221;0&#8243; sticky_enabled=&#8221;0&#8243;]<\/p>\n<p>Terrebonne has several popular parks where you can enjoy nature and relax. Parc de la Rivi\u00e8re, Parc de la Terre-des-Jeunes and Parc de l&#8217;\u00cele-des-Moulins are some of the parks popular with residents. These spaces offer hiking trails, picnic areas, playgrounds and green spaces for the whole family.<\/p>\n<p>[\/et_pb_accordion_item][et_pb_accordion_item _builder_version=&#8221;4.20.2&#8243; _module_preset=&#8221;default&#8221; theme_builder_area=&#8221;post_content&#8221; title=&#8221;What are the recreational activities in Terrebonne?&#8221; hover_enabled=&#8221;0&#8243; sticky_enabled=&#8221;0&#8243;]<\/p>\n<p>Terrebonne offers a variety of recreational activities for all tastes. You can enjoy water sports on the Mille \u00celes River, cycle on the trails, play golf on the local grounds or relax in one of the city&#8217;s wellness centres. The possibilities are numerous.<\/p>\n<p>[\/et_pb_accordion_item][et_pb_accordion_item _builder_version=&#8221;4.20.2&#8243; _module_preset=&#8221;default&#8221; theme_builder_area=&#8221;post_content&#8221; title=&#8221;What are the annual events in Terrebonne?&#8221; hover_enabled=&#8221;0&#8243; sticky_enabled=&#8221;0&#8243;]<\/p>\n<p>Terrebonne organizes several annual events that animate the city. Popular events include the Festival des Arts de Terrebonne, the Festival de la Galette and the Festival de la Musique de Terrebonne. These festivals showcase local culture, art and music.<\/p>\n<p>[\/et_pb_accordion_item][et_pb_accordion_item _builder_version=&#8221;4.20.2&#8243; _module_preset=&#8221;default&#8221; theme_builder_area=&#8221;post_content&#8221; title=&#8221;What are the transport options in Terrebonne?&#8221; hover_enabled=&#8221;0&#8243; sticky_enabled=&#8221;0&#8243;]<\/p>\n<p>Terrebonne is well served by the region&#8217;s public transit system. You can use local buses and paratransit services to get around the city and surrounding areas. In addition, Highway 640 provides easy access to other regions.<\/p>\n<p>[\/et_pb_accordion_item][et_pb_accordion_item _builder_version=&#8221;4.20.2&#8243; _module_preset=&#8221;default&#8221; theme_builder_area=&#8221;post_content&#8221; title=&#8221;What are the shopping centers in Terrebonne?&#8221; hover_enabled=&#8221;0&#8243; sticky_enabled=&#8221;0&#8243;]<\/p>\n<p>Terrebonne has several shopping centres where you can shop. Galeries Terrebonne, Carrefour du Nord and M\u00e9ga Centre Notre-Dame are some of the popular shopping centres in the region. Here you will find a variety of shops, restaurants and services.<\/p>\n<p>[\/et_pb_accordion_item][et_pb_accordion_item _builder_version=&#8221;4.20.2&#8243; _module_preset=&#8221;default&#8221; theme_builder_area=&#8221;post_content&#8221; title=&#8221;What are the advantages of proximity to Montreal?&#8221; hover_enabled=&#8221;0&#8243; sticky_enabled=&#8221;0&#8243;]<\/p>\n<p>The proximity to Montreal is a major advantage for Terrebonne residents. You will be able to enjoy the attractions, cultural events, restaurants and employment opportunities offered by the city. In addition, Terrebonne offers you the opportunity to live in a more peaceful environment while being close to the benefits of urban life.<\/p>\n<p>[\/et_pb_accordion_item][\/et_pb_accordion][\/et_pb_column][\/et_pb_row][\/et_pb_section][et_pb_section fb_built=&#8221;1&#8243; _builder_version=&#8221;3.0.86&#8243; background_image=&#8221;https:\/\/demenagementpausecafe.ca\/wp-content\/uploads\/2017\/11\/great-moving-team-bg.jpg&#8221; global_module=&#8221;306&#8243; saved_tabs=&#8221;all&#8221; global_colors_info=&#8221;{}&#8221;][et_pb_row column_structure=&#8221;1_2,1_2&#8243; _builder_version=&#8221;4.16&#8243; global_colors_info=&#8221;{}&#8221;][et_pb_column type=&#8221;1_2&#8243; _builder_version=&#8221;4.16&#8243; custom_padding=&#8221;|||&#8221; global_colors_info=&#8221;{}&#8221; custom_padding__hover=&#8221;|||&#8221;][et_pb_text _builder_version=&#8221;4.16&#8243; text_font=&#8221;||||||||&#8221; background_layout=&#8221;dark&#8221; global_colors_info=&#8221;{}&#8221;]<\/p>\n<h2 class=\"p30\">free quote<\/h2>\n<p class=\"tel-jaune\"><b>(514) 569-8849<\/b> or <a class=\"et_pb_button et_pb_button_0 et_pb_module et_pb_bg_layout_light bas\" href=\"https:\/\/demenagementpausecafe.ca\/en\/estimation\/\">online<\/a><\/p>\n<p>[\/et_pb_text][\/et_pb_column][et_pb_column type=&#8221;1_2&#8243; _builder_version=&#8221;4.16&#8243; custom_padding=&#8221;|||&#8221; global_colors_info=&#8221;{}&#8221; custom_padding__hover=&#8221;|||&#8221;][\/et_pb_column][\/et_pb_row][\/et_pb_section]<\/p>\n<div style='text-align:left' class='yasr-auto-insert-visitor'><\/div>","protected":false},"excerpt":{"rendered":"<p>Moving Coffee Break in Terrebonne Your moving company Terrebonne is a growing Quebec city with a living environment conducive to the development of its population. Are you planning to move there to enjoy its dynamism and modernity? Or did you already live there and want to change neighborhoods in the same city? Either way, you [&hellip;]<\/p>\n","protected":false},"author":2,"featured_media":0,"parent":0,"menu_order":0,"comment_status":"closed","ping_status":"closed","template":"","meta":{"_et_pb_use_builder":"on","_et_pb_old_content":"","_et_gb_content_width":"","yasr_overall_rating":0,"yasr_post_is_review":"","yasr_auto_insert_disabled":"","yasr_review_type":"Other","footnotes":""},"class_list":["post-2266","page","type-page","status-publish","hentry"],"yasr_visitor_votes":{"stars_attributes":{"read_only":false,"span_bottom":false},"number_of_votes":0,"sum_votes":0},"yoast_head":"<!-- This site is optimized with the Yoast SEO Premium plugin v15.0 - https:\/\/yoast.com\/wordpress\/plugins\/seo\/ -->\n<title>Moving Terrebonne - D\u00e9m\u00e9nagement Pause Caf\u00e9<\/title>\n<meta name=\"description\" content=\"Moving to Terrebonne? Terrebonne offers an exceptional quality of life, we move you at the best price, and quickly.\" \/>\n<meta name=\"robots\" content=\"index, follow, max-snippet:-1, max-image-preview:large, max-video-preview:-1\" \/>\n<link rel=\"canonical\" href=\"https:\/\/demenagementpausecafe.ca\/en\/moving-terrebonne\/\" \/>\n<meta property=\"og:locale\" content=\"en_US\" \/>\n<meta property=\"og:type\" content=\"article\" \/>\n<meta property=\"og:title\" content=\"Moving Terrebonne - D\u00e9m\u00e9nagement Pause Caf\u00e9\" \/>\n<meta property=\"og:description\" content=\"Moving to Terrebonne? Terrebonne offers an exceptional quality of life, we move you at the best price, and quickly.\" \/>\n<meta property=\"og:url\" content=\"https:\/\/demenagementpausecafe.ca\/en\/moving-terrebonne\/\" \/>\n<meta property=\"og:site_name\" content=\"D\u00e9m\u00e9nagement Pause Caf\u00e9\" \/>\n<meta property=\"article:modified_time\" content=\"2023-07-19T17:07:02+00:00\" \/>\n<meta name=\"twitter:card\" content=\"summary_large_image\" \/>\n<script type=\"application\/ld+json\" class=\"yoast-schema-graph\">{\"@context\":\"https:\/\/schema.org\",\"@graph\":[{\"@type\":\"WebSite\",\"@id\":\"https:\/\/demenagementpausecafe.ca\/en\/#website\",\"url\":\"https:\/\/demenagementpausecafe.ca\/en\/\",\"name\":\"D\\u00e9m\\u00e9nagement Pause Caf\\u00e9\",\"description\":\"\",\"potentialAction\":[{\"@type\":\"SearchAction\",\"target\":\"https:\/\/demenagementpausecafe.ca\/en\/?s={search_term_string}\",\"query-input\":\"required name=search_term_string\"}],\"inLanguage\":\"en-US\"},{\"@type\":\"WebPage\",\"@id\":\"https:\/\/demenagementpausecafe.ca\/en\/moving-terrebonne\/#webpage\",\"url\":\"https:\/\/demenagementpausecafe.ca\/en\/moving-terrebonne\/\",\"name\":\"Moving Terrebonne - D\\u00e9m\\u00e9nagement Pause Caf\\u00e9\",\"isPartOf\":{\"@id\":\"https:\/\/demenagementpausecafe.ca\/en\/#website\"},\"datePublished\":\"2019-01-21T23:18:20+00:00\",\"dateModified\":\"2023-07-19T17:07:02+00:00\",\"description\":\"Moving to Terrebonne? Terrebonne offers an exceptional quality of life, we move you at the best price, and quickly.\",\"inLanguage\":\"en-US\",\"potentialAction\":[{\"@type\":\"ReadAction\",\"target\":[\"https:\/\/demenagementpausecafe.ca\/en\/moving-terrebonne\/\"]}]}]}<\/script>\n<!-- \/ Yoast SEO Premium plugin. -->","_links":{"self":[{"href":"https:\/\/demenagementpausecafe.ca\/en\/wp-json\/wp\/v2\/pages\/2266","targetHints":{"allow":["GET"]}}],"collection":[{"href":"https:\/\/demenagementpausecafe.ca\/en\/wp-json\/wp\/v2\/pages"}],"about":[{"href":"https:\/\/demenagementpausecafe.ca\/en\/wp-json\/wp\/v2\/types\/page"}],"author":[{"embeddable":true,"href":"https:\/\/demenagementpausecafe.ca\/en\/wp-json\/wp\/v2\/users\/2"}],"replies":[{"embeddable":true,"href":"https:\/\/demenagementpausecafe.ca\/en\/wp-json\/wp\/v2\/comments?post=2266"}],"version-history":[{"count":7,"href":"https:\/\/demenagementpausecafe.ca\/en\/wp-json\/wp\/v2\/pages\/2266\/revisions"}],"predecessor-version":[{"id":3976,"href":"https:\/\/demenagementpausecafe.ca\/en\/wp-json\/wp\/v2\/pages\/2266\/revisions\/3976"}],"wp:attachment":[{"href":"https:\/\/demenagementpausecafe.ca\/en\/wp-json\/wp\/v2\/media?parent=2266"}],"curies":[{"name":"wp","href":"https:\/\/api.w.org\/{rel}","templated":true}]}}