{"id":2272,"date":"2019-01-21T15:55:28","date_gmt":"2019-01-21T20:55:28","guid":{"rendered":"https:\/\/demenagementpausecafe.ca\/demenagement-varennes\/"},"modified":"2019-08-28T17:06:33","modified_gmt":"2019-08-28T21:06:33","slug":"moving-varennes","status":"publish","type":"page","link":"https:\/\/demenagementpausecafe.ca\/en\/moving-varennes\/","title":{"rendered":"Moving Varennes"},"content":{"rendered":"<p>[et_pb_section bb_built=&#8221;1&#8243; _builder_version=&#8221;3.0.86&#8243; background_image=&#8221;https:\/\/demenagementpausecafe.ca\/wp-content\/uploads\/2017\/11\/page-title-bg-1.jpg&#8221; inner_width=&#8221;auto&#8221; inner_max_width=&#8221;none&#8221; next_background_color=&#8221;#ffffff&#8221;][et_pb_row _builder_version=&#8221;3.0.47&#8243; background_size=&#8221;initial&#8221; background_position=&#8221;top_left&#8221; background_repeat=&#8221;repeat&#8221; width=&#8221;80%&#8221; max_width=&#8221;1080px&#8221;][et_pb_column type=&#8221;4_4&#8243;][et_pb_text _builder_version=&#8221;3.0.86&#8243; text_font=&#8221;|||on|||||&#8221; background_layout=&#8221;dark&#8221;]<\/p>\n<h1>D\u00e9m\u00e9nagement VARENNES<\/h1>\n<p>[\/et_pb_text][\/et_pb_column][\/et_pb_row][\/et_pb_section][et_pb_section bb_built=&#8221;1&#8243; _builder_version=&#8221;3.0.86&#8243; inner_width=&#8221;auto&#8221; inner_max_width=&#8221;none&#8221; prev_background_color=&#8221;#000000&#8243; next_background_color=&#8221;#000000&#8243;][et_pb_row _builder_version=&#8221;3.0.86&#8243; width=&#8221;80%&#8221; max_width=&#8221;1080px&#8221;][et_pb_column type=&#8221;1_2&#8243;][et_pb_image src=&#8221;https:\/\/demenagementpausecafe.ca\/wp-content\/uploads\/2017\/11\/dechargement-caisses-demenagement.jpg&#8221; module_class=&#8221;mission-left-img-holder&#8221; _builder_version=&#8221;3.0.89&#8243;]<\/p>\n<p><\/p>\n<p>[\/et_pb_image][\/et_pb_column][et_pb_column type=&#8221;1_2&#8243;][et_pb_text module_class=&#8221;titreR&#8221; _builder_version=&#8221;3.0.89&#8243; text_font=&#8221;||||||||&#8221;]<\/p>\n<h1 style=\"text-align: justify; line-height: 115%;\"><span lang=\"FR-CA\">Votre professionnel du d\u00e9m\u00e9nagement \u00e0 Varennes<o:p><\/o:p><\/span><\/h1>\n<p><span>Votre d\u00e9m\u00e9nagement \u00e0 Varennes approche \u00e0 grands pas, mais vous \u00eates toujours \u00e0 la recherche d\u2019une entreprise sp\u00e9cialis\u00e9e en d\u00e9m\u00e9nagement dans votre r\u00e9gion? D\u00e9m\u00e9nagement Pause caf\u00e9 est un professionnel du d\u00e9m\u00e9nagement r\u00e9sidentiel et du d\u00e9m\u00e9nagement commercial \u00e0 Varennes. Notre \u00e9quipe de d\u00e9m\u00e9nageurs exp\u00e9riment\u00e9s et fiables interviennent sur de courtes et de longues distances pour un d\u00e9m\u00e9nagement complet ou pour le transport d\u2019objets lourds (pianos, tables de billards, mobiliers, etc.). Avec D\u00e9m\u00e9nagement Pause Caf\u00e9, votre d\u00e9m\u00e9nagement \u00e0 Varennes sera un r\u00e9el succ\u00e8s! <\/span><\/p>\n<p><span>\u00a0<\/span><\/p>\n<h2><span>Un service de d\u00e9m\u00e9nagement cl\u00e9 en main et sur mesure<\/span><\/h2>\n<p><span>\u00a0<\/span><\/p>\n<p><span>Vous pr\u00e9voyez un d\u00e9m\u00e9nagement complet de votre marchandise d\u2019une adresse \u00e0 une autre? Vous devez seulement d\u00e9placer un piano, une table de billard ou un bureau? Quels que soient vos besoins, D\u00e9m\u00e9nagement Pause Caf\u00e9 a une solution pour vous! Soucieuse de r\u00e9pondre \u00e0 vos attentes et de votre satisfaction, notre compagnie de d\u00e9m\u00e9nagement \u00e0 Varennes est disponible et \u00e0 votre \u00e9coute tout le long de votre d\u00e9m\u00e9nagement. <\/span><\/p>\n<p><span>\u00a0<\/span><\/p>\n<p><span>D\u00e9m\u00e9nagement Pause Caf\u00e9 offre des services cl\u00e9s en main et personnalis\u00e9s \u00e0 sa client\u00e8le r\u00e9sidentielle et commerciale. Nous r\u00e9alisons de nombreuses missions pour vous\u00a0: emballage, d\u00e9ballage, transport, etc. De plus, nous intervenons \u00e0 Varennes, mais \u00e9galement dans la r\u00e9gion de Montr\u00e9al, pour le transport de votre marchandise r\u00e9sidentielle ou commerciale. <\/span><\/p>\n<p>[\/et_pb_text][\/et_pb_column][\/et_pb_row][\/et_pb_section][et_pb_section bb_built=&#8221;1&#8243; _builder_version=&#8221;3.0.86&#8243; custom_margin=&#8221;|||&#8221; custom_padding=&#8221;0px||0px|&#8221; inner_width=&#8221;auto&#8221; inner_max_width=&#8221;none&#8221; prev_background_color=&#8221;#000000&#8243; next_background_color=&#8221;#000000&#8243;][et_pb_row make_fullwidth=&#8221;on&#8221; use_custom_gutter=&#8221;on&#8221; gutter_width=&#8221;1&#8243; custom_padding=&#8221;0px||0px|&#8221; make_equal=&#8221;on&#8221; background_color_1=&#8221;#000000&#8243; bg_img_2=&#8221;https:\/\/demenagementpausecafe.ca\/wp-content\/uploads\/2017\/11\/emballage-demenagement.jpg&#8221; module_class_1=&#8221;padding3&#8243; _builder_version=&#8221;3.0.86&#8243; module_class=&#8221; et_pb_row_fullwidth&#8221; width=&#8221;100%&#8221; width_tablet=&#8221;100%&#8221; width_last_edited=&#8221;on|desktop&#8221; max_width=&#8221;100%&#8221; max_width_tablet=&#8221;100%&#8221; max_width_last_edited=&#8221;on|desktop&#8221;][et_pb_column type=&#8221;2_3&#8243;][et_pb_text _builder_version=&#8221;3.0.86&#8243; text_font=&#8221;||||||||&#8221; background_layout=&#8221;dark&#8221;]<\/p>\n<h2>Des services de d\u00e9m\u00e9nagement personnalis\u00e9s<\/h2>\n<p><span>Pour r\u00e9pondre \u00e0 l\u2019ensemble de vos besoins, D\u00e9m\u00e9nagement Pause Caf\u00e9 est en mesure de vous proposer des services complets et compl\u00e9mentaires tels que le nettoyage de votre bien immobilier, l\u2019entreposage de votre mobilier, l\u2019assemblage de vos biens ou encore un accompagnement personnalis\u00e9. Pour profiter des meilleures options mises \u00e0 votre disposition, n\u2019h\u00e9sitez pas \u00e0 prendre contact avec notre \u00e9quipe de d\u00e9m\u00e9nageurs \u00e0 Varennes! <\/span><\/p>\n<p>[\/et_pb_text][\/et_pb_column][et_pb_column type=&#8221;1_3&#8243;][\/et_pb_column][\/et_pb_row][\/et_pb_section][et_pb_section bb_built=&#8221;1&#8243; _builder_version=&#8221;3.0.86&#8243; inner_width=&#8221;auto&#8221; inner_max_width=&#8221;none&#8221; prev_background_color=&#8221;#000000&#8243; next_background_color=&#8221;#000000&#8243;][et_pb_row _builder_version=&#8221;3.0.86&#8243; width=&#8221;80%&#8221; max_width=&#8221;1080px&#8221;][et_pb_column type=&#8221;1_2&#8243;][et_pb_image src=&#8221;https:\/\/demenagementpausecafe.ca\/wp-content\/uploads\/2017\/11\/3.jpg&#8221; _builder_version=&#8221;3.0.86&#8243;]<\/p>\n<p><\/p>\n<p>[\/et_pb_image][\/et_pb_column][et_pb_column type=&#8221;1_2&#8243;][et_pb_text module_class=&#8221;titreR&#8221; _builder_version=&#8221;3.0.89&#8243; text_font=&#8221;||||||||&#8221;]<\/p>\n<h2><span lang=\"FR-CA\">Des d\u00e9m\u00e9nageurs fiables et exp\u00e9riment\u00e9s<o:p><\/o:p><\/span><\/h2>\n<p><span>Experte en d\u00e9m\u00e9nagement \u00e0 Varennes, la compagnie D\u00e9m\u00e9nagement Pause Caf\u00e9 dispose d\u2019une solide expertise dans le transport de biens. Disposant de plusieurs ann\u00e9es d\u2019exp\u00e9rience dans le domaine, D\u00e9m\u00e9nagement Pause Caf\u00e9 garantit des services de la plus haute qualit\u00e9. De plus, tous nos d\u00e9m\u00e9nageurs d\u00e9tiennent une forte exp\u00e9rience pour un transport s\u00e9curitaire, minutieux et professionnel de tous vos objets lourds comme fragiles. Vous confiez votre marchandise r\u00e9sidentielle et commerciale entre de bonnes mains! Nous assurons une protection optimale de vos biens gr\u00e2ce \u00e0 un \u00e9quipement appropri\u00e9 et un savoir-faire unique de la part de nos d\u00e9m\u00e9nageurs. <\/span><\/p>\n<p><span>\u00a0<\/span><\/p>\n<p><span>D\u00e9m\u00e9nagement Pause Caf\u00e9 d\u00e9tient l\u2019expertise et la main d\u2019\u0153uvre n\u00e9cessaires pour transporter des biens de toute nature, dont les pianos, les tables de billard, les bureaux d\u2019entreprise, ou encore les meubles lourds de votre maison. Tous vos biens sont transport\u00e9s avec s\u00e9curit\u00e9 et qualit\u00e9 en tout temps. Pour obtenir une estimation pr\u00e9cise en fonction de vos besoins pour votre d\u00e9m\u00e9nagement \u00e0 Varennes, vous pouvez nous r\u00e9clamer une soumission que nous effectuons gratuitement! <\/span><\/p>\n<p>[\/et_pb_text][\/et_pb_column][\/et_pb_row][\/et_pb_section][et_pb_section bb_built=&#8221;1&#8243; _builder_version=&#8221;3.0.86&#8243; inner_width=&#8221;auto&#8221; inner_max_width=&#8221;none&#8221; prev_background_color=&#8221;#000000&#8243; next_background_color=&#8221;#000000&#8243;][et_pb_row _builder_version=&#8221;3.0.86&#8243; width=&#8221;80%&#8221; max_width=&#8221;1080px&#8221;][et_pb_column type=&#8221;1_2&#8243;][et_pb_image src=&#8221;https:\/\/demenagementpausecafe.ca\/wp-content\/uploads\/2017\/11\/4.jpg&#8221; _builder_version=&#8221;3.0.86&#8243;]<\/p>\n<p><\/p>\n<p>[\/et_pb_image][\/et_pb_column][et_pb_column type=&#8221;1_2&#8243;][et_pb_text module_class=&#8221;titreR&#8221; _builder_version=&#8221;3.0.89&#8243; text_font=&#8221;||||||||&#8221;]<\/p>\n<h2><span lang=\"FR-CA\">Un d\u00e9m\u00e9nagement en toute qui\u00e9tude<o:p><\/o:p><\/span><\/h2>\n<p><span>Le d\u00e9m\u00e9nagement est une \u00e9tape stressante pour tous les propri\u00e9taires et les locataires. Afin de rendre ce moment plus agr\u00e9able, D\u00e9m\u00e9nagement Pause Caf\u00e9 tient \u00e0 vous rassurer sur la qualit\u00e9 de ses services. De plus, nous avons une police d\u2019assurance compl\u00e8te que nous mettons \u00e0 votre disposition contre les bris, les dommages et les vols \u00e9ventuels. Vous pouvez \u00eatre assur\u00e9 de retrouver tous vos biens dans leur \u00e9tat d\u2019origine. De plus, nos d\u00e9m\u00e9nageurs prennent soin de vos objets et de votre mobilier tout le long de votre d\u00e9m\u00e9nagement \u00e0 Varennes. <\/span><\/p>\n<p><span>\u00a0<\/span><\/p>\n<p><span>Vous souhaitez planifier votre d\u00e9m\u00e9nagement r\u00e9sidentiel ou commercial \u00e0 Varennes? Pour cela, contactez D\u00e9m\u00e9nagement Pause Caf\u00e9 d\u00e8s maintenant en composant le (514) 569-8849 et b\u00e9n\u00e9ficiez d\u2019une soumission gratuite! <\/span><\/p>\n<p>[\/et_pb_text][\/et_pb_column][\/et_pb_row][\/et_pb_section][et_pb_section bb_built=&#8221;1&#8243; _builder_version=&#8221;3.0.86&#8243; background_image=&#8221;https:\/\/demenagementpausecafe.ca\/wp-content\/uploads\/2017\/11\/great-moving-team-bg.jpg&#8221; saved_tabs=&#8221;all&#8221; inner_width=&#8221;auto&#8221; inner_max_width=&#8221;none&#8221; prev_background_color=&#8221;#ffffff&#8221;][et_pb_row _builder_version=&#8221;3.0.86&#8243; width=&#8221;80%&#8221; max_width=&#8221;1080px&#8221;][et_pb_column type=&#8221;1_2&#8243;][et_pb_text _builder_version=&#8221;3.0.89&#8243; text_font=&#8221;||||||||&#8221; background_layout=&#8221;dark&#8221;]<\/p>\n<h2 class=\"p30\"><strong>SOUMISSION<\/strong> <span style=\"font-weight: 400;\">GRATUITE<\/span><\/h2>\n<p class=\"emergency24hour\">DISPONIBLE SUR DEMANDE<\/p>\n<p class=\"tel-jaune\"><b>(514) 569-8849<\/b> ou <a class=\"et_pb_button et_pb_button_0 et_pb_module et_pb_bg_layout_light bas\" href=\"https:\/\/demenagementpausecafe.ca\/en\/estimation\/\"> en ligne<\/a><\/p>\n<p>[\/et_pb_text][\/et_pb_column][et_pb_column type=&#8221;1_2&#8243;][\/et_pb_column][\/et_pb_row][\/et_pb_section]<\/p>\n<div style='text-align:left' class='yasr-auto-insert-visitor'><\/div>","protected":false},"excerpt":{"rendered":"<p>D\u00e9m\u00e9nagement VARENNES Votre professionnel du d\u00e9m\u00e9nagement \u00e0 Varennes Votre d\u00e9m\u00e9nagement \u00e0 Varennes approche \u00e0 grands pas, mais vous \u00eates toujours \u00e0 la recherche d\u2019une entreprise sp\u00e9cialis\u00e9e en d\u00e9m\u00e9nagement dans votre r\u00e9gion? D\u00e9m\u00e9nagement Pause caf\u00e9 est un professionnel du d\u00e9m\u00e9nagement r\u00e9sidentiel et du d\u00e9m\u00e9nagement commercial \u00e0 Varennes. Notre \u00e9quipe de d\u00e9m\u00e9nageurs exp\u00e9riment\u00e9s et fiables interviennent sur [&hellip;]<\/p>\n","protected":false},"author":2,"featured_media":0,"parent":0,"menu_order":0,"comment_status":"closed","ping_status":"closed","template":"","meta":{"_et_pb_use_builder":"on","_et_pb_old_content":"","_et_gb_content_width":"","yasr_overall_rating":0,"yasr_post_is_review":"","yasr_auto_insert_disabled":"","yasr_review_type":"","footnotes":""},"class_list":["post-2272","page","type-page","status-publish","hentry"],"yasr_visitor_votes":{"stars_attributes":{"read_only":false,"span_bottom":false},"number_of_votes":0,"sum_votes":0},"yoast_head":"<!-- This site is optimized with the Yoast SEO Premium plugin v15.0 - https:\/\/yoast.com\/wordpress\/plugins\/seo\/ -->\n<title>Moving Varennes - D\u00e9m\u00e9nagement Pause Caf\u00e9<\/title>\n<meta name=\"description\" content=\"Hassle-free moving in Varennes! With our comprehensive insurance against breakage, damage and theft, you&#039;re assured of a hassle-free move to Montreal with dedicated professionals. i\" \/>\n<meta name=\"robots\" content=\"index, follow, max-snippet:-1, max-image-preview:large, max-video-preview:-1\" \/>\n<link rel=\"canonical\" href=\"https:\/\/demenagementpausecafe.ca\/en\/moving-varennes\/\" \/>\n<meta property=\"og:locale\" content=\"en_US\" \/>\n<meta property=\"og:type\" content=\"article\" \/>\n<meta property=\"og:title\" content=\"Moving Varennes - D\u00e9m\u00e9nagement Pause Caf\u00e9\" \/>\n<meta property=\"og:description\" content=\"Hassle-free moving in Varennes! With our comprehensive insurance against breakage, damage and theft, you&#039;re assured of a hassle-free move to Montreal with dedicated professionals. i\" \/>\n<meta property=\"og:url\" content=\"https:\/\/demenagementpausecafe.ca\/en\/moving-varennes\/\" \/>\n<meta property=\"og:site_name\" content=\"D\u00e9m\u00e9nagement Pause Caf\u00e9\" \/>\n<meta property=\"article:modified_time\" content=\"2019-08-28T21:06:33+00:00\" \/>\n<meta name=\"twitter:card\" content=\"summary_large_image\" \/>\n<script type=\"application\/ld+json\" class=\"yoast-schema-graph\">{\"@context\":\"https:\/\/schema.org\",\"@graph\":[{\"@type\":\"WebSite\",\"@id\":\"https:\/\/demenagementpausecafe.ca\/en\/#website\",\"url\":\"https:\/\/demenagementpausecafe.ca\/en\/\",\"name\":\"D\\u00e9m\\u00e9nagement Pause Caf\\u00e9\",\"description\":\"\",\"potentialAction\":[{\"@type\":\"SearchAction\",\"target\":\"https:\/\/demenagementpausecafe.ca\/en\/?s={search_term_string}\",\"query-input\":\"required name=search_term_string\"}],\"inLanguage\":\"en-US\"},{\"@type\":\"WebPage\",\"@id\":\"https:\/\/demenagementpausecafe.ca\/en\/moving-varennes\/#webpage\",\"url\":\"https:\/\/demenagementpausecafe.ca\/en\/moving-varennes\/\",\"name\":\"Moving Varennes - D\\u00e9m\\u00e9nagement Pause Caf\\u00e9\",\"isPartOf\":{\"@id\":\"https:\/\/demenagementpausecafe.ca\/en\/#website\"},\"datePublished\":\"2019-01-21T20:55:28+00:00\",\"dateModified\":\"2019-08-28T21:06:33+00:00\",\"description\":\"Hassle-free moving in Varennes! With our comprehensive insurance against breakage, damage and theft, you're assured of a hassle-free move to Montreal with dedicated professionals. i\",\"inLanguage\":\"en-US\",\"potentialAction\":[{\"@type\":\"ReadAction\",\"target\":[\"https:\/\/demenagementpausecafe.ca\/en\/moving-varennes\/\"]}]}]}<\/script>\n<!-- \/ Yoast SEO Premium plugin. -->","_links":{"self":[{"href":"https:\/\/demenagementpausecafe.ca\/en\/wp-json\/wp\/v2\/pages\/2272","targetHints":{"allow":["GET"]}}],"collection":[{"href":"https:\/\/demenagementpausecafe.ca\/en\/wp-json\/wp\/v2\/pages"}],"about":[{"href":"https:\/\/demenagementpausecafe.ca\/en\/wp-json\/wp\/v2\/types\/page"}],"author":[{"embeddable":true,"href":"https:\/\/demenagementpausecafe.ca\/en\/wp-json\/wp\/v2\/users\/2"}],"replies":[{"embeddable":true,"href":"https:\/\/demenagementpausecafe.ca\/en\/wp-json\/wp\/v2\/comments?post=2272"}],"version-history":[{"count":1,"href":"https:\/\/demenagementpausecafe.ca\/en\/wp-json\/wp\/v2\/pages\/2272\/revisions"}],"predecessor-version":[{"id":2286,"href":"https:\/\/demenagementpausecafe.ca\/en\/wp-json\/wp\/v2\/pages\/2272\/revisions\/2286"}],"wp:attachment":[{"href":"https:\/\/demenagementpausecafe.ca\/en\/wp-json\/wp\/v2\/media?parent=2272"}],"curies":[{"name":"wp","href":"https:\/\/api.w.org\/{rel}","templated":true}]}}