{"id":2768,"date":"2020-03-26T11:37:41","date_gmt":"2020-03-26T15:37:41","guid":{"rendered":"https:\/\/demenagementpausecafe.ca\/moving-for-seniors-and-students\/"},"modified":"2022-09-29T17:34:21","modified_gmt":"2022-09-29T21:34:21","slug":"moving-for-seniors-and-students","status":"publish","type":"page","link":"https:\/\/demenagementpausecafe.ca\/en\/moving-for-seniors-and-students\/","title":{"rendered":"Moving for seniors and students"},"content":{"rendered":"<p>[et_pb_section fb_built=&#8221;1&#8243; _builder_version=&#8221;4.16&#8243; background_image=&#8221;https:\/\/demenagementpausecafe.ca\/wp-content\/uploads\/2017\/11\/bg.jpg&#8221; global_colors_info=&#8221;{}&#8221;][et_pb_row _builder_version=&#8221;4.16&#8243; background_size=&#8221;initial&#8221; background_position=&#8221;top_left&#8221; background_repeat=&#8221;repeat&#8221; global_colors_info=&#8221;{}&#8221;][et_pb_column type=&#8221;4_4&#8243; _builder_version=&#8221;4.16&#8243; custom_padding=&#8221;|||&#8221; global_colors_info=&#8221;{}&#8221; custom_padding__hover=&#8221;|||&#8221;][et_pb_text module_class=&#8221;titreR&#8221; _builder_version=&#8221;4.16&#8243; background_size=&#8221;initial&#8221; background_position=&#8221;top_left&#8221; background_repeat=&#8221;repeat&#8221; global_colors_info=&#8221;{}&#8221;]<\/p>\n<div class=\"et_pb_module et_pb_text et_pb_text_0 et_pb_text_align_left et_pb_bg_layout_dark\">\n<div class=\"et_pb_text_inner\">\n<h1><span style=\"color: #000000;\">Moving for seniors and students<\/span><\/h1>\n<\/div>\n<\/div>\n<p>[\/et_pb_text][\/et_pb_column][\/et_pb_row][et_pb_row column_structure=&#8221;3_5,2_5&#8243; _builder_version=&#8221;4.16&#8243; global_colors_info=&#8221;{}&#8221;][et_pb_column type=&#8221;3_5&#8243; _builder_version=&#8221;4.16&#8243; global_colors_info=&#8221;{}&#8221;][et_pb_image src=&#8221;https:\/\/demenagementpausecafe.ca\/wp-content\/uploads\/2019\/05\/FurnitureremovalistsmovingQueenstownhome.jpg&#8221; _builder_version=&#8221;4.16&#8243; global_colors_info=&#8221;{}&#8221;][\/et_pb_image][et_pb_text _builder_version=&#8221;4.16&#8243; global_colors_info=&#8221;{}&#8221;]<\/p>\n<p>It is true that the help of family and friends can be useful during a move, but to avoid any disappointment or accident, it is better to call on a professional. Our company offers its services for all your moves in <a href=\"https:\/\/demenagementpausecafe.ca\/en\/category\/montreal-en\/\">Montreal<\/a>. What are the different services we offer? What about the elderly and students? Find out more in this article.<\/p>\n<h2>The different services of the company<\/h2>\n<p>&nbsp;<\/p>\n<p>Our company specializes in moving to Montreal and its surroundings. For your <a href=\"https:\/\/demenagementpausecafe.ca\/en\/moving-montreal-east-west-island\/\">residential move<\/a>, our trucks are well equipped to provide transportation. From packing to unpacking your belongings, our <a href=\"https:\/\/demenagementpausecafe.ca\/en\/movers-montreal-east-west-island\/\">movers<\/a> will be fully at your disposal.<\/p>\n<p>For a successful <a href=\"https:\/\/demenagementpausecafe.ca\/en\/commercial-moving-montreal-east-west-island\/\">commercial move<\/a>, <a href=\"https:\/\/demenagementpausecafe.ca\/en\/tag\/planning\/\">planning<\/a> must be effective whether for a store or an office. Our team carefully studies points such as accesses, deadlines and all equipment. In order to facilitate your move, we can intervene at the end of the week, during a day off or even at night. We take care of packing, unpacking, disconnecting computer systems, installing your furniture and other tasks.<\/p>\n<p>You do not have to worry about the transfer of your goods since we offer a secure transport service. Our knowledgeable movers ensure that none of your belongings are damaged. Thanks to our expertise, we offer you a move adapted to your needs. With our rates, enjoy a <a href=\"https:\/\/demenagementpausecafe.ca\/en\/cheap-move\/\">cheap move<\/a>.<\/p>\n<h2>A discount for senior and student moves<\/h2>\n<p>&nbsp;<\/p>\n<p>The relocation of the elderly and students must comply with the established provisions for a reduction in these categories of persons. Our company does not deviate from this regulation since we offer discounts for these types of moves.<\/p>\n<h2>Moving for seniors<\/h2>\n<p>&nbsp;<\/p>\n<p>Moving is always stressful, but it&#8217;s even more so for the elderly. It is an activity that requires a lot of physical effort. That&#8217;s why we offer a turnkey move to seniors. With this type of formula, we take care of everything, from the first to the last step, and ensure the smooth running of your move. Whether it&#8217;s your personal belongings, or your bathroom or kitchen furniture, everything will be packed with the utmost care. Naturally, seniors will benefit from a discount on our rates.<\/p>\n<p>We strive to offer the most competitive prices, without neglecting the quality of your services. You can therefore benefit from a cheap move while ensuring the safety of your belongings. We put at your service qualified and friendly movers who will meet your expectations. Do not hesitate to call on our services.<\/p>\n<p>&nbsp;<\/p>\n<h2>Moving for students<\/h2>\n<p>&nbsp;<\/p>\n<p>A student is often forced to move, whether to join a training institute, to follow an internship in another city or for other reasons. The financial capacity to support a move can be a source of concern for them. Most students do not have the budget to use the services of a professional mover. That&#8217;s why our company offers a discount for student moving.<\/p>\n<p>If you live in Montreal or its surroundings, do not hesitate to <a href=\"https:\/\/demenagementpausecafe.ca\/en\/contact-us\/\">contact us<\/a> either for information or to benefit from our various services. We have high-performance equipment that is well adapted to this type of activity. We put at your disposal a moving truck, a driver, who will provide you with the best <a href=\"https:\/\/demenagementpausecafe.ca\/en\/tag\/advice\/\">advice<\/a>, as well as all the necessary equipment for optimal protection of your belongings.<\/p>\n<p>[\/et_pb_text][\/et_pb_column][et_pb_column type=&#8221;2_5&#8243; _builder_version=&#8221;4.16&#8243; global_colors_info=&#8221;{}&#8221;][et_pb_sidebar area=&#8221;et_pb_widget_area_1&#8243; _builder_version=&#8221;4.16&#8243; global_colors_info=&#8221;{}&#8221;][\/et_pb_sidebar][\/et_pb_column][\/et_pb_row][\/et_pb_section][et_pb_section fb_built=&#8221;1&#8243; _builder_version=&#8221;3.0.86&#8243; background_image=&#8221;https:\/\/demenagementpausecafe.ca\/wp-content\/uploads\/2017\/11\/great-moving-team-bg.jpg&#8221; global_module=&#8221;306&#8243; saved_tabs=&#8221;all&#8221; global_colors_info=&#8221;{}&#8221;][et_pb_row column_structure=&#8221;1_2,1_2&#8243; _builder_version=&#8221;4.16&#8243; global_colors_info=&#8221;{}&#8221;][et_pb_column type=&#8221;1_2&#8243; _builder_version=&#8221;4.16&#8243; custom_padding=&#8221;|||&#8221; global_colors_info=&#8221;{}&#8221; custom_padding__hover=&#8221;|||&#8221;][et_pb_text _builder_version=&#8221;4.16&#8243; text_font=&#8221;||||||||&#8221; background_layout=&#8221;dark&#8221; global_colors_info=&#8221;{}&#8221;]<\/p>\n<h2 class=\"p30\">free quote<\/h2>\n<p class=\"tel-jaune\"><b>(514) 569-8849<\/b> or <a class=\"et_pb_button et_pb_button_0 et_pb_module et_pb_bg_layout_light bas\" href=\"https:\/\/demenagementpausecafe.ca\/en\/estimation\/\">online<\/a><\/p>\n<p>[\/et_pb_text][\/et_pb_column][et_pb_column type=&#8221;1_2&#8243; _builder_version=&#8221;4.16&#8243; custom_padding=&#8221;|||&#8221; global_colors_info=&#8221;{}&#8221; custom_padding__hover=&#8221;|||&#8221;][\/et_pb_column][\/et_pb_row][\/et_pb_section]<\/p>\n<div style='text-align:left' class='yasr-auto-insert-visitor'><\/div>","protected":false},"excerpt":{"rendered":"<p>Moving for seniors and students It is true that the help of family and friends can be useful during a move, but to avoid any disappointment or accident, it is better to call on a professional. Our company offers its services for all your moves in Montreal. What are the different services we offer? What [&hellip;]<\/p>\n","protected":false},"author":2,"featured_media":0,"parent":0,"menu_order":0,"comment_status":"closed","ping_status":"closed","template":"","meta":{"_et_pb_use_builder":"on","_et_pb_old_content":"","_et_gb_content_width":"","yasr_overall_rating":0,"yasr_post_is_review":"","yasr_auto_insert_disabled":"","yasr_review_type":"","footnotes":""},"class_list":["post-2768","page","type-page","status-publish","hentry"],"yasr_visitor_votes":{"stars_attributes":{"read_only":false,"span_bottom":false},"number_of_votes":0,"sum_votes":0},"yoast_head":"<!-- This site is optimized with the Yoast SEO Premium plugin v15.0 - https:\/\/yoast.com\/wordpress\/plugins\/seo\/ -->\n<title>Moving for seniors and students - D\u00e9m\u00e9nagement Pause Caf\u00e9<\/title>\n<meta name=\"description\" content=\"Moving for seniors and students It is true that the help of family and friends can be useful during a move, but to avoid any disappointment or accident, it is better to call on a professional. Our company offers its services for all your moves in Mon\" \/>\n<meta name=\"robots\" content=\"index, follow, max-snippet:-1, max-image-preview:large, max-video-preview:-1\" \/>\n<link rel=\"canonical\" href=\"https:\/\/demenagementpausecafe.ca\/en\/moving-for-seniors-and-students\/\" \/>\n<meta property=\"og:locale\" content=\"en_US\" \/>\n<meta property=\"og:type\" content=\"article\" \/>\n<meta property=\"og:title\" content=\"Moving for seniors and students - D\u00e9m\u00e9nagement Pause Caf\u00e9\" \/>\n<meta property=\"og:url\" content=\"https:\/\/demenagementpausecafe.ca\/en\/moving-for-seniors-and-students\/\" \/>\n<meta property=\"og:site_name\" content=\"D\u00e9m\u00e9nagement Pause Caf\u00e9\" \/>\n<meta property=\"article:modified_time\" content=\"2022-09-29T21:34:21+00:00\" \/>\n<meta name=\"twitter:card\" content=\"summary_large_image\" \/>\n<script type=\"application\/ld+json\" class=\"yoast-schema-graph\">{\"@context\":\"https:\/\/schema.org\",\"@graph\":[{\"@type\":\"WebSite\",\"@id\":\"https:\/\/demenagementpausecafe.ca\/en\/#website\",\"url\":\"https:\/\/demenagementpausecafe.ca\/en\/\",\"name\":\"D\\u00e9m\\u00e9nagement Pause Caf\\u00e9\",\"description\":\"\",\"potentialAction\":[{\"@type\":\"SearchAction\",\"target\":\"https:\/\/demenagementpausecafe.ca\/en\/?s={search_term_string}\",\"query-input\":\"required name=search_term_string\"}],\"inLanguage\":\"en-US\"},{\"@type\":\"WebPage\",\"@id\":\"https:\/\/demenagementpausecafe.ca\/en\/moving-for-seniors-and-students\/#webpage\",\"url\":\"https:\/\/demenagementpausecafe.ca\/en\/moving-for-seniors-and-students\/\",\"name\":\"Moving for seniors and students - D\\u00e9m\\u00e9nagement Pause Caf\\u00e9\",\"isPartOf\":{\"@id\":\"https:\/\/demenagementpausecafe.ca\/en\/#website\"},\"datePublished\":\"2020-03-26T15:37:41+00:00\",\"dateModified\":\"2022-09-29T21:34:21+00:00\",\"inLanguage\":\"en-US\",\"potentialAction\":[{\"@type\":\"ReadAction\",\"target\":[\"https:\/\/demenagementpausecafe.ca\/en\/moving-for-seniors-and-students\/\"]}]}]}<\/script>\n<!-- \/ Yoast SEO Premium plugin. -->","_links":{"self":[{"href":"https:\/\/demenagementpausecafe.ca\/en\/wp-json\/wp\/v2\/pages\/2768","targetHints":{"allow":["GET"]}}],"collection":[{"href":"https:\/\/demenagementpausecafe.ca\/en\/wp-json\/wp\/v2\/pages"}],"about":[{"href":"https:\/\/demenagementpausecafe.ca\/en\/wp-json\/wp\/v2\/types\/page"}],"author":[{"embeddable":true,"href":"https:\/\/demenagementpausecafe.ca\/en\/wp-json\/wp\/v2\/users\/2"}],"replies":[{"embeddable":true,"href":"https:\/\/demenagementpausecafe.ca\/en\/wp-json\/wp\/v2\/comments?post=2768"}],"version-history":[{"count":5,"href":"https:\/\/demenagementpausecafe.ca\/en\/wp-json\/wp\/v2\/pages\/2768\/revisions"}],"predecessor-version":[{"id":3235,"href":"https:\/\/demenagementpausecafe.ca\/en\/wp-json\/wp\/v2\/pages\/2768\/revisions\/3235"}],"wp:attachment":[{"href":"https:\/\/demenagementpausecafe.ca\/en\/wp-json\/wp\/v2\/media?parent=2768"}],"curies":[{"name":"wp","href":"https:\/\/api.w.org\/{rel}","templated":true}]}}