{"id":2773,"date":"2020-03-26T11:39:42","date_gmt":"2020-03-26T15:39:42","guid":{"rendered":"https:\/\/demenagementpausecafe.ca\/moving-st-therese\/"},"modified":"2023-07-19T13:02:46","modified_gmt":"2023-07-19T17:02:46","slug":"moving-st-therese","status":"publish","type":"page","link":"https:\/\/demenagementpausecafe.ca\/en\/moving-st-therese\/","title":{"rendered":"Moving St. Therese"},"content":{"rendered":"<p>[et_pb_section fb_built=&#8221;1&#8243; _builder_version=&#8221;4.16&#8243; background_image=&#8221;https:\/\/demenagementpausecafe.ca\/wp-content\/uploads\/2017\/11\/page-title-bg-1.jpg&#8221; global_colors_info=&#8221;{}&#8221;][et_pb_row _builder_version=&#8221;4.16&#8243; background_size=&#8221;initial&#8221; background_position=&#8221;top_left&#8221; background_repeat=&#8221;repeat&#8221; global_colors_info=&#8221;{}&#8221;][et_pb_column type=&#8221;4_4&#8243; _builder_version=&#8221;4.16&#8243; custom_padding=&#8221;|||&#8221; global_colors_info=&#8221;{}&#8221; custom_padding__hover=&#8221;|||&#8221;][et_pb_text _builder_version=&#8221;4.16&#8243; text_font=&#8221;|||on|||||&#8221; background_layout=&#8221;dark&#8221; global_colors_info=&#8221;{}&#8221;]<\/p>\n<h1>Holy Theatre Move<\/h1>\n<p>[\/et_pb_text][\/et_pb_column][\/et_pb_row][\/et_pb_section][et_pb_section fb_built=&#8221;1&#8243; _builder_version=&#8221;4.16&#8243; global_colors_info=&#8221;{}&#8221;][et_pb_row _builder_version=&#8221;4.16&#8243; global_colors_info=&#8221;{}&#8221; column_structure=&#8221;1_2,1_2&#8243;][et_pb_column type=&#8221;1_2&#8243; _builder_version=&#8221;4.16&#8243; custom_padding=&#8221;|||&#8221; global_colors_info=&#8221;{}&#8221; custom_padding__hover=&#8221;|||&#8221;][et_pb_image src=&#8221;https:\/\/demenagementpausecafe.ca\/wp-content\/uploads\/2017\/11\/dechargement-caisses-demenagement.jpg&#8221; align_tablet=&#8221;center&#8221; align_last_edited=&#8221;on|desktop&#8221; module_class=&#8221;mission-left-img-holder&#8221; _builder_version=&#8221;4.16&#8243; global_colors_info=&#8221;{}&#8221; align_phone=&#8221;center&#8221;]<br \/>\n[\/et_pb_image][\/et_pb_column][et_pb_column type=&#8221;1_2&#8243; _builder_version=&#8221;4.16&#8243; custom_padding=&#8221;|||&#8221; global_colors_info=&#8221;{}&#8221; custom_padding__hover=&#8221;|||&#8221;][et_pb_text module_class=&#8221;titreR&#8221; _builder_version=&#8221;4.20.2&#8243; text_font=&#8221;||||||||&#8221; hover_enabled=&#8221;0&#8243; global_colors_info=&#8221;{}&#8221; sticky_enabled=&#8221;0&#8243;]<\/p>\n<h1>Your moving company in Sainte-Th\u00e9r\u00e8se<\/h1>\n<p>&nbsp;<\/p>\n<p>Are you <a href=\"https:\/\/demenagementpausecafe.ca\/en\/tag\/planning\/\">planning<\/a> a future move and looking for a <a href=\"https:\/\/demenagementpausecafe.ca\/en\/moving-company-montreal-east-west-island\/\">moving company<\/a> in Sainte-Th\u00e9r\u00e8se? Moving Break Caf\u00e9 has the expertise to move your merchandise from one address to another. For all your residential and commercial moves, you can count on professional, meticulous and reliable <a href=\"https:\/\/demenagementpausecafe.ca\/en\/movers-montreal-east-west-island\/\">movers<\/a>. Be accompanied by an excellent team throughout your move to Sainte-Th\u00e9r\u00e8se!<\/p>\n<p>&nbsp;<\/p>\n<h2>Complete and customized moving services in Sainte-Th\u00e9r\u00e8se<\/h2>\n<p>Want to move all your furniture to your new apartment? You just want to have a piano or pool table transported? Listening to its customers, Moving Pause Caf\u00e9 offers services tailored to your expectations and the specificity of your needs. With many years of experience, our movers are able to satisfy all your expectations, even the most demanding.<\/p>\n<h2>Why Move to Sainte-Th\u00e9r\u00e8se?<\/h2>\n<h3>Exceptional natural setting<\/h3>\n<p>Sainte-Th\u00e9r\u00e8se is surrounded by an exceptional natural setting. The city is located in the beautiful Laurentian region, known for its picturesque landscapes, lakes, mountains and hiking trails. By moving to Sainte-Th\u00e9r\u00e8se, you will have the chance to live in the heart of nature, enjoy the fresh air and tranquility. Outdoor enthusiasts will be delighted by activities such as hiking, biking, skiing and much more.<\/p>\n<h3>Economic Opportunities<\/h3>\n<p>Sainte-Th\u00e9r\u00e8se offers many economic opportunities. The city is <a href=\"https:\/\/demenagementpausecafe.ca\/en\/\">home<\/a> to a vibrant commercial sector, with thriving local businesses and booming industrial areas. Whether you are looking for a job or want to start your own business, Sainte-Th\u00e9r\u00e8se offers an <a href=\"https:\/\/demenagementpausecafe.ca\/en\/category\/environment-4-en\/\">environment<\/a> conducive to professional growth. In addition, proximity to major economic centres, such as <a href=\"https:\/\/demenagementpausecafe.ca\/en\/category\/montreal-en\/\">Montreal<\/a>, opens up more opportunities for employment and collaboration.<\/p>\n<h3>Exceptional Quality of Life<\/h3>\n<p>The quality of life in Sainte-Th\u00e9r\u00e8se is exceptional. The city offers a full range of services and amenities, from quality educational institutions to health centers, shopping malls and restaurants. You can enjoy a pleasant urban life while enjoying the tranquility and friendliness of a human-sized community.<\/p>\n<p>&nbsp;<\/p>\n<p>[\/et_pb_text][\/et_pb_column][\/et_pb_row][\/et_pb_section][et_pb_section fb_built=&#8221;1&#8243; _builder_version=&#8221;4.16&#8243; custom_margin=&#8221;|||&#8221; custom_padding=&#8221;0px||0px|&#8221; global_colors_info=&#8221;{}&#8221;][et_pb_row use_custom_gutter=&#8221;on&#8221; gutter_width=&#8221;1&#8243; make_equal=&#8221;on&#8221; module_class=&#8221; et_pb_row_fullwidth et_pb_row_fullwidth&#8221; _builder_version=&#8221;4.16&#8243; width=&#8221;100%&#8221; width_tablet=&#8221;100%&#8221; width_phone=&#8221;&#8221; width_last_edited=&#8221;on|desktop&#8221; max_width=&#8221;100%&#8221; max_width_tablet=&#8221;100%&#8221; max_width_phone=&#8221;&#8221; max_width_last_edited=&#8221;on|desktop&#8221; custom_padding=&#8221;0px||0px|&#8221; make_fullwidth=&#8221;on&#8221; global_colors_info=&#8221;{}&#8221; column_structure=&#8221;2_3,1_3&#8243;][et_pb_column type=&#8221;2_3&#8243; module_class=&#8221;padding3&#8243; _builder_version=&#8221;4.16&#8243; background_color=&#8221;#000000&#8243; custom_padding=&#8221;|||&#8221; global_colors_info=&#8221;{}&#8221; custom_padding__hover=&#8221;|||&#8221;][et_pb_text _builder_version=&#8221;4.20.2&#8243; text_font=&#8221;||||||||&#8221; background_layout=&#8221;dark&#8221; hover_enabled=&#8221;0&#8243; global_colors_info=&#8221;{}&#8221; sticky_enabled=&#8221;0&#8243;]<\/p>\n<h3>Quality Education<\/h3>\n<p>If you have children, the quality of education is a critical factor to consider when moving. Sainte-Th\u00e9r\u00e8se has several quality educational institutions, ranging from elementary schools to higher education institutions. Your children will have access to a solid education and enriching learning opportunities in an environment conducive to their development.<\/p>\n<h3>Cultural and Artistic Activities<\/h3>\n<p>Sainte-Th\u00e9r\u00e8se is a dynamic city culturally and artistically. You can enjoy a variety of events, festivals, shows and exhibitions throughout the year. The city hosts musical performances, plays, art exhibitions and much more. Art and culture lovers will find their happiness in Sainte-Th\u00e9r\u00e8se.<\/p>\n<h3>Close to the Laurentians<\/h3>\n<p>The location of Sainte-Th\u00e9r\u00e8se offers a unique advantage: proximity to the Laurentians. You&#8217;ll be a short drive from the world-famous mountains, ski resorts and national parks. Whether you are passionate about winter sports, mountain hiking or outdoor discoveries, you will have easy access to these natural wonders while residing in Sainte-Th\u00e9r\u00e8se.<\/p>\n<h2>Moving services for every budget<\/h2>\n<p>D\u00e9m\u00e9nagement Pause Caf\u00e9 also offers complementary services such as the complete or partial cleaning of real estate, the storage of your belongings, the assembly of your furniture or personalized assistance.<\/p>\n<p> Moving Pause Caf\u00e9 offers you more than just a move to Sainte-Th\u00e9r\u00e8se, we guarantee you a turnkey service with options tailored to your real needs.<\/p>\n<p>[\/et_pb_text][\/et_pb_column][et_pb_column type=&#8221;1_3&#8243; _builder_version=&#8221;4.16&#8243; background_image=&#8221;https:\/\/demenagementpausecafe.ca\/wp-content\/uploads\/2017\/11\/emballage-demenagement.jpg&#8221; custom_padding=&#8221;|||&#8221; global_colors_info=&#8221;{}&#8221; custom_padding__hover=&#8221;|||&#8221;][\/et_pb_column][\/et_pb_row][\/et_pb_section][et_pb_section fb_built=&#8221;1&#8243; _builder_version=&#8221;4.16&#8243; global_colors_info=&#8221;{}&#8221;][et_pb_row _builder_version=&#8221;4.16&#8243; global_colors_info=&#8221;{}&#8221; column_structure=&#8221;1_2,1_2&#8243;][et_pb_column type=&#8221;1_2&#8243; _builder_version=&#8221;4.16&#8243; custom_padding=&#8221;|||&#8221; global_colors_info=&#8221;{}&#8221; custom_padding__hover=&#8221;|||&#8221;][et_pb_image src=&#8221;https:\/\/demenagementpausecafe.ca\/wp-content\/uploads\/2017\/11\/3.jpg&#8221; align_tablet=&#8221;center&#8221; align_last_edited=&#8221;on|desktop&#8221; _builder_version=&#8221;4.16&#8243; global_colors_info=&#8221;{}&#8221; align_phone=&#8221;center&#8221;]<br \/>\n[\/et_pb_image][\/et_pb_column][et_pb_column type=&#8221;1_2&#8243; _builder_version=&#8221;4.16&#8243; custom_padding=&#8221;|||&#8221; global_colors_info=&#8221;{}&#8221; custom_padding__hover=&#8221;|||&#8221;][et_pb_text module_class=&#8221;titreR&#8221; _builder_version=&#8221;4.16&#8243; text_font=&#8221;||||||||&#8221; global_colors_info=&#8221;{}&#8221;]<\/p>\n<h2><span>Movers in Sainte-Th\u00e9r\u00e8se at your disposal<\/span><\/h2>\n<p><span> <\/span><\/p>\n<p><span>With a solid experience moving to Sainte-Th\u00e9r\u00e8se, Moving Pause Caf\u00e9 provides the highest quality service from the beginning to the end of your project. All our movers are carefully selected to ensure your satisfaction at all times. That&#8217;s why your residential or commercial merchandise is transported delicately and meticulously from the packaging to the unpacking at your new address. Transportation is always carried out in the utmost security. <\/span><\/p>\n<p><span> <\/span><span>Our professionals are used to moving to Sainte-Th\u00e9r\u00e8se and transporting goods in peace. We know how important your property is to you, which is why we take care of them in all circumstances. <\/span><\/p>\n<p><span> <\/span><span>Pianos, pool tables, desks, shelves or beds, we have a solid expertise in transporting goods of all kinds. Don&#8217;t hesitate to let us know what you need when you apply for a quote! <\/span><\/p>\n<p>[\/et_pb_text][\/et_pb_column][\/et_pb_row][\/et_pb_section][et_pb_section fb_built=&#8221;1&#8243; _builder_version=&#8221;4.16&#8243; global_colors_info=&#8221;{}&#8221;][et_pb_row _builder_version=&#8221;4.16&#8243; global_colors_info=&#8221;{}&#8221; column_structure=&#8221;1_2,1_2&#8243;][et_pb_column type=&#8221;1_2&#8243; _builder_version=&#8221;4.16&#8243; custom_padding=&#8221;|||&#8221; global_colors_info=&#8221;{}&#8221; custom_padding__hover=&#8221;|||&#8221;][et_pb_image src=&#8221;https:\/\/demenagementpausecafe.ca\/wp-content\/uploads\/2017\/11\/4.jpg&#8221; align_tablet=&#8221;center&#8221; align_last_edited=&#8221;on|desktop&#8221; _builder_version=&#8221;4.16&#8243; global_colors_info=&#8221;{}&#8221; align_phone=&#8221;center&#8221;]<br \/>\n[\/et_pb_image][\/et_pb_column][et_pb_column type=&#8221;1_2&#8243; _builder_version=&#8221;4.16&#8243; custom_padding=&#8221;|||&#8221; global_colors_info=&#8221;{}&#8221; custom_padding__hover=&#8221;|||&#8221;][et_pb_text module_class=&#8221;titreR&#8221; _builder_version=&#8221;4.16&#8243; text_font=&#8221;||||||||&#8221; global_colors_info=&#8221;{}&#8221;]<\/p>\n<h2><span>Moves to St. Therese 100 safe<\/span><\/h2>\n<p><span> <\/span><\/p>\n<p><span>In order to guarantee you moves without any damage, damage or theft, we have a full insurance policy. With Moving Break Caf\u00e9, you can have peace of mind throughout your move to Sainte-Th\u00e9r\u00e8se and the Montreal area. We have a team of dedicated movers for your movers. <\/span><\/p>\n<p><span> <\/span><span>To learn more about our residential or <a href=\"https:\/\/demenagementpausecafe.ca\/en\/category\/commercial-en\/\">commercial moving<\/a> services in Montreal and Sainte-Th\u00e9r\u00e8se, you can call us today at (514) 569-8849 or <a href=\"https:\/\/demenagementpausecafe.ca\/en\/contact-us\/\">contact us<\/a> directly online. We make free submissions based on your project! <\/span><\/p>\n<p>[\/et_pb_text][\/et_pb_column][\/et_pb_row][\/et_pb_section][et_pb_section fb_built=&#8221;1&#8243; theme_builder_area=&#8221;post_content&#8221; _builder_version=&#8221;4.20.2&#8243; _module_preset=&#8221;default&#8221;][et_pb_row _builder_version=&#8221;4.20.2&#8243; _module_preset=&#8221;default&#8221; theme_builder_area=&#8221;post_content&#8221;][et_pb_column _builder_version=&#8221;4.20.2&#8243; _module_preset=&#8221;default&#8221; type=&#8221;4_4&#8243; theme_builder_area=&#8221;post_content&#8221;][et_pb_accordion _builder_version=&#8221;4.20.2&#8243; _module_preset=&#8221;default&#8221; theme_builder_area=&#8221;post_content&#8221; hover_enabled=&#8221;0&#8243; sticky_enabled=&#8221;0&#8243;][et_pb_accordion_item _builder_version=&#8221;4.20.2&#8243; _module_preset=&#8221;default&#8221; theme_builder_area=&#8221;post_content&#8221; title=&#8221;What are the parks in Sainte-Th\u00e9r\u00e8se?&#8221; hover_enabled=&#8221;0&#8243; sticky_enabled=&#8221;0&#8243;]<\/p>\n<p>Sainte-Th\u00e9r\u00e8se has several parks where you can relax and enjoy nature. Parc Ducharme, Parc Richelieu and Parc Lionel-Groulx are some of the city&#8217;s popular parks. You can walk, picnic, bike and enjoy outdoor activities in these green spaces.<\/p>\n<p>[\/et_pb_accordion_item][et_pb_accordion_item _builder_version=&#8221;4.20.2&#8243; _module_preset=&#8221;default&#8221; theme_builder_area=&#8221;post_content&#8221; title=&#8221;What are the annual events in Sainte-Th\u00e9r\u00e8se?&#8221; hover_enabled=&#8221;0&#8243; sticky_enabled=&#8221;0&#8243;]<\/p>\n<p>Sainte-Th\u00e9r\u00e8se organizes several annual events, such as the Festival des Arts de la Rue, the Festival des Guitares du Monde and the Christmas Market. These events offer cultural, artistic and festive activities for residents and visitors.<\/p>\n<p>[\/et_pb_accordion_item][et_pb_accordion_item _builder_version=&#8221;4.20.2&#8243; _module_preset=&#8221;default&#8221; theme_builder_area=&#8221;post_content&#8221; title=&#8221;What health services are available in Sainte-Th\u00e9r\u00e8se?&#8221; hover_enabled=&#8221;0&#8243; sticky_enabled=&#8221;0&#8243;]<\/p>\n<p>Sainte-Th\u00e9r\u00e8se has several health centres, medical clinics and pharmacies to meet the health needs of residents. You can benefit from quality medical services and easy access to health professionals.<\/p>\n<p>[\/et_pb_accordion_item][et_pb_accordion_item _builder_version=&#8221;4.20.2&#8243; _module_preset=&#8221;default&#8221; theme_builder_area=&#8221;post_content&#8221; title=&#8221;What are the shops and restaurants in Sainte-Th\u00e9r\u00e8se?&#8221; hover_enabled=&#8221;0&#8243; sticky_enabled=&#8221;0&#8243;]<\/p>\n<p>Sainte-Th\u00e9r\u00e8se has a variety of shops and restaurants, ranging from local shops to supermarkets. You will find shopping and dining options to suit your needs and preferences.<\/p>\n<p>[\/et_pb_accordion_item][et_pb_accordion_item _builder_version=&#8221;4.20.2&#8243; _module_preset=&#8221;default&#8221; theme_builder_area=&#8221;post_content&#8221; title=&#8221;What are the advantages of proximity to Montreal?&#8221; hover_enabled=&#8221;0&#8243; sticky_enabled=&#8221;0&#8243;]<\/p>\n<p>The proximity of Montreal offers many advantages to the residents of Sainte-Th\u00e9r\u00e8se. You will be able to take advantage of employment opportunities, cultural activities and additional services offered by the city. You can easily travel to Montreal for outings, special events or business.<\/p>\n<p>[\/et_pb_accordion_item][\/et_pb_accordion][\/et_pb_column][\/et_pb_row][\/et_pb_section][et_pb_section fb_built=&#8221;1&#8243; _builder_version=&#8221;3.0.86&#8243; background_image=&#8221;https:\/\/demenagementpausecafe.ca\/wp-content\/uploads\/2017\/11\/great-moving-team-bg.jpg&#8221; global_module=&#8221;306&#8243; saved_tabs=&#8221;all&#8221; global_colors_info=&#8221;{}&#8221;][et_pb_row column_structure=&#8221;1_2,1_2&#8243; _builder_version=&#8221;4.16&#8243; global_colors_info=&#8221;{}&#8221;][et_pb_column type=&#8221;1_2&#8243; _builder_version=&#8221;4.16&#8243; custom_padding=&#8221;|||&#8221; global_colors_info=&#8221;{}&#8221; custom_padding__hover=&#8221;|||&#8221;][et_pb_text _builder_version=&#8221;4.16&#8243; text_font=&#8221;||||||||&#8221; background_layout=&#8221;dark&#8221; global_colors_info=&#8221;{}&#8221;]<\/p>\n<h2 class=\"p30\">free quote<\/h2>\n<p class=\"tel-jaune\"><b>(514) 569-8849<\/b> or <a class=\"et_pb_button et_pb_button_0 et_pb_module et_pb_bg_layout_light bas\" href=\"https:\/\/demenagementpausecafe.ca\/en\/estimation\/\">online<\/a><\/p>\n<p>[\/et_pb_text][\/et_pb_column][et_pb_column type=&#8221;1_2&#8243; _builder_version=&#8221;4.16&#8243; custom_padding=&#8221;|||&#8221; global_colors_info=&#8221;{}&#8221; custom_padding__hover=&#8221;|||&#8221;][\/et_pb_column][\/et_pb_row][\/et_pb_section]<\/p>\n<div style='text-align:left' class='yasr-auto-insert-visitor'><\/div>","protected":false},"excerpt":{"rendered":"<p>Holy Theatre Move Your moving company in Sainte-Th\u00e9r\u00e8se &nbsp; Are you planning a future move and looking for a moving company in Sainte-Th\u00e9r\u00e8se? Moving Break Caf\u00e9 has the expertise to move your merchandise from one address to another. For all your residential and commercial moves, you can count on professional, meticulous and reliable movers. Be [&hellip;]<\/p>\n","protected":false},"author":2,"featured_media":0,"parent":0,"menu_order":0,"comment_status":"closed","ping_status":"closed","template":"","meta":{"_et_pb_use_builder":"on","_et_pb_old_content":"","_et_gb_content_width":"","yasr_overall_rating":0,"yasr_post_is_review":"","yasr_auto_insert_disabled":"","yasr_review_type":"","footnotes":""},"class_list":["post-2773","page","type-page","status-publish","hentry"],"yasr_visitor_votes":{"stars_attributes":{"read_only":false,"span_bottom":false},"number_of_votes":0,"sum_votes":0},"yoast_head":"<!-- This site is optimized with the Yoast SEO Premium plugin v15.0 - https:\/\/yoast.com\/wordpress\/plugins\/seo\/ -->\n<title>Moving St. Therese - D\u00e9m\u00e9nagement Pause Caf\u00e9<\/title>\n<meta name=\"description\" content=\"We are a moving company in Sainte-Th\u00e9r\u00e8se for all your residential or commercial moving needs\" \/>\n<meta name=\"robots\" content=\"index, follow, max-snippet:-1, max-image-preview:large, max-video-preview:-1\" \/>\n<link rel=\"canonical\" href=\"https:\/\/demenagementpausecafe.ca\/en\/moving-st-therese\/\" \/>\n<meta property=\"og:locale\" content=\"en_US\" \/>\n<meta property=\"og:type\" content=\"article\" \/>\n<meta property=\"og:title\" content=\"Moving St. Therese - D\u00e9m\u00e9nagement Pause Caf\u00e9\" \/>\n<meta property=\"og:description\" content=\"We are a moving company in Sainte-Th\u00e9r\u00e8se for all your residential or commercial moving needs\" \/>\n<meta property=\"og:url\" content=\"https:\/\/demenagementpausecafe.ca\/en\/moving-st-therese\/\" \/>\n<meta property=\"og:site_name\" content=\"D\u00e9m\u00e9nagement Pause Caf\u00e9\" \/>\n<meta property=\"article:modified_time\" content=\"2023-07-19T17:02:46+00:00\" \/>\n<meta name=\"twitter:card\" content=\"summary_large_image\" \/>\n<script type=\"application\/ld+json\" class=\"yoast-schema-graph\">{\"@context\":\"https:\/\/schema.org\",\"@graph\":[{\"@type\":\"WebSite\",\"@id\":\"https:\/\/demenagementpausecafe.ca\/en\/#website\",\"url\":\"https:\/\/demenagementpausecafe.ca\/en\/\",\"name\":\"D\\u00e9m\\u00e9nagement Pause Caf\\u00e9\",\"description\":\"\",\"potentialAction\":[{\"@type\":\"SearchAction\",\"target\":\"https:\/\/demenagementpausecafe.ca\/en\/?s={search_term_string}\",\"query-input\":\"required name=search_term_string\"}],\"inLanguage\":\"en-US\"},{\"@type\":\"WebPage\",\"@id\":\"https:\/\/demenagementpausecafe.ca\/en\/moving-st-therese\/#webpage\",\"url\":\"https:\/\/demenagementpausecafe.ca\/en\/moving-st-therese\/\",\"name\":\"Moving St. Therese - D\\u00e9m\\u00e9nagement Pause Caf\\u00e9\",\"isPartOf\":{\"@id\":\"https:\/\/demenagementpausecafe.ca\/en\/#website\"},\"datePublished\":\"2020-03-26T15:39:42+00:00\",\"dateModified\":\"2023-07-19T17:02:46+00:00\",\"description\":\"We are a moving company in Sainte-Th\\u00e9r\\u00e8se for all your residential or commercial moving needs\",\"inLanguage\":\"en-US\",\"potentialAction\":[{\"@type\":\"ReadAction\",\"target\":[\"https:\/\/demenagementpausecafe.ca\/en\/moving-st-therese\/\"]}]}]}<\/script>\n<!-- \/ Yoast SEO Premium plugin. -->","_links":{"self":[{"href":"https:\/\/demenagementpausecafe.ca\/en\/wp-json\/wp\/v2\/pages\/2773","targetHints":{"allow":["GET"]}}],"collection":[{"href":"https:\/\/demenagementpausecafe.ca\/en\/wp-json\/wp\/v2\/pages"}],"about":[{"href":"https:\/\/demenagementpausecafe.ca\/en\/wp-json\/wp\/v2\/types\/page"}],"author":[{"embeddable":true,"href":"https:\/\/demenagementpausecafe.ca\/en\/wp-json\/wp\/v2\/users\/2"}],"replies":[{"embeddable":true,"href":"https:\/\/demenagementpausecafe.ca\/en\/wp-json\/wp\/v2\/comments?post=2773"}],"version-history":[{"count":4,"href":"https:\/\/demenagementpausecafe.ca\/en\/wp-json\/wp\/v2\/pages\/2773\/revisions"}],"predecessor-version":[{"id":3971,"href":"https:\/\/demenagementpausecafe.ca\/en\/wp-json\/wp\/v2\/pages\/2773\/revisions\/3971"}],"wp:attachment":[{"href":"https:\/\/demenagementpausecafe.ca\/en\/wp-json\/wp\/v2\/media?parent=2773"}],"curies":[{"name":"wp","href":"https:\/\/api.w.org\/{rel}","templated":true}]}}