{"id":3350,"date":"2022-11-22T09:35:33","date_gmt":"2022-11-22T14:35:33","guid":{"rendered":"https:\/\/demenagementpausecafe.ca\/moving-coffee-break-in-montreal\/"},"modified":"2022-11-22T09:35:33","modified_gmt":"2022-11-22T14:35:33","slug":"moving-coffee-break-in-montreal","status":"publish","type":"page","link":"https:\/\/demenagementpausecafe.ca\/en\/moving-coffee-break-in-montreal\/","title":{"rendered":"Moving Coffee Break in Montreal"},"content":{"rendered":"<p>Do you want to move from one place in <strong><a href=\"https:\/\/demenagementpausecafe.ca\/en\/category\/montreal-en\/\">Montreal<\/a><\/strong> to another in the same city? Or do you want to move from Montreal to another city in Canada? In either case, you will need to call on reliable professionals such as those at <strong>D\u00e9m\u00e9nagement Pause-Caf\u00e9<\/strong>. Discover our two main moving services in Montreal.<\/p>\n<h2>Residential moving to Montreal<\/h2>\n<p><img decoding=\"async\" class=\"size-medium wp-image-3343 alignright\" src=\"https:\/\/demenagementpausecafe.ca\/wp-content\/uploads\/2022\/11\/evgenyatamanenko210200252-300x267.jpg\" alt=\"\" width=\"300\" height=\"267\" srcset=\"https:\/\/demenagementpausecafe.ca\/wp-content\/uploads\/2022\/11\/evgenyatamanenko210200252-300x267.jpg 300w, https:\/\/demenagementpausecafe.ca\/wp-content\/uploads\/2022\/11\/evgenyatamanenko210200252.jpg 450w\" sizes=\"(max-width: 300px) 100vw, 300px\" \/><\/p>\n<p>A <strong><a href=\"https:\/\/demenagementpausecafe.ca\/en\/moving-montreal-east-west-island\/\">residential move<\/a><\/strong> can quickly become a stressful situation especially if you do not know how to go about it. To get rid of this anxiety, the ideal is to use the services of a <strong>Montreal moving<\/strong> agency.<\/p>\n<h3>Professionalism<\/h3>\n<p>To succeed in a <strong><a href=\"https:\/\/demenagementpausecafe.ca\/en\/long-distance-moving-montreal-east-west-island\/\">long-distance move<\/a><\/strong>, you need to be in an optimal physical disposition. Do not take the risk of breaking your back or worse by lifting heavy boxes. However, professionals have a good physical constitution and are used to such activities. The big guys of our agency D\u00e9m\u00e9nagement Pause-Caf\u00e9 who are in Griffintown, Little Italy or anywhere in Montreal, are used to lifting heavy boxes without any risk of getting hurt.<\/p>\n<p>In addition, the professional allows you to save time and reduce the risk of seeing your most fragile objects deteriorate.<\/p>\n<h3>Tailor-made services<\/h3>\n<p>As an old or new customer, you matter to us. Therefore, we take into account all your requirements in order to offer you a tailor-made service. With us, you can opt for a turnkey service including even the expertise of a <strong>piano mover<\/strong>. Otherwise, we can just provide you with a truck with our best mover as our driver. For any move to Montreal, it will always be you who will decide everything.<\/p>\n<h2>Commercial move to Montreal<\/h2>\n<p><img decoding=\"async\" class=\"size-medium wp-image-3347 alignleft\" src=\"https:\/\/demenagementpausecafe.ca\/wp-content\/uploads\/2022\/11\/elnur190912760-300x200.jpg\" alt=\"\" width=\"300\" height=\"200\" srcset=\"https:\/\/demenagementpausecafe.ca\/wp-content\/uploads\/2022\/11\/elnur190912760-300x200.jpg 300w, https:\/\/demenagementpausecafe.ca\/wp-content\/uploads\/2022\/11\/elnur190912760.jpg 450w\" sizes=\"(max-width: 300px) 100vw, 300px\" \/><\/p>\n<p>D\u00e9m\u00e9nagement Pause-Caf\u00e9, our <strong><a href=\"https:\/\/demenagementpausecafe.ca\/en\/moving-company-montreal-east-west-island\/\">moving company<\/a><\/strong> in Montreal is not only an expert in <a href=\"https:\/\/demenagementpausecafe.ca\/en\/category\/residentiel-en\/\">residential moving<\/a>. Indeed, we have also thought of commercial companies that will want to change premises in Montreal or leave this main city of Quebec for another. Choose our services and benefit from the many advantages we offer you.<\/p>\n<p>&nbsp;<\/p>\n<h3>Reduced moving budget<\/h3>\n<p>To perfectly succeed in your <strong><a href=\"https:\/\/demenagementpausecafe.ca\/en\/commercial-moving-montreal-east-west-island\/\">commercial move<\/a><\/strong> or industrial <strong>move<\/strong> in this city of 413.5 km<sup>2<\/sup>, you need to use specialized rolling stock. These will be expensive to rent and you cannot afford to acquire them. However, the specialist has these materials that he will use to provide you with his service. In the end, you make substantial savings on the <strong>moving budget<\/strong>.<\/p>\n<h3>Risk coverage<\/h3>\n<p>During a Montreal move, even the <strong>best mover<\/strong> can lose some items along the way due to theft. Or, it may happen to damage during transport. To avoid this state of affairs, risk coverage is necessary. At <a href=\"https:\/\/demenagementpausecafe.ca\/\">D\u00e9m\u00e9nagement Pause-Caf\u00e9<\/a>, these types of incidents are covered by an insurer. Therefore, in case of breakage or scratches of fragile objects or even in case of theft in Old Montreal, Mile-End, or Andr\u00e9-Grasset, you will be fully compensated. This is one of the characteristics that make us the <strong>best Montreal <a href=\"https:\/\/demenagementpausecafe.ca\/en\/movers-montreal-east-west-island\/\">movers<\/a><\/strong>.<\/p>\n<div style='text-align:left' class='yasr-auto-insert-visitor'><\/div>","protected":false},"excerpt":{"rendered":"<p>Do you want to move from one place in Montreal to another in the same city? Or do you want to move from Montreal to another city in Canada? In either case, you will need to call on reliable professionals such as those at D\u00e9m\u00e9nagement Pause-Caf\u00e9. Discover our two main moving services in Montreal. Residential [&hellip;]<\/p>\n","protected":false},"author":5,"featured_media":3346,"parent":0,"menu_order":0,"comment_status":"closed","ping_status":"closed","template":"","meta":{"_et_pb_use_builder":"","_et_pb_old_content":"","_et_gb_content_width":"","yasr_overall_rating":0,"yasr_post_is_review":"","yasr_auto_insert_disabled":"","yasr_review_type":"","footnotes":""},"class_list":["post-3350","page","type-page","status-publish","has-post-thumbnail","hentry"],"yasr_visitor_votes":{"stars_attributes":{"read_only":false,"span_bottom":false},"number_of_votes":0,"sum_votes":0},"yoast_head":"<!-- This site is optimized with the Yoast SEO Premium plugin v15.0 - https:\/\/yoast.com\/wordpress\/plugins\/seo\/ -->\n<title>Moving Coffee Break in Montreal - D\u00e9m\u00e9nagement Pause Caf\u00e9<\/title>\n<meta name=\"description\" content=\"Do you want to move from one place in Montreal to another in the same city? Or do you want to move from Montreal to another city in Canada? In either\" \/>\n<meta name=\"robots\" content=\"index, follow, max-snippet:-1, max-image-preview:large, max-video-preview:-1\" \/>\n<link rel=\"canonical\" href=\"https:\/\/demenagementpausecafe.ca\/en\/moving-coffee-break-in-montreal\/\" \/>\n<meta property=\"og:locale\" content=\"en_US\" \/>\n<meta property=\"og:type\" content=\"article\" \/>\n<meta property=\"og:title\" content=\"Moving Coffee Break in Montreal - D\u00e9m\u00e9nagement Pause Caf\u00e9\" \/>\n<meta property=\"og:description\" content=\"Do you want to move from one place in Montreal to another in the same city? Or do you want to move from Montreal to another city in Canada? In either\" \/>\n<meta property=\"og:url\" content=\"https:\/\/demenagementpausecafe.ca\/en\/moving-coffee-break-in-montreal\/\" \/>\n<meta property=\"og:site_name\" content=\"D\u00e9m\u00e9nagement Pause Caf\u00e9\" \/>\n<meta property=\"og:image\" content=\"https:\/\/demenagementpausecafe.ca\/wp-content\/uploads\/2022\/11\/andreypopov191000300.jpg\" \/>\n\t<meta property=\"og:image:width\" content=\"450\" \/>\n\t<meta property=\"og:image:height\" content=\"300\" \/>\n<meta name=\"twitter:card\" content=\"summary_large_image\" \/>\n<script type=\"application\/ld+json\" class=\"yoast-schema-graph\">{\"@context\":\"https:\/\/schema.org\",\"@graph\":[{\"@type\":\"WebSite\",\"@id\":\"https:\/\/demenagementpausecafe.ca\/en\/#website\",\"url\":\"https:\/\/demenagementpausecafe.ca\/en\/\",\"name\":\"D\\u00e9m\\u00e9nagement Pause Caf\\u00e9\",\"description\":\"\",\"potentialAction\":[{\"@type\":\"SearchAction\",\"target\":\"https:\/\/demenagementpausecafe.ca\/en\/?s={search_term_string}\",\"query-input\":\"required name=search_term_string\"}],\"inLanguage\":\"en-US\"},{\"@type\":\"ImageObject\",\"@id\":\"https:\/\/demenagementpausecafe.ca\/en\/moving-coffee-break-in-montreal\/#primaryimage\",\"inLanguage\":\"en-US\",\"url\":\"https:\/\/demenagementpausecafe.ca\/wp-content\/uploads\/2022\/11\/andreypopov191000300.jpg\",\"width\":450,\"height\":300},{\"@type\":\"WebPage\",\"@id\":\"https:\/\/demenagementpausecafe.ca\/en\/moving-coffee-break-in-montreal\/#webpage\",\"url\":\"https:\/\/demenagementpausecafe.ca\/en\/moving-coffee-break-in-montreal\/\",\"name\":\"Moving Coffee Break in Montreal - D\\u00e9m\\u00e9nagement Pause Caf\\u00e9\",\"isPartOf\":{\"@id\":\"https:\/\/demenagementpausecafe.ca\/en\/#website\"},\"primaryImageOfPage\":{\"@id\":\"https:\/\/demenagementpausecafe.ca\/en\/moving-coffee-break-in-montreal\/#primaryimage\"},\"datePublished\":\"2022-11-22T14:35:33+00:00\",\"dateModified\":\"2022-11-22T14:35:33+00:00\",\"description\":\"Do you want to move from one place in Montreal to another in the same city? Or do you want to move from Montreal to another city in Canada? In either\",\"inLanguage\":\"en-US\",\"potentialAction\":[{\"@type\":\"ReadAction\",\"target\":[\"https:\/\/demenagementpausecafe.ca\/en\/moving-coffee-break-in-montreal\/\"]}]}]}<\/script>\n<!-- \/ Yoast SEO Premium plugin. -->","_links":{"self":[{"href":"https:\/\/demenagementpausecafe.ca\/en\/wp-json\/wp\/v2\/pages\/3350","targetHints":{"allow":["GET"]}}],"collection":[{"href":"https:\/\/demenagementpausecafe.ca\/en\/wp-json\/wp\/v2\/pages"}],"about":[{"href":"https:\/\/demenagementpausecafe.ca\/en\/wp-json\/wp\/v2\/types\/page"}],"author":[{"embeddable":true,"href":"https:\/\/demenagementpausecafe.ca\/en\/wp-json\/wp\/v2\/users\/5"}],"replies":[{"embeddable":true,"href":"https:\/\/demenagementpausecafe.ca\/en\/wp-json\/wp\/v2\/comments?post=3350"}],"version-history":[{"count":0,"href":"https:\/\/demenagementpausecafe.ca\/en\/wp-json\/wp\/v2\/pages\/3350\/revisions"}],"wp:featuredmedia":[{"embeddable":true,"href":"https:\/\/demenagementpausecafe.ca\/en\/wp-json\/wp\/v2\/media\/3346"}],"wp:attachment":[{"href":"https:\/\/demenagementpausecafe.ca\/en\/wp-json\/wp\/v2\/media?parent=3350"}],"curies":[{"name":"wp","href":"https:\/\/api.w.org\/{rel}","templated":true}]}}