{"id":753,"date":"2017-11-19T22:26:04","date_gmt":"2017-11-20T03:26:04","guid":{"rendered":"https:\/\/demenagementpausecafe.ca\/movers\/"},"modified":"2019-08-22T16:02:54","modified_gmt":"2019-08-22T20:02:54","slug":"movers-montreal-east-west-island","status":"publish","type":"page","link":"https:\/\/demenagementpausecafe.ca\/en\/movers-montreal-east-west-island\/","title":{"rendered":"Movers"},"content":{"rendered":"<p>[et_pb_section bb_built=&#8221;1&#8243; _builder_version=&#8221;3.0.87&#8243; background_image=&#8221;https:\/\/demenagementpausecafe.ca\/wp-content\/uploads\/2017\/11\/page-title-bg-1.jpg&#8221; inner_width=&#8221;auto&#8221; inner_max_width=&#8221;none&#8221; next_background_color=&#8221;#ffffff&#8221;][et_pb_row _builder_version=&#8221;3.0.47&#8243; background_size=&#8221;initial&#8221; background_position=&#8221;top_left&#8221; background_repeat=&#8221;repeat&#8221; width=&#8221;80%&#8221; max_width=&#8221;1080px&#8221;][et_pb_column type=&#8221;4_4&#8243;][et_pb_text background_layout=&#8221;dark&#8221; _builder_version=&#8221;3.0.89&#8243; text_font=&#8221;||||||||&#8221;]<\/p>\n<h1> Movers<\/h1>\n<p>[\/et_pb_text][\/et_pb_column][\/et_pb_row][\/et_pb_section][et_pb_section bb_built=&#8221;1&#8243; _builder_version=&#8221;3.0.47&#8243; inner_width=&#8221;auto&#8221; inner_max_width=&#8221;none&#8221; prev_background_color=&#8221;#000000&#8243; next_background_color=&#8221;#000000&#8243;][et_pb_row _builder_version=&#8221;3.0.47&#8243; background_size=&#8221;initial&#8221; background_position=&#8221;top_left&#8221; background_repeat=&#8221;repeat&#8221; width=&#8221;80%&#8221; max_width=&#8221;1080px&#8221;][et_pb_column type=&#8221;1_2&#8243;][et_pb_image src=&#8221;https:\/\/demenagementpausecafe.ca\/wp-content\/uploads\/2017\/11\/11.jpg&#8221; _builder_version=&#8221;3.0.87&#8243;]<\/p>\n<p><\/p>\n<p>[\/et_pb_image][\/et_pb_column][et_pb_column type=&#8221;1_2&#8243;][et_pb_text module_class=&#8221;titreR&#8221; _builder_version=&#8221;3.0.87&#8243;]<\/p>\n<h2>Movers in Montreal and surrounding areas<\/h2>\n<p>A team of reliable, courteous, and professional movers at affordable prices in <a href=\"https:\/\/demenagementpausecafe.ca\/en\/category\/montreal-en\/\">Montreal<\/a> and the surrounding area &#8230; is it possible? Of course! We are a <a href=\"https:\/\/demenagementpausecafe.ca\/en\/moving-company-montreal-east-west-island\/\">moving company<\/a> in business for many years and we have a lot of experience in the field. Over the years, we have faced every situation it is possible to encounter when moving.<\/p>\n<p>Consequently, our qualified and experienced movers can meet your many needs and allow you to move in peace.<\/p>\n<p>[\/et_pb_text][\/et_pb_column][\/et_pb_row][\/et_pb_section][et_pb_section bb_built=&#8221;1&#8243; _builder_version=&#8221;3.0.87&#8243; custom_margin=&#8221;|||&#8221; custom_padding=&#8221;0px||0px|&#8221; inner_width=&#8221;auto&#8221; inner_max_width=&#8221;none&#8221; prev_background_color=&#8221;#000000&#8243; next_background_color=&#8221;#000000&#8243;][et_pb_row make_fullwidth=&#8221;on&#8221; use_custom_gutter=&#8221;on&#8221; gutter_width=&#8221;1&#8243; custom_padding=&#8221;0px||0px|&#8221; make_equal=&#8221;on&#8221; background_color_1=&#8221;#000000&#8243; bg_img_2=&#8221;https:\/\/demenagementpausecafe.ca\/wp-content\/uploads\/2017\/11\/3-1.jpg&#8221; _builder_version=&#8221;3.0.87&#8243; module_class=&#8221; et_pb_row_fullwidth&#8221; width=&#8221;100%&#8221; width_tablet=&#8221;100%&#8221; width_last_edited=&#8221;on|desktop&#8221; max_width=&#8221;100%&#8221; max_width_tablet=&#8221;100%&#8221; max_width_last_edited=&#8221;on|desktop&#8221;][et_pb_column type=&#8221;2_3&#8243;][et_pb_text background_layout=&#8221;dark&#8221; module_class=&#8221;padding3&#8243; _builder_version=&#8221;3.0.87&#8243; text_font=&#8221;||||||||&#8221;]<\/p>\n<h2>High-Quality Services<\/h2>\n<p>In addition, our movers are required to clean inside their trucks between each move to ensure the cleanliness and integrity of your property. They are also equipped with all the equipment necessary for a professional mover to achieve good work (trolleys, protective covers, conveyor belts, etc.): to package and transport your goods safely.<\/p>\n<p>Our team members are also capable of dismantling and reassembling your furniture during the moving process if necessary. Thus, we avoid potential breakage. Furthermore, we also take great care not to damage the floors or the walls of the place you are leaving and the one you are occupying.<\/p>\n<p>In sum, we believe that a good mover should be well equipped, but, above all, he must demonstrate an impeccable know-how to ensure the satisfaction of our customers and offer them a stress-free move.<\/p>\n<p>For more information on our services, please <a href=\"https:\/\/demenagementpausecafe.ca\/en\/contact-us\/\">contact us<\/a>. Situated in the heart of Montreal, we serve customers in Montreal, Montreal East, and Montreal West.<\/p>\n<p>[\/et_pb_text][\/et_pb_column][et_pb_column type=&#8221;1_3&#8243;][\/et_pb_column][\/et_pb_row][\/et_pb_section][et_pb_section bb_built=&#8221;1&#8243; _builder_version=&#8221;3.0.87&#8243; inner_width=&#8221;auto&#8221; inner_max_width=&#8221;none&#8221; prev_background_color=&#8221;#000000&#8243; next_background_color=&#8221;#000000&#8243;][et_pb_row _builder_version=&#8221;3.0.87&#8243; width=&#8221;80%&#8221; max_width=&#8221;1080px&#8221;][et_pb_column type=&#8221;1_2&#8243;][et_pb_image src=&#8221;https:\/\/demenagementpausecafe.ca\/wp-content\/uploads\/2017\/11\/12.jpg&#8221; _builder_version=&#8221;3.0.87&#8243;]<\/p>\n<p><\/p>\n<p>[\/et_pb_image][\/et_pb_column][et_pb_column type=&#8221;1_2&#8243;][et_pb_text module_class=&#8221;titreR&#8221; _builder_version=&#8221;3.0.87&#8243;]<\/p>\n<h2>A Handpicked Team<\/h2>\n<p>When you hear the word \u201cmover,\u201d a specific image may come to mind. Well, forget the stereotypes! Even in the busy season, our team members are always carefully selected.<\/p>\n<p>Our movers are our main point of contact with our customers; so it is important for us that they offer you courteous, attentive, and impeccable service, in addition to being able to perform their jobs effectively. We put much emphasis on our image and reputation. Therefore, we hire only the best and make sure they offer you service of the highest standard.<\/p>\n<p>[\/et_pb_text][\/et_pb_column][\/et_pb_row][\/et_pb_section][et_pb_section bb_built=&#8221;1&#8243; _builder_version=&#8221;3.0.86&#8243; background_image=&#8221;https:\/\/demenagementpausecafe.ca\/wp-content\/uploads\/2017\/11\/great-moving-team-bg.jpg&#8221; saved_tabs=&#8221;all&#8221; prev_background_color=&#8221;#ffffff&#8221; inner_width=&#8221;auto&#8221; inner_max_width=&#8221;none&#8221; global_module=&#8221;856&#8243;][et_pb_row global_parent=&#8221;856&#8243; _builder_version=&#8221;3.0.86&#8243; width=&#8221;80%&#8221; max_width=&#8221;1080px&#8221;][et_pb_column type=&#8221;1_2&#8243;][et_pb_text global_parent=&#8221;856&#8243; _builder_version=&#8221;3.17.6&#8243; text_font=&#8221;||||||||&#8221; background_layout=&#8221;dark&#8221;]<\/p>\n<h2 class=\"p30\"><strong>Free<\/strong> <span style=\"font-weight:400;\">Quote<\/span><\/h2>\n<p class=\"emergency24hour\">AVAILABLE ON DEMAND<\/p>\n<p class=\"tel-jaune\"><b>(514) 569-8849<\/b> or <a class=\"et_pb_button  et_pb_button_0 et_pb_module et_pb_bg_layout_light bas\" href=\"https:\/\/demenagementpausecafe.ca\/en\/estimation\/\"> on line<\/a><\/p>\n<p>[\/et_pb_text][\/et_pb_column][et_pb_column type=&#8221;1_2&#8243;][\/et_pb_column][\/et_pb_row][\/et_pb_section]<\/p>\n<div style='text-align:left' class='yasr-auto-insert-visitor'><\/div>","protected":false},"excerpt":{"rendered":"<p>Movers Movers in Montreal and surrounding areas A team of reliable, courteous, and professional movers at affordable prices in Montreal and the surrounding area &#8230; is it possible? Of course! We are a moving company in business for many years and we have a lot of experience in the field. Over the years, we have [&hellip;]<\/p>\n","protected":false},"author":1,"featured_media":0,"parent":0,"menu_order":0,"comment_status":"closed","ping_status":"closed","template":"","meta":{"_et_pb_use_builder":"on","_et_pb_old_content":"","_et_gb_content_width":"","yasr_overall_rating":0,"yasr_post_is_review":"","yasr_auto_insert_disabled":"","yasr_review_type":"Other","footnotes":""},"class_list":["post-753","page","type-page","status-publish","hentry"],"yasr_visitor_votes":{"stars_attributes":{"read_only":false,"span_bottom":false},"number_of_votes":0,"sum_votes":0},"yoast_head":"<!-- This site is optimized with the Yoast SEO Premium plugin v15.0 - https:\/\/yoast.com\/wordpress\/plugins\/seo\/ -->\n<title>Movers - D\u00e9m\u00e9nagement Pause Caf\u00e9<\/title>\n<meta name=\"description\" content=\"Ourexpert movers are capable of dismantling and reassembling your furniture during the moving process if necessary. Thus, we avoid potential breakage.\" \/>\n<meta name=\"robots\" content=\"index, follow, max-snippet:-1, max-image-preview:large, max-video-preview:-1\" \/>\n<link rel=\"canonical\" href=\"https:\/\/demenagementpausecafe.ca\/en\/movers-montreal-east-west-island\/\" \/>\n<meta property=\"og:locale\" content=\"en_US\" \/>\n<meta property=\"og:type\" content=\"article\" \/>\n<meta property=\"og:title\" content=\"Movers - D\u00e9m\u00e9nagement Pause Caf\u00e9\" \/>\n<meta property=\"og:description\" content=\"Ourexpert movers are capable of dismantling and reassembling your furniture during the moving process if necessary. Thus, we avoid potential breakage.\" \/>\n<meta property=\"og:url\" content=\"https:\/\/demenagementpausecafe.ca\/en\/movers-montreal-east-west-island\/\" \/>\n<meta property=\"og:site_name\" content=\"D\u00e9m\u00e9nagement Pause Caf\u00e9\" \/>\n<meta property=\"article:modified_time\" content=\"2019-08-22T20:02:54+00:00\" \/>\n<meta name=\"twitter:card\" content=\"summary_large_image\" \/>\n<script type=\"application\/ld+json\" class=\"yoast-schema-graph\">{\"@context\":\"https:\/\/schema.org\",\"@graph\":[{\"@type\":\"WebSite\",\"@id\":\"https:\/\/demenagementpausecafe.ca\/en\/#website\",\"url\":\"https:\/\/demenagementpausecafe.ca\/en\/\",\"name\":\"D\\u00e9m\\u00e9nagement Pause Caf\\u00e9\",\"description\":\"\",\"potentialAction\":[{\"@type\":\"SearchAction\",\"target\":\"https:\/\/demenagementpausecafe.ca\/en\/?s={search_term_string}\",\"query-input\":\"required name=search_term_string\"}],\"inLanguage\":\"en-US\"},{\"@type\":\"WebPage\",\"@id\":\"https:\/\/demenagementpausecafe.ca\/en\/movers-montreal-east-west-island\/#webpage\",\"url\":\"https:\/\/demenagementpausecafe.ca\/en\/movers-montreal-east-west-island\/\",\"name\":\"Movers - D\\u00e9m\\u00e9nagement Pause Caf\\u00e9\",\"isPartOf\":{\"@id\":\"https:\/\/demenagementpausecafe.ca\/en\/#website\"},\"datePublished\":\"2017-11-20T03:26:04+00:00\",\"dateModified\":\"2019-08-22T20:02:54+00:00\",\"description\":\"Ourexpert movers are capable of dismantling and reassembling your furniture during the moving process if necessary. Thus, we avoid potential breakage.\",\"inLanguage\":\"en-US\",\"potentialAction\":[{\"@type\":\"ReadAction\",\"target\":[\"https:\/\/demenagementpausecafe.ca\/en\/movers-montreal-east-west-island\/\"]}]}]}<\/script>\n<!-- \/ Yoast SEO Premium plugin. -->","_links":{"self":[{"href":"https:\/\/demenagementpausecafe.ca\/en\/wp-json\/wp\/v2\/pages\/753","targetHints":{"allow":["GET"]}}],"collection":[{"href":"https:\/\/demenagementpausecafe.ca\/en\/wp-json\/wp\/v2\/pages"}],"about":[{"href":"https:\/\/demenagementpausecafe.ca\/en\/wp-json\/wp\/v2\/types\/page"}],"author":[{"embeddable":true,"href":"https:\/\/demenagementpausecafe.ca\/en\/wp-json\/wp\/v2\/users\/1"}],"replies":[{"embeddable":true,"href":"https:\/\/demenagementpausecafe.ca\/en\/wp-json\/wp\/v2\/comments?post=753"}],"version-history":[{"count":11,"href":"https:\/\/demenagementpausecafe.ca\/en\/wp-json\/wp\/v2\/pages\/753\/revisions"}],"predecessor-version":[{"id":2371,"href":"https:\/\/demenagementpausecafe.ca\/en\/wp-json\/wp\/v2\/pages\/753\/revisions\/2371"}],"wp:attachment":[{"href":"https:\/\/demenagementpausecafe.ca\/en\/wp-json\/wp\/v2\/media?parent=753"}],"curies":[{"name":"wp","href":"https:\/\/api.w.org\/{rel}","templated":true}]}}