{"id":869,"date":"2017-11-13T22:29:55","date_gmt":"2017-11-14T03:29:55","guid":{"rendered":"https:\/\/demenagementpausecafe.ca\/demenagement-de-piano\/"},"modified":"2022-09-29T17:28:56","modified_gmt":"2022-09-29T21:28:56","slug":"piano-moving-montreal-east-west-island","status":"publish","type":"page","link":"https:\/\/demenagementpausecafe.ca\/en\/piano-moving-montreal-east-west-island\/","title":{"rendered":"Moving pool tables and Piano"},"content":{"rendered":"<p>[et_pb_section fb_built=&#8221;1&#8243; _builder_version=&#8221;4.16&#8243; background_image=&#8221;https:\/\/demenagementpausecafe.ca\/wp-content\/uploads\/2017\/11\/bg.jpg&#8221; global_colors_info=&#8221;{}&#8221;][et_pb_row _builder_version=&#8221;4.16&#8243; background_size=&#8221;initial&#8221; background_position=&#8221;top_left&#8221; background_repeat=&#8221;repeat&#8221; global_colors_info=&#8221;{}&#8221;][et_pb_column type=&#8221;4_4&#8243; _builder_version=&#8221;4.16&#8243; custom_padding=&#8221;|||&#8221; global_colors_info=&#8221;{}&#8221; custom_padding__hover=&#8221;|||&#8221;][et_pb_text module_class=&#8221;titreR&#8221; _builder_version=&#8221;4.16&#8243; background_size=&#8221;initial&#8221; background_position=&#8221;top_left&#8221; background_repeat=&#8221;repeat&#8221; global_colors_info=&#8221;{}&#8221;]<\/p>\n<h1>Moving Pianos and pool tables in Montreal<\/h1>\n<p>[\/et_pb_text][\/et_pb_column][\/et_pb_row][et_pb_row column_structure=&#8221;3_5,2_5&#8243; _builder_version=&#8221;4.16&#8243; global_colors_info=&#8221;{}&#8221;][et_pb_column type=&#8221;3_5&#8243; _builder_version=&#8221;4.16&#8243; global_colors_info=&#8221;{}&#8221;][et_pb_image src=&#8221;https:\/\/demenagementpausecafe.ca\/wp-content\/uploads\/2017\/11\/51.jpg&#8221; _builder_version=&#8221;4.16&#8243; global_colors_info=&#8221;{}&#8221;][\/et_pb_image][et_pb_text _builder_version=&#8221;4.16&#8243; global_colors_info=&#8221;{}&#8221;]<\/p>\n<p>Moving is a common household activity in <a href=\"https:\/\/demenagementpausecafe.ca\/en\/category\/montreal-en\/\">Montreal<\/a>. This involves transporting all your furniture to your new place of residence. You can do it yourself or entrust it to moving professionals. However, it is advisable to opt for the second option, as your furniture may include objects that are very difficult to move by yourself, such as<strong>a piano <\/strong>or a<strong> pool table.<\/strong> Entrusting this task to professionals will prevent you from having physical problems or damaging them.<\/p>\n<h2>Why hire a professional?<\/h2>\n<p>It is in your best interest to hire a professional for your moves, especially if you have <strong>particularly heavy<\/strong> and fragile items such as a piano or a pool table. These qualified and experienced people will prevent you from the risk of damage when transporting your goods.<\/p>\n<p>It is not easy to move to Montreal given the way the apartments are designed. It is noticeable, for example, that in many apartments, stairwells are too narrow. By making your own move to Montreal, even using a port strap, you wouldn&#8217;t be immune to any damage that may cost you. In addition to the damage you could cause to your property, by making your own move you may also harm your health. For example, lifting your furniture and heavy objects could cause back problems, muscle pain and more.<\/p>\n<p><strong>Professional <a href=\"https:\/\/demenagementpausecafe.ca\/en\/movers-montreal-east-west-island\/\">movers<\/a><\/strong> can save you all these worries. They use specific materials that they are trained to use. In addition, using a professional guarantees <strong>speed<\/strong> and <strong>reliability<\/strong> in the service. Your equipment will be transported <strong>safely<\/strong> and will be returned to you in the <strong>same condition as at the start.<\/strong> There are also many other advantages to entrusting the removal of your piano or pool table to a professional.<\/p>\n<h2>Moving pianos to Montreal<\/h2>\n<p>The piano moving services in Montreal are responsible for moving <strong>up-and-coming pianos<\/strong> as well as <strong>grand pianos.<\/strong> Whether it is on the ground floor or upstairs, these agencies are well equipped to offer you a <strong>reliable and quality service.<\/strong> For example, they use <strong>specialized crates<\/strong> to transport your art objects, including the piano. The goal is to effectively protect the piano throughout the trip.<\/p>\n<p>For transport, professional movers may have to <strong>disassemble the piano,<\/strong>including the pedal, feet, etc. This is to reduce the weight and clutter of the piano. The movers then use a <strong>&#8220;skid&#8221;<\/strong> to prevent the piano from coming into direct contact with the ground during handling. They sometimes use a dolly (handling cart). Once at its destination, the piano <strong>descended delicately,<\/strong> <strong>unpacked and reassembled in its entirety.<\/strong><\/p>\n<h3>How much does it cost to move a piano to Montreal?<\/h3>\n<p>The price of a piano move <strong>varies<\/strong> depending on the agency and whether it is a upright or grand piano. It also varies depending on the obstacles inherent in transport, distance and sometimes even the value of the piano. Inside Montreal, moving a piano can cost you <strong>$180 to $350 and sometimes more.<\/strong> These rates are given as an example.<\/p>\n<h2>Moving pool tables in Montreal<\/h2>\n<p>Would you like to move your pool table? If so, trust a professional to offer you this service. Whether it&#8217;s a move of residential, <strong>high-end <\/strong>or<strong> commercial<\/strong> <strong>pool tables,<\/strong>there are several agencies in Montreal. As in the case of a piano, moving a pool table responds to a <strong>specific process.<\/strong> The movers will first disassemble the pool table.<\/p>\n<p>They <strong>then make sure to protect the areas most likely to be damaged<\/strong> during transport. The <strong>carpet of the pool table<\/strong> enjoys special attention. Finally, all the elements are covered and shipped for the trip. All this is done using specialized equipment. Upon arrival at its destination, the pool table is gently unloaded and transported to the location intended to receive it. Here&#8217;s a recap in a few points:<\/p>\n<ul>\n<li>The agency sends a team to dismantle the pool table;<\/li>\n<li>All components of the pool table are protected according to specific rules;<\/li>\n<li>Transportation and installation of the pool table at the new address.<\/li>\n<\/ul>\n<h3>How much does it cost to move pool tables in Montreal?<\/h3>\n<p>As you may get it, <strong>the price of moving a pool table is not frozen.<\/strong> It varies according to several criteria, including size, transport distance, etc. However, we notice on some professional sites that the service is offered from <strong>225 dollars<\/strong>. It can go up to <strong>480 dollars or sometimes more.<\/strong><\/p>\n<p>[\/et_pb_text][\/et_pb_column][et_pb_column type=&#8221;2_5&#8243; _builder_version=&#8221;4.16&#8243; global_colors_info=&#8221;{}&#8221;][et_pb_sidebar area=&#8221;et_pb_widget_area_1&#8243; _builder_version=&#8221;4.16&#8243; global_colors_info=&#8221;{}&#8221;][\/et_pb_sidebar][\/et_pb_column][\/et_pb_row][\/et_pb_section][et_pb_section fb_built=&#8221;1&#8243; _builder_version=&#8221;3.0.86&#8243; background_image=&#8221;https:\/\/demenagementpausecafe.ca\/wp-content\/uploads\/2017\/11\/great-moving-team-bg.jpg&#8221; global_module=&#8221;306&#8243; saved_tabs=&#8221;all&#8221; global_colors_info=&#8221;{}&#8221;][et_pb_row column_structure=&#8221;1_2,1_2&#8243; _builder_version=&#8221;4.16&#8243; global_colors_info=&#8221;{}&#8221;][et_pb_column type=&#8221;1_2&#8243; _builder_version=&#8221;4.16&#8243; custom_padding=&#8221;|||&#8221; global_colors_info=&#8221;{}&#8221; custom_padding__hover=&#8221;|||&#8221;][et_pb_text _builder_version=&#8221;4.16&#8243; text_font=&#8221;||||||||&#8221; background_layout=&#8221;dark&#8221; global_colors_info=&#8221;{}&#8221;]<\/p>\n<h2 class=\"p30\">free quote<\/h2>\n<p class=\"tel-jaune\"><b>(514) 569-8849<\/b> or <a class=\"et_pb_button et_pb_button_0 et_pb_module et_pb_bg_layout_light bas\" href=\"https:\/\/demenagementpausecafe.ca\/en\/estimation\/\">online<\/a><\/p>\n<p>[\/et_pb_text][\/et_pb_column][et_pb_column type=&#8221;1_2&#8243; _builder_version=&#8221;4.16&#8243; custom_padding=&#8221;|||&#8221; global_colors_info=&#8221;{}&#8221; custom_padding__hover=&#8221;|||&#8221;][\/et_pb_column][\/et_pb_row][\/et_pb_section]<\/p>\n<div style='text-align:left' class='yasr-auto-insert-visitor'><\/div>","protected":false},"excerpt":{"rendered":"<p>Moving Pianos and pool tables in MontrealMoving is a common household activity in Montreal. This involves transporting all your furniture to your new place of residence. You can do it yourself or entrust it to moving professionals. However, it is advisable to opt for the second option, as your furniture may include objects that are [&hellip;]<\/p>\n","protected":false},"author":1,"featured_media":0,"parent":0,"menu_order":0,"comment_status":"closed","ping_status":"closed","template":"","meta":{"_et_pb_use_builder":"on","_et_pb_old_content":"","_et_gb_content_width":"","yasr_overall_rating":0,"yasr_post_is_review":"","yasr_auto_insert_disabled":"","yasr_review_type":"Other","footnotes":""},"class_list":["post-869","page","type-page","status-publish","hentry"],"yasr_visitor_votes":{"stars_attributes":{"read_only":false,"span_bottom":false},"number_of_votes":0,"sum_votes":0},"yoast_head":"<!-- This site is optimized with the Yoast SEO Premium plugin v15.0 - https:\/\/yoast.com\/wordpress\/plugins\/seo\/ -->\n<title>Moving pool tables and Piano - D\u00e9m\u00e9nagement Pause Caf\u00e9<\/title>\n<meta name=\"description\" content=\"Pianos and billars are difficult to move, you do not want your beautiful instrument to end up in inexperienced hands!\" \/>\n<meta name=\"robots\" content=\"index, follow, max-snippet:-1, max-image-preview:large, max-video-preview:-1\" \/>\n<link rel=\"canonical\" href=\"https:\/\/demenagementpausecafe.ca\/en\/piano-moving-montreal-east-west-island\/\" \/>\n<meta property=\"og:locale\" content=\"en_US\" \/>\n<meta property=\"og:type\" content=\"article\" \/>\n<meta property=\"og:title\" content=\"Moving pool tables and Piano - D\u00e9m\u00e9nagement Pause Caf\u00e9\" \/>\n<meta property=\"og:description\" content=\"Pianos and billars are difficult to move, you do not want your beautiful instrument to end up in inexperienced hands!\" \/>\n<meta property=\"og:url\" content=\"https:\/\/demenagementpausecafe.ca\/en\/piano-moving-montreal-east-west-island\/\" \/>\n<meta property=\"og:site_name\" content=\"D\u00e9m\u00e9nagement Pause Caf\u00e9\" \/>\n<meta property=\"article:modified_time\" content=\"2022-09-29T21:28:56+00:00\" \/>\n<meta name=\"twitter:card\" content=\"summary_large_image\" \/>\n<script type=\"application\/ld+json\" class=\"yoast-schema-graph\">{\"@context\":\"https:\/\/schema.org\",\"@graph\":[{\"@type\":\"WebSite\",\"@id\":\"https:\/\/demenagementpausecafe.ca\/en\/#website\",\"url\":\"https:\/\/demenagementpausecafe.ca\/en\/\",\"name\":\"D\\u00e9m\\u00e9nagement Pause Caf\\u00e9\",\"description\":\"\",\"potentialAction\":[{\"@type\":\"SearchAction\",\"target\":\"https:\/\/demenagementpausecafe.ca\/en\/?s={search_term_string}\",\"query-input\":\"required name=search_term_string\"}],\"inLanguage\":\"en-US\"},{\"@type\":\"WebPage\",\"@id\":\"https:\/\/demenagementpausecafe.ca\/en\/piano-moving-montreal-east-west-island\/#webpage\",\"url\":\"https:\/\/demenagementpausecafe.ca\/en\/piano-moving-montreal-east-west-island\/\",\"name\":\"Moving pool tables and Piano - D\\u00e9m\\u00e9nagement Pause Caf\\u00e9\",\"isPartOf\":{\"@id\":\"https:\/\/demenagementpausecafe.ca\/en\/#website\"},\"datePublished\":\"2017-11-14T03:29:55+00:00\",\"dateModified\":\"2022-09-29T21:28:56+00:00\",\"description\":\"Pianos and billars are difficult to move, you do not want your beautiful instrument to end up in inexperienced hands!\",\"inLanguage\":\"en-US\",\"potentialAction\":[{\"@type\":\"ReadAction\",\"target\":[\"https:\/\/demenagementpausecafe.ca\/en\/piano-moving-montreal-east-west-island\/\"]}]}]}<\/script>\n<!-- \/ Yoast SEO Premium plugin. -->","_links":{"self":[{"href":"https:\/\/demenagementpausecafe.ca\/en\/wp-json\/wp\/v2\/pages\/869","targetHints":{"allow":["GET"]}}],"collection":[{"href":"https:\/\/demenagementpausecafe.ca\/en\/wp-json\/wp\/v2\/pages"}],"about":[{"href":"https:\/\/demenagementpausecafe.ca\/en\/wp-json\/wp\/v2\/types\/page"}],"author":[{"embeddable":true,"href":"https:\/\/demenagementpausecafe.ca\/en\/wp-json\/wp\/v2\/users\/1"}],"replies":[{"embeddable":true,"href":"https:\/\/demenagementpausecafe.ca\/en\/wp-json\/wp\/v2\/comments?post=869"}],"version-history":[{"count":18,"href":"https:\/\/demenagementpausecafe.ca\/en\/wp-json\/wp\/v2\/pages\/869\/revisions"}],"predecessor-version":[{"id":3225,"href":"https:\/\/demenagementpausecafe.ca\/en\/wp-json\/wp\/v2\/pages\/869\/revisions\/3225"}],"wp:attachment":[{"href":"https:\/\/demenagementpausecafe.ca\/en\/wp-json\/wp\/v2\/media?parent=869"}],"curies":[{"name":"wp","href":"https:\/\/api.w.org\/{rel}","templated":true}]}}