{"id":893,"date":"2017-11-13T22:43:27","date_gmt":"2017-11-14T03:43:27","guid":{"rendered":"https:\/\/demenagementpausecafe.ca\/assemblage-des-meubles\/"},"modified":"2022-09-29T17:35:30","modified_gmt":"2022-09-29T21:35:30","slug":"furniture-assembly-montreal-east-west-island","status":"publish","type":"page","link":"https:\/\/demenagementpausecafe.ca\/en\/furniture-assembly-montreal-east-west-island\/","title":{"rendered":"Assembling furniture"},"content":{"rendered":"<p>[et_pb_section fb_built=&#8221;1&#8243; _builder_version=&#8221;4.16&#8243; background_image=&#8221;https:\/\/demenagementpausecafe.ca\/wp-content\/uploads\/2017\/11\/bg.jpg&#8221; global_colors_info=&#8221;{}&#8221;][et_pb_row _builder_version=&#8221;4.16&#8243; background_size=&#8221;initial&#8221; background_position=&#8221;top_left&#8221; background_repeat=&#8221;repeat&#8221; global_colors_info=&#8221;{}&#8221;][et_pb_column type=&#8221;4_4&#8243; _builder_version=&#8221;4.16&#8243; custom_padding=&#8221;|||&#8221; global_colors_info=&#8221;{}&#8221; custom_padding__hover=&#8221;|||&#8221;][et_pb_text module_class=&#8221;titreR&#8221; _builder_version=&#8221;4.16&#8243; background_size=&#8221;initial&#8221; background_position=&#8221;top_left&#8221; background_repeat=&#8221;repeat&#8221; global_colors_info=&#8221;{}&#8221;]<\/p>\n<h1>FURNITURE ASSEMBLY<\/h1>\n<p>[\/et_pb_text][\/et_pb_column][\/et_pb_row][et_pb_row column_structure=&#8221;3_5,2_5&#8243; _builder_version=&#8221;4.16&#8243; global_colors_info=&#8221;{}&#8221;][et_pb_column type=&#8221;3_5&#8243; _builder_version=&#8221;4.16&#8243; global_colors_info=&#8221;{}&#8221;][et_pb_image src=&#8221;https:\/\/demenagementpausecafe.ca\/wp-content\/uploads\/2020\/03\/assemblage-de-meubles-ikea.jpg&#8221; _builder_version=&#8221;4.16&#8243; global_colors_info=&#8221;{}&#8221;][\/et_pb_image][et_pb_text _builder_version=&#8221;4.16&#8243; global_colors_info=&#8221;{}&#8221;]<\/p>\n<p>Since the appearance of furniture that can be assembled and dismantled, almost all types of furniture can be bought as <strong>a kit<\/strong>. But if they seem so carefully packaged at the time of purchase, they can very quickly give you <strong>a hard time<\/strong> when <strong>assembling<\/strong> them. Sometimes, even a repetitive reading of the instructions will not advance you in any way, you will ultimately have to resort to a furniture <strong>assembly service<\/strong> . In <a href=\"https:\/\/demenagementpausecafe.ca\/en\/category\/montreal-en\/\">Montreal<\/a>, many companies offer you choice services in terms of mounting garden furniture, gym equipment, bunk beds, storage cabinets, kitchen furniture, children&#8217;s equipment, bookcases, commercial furniture, Brault and Martineau furniture or IKEA furniture.<\/p>\n<p>&nbsp;<\/p>\n<h2 style=\"text-align: justify;\">Top 6 Furniture Known to Be Difficult to Assemble<\/h2>\n<p>&nbsp;<\/p>\n<p>The world of kit furniture is dotted with a <strong>bunch of models<\/strong>. Some are very easy to mount and others may require a lot of skill. You could go a whole weekend without being able to do it. And in the category of hard-to-assemble furniture, <strong>IKEA furniture<\/strong> and many other models feature prominently.<\/p>\n<p>&nbsp;<\/p>\n<h3 style=\"text-align: justify;\">Garden furniture<\/h3>\n<p>&nbsp;<\/p>\n<p>Designed for <strong>outdoor<\/strong> use, garden furniture falls into a highly prized category of kit-purchased furniture. Usually made of <strong>treated<\/strong> <strong>wood<\/strong> or any kind of resistant materials, this type of furniture seems at first glance simple to assemble. But in reality, you may end up with a poorly arranged chair or a table that constantly sags.<\/p>\n<p>&nbsp;<\/p>\n<h3 style=\"text-align: justify;\">Gym equipment<\/h3>\n<p>&nbsp;<\/p>\n<p>Also called <strong>fitness kit<\/strong>, gymnastics equipment includes a bunch of equipment that is difficult to arrange for most. If gymnasts and <strong>bodybuilders<\/strong> can arrange them easily, you may not find yourself after unpacking your <strong>gym kit<\/strong> purchased at the store.<\/p>\n<p>&nbsp;<\/p>\n<h3 style=\"text-align: justify;\">Bunk beds<\/h3>\n<p>&nbsp;<\/p>\n<p>Widely used in prison cells and in the dormitories of convents and boarding schools, bunk beds are now bought as a kit to <strong>save space<\/strong> in large families. They are so different from ordinary beds that you may not understand anything about how to mount them.<\/p>\n<p>&nbsp;<\/p>\n<h3 style=\"text-align: justify;\">Storage cabinets<\/h3>\n<p>&nbsp;<\/p>\n<p>Very imposing once mounted, the storage cabinets bought as a kit can give you cold sweats. They have <strong>so many parts<\/strong> to fit perfectly to such an extent that the use of your <strong>screwdriver<\/strong> could put you off.<\/p>\n<p>&nbsp;<\/p>\n<h3 style=\"text-align: justify;\">Commercial furniture<\/h3>\n<p>&nbsp;<\/p>\n<p>A commercial premises is a storage space, a wardrobe, or a product presentation space. The furniture that will be exhibited there must be both <strong>useful and designed<\/strong> to improve the brand image of the company that uses it. Unfortunately, their assembly can be <strong>complex<\/strong> when you do not know how to do it.<\/p>\n<p>&nbsp;<\/p>\n<h3 style=\"text-align: justify;\">Brault and Martineau furniture<\/h3>\n<p>&nbsp;<\/p>\n<p>Very famous, the <strong>Brault and Martineau stores<\/strong> are real specialists in furniture and household appliances. The kit furniture they put on sale is always accompanied by instructions that, as detailed as they are, may not help you ensure their assembly.<\/p>\n<p>&nbsp;<\/p>\n<h3 style=\"text-align: justify;\">IKEA furniture<\/h3>\n<p>&nbsp;<\/p>\n<p>Considered by a multitude of buyers to be the <strong>best furniture<\/strong> on sale in Montreal, <strong>IKEA furniture<\/strong> is like that of the Brault and Martineau stores always accompanied by notices translated into <strong>several languages<\/strong>. However, the complaints registered about their assembly justify the complexity of the action. It is therefore necessary to call on an expert in assembly.  <\/p>\n<p>&nbsp;<\/p>\n<p>&nbsp;<\/p>\n<h2 style=\"text-align: justify;\">Some tips to assemble your furniture by yourself in kit<\/h2>\n<p>&nbsp;<\/p>\n<p>&nbsp;<\/p>\n<p>Assembling a piece of furniture can be a gruelling exercise. Before assembling the furniture, you have to think about <strong>creating space<\/strong>. First clear the floor and prepare the part where the assembly will be carried out. Of course, to avoid a <strong>nervous breakdown<\/strong>, you can simply follow a few tips and turn the assembly of your furniture into child&#8217;s play.<\/p>\n<p>Before assembling your furniture, you must imperatively bring a few tools: screwdriver-divider, electric screwdriver, cutter and Allen wrench. If the Allen key comes with some kits, you are responsible for purchasing the other three tools. The <strong>screwdriver-unscrewer<\/strong> is ideal for screwing into a soft material such as <strong>wood<\/strong>. This versatile tool saves time and energy. You should think about favoring a <strong>wired device<\/strong> to facilitate your movements.<\/p>\n<p>Open the box and keep the leaflet handy! This involves using a cutter to cut the packaging of your kit. Take the <strong>leaflet<\/strong> and keep it handy. This document is very important, which is why it must be accessible throughout the operation.<\/p>\n<p>Then, identify and keep each accessory! <strong>Accessory packages<\/strong> are also very valuable. Care must be taken to open them with <strong>scissors<\/strong>. To make sure that all the elements (screws, fasteners, handles, hanging legs, hooks&#8230;) are complete, just take a look at the instructions. This document provides the exact number of accessories.<\/p>\n<p>To avoid making mistakes, you should simply keep <strong>reading the leaflet<\/strong> and follow the instructions mentioned therein. Start with the first step and follow the others in order without omitting anything. To stay focused, you can put <strong>on headphones<\/strong> and <strong>soft music<\/strong>. Do not be distracted during the operation.<\/p>\n<p>&nbsp;<\/p>\n<p>&nbsp;<\/p>\n<h2 style=\"text-align: justify;\">What criteria should be taken into account before using an assembly company?<\/h2>\n<p>&nbsp;<\/p>\n<p>&nbsp;<\/p>\n<p>There are a plethora of aspects that you need to consider before resorting to a furniture assembly company. In reality, it will be necessary at first, to take into consideration <strong>the location<\/strong> of the company. This must be located near you.<\/p>\n<p>Indeed, choosing a company offering this privilege will be quite advantageous for you to the extent that you will not have to undertake <strong>large expenses<\/strong> to go to the premises of the latter. You will be able to benefit from the services of these providers as quickly as possible.<\/p>\n<p>After looking at <strong>the location of<\/strong> the company, it will be necessary to take into account the <strong>price of the services<\/strong>. It would be quite beneficial for you to lean towards a company that offers unbeatable prices.<\/p>\n<p>Nevertheless, the <strong>services offered<\/strong> must also be considered as a primary criterion of choice. Furniture assembly is of course the primary service undertaken by companies involved in this field in Canada, but it is also possible that some of them offer you ancillary services, such as interior <strong>decoration<\/strong> or <strong>moving<\/strong>.<\/p>\n<p>Another point that you need to take into account when making this choice <strong>is insurance<\/strong>. Indeed, you must be covered against the possible risks related to <strong>the assembly work<\/strong>. If your service provider assembles furniture in poor condition, logically, he can ask his insurer so that you can get a refund.<\/p>\n<p>[\/et_pb_text][\/et_pb_column][et_pb_column type=&#8221;2_5&#8243; _builder_version=&#8221;4.16&#8243; global_colors_info=&#8221;{}&#8221;][et_pb_sidebar area=&#8221;et_pb_widget_area_1&#8243; _builder_version=&#8221;4.16&#8243; global_colors_info=&#8221;{}&#8221;][\/et_pb_sidebar][\/et_pb_column][\/et_pb_row][\/et_pb_section][et_pb_section fb_built=&#8221;1&#8243; _builder_version=&#8221;3.0.86&#8243; background_image=&#8221;https:\/\/demenagementpausecafe.ca\/wp-content\/uploads\/2017\/11\/great-moving-team-bg.jpg&#8221; global_module=&#8221;306&#8243; saved_tabs=&#8221;all&#8221; global_colors_info=&#8221;{}&#8221;][et_pb_row column_structure=&#8221;1_2,1_2&#8243; _builder_version=&#8221;4.16&#8243; global_colors_info=&#8221;{}&#8221;][et_pb_column type=&#8221;1_2&#8243; _builder_version=&#8221;4.16&#8243; custom_padding=&#8221;|||&#8221; global_colors_info=&#8221;{}&#8221; custom_padding__hover=&#8221;|||&#8221;][et_pb_text _builder_version=&#8221;4.16&#8243; text_font=&#8221;||||||||&#8221; background_layout=&#8221;dark&#8221; global_colors_info=&#8221;{}&#8221;]<\/p>\n<h2 class=\"p30\">free quote<\/h2>\n<p class=\"tel-jaune\"><b>(514) 569-8849<\/b> or <a class=\"et_pb_button et_pb_button_0 et_pb_module et_pb_bg_layout_light bas\" href=\"https:\/\/demenagementpausecafe.ca\/en\/estimation\/\">online<\/a><\/p>\n<p>[\/et_pb_text][\/et_pb_column][et_pb_column type=&#8221;1_2&#8243; _builder_version=&#8221;4.16&#8243; custom_padding=&#8221;|||&#8221; global_colors_info=&#8221;{}&#8221; custom_padding__hover=&#8221;|||&#8221;][\/et_pb_column][\/et_pb_row][\/et_pb_section]<\/p>\n<div style='text-align:left' class='yasr-auto-insert-visitor'><\/div>","protected":false},"excerpt":{"rendered":"<p>FURNITURE ASSEMBLYSince the appearance of furniture that can be assembled and dismantled, almost all types of furniture can be bought as a kit. But if they seem so carefully packaged at the time of purchase, they can very quickly give you a hard time when assembling them. Sometimes, even a repetitive reading of the instructions [&hellip;]<\/p>\n","protected":false},"author":1,"featured_media":0,"parent":0,"menu_order":0,"comment_status":"closed","ping_status":"closed","template":"","meta":{"_et_pb_use_builder":"on","_et_pb_old_content":"","_et_gb_content_width":"","yasr_overall_rating":0,"yasr_post_is_review":"","yasr_auto_insert_disabled":"","yasr_review_type":"Other","footnotes":""},"class_list":["post-893","page","type-page","status-publish","hentry"],"yasr_visitor_votes":{"stars_attributes":{"read_only":false,"span_bottom":false},"number_of_votes":0,"sum_votes":0},"yoast_head":"<!-- This site is optimized with the Yoast SEO Premium plugin v15.0 - https:\/\/yoast.com\/wordpress\/plugins\/seo\/ -->\n<title>Assembling furniture - D\u00e9m\u00e9nagement Pause Caf\u00e9<\/title>\n<meta name=\"description\" content=\"We prefer to offer complete services to all our customers, commercial or residential, according to their needs. For example, we can pack, store, or disassemble your furniture. Above all, we offer furniture assembly.\" \/>\n<meta name=\"robots\" content=\"index, follow, max-snippet:-1, max-image-preview:large, max-video-preview:-1\" \/>\n<link rel=\"canonical\" href=\"https:\/\/demenagementpausecafe.ca\/en\/furniture-assembly-montreal-east-west-island\/\" \/>\n<meta property=\"og:locale\" content=\"en_US\" \/>\n<meta property=\"og:type\" content=\"article\" \/>\n<meta property=\"og:title\" content=\"Assembling furniture - D\u00e9m\u00e9nagement Pause Caf\u00e9\" \/>\n<meta property=\"og:description\" content=\"We prefer to offer complete services to all our customers, commercial or residential, according to their needs. For example, we can pack, store, or disassemble your furniture. Above all, we offer furniture assembly.\" \/>\n<meta property=\"og:url\" content=\"https:\/\/demenagementpausecafe.ca\/en\/furniture-assembly-montreal-east-west-island\/\" \/>\n<meta property=\"og:site_name\" content=\"D\u00e9m\u00e9nagement Pause Caf\u00e9\" \/>\n<meta property=\"article:modified_time\" content=\"2022-09-29T21:35:30+00:00\" \/>\n<meta name=\"twitter:card\" content=\"summary_large_image\" \/>\n<script type=\"application\/ld+json\" class=\"yoast-schema-graph\">{\"@context\":\"https:\/\/schema.org\",\"@graph\":[{\"@type\":\"WebSite\",\"@id\":\"https:\/\/demenagementpausecafe.ca\/en\/#website\",\"url\":\"https:\/\/demenagementpausecafe.ca\/en\/\",\"name\":\"D\\u00e9m\\u00e9nagement Pause Caf\\u00e9\",\"description\":\"\",\"potentialAction\":[{\"@type\":\"SearchAction\",\"target\":\"https:\/\/demenagementpausecafe.ca\/en\/?s={search_term_string}\",\"query-input\":\"required name=search_term_string\"}],\"inLanguage\":\"en-US\"},{\"@type\":\"WebPage\",\"@id\":\"https:\/\/demenagementpausecafe.ca\/en\/furniture-assembly-montreal-east-west-island\/#webpage\",\"url\":\"https:\/\/demenagementpausecafe.ca\/en\/furniture-assembly-montreal-east-west-island\/\",\"name\":\"Assembling furniture - D\\u00e9m\\u00e9nagement Pause Caf\\u00e9\",\"isPartOf\":{\"@id\":\"https:\/\/demenagementpausecafe.ca\/en\/#website\"},\"datePublished\":\"2017-11-14T03:43:27+00:00\",\"dateModified\":\"2022-09-29T21:35:30+00:00\",\"description\":\"We prefer to offer complete services to all our customers, commercial or residential, according to their needs. For example, we can pack, store, or disassemble your furniture. Above all, we offer furniture assembly.\",\"inLanguage\":\"en-US\",\"potentialAction\":[{\"@type\":\"ReadAction\",\"target\":[\"https:\/\/demenagementpausecafe.ca\/en\/furniture-assembly-montreal-east-west-island\/\"]}]}]}<\/script>\n<!-- \/ Yoast SEO Premium plugin. -->","_links":{"self":[{"href":"https:\/\/demenagementpausecafe.ca\/en\/wp-json\/wp\/v2\/pages\/893","targetHints":{"allow":["GET"]}}],"collection":[{"href":"https:\/\/demenagementpausecafe.ca\/en\/wp-json\/wp\/v2\/pages"}],"about":[{"href":"https:\/\/demenagementpausecafe.ca\/en\/wp-json\/wp\/v2\/types\/page"}],"author":[{"embeddable":true,"href":"https:\/\/demenagementpausecafe.ca\/en\/wp-json\/wp\/v2\/users\/1"}],"replies":[{"embeddable":true,"href":"https:\/\/demenagementpausecafe.ca\/en\/wp-json\/wp\/v2\/comments?post=893"}],"version-history":[{"count":11,"href":"https:\/\/demenagementpausecafe.ca\/en\/wp-json\/wp\/v2\/pages\/893\/revisions"}],"predecessor-version":[{"id":3239,"href":"https:\/\/demenagementpausecafe.ca\/en\/wp-json\/wp\/v2\/pages\/893\/revisions\/3239"}],"wp:attachment":[{"href":"https:\/\/demenagementpausecafe.ca\/en\/wp-json\/wp\/v2\/media?parent=893"}],"curies":[{"name":"wp","href":"https:\/\/api.w.org\/{rel}","templated":true}]}}