{"id":923,"date":"2017-11-12T12:57:58","date_gmt":"2017-11-12T17:57:58","guid":{"rendered":"https:\/\/demenagementpausecafe.ca\/nos-prix\/"},"modified":"2020-04-21T17:24:27","modified_gmt":"2020-04-21T21:24:27","slug":"our-prices","status":"publish","type":"page","link":"https:\/\/demenagementpausecafe.ca\/en\/our-prices\/","title":{"rendered":"Our prices"},"content":{"rendered":"<p>[et_pb_section fb_built=&#8221;1&#8243; _builder_version=&#8221;3.22&#8243; background_image=&#8221;https:\/\/demenagementpausecafe.ca\/wp-content\/uploads\/2017\/11\/page-title-bg-1.jpg&#8221;][et_pb_row _builder_version=&#8221;3.25&#8243; background_size=&#8221;initial&#8221; background_position=&#8221;top_left&#8221; background_repeat=&#8221;repeat&#8221;][et_pb_column type=&#8221;4_4&#8243; _builder_version=&#8221;3.25&#8243; custom_padding=&#8221;|||&#8221; custom_padding__hover=&#8221;|||&#8221;][et_pb_text _builder_version=&#8221;3.27.4&#8243; text_font=&#8221;||||||||&#8221; background_layout=&#8221;dark&#8221;]<\/p>\n<h2>OUR PRICES \u2013 MONTREAL MOVING<\/h2>\n<p>[\/et_pb_text][\/et_pb_column][\/et_pb_row][\/et_pb_section][et_pb_section fb_built=&#8221;1&#8243; _builder_version=&#8221;3.22&#8243;][et_pb_row column_structure=&#8221;2_3,1_3&#8243; module_class=&#8221;bordure-bas&#8221; _builder_version=&#8221;3.25&#8243;][et_pb_column type=&#8221;2_3&#8243; _builder_version=&#8221;3.25&#8243; custom_padding=&#8221;|||&#8221; custom_padding__hover=&#8221;|||&#8221;][et_pb_text module_class=&#8221;titreR&#8221; _builder_version=&#8221;3.27.4&#8243;]<\/p>\n<h2>In off-season (Regular)<\/h2>\n<h3>Rates for your moving in the Montreal area.<\/h3>\n<p>We offer the full range of relocation services, including moving pool tables, piano, and other special objects. The date of your moving will affect the price.<\/p>\n<p>&nbsp;<\/p>\n<p><h2in off-season=\"\" regular=\"\" h2=\"\">Regular rates for off-season local moving before June 14 or after July 4 . <\/h2in><\/p>\n<p>[\/et_pb_text][et_pb_text _builder_version=&#8221;4.2.2&#8243;]<\/p>\n<div class=\"colonne1\">\n<ul class=\"superList\">\n<li><i class=\"fa fa-chevron-right\"><\/i> 55-85$ per hour for a moving truck with driver as mover<\/li>\n<li><i class=\"fa fa-chevron-right\"><\/i>85-135$ per hour for 2 <a href=\"https:\/\/demenagementpausecafe.ca\/en\/movers-montreal-east-west-island\/\">movers<\/a><\/li>\n<li><i class=\"fa fa-chevron-right\"><\/i> 125-165$ per hour for 3 movers<\/li>\n<li><i class=\"fa fa-chevron-right\"><\/i> 35$ per hour for each additional mover<\/li>\n<\/ul>\n<\/div>\n<div class=\"colonne2\"><img decoding=\"async\" class=\"wp-image-776 alignnone size-full\" src=\"\/wp-content\/uploads\/2017\/11\/best-price-en.jpg\" alt=\"\" width=\"200\" height=\"144\" \/><\/div>\n<p>[\/et_pb_text][et_pb_text _builder_version=&#8221;3.27.4&#8243;]<\/p>\n<div class=\"whiteBox\">\n<h2>10% OFF<\/h2>\n<p class=\"mTop10 pBot20\">Get a 10% discount for <a href=\"https:\/\/demenagementpausecafe.ca\/en\/category\/residentiel-en\/\">residential moving<\/a> between the 5th and 25th of each month at any time, except Saturdays, Sundays and summer:<br \/>from June 14 to July 3 .<\/p>\n<p><a href=\"https:\/\/demenagementpausecafe.ca\/en\/contact-us\/\">Contactez-nous<\/a><\/p>\n<\/div>\n<p>[\/et_pb_text][et_pb_text _builder_version=&#8221;3.27.4&#8243;]<\/p>\n<h3>Our rates include:<\/h3>\n<div class=\"colonne3\">\n<ul class=\"superList\">\n<li><i class=\"fa fa-hand-o-right\"><\/i> Complete insurance<\/li>\n<li><i class=\"fa fa-hand-o-right\"><\/i>Moving truck and gasoline<\/li>\n<li><i class=\"fa fa-hand-o-right\"><\/i>Team of movers<\/li>\n<\/ul>\n<\/div>\n<div class=\"colonne4\">\n<ul class=\"superList\">\n<li><i class=\"fa fa-hand-o-right\"><\/i> Clean hedges, regularly cleaned<\/li>\n<li><i class=\"fa fa-hand-o-right\"><\/i>New mattress covers<\/li>\n<li><i class=\"fa fa-hand-o-right\"><\/i> Equipment: wardrobe boxes, belts, tools, carriage, mat, etc. <\/li>\n<\/ul>\n<\/div>\n<p>[\/et_pb_text][et_pb_text _builder_version=&#8221;3.27.4&#8243; custom_css_main_element=&#8221;clear:both;&#8221;]<\/p>\n<p>To avoid unexpected costs, please notify us of any special item in your quote request. <\/p>\n<p>[\/et_pb_text][et_pb_text _builder_version=&#8221;3.27.4&#8243;]<\/p>\n<h3>Transparency is part of your work policy. Here is how we calculate the billable work time: :<\/h3>\n<p>[\/et_pb_text][et_pb_text _builder_version=&#8221;3.27.4&#8243;]<\/p>\n<div class=\"colonne3\">\n<ul class=\"superList\">\n<li><i class=\"fa fa-hand-o-right\"><\/i>The chargeable time begins when our movers arrive at your <a href=\"https:\/\/demenagementpausecafe.ca\/en\/category\/maison-en\/\">house<\/a> and end when they leave the destination<\/li>\n<li><i class=\"fa fa-hand-o-right\"><\/i>The first hour is charged as \u201dper hour\u201d the additional time will be charged per \u201dquarter hour\u201d<\/li>\n<li><i class=\"fa fa-hand-o-right\"><\/i>Travel expenses are charged according to the distance. 60 minutes round trip to <a href=\"https:\/\/demenagementpausecafe.ca\/en\/category\/montreal-en\/\">Montreal<\/a> and its surroundings<\/li>\n<\/ul>\n<\/div>\n<div class=\"colonne4\">\n<ul class=\"superList\">\n<li><i class=\"fa fa-hand-o-right\"><\/i>No minimum time required. Do not hesitate to call us for your small moving.<\/li>\n<li><i class=\"fa fa-hand-o-right\"><\/i>    Call us if you are off-sector. We will give you a very competitive price<\/li>\n<\/ul>\n<\/div>\n<p>[\/et_pb_text][\/et_pb_column][et_pb_column type=&#8221;1_3&#8243; _builder_version=&#8221;3.25&#8243; custom_padding=&#8221;|||&#8221; custom_padding__hover=&#8221;|||&#8221;][et_pb_text module_class=&#8221;titreR&#8221; _builder_version=&#8221;3.27.4&#8243;]<\/p>\n<h2>RESERVE your date<\/h2>\n<p>QUEBEC-SHERBROOKE-MONTR\u00c9AL-OTTAWA-GATINEAU-TORONTO<\/p>\n<p><strong>Make a $ 100 deposit<br \/>to reserve your moving date:<\/strong><\/p>\n<p>[\/et_pb_text][et_pb_code]<\/p>\n<form action=\"https:\/\/www.paypal.com\/cgi-bin\/webscr\" method=\"post\" target=\"_top\"><!-- [et_pb_line_break_holder] --><input name=\"cmd\" value=\"_s-xclick\" type=\"hidden\"><!-- [et_pb_line_break_holder] --><input name=\"hosted_button_id\" value=\"CES3TYBD2YTV4\" type=\"hidden\"><!-- [et_pb_line_break_holder] --><input src=\"https:\/\/www.paypalobjects.com\/webstatic\/en_US\/i\/btn\/png\/btn_buynow_86x21.png\" name=\"submit\" alt=\"Buy Now\" type=\"image\" border=\"0\"><!-- [et_pb_line_break_holder] --><img decoding=\"async\" alt=\"\" src=\"https:\/\/www.paypalobjects.com\/fr_CA\/i\/scr\/pixel.gif\" width=\"1\" border=\"0\" height=\"1\"><!-- [et_pb_line_break_holder] --><\/form>\n<p>[\/et_pb_code][et_pb_text module_class=&#8221;padding2&#8243; _builder_version=&#8221;3.27.4&#8243; text_font=&#8221;||||||||&#8221; text_font_size=&#8221;20px&#8221; background_color=&#8221;#f7070e&#8221; text_orientation=&#8221;center&#8221; background_layout=&#8221;dark&#8221; module_alignment=&#8221;center&#8221;]<\/p>\n<p>We are always here, and it will be a great pleasure for us to answer all your questions regarding the exact cost for a well-prepared moving.<\/p>\n<p>[\/et_pb_text][et_pb_text _builder_version=&#8221;4.2.2&#8243; hover_enabled=&#8221;0&#8243;]<\/p>\n<h2><span class=\"tlid-translation translation\" lang=\"en\"><span title=\"\" class=\"\">Price from June 14 to July 3, (Summer)<\/span><\/span><\/h2>\n<p><span class=\"tlid-translation translation\" lang=\"en\"><br \/><span title=\"\">Among the main factors influencing the price of your move, the most important is the date of the move.<\/span><\/p>\n<p><span title=\"\">For the period from June 14 to July 3 the price remains to be determined.<\/span><\/span><\/p>\n<p>[\/et_pb_text][et_pb_image src=&#8221;https:\/\/demenagementpausecafe.ca\/wp-content\/uploads\/2017\/11\/Qualite-Prix-de\u0301me\u0301nagement.jpg&#8221; align=&#8221;center&#8221; align_tablet=&#8221;center&#8221; align_phone=&#8221;&#8221; align_last_edited=&#8221;on|desktop&#8221; _builder_version=&#8221;3.23&#8243;][\/et_pb_image][\/et_pb_column][\/et_pb_row][et_pb_row column_structure=&#8221;2_3,1_3&#8243; _builder_version=&#8221;3.25&#8243;][et_pb_column type=&#8221;2_3&#8243; _builder_version=&#8221;3.25&#8243; custom_padding=&#8221;|||&#8221; custom_padding__hover=&#8221;|||&#8221;][et_pb_text _builder_version=&#8221;3.27.4&#8243;]<\/p>\n<h2>Our discounts (student discount, rebate Golden Age) <\/h2>\n<h3>D\u00e9m\u00e9nagement Pause-Caf\u00e9 offers you the same effective and carefully performed service with any discount (Student Discounts and Rebates Golden Age).<\/h3>\n<p>Depending on the total amount to pay you receive the following discounts:<\/p>\n<p>[\/et_pb_text][et_pb_text _builder_version=&#8221;3.27.4&#8243;]<\/p>\n<ul class=\"superList pBot20\">\n<li><i class=\"fa fa-chevron-right\"><\/i>Between $ 1 to $ 200 to pay \u2013 5% discount<\/li>\n<li><i class=\"fa fa-chevron-right\"><\/i> Between $ 201 to $ 500 to pay \u2013 8% discount<\/li>\n<li><i class=\"fa fa-chevron-right\"><\/i>     Between $ 501 and more to pay \u2013 10% discount<\/li>\n<\/ul>\n<p>[\/et_pb_text][et_pb_text _builder_version=&#8221;3.27.4&#8243; custom_css_main_element=&#8221;clear:both;&#8221;]<\/p>\n<h3>Avec nous vous optez pour:<\/h3>\n<ul class=\"superList\">\n<li><i class=\"fa fa-hand-o-right\"><\/i>Clean and reliable moving trucks<\/li>\n<li><i class=\"fa fa-hand-o-right\"><\/i>A transport service to Montreal, North Shore, South Shore, throughout Quebec, Toronto and other provinces of the country<\/li>\n<li><i class=\"fa fa-hand-o-right\"><\/i> Moving small, medium or large, all types of residences: apartments of all sizes (studio, 1 \u00bd, 2 \u00bd, 3 \u00bd, 4 \u00bd, 5 \u00bd, 6 \u00bd) bungalow, house, condo, chalet, etc.<\/li>\n<li><i class=\"fa fa-hand-o-right\"><\/i> Specialized Moving which includes the removal of piano, pool table, of art objects, and other special items that require special attention, mastery and a lot of experience\n<\/li>\n<li><i class=\"fa fa-hand-o-right\"><\/i> A team of professional and experienced movers. We do not hire students or subcontractors!<\/li>\n<li><i class=\"fa fa-hand-o-right\"><\/i> For your availability 24\/7, even holidays<\/li>\n<li><i class=\"fa fa-hand-o-right\"><\/i> All necessary equipment for a professional moving. Blankets, carriage, belts, floor mats, wardrobe boxes, etc.!<\/li>\n<li><i class=\"fa fa-hand-o-right\"><\/i>Packaging services; all your furniture is packed at the interior of your current residence and will be unpacked at your new <a href=\"https:\/\/demenagementpausecafe.ca\/en\/\">home<\/a>. This will allow us to protect your walls and floors<\/li>\n<li><i class=\"fa fa-hand-o-right\"><\/i> Assembly and disassembly service for your furniture directly on site<\/li>\n<li><i class=\"fa fa-hand-o-right\"><\/i>Connection and disconnection of electronic devices<\/li>\n<li><i class=\"fa fa-hand-o-right\"><\/i> Clean and heated storage<\/li>\n<li><i class=\"fa fa-hand-o-right\"><\/i>A free estimation with no obligation on your part<\/li>\n<li><i class=\"fa fa-hand-o-right\"><\/i> A full insurance<\/li>\n<li><i class=\"fa fa-hand-o-right\"><\/i>Whatever your project is, our experts are ready to help you!<\/li>\n<\/ul>\n<p>[\/et_pb_text][\/et_pb_column][et_pb_column type=&#8221;1_3&#8243; _builder_version=&#8221;3.25&#8243; custom_padding=&#8221;|||&#8221; custom_padding__hover=&#8221;|||&#8221;][et_pb_text module_class=&#8221;titreR&#8221; _builder_version=&#8221;4.2.2&#8243; hover_enabled=&#8221;0&#8243; custom_css_main_element=&#8221;list-style-type:none;||&#8221;]<\/p>\n<h2>Our services<\/h2>\n<ul>\n<li><a href=\"demenagement-montreal-est-ouest.html\">D\u00e9m\u00e9nagement<\/a><\/li>\n<li><a href=\"demenageurs-montreal-est-ouest.html\">D\u00e9m\u00e9nageur<\/a><\/li>\n<li><a href=\"compagnie-de-demenagement-montreal-est-ouest.html\">Compagnie de d\u00e9m\u00e9nagement<\/a><\/li>\n<li><a href=\"demenagement-longue-distance-montreal-est-ouest.html\">D\u00e9m\u00e9nagement longue distance<\/a><\/li>\n<li><a href=\"demenagement-commercial-montreal-est-ouest.html\">D\u00e9m\u00e9nagement commercial<\/a><\/li>\n<li><a href=\"demenagement-piano-montreal-est-ouest.html\">D\u00e9m\u00e9nagement de piano<\/a><\/li>\n<li><a href=\"demenagement-table-de-billard-montreal-est-ouest.html\">D\u00e9m\u00e9nagement table de billard<\/a><\/li>\n<li><a href=\"assemblage-meubles-montreal-est-ouest.html\">Assemblage des meubles<\/a><\/li>\n<\/ul>\n<p>[\/et_pb_text][et_pb_image src=&#8221;https:\/\/demenagementpausecafe.ca\/wp-content\/uploads\/2017\/11\/sideman.jpg&#8221; align_tablet=&#8221;center&#8221; align_phone=&#8221;&#8221; align_last_edited=&#8221;on|desktop&#8221; _builder_version=&#8221;3.23&#8243;][\/et_pb_image][\/et_pb_column][\/et_pb_row][\/et_pb_section]<\/p>\n<div style='text-align:left' class='yasr-auto-insert-visitor'><\/div>","protected":false},"excerpt":{"rendered":"<p>OUR PRICES \u2013 MONTREAL MOVING In off-season (Regular) Rates for your moving in the Montreal area. We offer the full range of relocation services, including moving pool tables, piano, and other special objects. The date of your moving will affect the price. &nbsp; Regular rates for off-season local moving before June 14 or after July [&hellip;]<\/p>\n","protected":false},"author":1,"featured_media":0,"parent":0,"menu_order":0,"comment_status":"closed","ping_status":"closed","template":"","meta":{"_et_pb_use_builder":"on","_et_pb_old_content":"","_et_gb_content_width":"","yasr_overall_rating":0,"yasr_post_is_review":"","yasr_auto_insert_disabled":"","yasr_review_type":"Other","footnotes":""},"class_list":["post-923","page","type-page","status-publish","hentry"],"yasr_visitor_votes":{"stars_attributes":{"read_only":false,"span_bottom":false},"number_of_votes":2,"sum_votes":9},"yoast_head":"<!-- This site is optimized with the Yoast SEO Premium plugin v15.0 - https:\/\/yoast.com\/wordpress\/plugins\/seo\/ -->\n<title>Our prices - D\u00e9m\u00e9nagement Pause Caf\u00e9<\/title>\n<meta name=\"description\" content=\"We offer the full range of relocation services, including moving pool tables, piano, and other special objects. The date of your moving will affect the price.\" \/>\n<meta name=\"robots\" content=\"index, follow, max-snippet:-1, max-image-preview:large, max-video-preview:-1\" \/>\n<link rel=\"canonical\" href=\"https:\/\/demenagementpausecafe.ca\/en\/our-prices\/\" \/>\n<meta property=\"og:locale\" content=\"en_US\" \/>\n<meta property=\"og:type\" content=\"article\" \/>\n<meta property=\"og:title\" content=\"Our prices - D\u00e9m\u00e9nagement Pause Caf\u00e9\" \/>\n<meta property=\"og:description\" content=\"We offer the full range of relocation services, including moving pool tables, piano, and other special objects. The date of your moving will affect the price.\" \/>\n<meta property=\"og:url\" content=\"https:\/\/demenagementpausecafe.ca\/en\/our-prices\/\" \/>\n<meta property=\"og:site_name\" content=\"D\u00e9m\u00e9nagement Pause Caf\u00e9\" \/>\n<meta property=\"article:modified_time\" content=\"2020-04-21T21:24:27+00:00\" \/>\n<meta property=\"og:image\" content=\"https:\/\/demenagementpausecafe.ca\/wp-content\/uploads\/2017\/11\/best-price-en.jpg\" \/>\n<meta name=\"twitter:card\" content=\"summary_large_image\" \/>\n<script type=\"application\/ld+json\" class=\"yoast-schema-graph\">{\"@context\":\"https:\/\/schema.org\",\"@graph\":[{\"@type\":\"WebSite\",\"@id\":\"https:\/\/demenagementpausecafe.ca\/en\/#website\",\"url\":\"https:\/\/demenagementpausecafe.ca\/en\/\",\"name\":\"D\\u00e9m\\u00e9nagement Pause Caf\\u00e9\",\"description\":\"\",\"potentialAction\":[{\"@type\":\"SearchAction\",\"target\":\"https:\/\/demenagementpausecafe.ca\/en\/?s={search_term_string}\",\"query-input\":\"required name=search_term_string\"}],\"inLanguage\":\"en-US\"},{\"@type\":\"ImageObject\",\"@id\":\"https:\/\/demenagementpausecafe.ca\/en\/our-prices\/#primaryimage\",\"inLanguage\":\"en-US\",\"url\":\"\/wp-content\/uploads\/2017\/11\/best-price-en.jpg\"},{\"@type\":\"WebPage\",\"@id\":\"https:\/\/demenagementpausecafe.ca\/en\/our-prices\/#webpage\",\"url\":\"https:\/\/demenagementpausecafe.ca\/en\/our-prices\/\",\"name\":\"Our prices - D\\u00e9m\\u00e9nagement Pause Caf\\u00e9\",\"isPartOf\":{\"@id\":\"https:\/\/demenagementpausecafe.ca\/en\/#website\"},\"primaryImageOfPage\":{\"@id\":\"https:\/\/demenagementpausecafe.ca\/en\/our-prices\/#primaryimage\"},\"datePublished\":\"2017-11-12T17:57:58+00:00\",\"dateModified\":\"2020-04-21T21:24:27+00:00\",\"description\":\"We offer the full range of relocation services, including moving pool tables, piano, and other special objects. The date of your moving will affect the price.\",\"inLanguage\":\"en-US\",\"potentialAction\":[{\"@type\":\"ReadAction\",\"target\":[\"https:\/\/demenagementpausecafe.ca\/en\/our-prices\/\"]}]}]}<\/script>\n<!-- \/ Yoast SEO Premium plugin. -->","_links":{"self":[{"href":"https:\/\/demenagementpausecafe.ca\/en\/wp-json\/wp\/v2\/pages\/923","targetHints":{"allow":["GET"]}}],"collection":[{"href":"https:\/\/demenagementpausecafe.ca\/en\/wp-json\/wp\/v2\/pages"}],"about":[{"href":"https:\/\/demenagementpausecafe.ca\/en\/wp-json\/wp\/v2\/types\/page"}],"author":[{"embeddable":true,"href":"https:\/\/demenagementpausecafe.ca\/en\/wp-json\/wp\/v2\/users\/1"}],"replies":[{"embeddable":true,"href":"https:\/\/demenagementpausecafe.ca\/en\/wp-json\/wp\/v2\/comments?post=923"}],"version-history":[{"count":21,"href":"https:\/\/demenagementpausecafe.ca\/en\/wp-json\/wp\/v2\/pages\/923\/revisions"}],"predecessor-version":[{"id":2853,"href":"https:\/\/demenagementpausecafe.ca\/en\/wp-json\/wp\/v2\/pages\/923\/revisions\/2853"}],"wp:attachment":[{"href":"https:\/\/demenagementpausecafe.ca\/en\/wp-json\/wp\/v2\/media?parent=923"}],"curies":[{"name":"wp","href":"https:\/\/api.w.org\/{rel}","templated":true}]}}