{"id":946,"date":"2017-11-12T12:59:39","date_gmt":"2017-11-12T17:59:39","guid":{"rendered":"https:\/\/demenagementpausecafe.ca\/contact\/"},"modified":"2019-08-22T16:19:02","modified_gmt":"2019-08-22T20:19:02","slug":"contact-us","status":"publish","type":"page","link":"https:\/\/demenagementpausecafe.ca\/en\/contact-us\/","title":{"rendered":"Contact us"},"content":{"rendered":"<p>[et_pb_section bb_built=&#8221;1&#8243; _builder_version=&#8221;3.0.86&#8243; background_image=&#8221;https:\/\/demenagementpausecafe.ca\/wp-content\/uploads\/2017\/11\/page-title-bg-1.jpg&#8221; inner_width=&#8221;auto&#8221; inner_max_width=&#8221;none&#8221; next_background_color=&#8221;#ffffff&#8221;][et_pb_row _builder_version=&#8221;3.0.86&#8243; width=&#8221;80%&#8221; max_width=&#8221;1080px&#8221;][et_pb_column type=&#8221;4_4&#8243;][et_pb_text background_layout=&#8221;dark&#8221; _builder_version=&#8221;3.0.89&#8243; text_font=&#8221;||||||||&#8221;]<\/p>\n<h1>Contact-us <\/h1>\n<p>[\/et_pb_text][\/et_pb_column][\/et_pb_row][\/et_pb_section][et_pb_section bb_built=&#8221;1&#8243; _builder_version=&#8221;3.0.86&#8243; inner_width=&#8221;auto&#8221; inner_max_width=&#8221;none&#8221; prev_background_color=&#8221;#000000&#8243; next_background_color=&#8221;#000000&#8243;][et_pb_row _builder_version=&#8221;3.0.86&#8243; width=&#8221;80%&#8221; max_width=&#8221;1080px&#8221;][et_pb_column type=&#8221;1_3&#8243;][et_pb_text _builder_version=&#8221;3.0.89&#8243;]<\/p>\n<h2>D\u00e9m\u00e9nagement Pause Caf\u00e9<\/p>\n<h2\/>\n<p>[\/et_pb_text][et_pb_blurb image=&#8221;https:\/\/demenagementpausecafe.ca\/wp-content\/uploads\/2017\/11\/1.png&#8221; icon_placement=&#8221;left&#8221; _builder_version=&#8221;3.0.89&#8243;]<\/p>\n<h3>OFFICE<\/h3>\n<p><a href=\"https:\/\/goo.gl\/maps\/CGLRsRUpspT2\">10345 avenue Papineau,<br \/>Montr\u00e9al, QC H2B-2A3<\/a><\/p>\n<p>[\/et_pb_blurb][et_pb_blurb image=&#8221;https:\/\/demenagementpausecafe.ca\/wp-content\/uploads\/2017\/11\/2.png&#8221; icon_placement=&#8221;left&#8221; _builder_version=&#8221;3.0.89&#8243;]<\/p>\n<h3>E-mail<\/h3>\n<p><a href=\"mailto:demenagementpausecafe@gmail.com\">demenagementpausecafe@gmail.com<\/a><\/p>\n<p>[\/et_pb_blurb][et_pb_blurb image=&#8221;https:\/\/demenagementpausecafe.ca\/wp-content\/uploads\/2017\/11\/3.png&#8221; icon_placement=&#8221;left&#8221; _builder_version=&#8221;3.0.89&#8243;]<\/p>\n<h3>Telephone<\/h3>\n<p>TEl : <a href=\"tel:+15145698849\">(514) 569-8849<\/a> <br \/>FAX: (514) 800-7091<\/p>\n<p>[\/et_pb_blurb][\/et_pb_column][et_pb_column type=&#8221;2_3&#8243;][et_pb_map google_api_key=&#8221; AIzaSyB8VA5wuCX0BiY8uFF1jmr_ijQmyaK9gMc &#8221; address=&#8221;10345 Avenue Papineau, Montr\u00e9al, QC H2B 2A3, Canada&#8221; zoom_level=&#8221;13&#8243; address_lat=&#8221;45.5685953&#8243; address_lng=&#8221;-73.6536281&#8243; _builder_version=&#8221;3.0.86&#8243; child_filter_saturate=&#8221;100%&#8221;][et_pb_map_pin title=&#8221;D\u00e9m\u00e9nagement Pause Caf\u00e9&#8221; pin_address=&#8221;10345 Avenue Papineau, Montr\u00e9al, QC H2B 2A3, Canada&#8221; pin_address_lat=&#8221;45.5685953&#8243; pin_address_lng=&#8221;-73.6536281&#8243; _builder_version=&#8221;3.0.86&#8243;][\/et_pb_map_pin][\/et_pb_map][\/et_pb_column][\/et_pb_row][\/et_pb_section][et_pb_section bb_built=&#8221;1&#8243; _builder_version=&#8221;3.0.86&#8243; background_image=&#8221;https:\/\/demenagementpausecafe.ca\/wp-content\/uploads\/2017\/11\/great-moving-team-bg.jpg&#8221; saved_tabs=&#8221;all&#8221; prev_background_color=&#8221;#ffffff&#8221; inner_width=&#8221;auto&#8221; inner_max_width=&#8221;none&#8221; global_module=&#8221;856&#8243;][et_pb_row global_parent=&#8221;856&#8243; _builder_version=&#8221;3.0.86&#8243; width=&#8221;80%&#8221; max_width=&#8221;1080px&#8221;][et_pb_column type=&#8221;1_2&#8243;][et_pb_text global_parent=&#8221;856&#8243; _builder_version=&#8221;3.17.6&#8243; text_font=&#8221;||||||||&#8221; background_layout=&#8221;dark&#8221;]<\/p>\n<h2 class=\"p30\"><strong>Free<\/strong> <span style=\"font-weight:400;\">Quote<\/span><\/h2>\n<p class=\"emergency24hour\">AVAILABLE ON DEMAND<\/p>\n<p class=\"tel-jaune\"><b>(514) 569-8849<\/b> or <a class=\"et_pb_button  et_pb_button_0 et_pb_module et_pb_bg_layout_light bas\" href=\"https:\/\/demenagementpausecafe.ca\/en\/estimation\/\"> on line<\/a><\/p>\n<p>[\/et_pb_text][\/et_pb_column][et_pb_column type=&#8221;1_2&#8243;][\/et_pb_column][\/et_pb_row][\/et_pb_section]<\/p>\n<div style='text-align:left' class='yasr-auto-insert-visitor'><\/div>","protected":false},"excerpt":{"rendered":"<p>Contact-us D\u00e9m\u00e9nagement Pause Caf\u00e9 OFFICE 10345 avenue Papineau,Montr\u00e9al, QC H2B-2A3 E-mail demenagementpausecafe@gmail.com Telephone TEl : (514) 569-8849 FAX: (514) 800-7091 Free Quote AVAILABLE ON DEMAND (514) 569-8849 or on line<\/p>\n","protected":false},"author":1,"featured_media":0,"parent":0,"menu_order":0,"comment_status":"closed","ping_status":"closed","template":"","meta":{"_et_pb_use_builder":"on","_et_pb_old_content":"","_et_gb_content_width":"","yasr_overall_rating":0,"yasr_post_is_review":"","yasr_auto_insert_disabled":"","yasr_review_type":"Other","footnotes":""},"class_list":["post-946","page","type-page","status-publish","hentry"],"yasr_visitor_votes":{"stars_attributes":{"read_only":false,"span_bottom":false},"number_of_votes":0,"sum_votes":0},"yoast_head":"<!-- This site is optimized with the Yoast SEO Premium plugin v15.0 - https:\/\/yoast.com\/wordpress\/plugins\/seo\/ -->\n<title>Contact us - D\u00e9m\u00e9nagement Pause Caf\u00e9<\/title>\n<meta name=\"description\" content=\"Contact D\u00e9m\u00e9nagement Pause caf\u00e9\" \/>\n<meta name=\"robots\" content=\"index, follow, max-snippet:-1, max-image-preview:large, max-video-preview:-1\" \/>\n<link rel=\"canonical\" href=\"https:\/\/demenagementpausecafe.ca\/en\/contact-us\/\" \/>\n<meta property=\"og:locale\" content=\"en_US\" \/>\n<meta property=\"og:type\" content=\"article\" \/>\n<meta property=\"og:title\" content=\"Contact us - D\u00e9m\u00e9nagement Pause Caf\u00e9\" \/>\n<meta property=\"og:description\" content=\"Contact D\u00e9m\u00e9nagement Pause caf\u00e9\" \/>\n<meta property=\"og:url\" content=\"https:\/\/demenagementpausecafe.ca\/en\/contact-us\/\" \/>\n<meta property=\"og:site_name\" content=\"D\u00e9m\u00e9nagement Pause Caf\u00e9\" \/>\n<meta property=\"article:modified_time\" content=\"2019-08-22T20:19:02+00:00\" \/>\n<meta name=\"twitter:card\" content=\"summary_large_image\" \/>\n<script type=\"application\/ld+json\" class=\"yoast-schema-graph\">{\"@context\":\"https:\/\/schema.org\",\"@graph\":[{\"@type\":\"WebSite\",\"@id\":\"https:\/\/demenagementpausecafe.ca\/en\/#website\",\"url\":\"https:\/\/demenagementpausecafe.ca\/en\/\",\"name\":\"D\\u00e9m\\u00e9nagement Pause Caf\\u00e9\",\"description\":\"\",\"potentialAction\":[{\"@type\":\"SearchAction\",\"target\":\"https:\/\/demenagementpausecafe.ca\/en\/?s={search_term_string}\",\"query-input\":\"required name=search_term_string\"}],\"inLanguage\":\"en-US\"},{\"@type\":\"WebPage\",\"@id\":\"https:\/\/demenagementpausecafe.ca\/en\/contact-us\/#webpage\",\"url\":\"https:\/\/demenagementpausecafe.ca\/en\/contact-us\/\",\"name\":\"Contact us - D\\u00e9m\\u00e9nagement Pause Caf\\u00e9\",\"isPartOf\":{\"@id\":\"https:\/\/demenagementpausecafe.ca\/en\/#website\"},\"datePublished\":\"2017-11-12T17:59:39+00:00\",\"dateModified\":\"2019-08-22T20:19:02+00:00\",\"description\":\"Contact D\\u00e9m\\u00e9nagement Pause caf\\u00e9\",\"inLanguage\":\"en-US\",\"potentialAction\":[{\"@type\":\"ReadAction\",\"target\":[\"https:\/\/demenagementpausecafe.ca\/en\/contact-us\/\"]}]}]}<\/script>\n<!-- \/ Yoast SEO Premium plugin. -->","_links":{"self":[{"href":"https:\/\/demenagementpausecafe.ca\/en\/wp-json\/wp\/v2\/pages\/946","targetHints":{"allow":["GET"]}}],"collection":[{"href":"https:\/\/demenagementpausecafe.ca\/en\/wp-json\/wp\/v2\/pages"}],"about":[{"href":"https:\/\/demenagementpausecafe.ca\/en\/wp-json\/wp\/v2\/types\/page"}],"author":[{"embeddable":true,"href":"https:\/\/demenagementpausecafe.ca\/en\/wp-json\/wp\/v2\/users\/1"}],"replies":[{"embeddable":true,"href":"https:\/\/demenagementpausecafe.ca\/en\/wp-json\/wp\/v2\/comments?post=946"}],"version-history":[{"count":7,"href":"https:\/\/demenagementpausecafe.ca\/en\/wp-json\/wp\/v2\/pages\/946\/revisions"}],"predecessor-version":[{"id":2383,"href":"https:\/\/demenagementpausecafe.ca\/en\/wp-json\/wp\/v2\/pages\/946\/revisions\/2383"}],"wp:attachment":[{"href":"https:\/\/demenagementpausecafe.ca\/en\/wp-json\/wp\/v2\/media?parent=946"}],"curies":[{"name":"wp","href":"https:\/\/api.w.org\/{rel}","templated":true}]}}