{"id":959,"date":"2017-11-20T21:57:36","date_gmt":"2017-11-21T02:57:36","guid":{"rendered":"https:\/\/demenagementpausecafe.ca\/?page_id=959"},"modified":"2017-11-21T00:09:30","modified_gmt":"2017-11-21T05:09:30","slug":"estimation","status":"publish","type":"page","link":"https:\/\/demenagementpausecafe.ca\/en\/estimation\/","title":{"rendered":"Free Quote"},"content":{"rendered":"<p>[et_pb_section fb_built=&#8221;1&#8243; _builder_version=&#8221;3.0.89&#8243; background_image=&#8221;https:\/\/demenagementpausecafe.ca\/wp-content\/uploads\/2017\/11\/page-title-bg-1.jpg&#8221;][et_pb_row _builder_version=&#8221;3.0.47&#8243; background_size=&#8221;initial&#8221; background_position=&#8221;top_left&#8221; background_repeat=&#8221;repeat&#8221;][et_pb_column type=&#8221;4_4&#8243; _builder_version=&#8221;3.0.47&#8243; parallax=&#8221;off&#8221; parallax_method=&#8221;on&#8221;][et_pb_text _builder_version=&#8221;3.0.89&#8243; background_layout=&#8221;dark&#8221; text_font=&#8221;||||||||&#8221;]<\/p>\n<h1>ONLINE QUOTE <\/h1>\n<p>[\/et_pb_text][\/et_pb_column][\/et_pb_row][\/et_pb_section][et_pb_section fb_built=&#8221;1&#8243; _builder_version=&#8221;3.0.47&#8243;][et_pb_row _builder_version=&#8221;3.0.47&#8243; background_size=&#8221;initial&#8221; background_position=&#8221;top_left&#8221; background_repeat=&#8221;repeat&#8221;][et_pb_column type=&#8221;4_4&#8243; _builder_version=&#8221;3.0.47&#8243; parallax=&#8221;off&#8221; parallax_method=&#8221;on&#8221;][et_pb_text module_class=&#8221;titreR&#8221; _builder_version=&#8221;3.0.89&#8243;]<\/p>\n<h2>Get your free online QUOTE from D\u00c9M\u00c9NAGEMENT PAUSE-CAF\u00c9<\/h2>\n<p>[\/et_pb_text][et_pb_text _builder_version=&#8221;3.0.89&#8243;]<\/p>\n<div class=\"et_pb_contact\">\n<div class=\"wpcf7 no-js\" id=\"wpcf7-f974-o1\" lang=\"fr-FR\" dir=\"ltr\" data-wpcf7-id=\"974\">\n<div class=\"screen-reader-response\"><p role=\"status\" aria-live=\"polite\" aria-atomic=\"true\"><\/p> <ul><\/ul><\/div>\n<form action=\"\/en\/wp-json\/wp\/v2\/pages\/959#wpcf7-f974-o1\" method=\"post\" class=\"wpcf7-form init\" aria-label=\"Formulaire de contact\" novalidate=\"novalidate\" data-status=\"init\">\n<fieldset class=\"hidden-fields-container\"><input type=\"hidden\" name=\"_wpcf7\" value=\"974\" \/><input type=\"hidden\" name=\"_wpcf7_version\" value=\"6.1.5\" \/><input type=\"hidden\" name=\"_wpcf7_locale\" value=\"fr_FR\" \/><input type=\"hidden\" name=\"_wpcf7_unit_tag\" value=\"wpcf7-f974-o1\" \/><input type=\"hidden\" name=\"_wpcf7_container_post\" value=\"0\" \/><input type=\"hidden\" name=\"_wpcf7_posted_data_hash\" value=\"\" \/>\n<\/fieldset>\n<div class=\"colonneForm1\">\n\t<p><label> Your name<br \/>\n<span class=\"wpcf7-form-control-wrap\" data-name=\"your-name\"><input size=\"40\" maxlength=\"400\" class=\"wpcf7-form-control wpcf7-text wpcf7-validates-as-required\" aria-required=\"true\" aria-invalid=\"false\" value=\"\" type=\"text\" name=\"your-name\" \/><\/span> <\/label>\n\t<\/p>\n\t<p><label> Phone number<br \/>\n<span class=\"wpcf7-form-control-wrap\" data-name=\"tel\"><input size=\"40\" maxlength=\"400\" class=\"wpcf7-form-control wpcf7-tel wpcf7-text wpcf7-validates-as-tel\" aria-invalid=\"false\" value=\"\" type=\"tel\" name=\"tel\" \/><\/span><br \/>\n<\/label>\n\t<\/p>\n\t<p><label>E-mail<br \/>\n<span class=\"wpcf7-form-control-wrap\" data-name=\"your-email\"><input size=\"40\" maxlength=\"400\" class=\"wpcf7-form-control wpcf7-email wpcf7-validates-as-required wpcf7-text wpcf7-validates-as-email\" aria-required=\"true\" aria-invalid=\"false\" value=\"\" type=\"email\" name=\"your-email\" \/><\/span> <\/label>\n\t<\/p>\n<\/div>\n<div class=\"colonneForm2\">\n\t<p><label>Type of service needed<br \/>\n<span class=\"wpcf7-form-control-wrap\" data-name=\"type-demenagement\"><select class=\"wpcf7-form-control wpcf7-select\" aria-invalid=\"false\" name=\"type-demenagement\"><option value=\"Residential\">Residential<\/option><option value=\"Commercial\">Commercial<\/option><option value=\"Industrial\">Industrial<\/option><option value=\"Storage\">Storage<\/option><option value=\"Shipping\">Shipping<\/option><option value=\"Other\">Other<\/option><\/select><\/span><\/label>\n\t<\/p>\n\t<p>Special objects?<br \/>\n<span class=\"wpcf7-form-control-wrap\" data-name=\"objets-speciaux\"><select class=\"wpcf7-form-control wpcf7-select\" aria-invalid=\"false\" name=\"objets-speciaux\"><option value=\"Upright piano\">Upright piano<\/option><option value=\"Grand piano\">Grand piano<\/option><option value=\"Safe\">Safe<\/option><option value=\"Mirrors\">Mirrors<\/option><option value=\"Marble table\">Marble table<\/option><option value=\"Glass table\">Glass table<\/option><option value=\"None\">None<\/option><\/select><\/span>\n\t<\/p>\n\t<p><label> Date<br \/>\n<span class=\"wpcf7-form-control-wrap\" data-name=\"date\"><input class=\"wpcf7-form-control wpcf7-date wpcf7-validates-as-date\" aria-invalid=\"false\" placeholder=\"\" value=\"\" type=\"date\" name=\"date\" \/><\/span><br \/>\n<\/label>\n\t<\/p>\n<\/div>\n<div class=\"colonneForm3\">\n\t<p><strong>ADDRESS AT DEPARTURE<\/strong>\n\t<\/p>\n\t<p><label>Address<br \/>\n<span class=\"wpcf7-form-control-wrap\" data-name=\"Adresse\"><input size=\"40\" maxlength=\"400\" class=\"wpcf7-form-control wpcf7-text\" aria-invalid=\"false\" value=\"\" type=\"text\" name=\"Adresse\" \/><\/span><br \/>\n<\/label>\n\t<\/p>\n\t<p><label>City<br \/>\n<span class=\"wpcf7-form-control-wrap\" data-name=\"ville\"><input size=\"40\" maxlength=\"400\" class=\"wpcf7-form-control wpcf7-text\" aria-invalid=\"false\" value=\"\" type=\"text\" name=\"ville\" \/><\/span><br \/>\n<\/label>\n\t<\/p>\n\t<p><label> Postal code<br \/>\n<span class=\"wpcf7-form-control-wrap\" data-name=\"code-postal\"><input size=\"40\" maxlength=\"400\" class=\"wpcf7-form-control wpcf7-text\" aria-invalid=\"false\" value=\"\" type=\"text\" name=\"code-postal\" \/><\/span><br \/>\n<\/label>\n\t<\/p>\n\t<p><label>Floor<br \/>\n<span class=\"wpcf7-form-control-wrap\" data-name=\"etage\"><select class=\"wpcf7-form-control wpcf7-select\" aria-invalid=\"false\" name=\"etage\"><option value=\"Basement\">Basement<\/option><option value=\"Rez-de-chaussee\">Rez-de-chaussee<\/option><option value=\"Second\">Second<\/option><option value=\"Third\">Third<\/option><option value=\"Elevator\">Elevator<\/option><\/select><\/span><br \/>\n<\/label>\n\t<\/p>\n\t<p><label>Type of dwelling<br \/>\n<span class=\"wpcf7-form-control-wrap\" data-name=\"type-habitation\"><select class=\"wpcf7-form-control wpcf7-select\" aria-invalid=\"false\" name=\"type-habitation\"><option value=\"1 1\/2\">1 1\/2<\/option><option value=\"2 1\/2\">2 1\/2<\/option><option value=\"3 1\/2\">3 1\/2<\/option><option value=\"4 1\/2\">4 1\/2<\/option><option value=\"5 1\/2\">5 1\/2<\/option><option value=\"6 1\/2\">6 1\/2<\/option><option value=\"7 1\/2\">7 1\/2<\/option><\/select><\/span><br \/>\n<\/label>\n\t<\/p>\n<\/div>\n<div class=\"colonneForm4\">\n\t<p><strong>ADDRESS AT DESTINATION<\/strong>\n\t<\/p>\n\t<p><label>Address<br \/>\n<span class=\"wpcf7-form-control-wrap\" data-name=\"Adresse-arrivee\"><input size=\"40\" maxlength=\"400\" class=\"wpcf7-form-control wpcf7-text\" aria-invalid=\"false\" value=\"\" type=\"text\" name=\"Adresse-arrivee\" \/><\/span><br \/>\n<\/label>\n\t<\/p>\n\t<p><label>City<br \/>\n<span class=\"wpcf7-form-control-wrap\" data-name=\"ville-arrivee\"><input size=\"40\" maxlength=\"400\" class=\"wpcf7-form-control wpcf7-text\" aria-invalid=\"false\" value=\"\" type=\"text\" name=\"ville-arrivee\" \/><\/span><br \/>\n<\/label>\n\t<\/p>\n\t<p><label> Postal code<br \/>\n<span class=\"wpcf7-form-control-wrap\" data-name=\"code-postal-arrivee\"><input size=\"40\" maxlength=\"400\" class=\"wpcf7-form-control wpcf7-text\" aria-invalid=\"false\" value=\"\" type=\"text\" name=\"code-postal-arrivee\" \/><\/span><br \/>\n<\/label>\n\t<\/p>\n\t<p><label>Floor<br \/>\n<span class=\"wpcf7-form-control-wrap\" data-name=\"etage-arrivee\"><select class=\"wpcf7-form-control wpcf7-select\" aria-invalid=\"false\" name=\"etage-arrivee\"><option value=\"Basement\">Basement<\/option><option value=\"Rez-de-chauss\u00e9e\">Rez-de-chauss\u00e9e<\/option><option value=\"Second\">Second<\/option><option value=\"Third\">Third<\/option><option value=\"Elevator\">Elevator<\/option><\/select><\/span><br \/>\n<\/label>\n\t<\/p>\n\t<p><label>Type of dwelling<br \/>\n<span class=\"wpcf7-form-control-wrap\" data-name=\"type-habitation-arrivee\"><select class=\"wpcf7-form-control wpcf7-select\" aria-invalid=\"false\" name=\"type-habitation-arrivee\"><option value=\"1 1\/2\">1 1\/2<\/option><option value=\"2 1\/2\">2 1\/2<\/option><option value=\"3 1\/2\">3 1\/2<\/option><option value=\"4 1\/2\">4 1\/2<\/option><option value=\"5 1\/2\">5 1\/2<\/option><option value=\"6 1\/2\">6 1\/2<\/option><option value=\"7 1\/2\">7 1\/2<\/option><\/select><\/span><br \/>\n<\/label>\n\t<\/p>\n<\/div>\n<div class=\"colonneForm5\">\n\t<p><label>Comments<br \/>\n<span class=\"wpcf7-form-control-wrap\" data-name=\"commentaire\"><textarea cols=\"40\" rows=\"10\" maxlength=\"2000\" class=\"wpcf7-form-control wpcf7-textarea\" aria-invalid=\"false\" name=\"commentaire\"><\/textarea><\/span><br \/>\n<\/label>\n\t<\/p>\n\t<p><input class=\"wpcf7-form-control wpcf7-submit has-spinner\" type=\"submit\" value=\"Envoyer\" \/>\n\t<\/p>\n<\/div><input type=\"hidden\" id=\"ct_checkjs_cf7_c4b31ce7d95c75ca70d50c19aef08bf1\" name=\"ct_checkjs_cf7\" value=\"0\" \/><script >setTimeout(function(){var ct_input_name = \"ct_checkjs_cf7_c4b31ce7d95c75ca70d50c19aef08bf1\";if (document.getElementById(ct_input_name) !== null) {var ct_input_value = document.getElementById(ct_input_name).value;document.getElementById(ct_input_name).value = document.getElementById(ct_input_name).value.replace(ct_input_value, '2ec4572918573bdbe551671f5abdf2fdab37bd92ff0fe5699362a11c48290a10');}}, 1000);<\/script><input\n                    class=\"apbct_special_field apbct_email_id__wp_contact_form_7\"\n                    name=\"apbct__email_id__wp_contact_form_7\"\n                    aria-label=\"apbct__label_id__wp_contact_form_7\"\n                    type=\"text\" size=\"30\" maxlength=\"200\" autocomplete=\"off\"\n                    value=\"\"\n                \/><p style=\"display: none !important;\" class=\"akismet-fields-container\" data-prefix=\"_wpcf7_ak_\"><label>&#916;<textarea name=\"_wpcf7_ak_hp_textarea\" cols=\"45\" rows=\"8\" maxlength=\"100\"><\/textarea><\/label><input type=\"hidden\" id=\"ak_js_1\" name=\"_wpcf7_ak_js\" value=\"247\"\/><script>document.getElementById( \"ak_js_1\" ).setAttribute( \"value\", ( new Date() ).getTime() );<\/script><\/p><div class=\"wpcf7-response-output\" aria-hidden=\"true\"><\/div>\n<\/form>\n<\/div>\n<\/div>\n<p>[\/et_pb_text][\/et_pb_column][\/et_pb_row][\/et_pb_section]<\/p>\n<div style='text-align:left' class='yasr-auto-insert-visitor'><\/div>","protected":false},"excerpt":{"rendered":"<p>ONLINE QUOTE Get your free online QUOTE from D\u00c9M\u00c9NAGEMENT PAUSE-CAF\u00c9 \n<div class=\"wpcf7 no-js\" id=\"wpcf7-f974-o2\" lang=\"fr-FR\" dir=\"ltr\" data-wpcf7-id=\"974\">\n<div class=\"screen-reader-response\"><p role=\"status\" aria-live=\"polite\" aria-atomic=\"true\"><\/p> <ul><\/ul><\/div>\n<form action=\"\/en\/wp-json\/wp\/v2\/pages\/959#wpcf7-f974-o2\" method=\"post\" class=\"wpcf7-form init\" aria-label=\"Formulaire de contact\" novalidate=\"novalidate\" data-status=\"init\">\n<fieldset class=\"hidden-fields-container\"><input type=\"hidden\" name=\"_wpcf7\" value=\"974\" \/><input type=\"hidden\" name=\"_wpcf7_version\" value=\"6.1.5\" \/><input type=\"hidden\" name=\"_wpcf7_locale\" value=\"fr_FR\" \/><input type=\"hidden\" name=\"_wpcf7_unit_tag\" value=\"wpcf7-f974-o2\" \/><input type=\"hidden\" name=\"_wpcf7_container_post\" value=\"0\" \/><input type=\"hidden\" name=\"_wpcf7_posted_data_hash\" value=\"\" \/>\n<\/fieldset>\n<div class=\"colonneForm1\">\n\t<p><label> Your name<br \/>\n<span class=\"wpcf7-form-control-wrap\" data-name=\"your-name\"><input size=\"40\" maxlength=\"400\" class=\"wpcf7-form-control wpcf7-text wpcf7-validates-as-required\" aria-required=\"true\" aria-invalid=\"false\" value=\"\" type=\"text\" name=\"your-name\" \/><\/span> <\/label>\n\t<\/p>\n\t<p><label> Phone number<br \/>\n<span class=\"wpcf7-form-control-wrap\" data-name=\"tel\"><input size=\"40\" maxlength=\"400\" class=\"wpcf7-form-control wpcf7-tel wpcf7-text wpcf7-validates-as-tel\" aria-invalid=\"false\" value=\"\" type=\"tel\" name=\"tel\" \/><\/span><br \/>\n<\/label>\n\t<\/p>\n\t<p><label>E-mail<br \/>\n<span class=\"wpcf7-form-control-wrap\" data-name=\"your-email\"><input size=\"40\" maxlength=\"400\" class=\"wpcf7-form-control wpcf7-email wpcf7-validates-as-required wpcf7-text wpcf7-validates-as-email\" aria-required=\"true\" aria-invalid=\"false\" value=\"\" type=\"email\" name=\"your-email\" \/><\/span> <\/label>\n\t<\/p>\n<\/div>\n<div class=\"colonneForm2\">\n\t<p><label>Type of service needed<br \/>\n<span class=\"wpcf7-form-control-wrap\" data-name=\"type-demenagement\"><select class=\"wpcf7-form-control wpcf7-select\" aria-invalid=\"false\" name=\"type-demenagement\"><option value=\"Residential\">Residential<\/option><option value=\"Commercial\">Commercial<\/option><option value=\"Industrial\">Industrial<\/option><option value=\"Storage\">Storage<\/option><option value=\"Shipping\">Shipping<\/option><option value=\"Other\">Other<\/option><\/select><\/span><\/label>\n\t<\/p>\n\t<p>Special objects?<br \/>\n<span class=\"wpcf7-form-control-wrap\" data-name=\"objets-speciaux\"><select class=\"wpcf7-form-control wpcf7-select\" aria-invalid=\"false\" name=\"objets-speciaux\"><option value=\"Upright piano\">Upright piano<\/option><option value=\"Grand piano\">Grand piano<\/option><option value=\"Safe\">Safe<\/option><option value=\"Mirrors\">Mirrors<\/option><option value=\"Marble table\">Marble table<\/option><option value=\"Glass table\">Glass table<\/option><option value=\"None\">None<\/option><\/select><\/span>\n\t<\/p>\n\t<p><label> Date<br \/>\n<span class=\"wpcf7-form-control-wrap\" data-name=\"date\"><input class=\"wpcf7-form-control wpcf7-date wpcf7-validates-as-date\" aria-invalid=\"false\" placeholder=\"\" value=\"\" type=\"date\" name=\"date\" \/><\/span><br \/>\n<\/label>\n\t<\/p>\n<\/div>\n<div class=\"colonneForm3\">\n\t<p><strong>ADDRESS AT DEPARTURE<\/strong>\n\t<\/p>\n\t<p><label>Address<br \/>\n<span class=\"wpcf7-form-control-wrap\" data-name=\"Adresse\"><input size=\"40\" maxlength=\"400\" class=\"wpcf7-form-control wpcf7-text\" aria-invalid=\"false\" value=\"\" type=\"text\" name=\"Adresse\" \/><\/span><br \/>\n<\/label>\n\t<\/p>\n\t<p><label>City<br \/>\n<span class=\"wpcf7-form-control-wrap\" data-name=\"ville\"><input size=\"40\" maxlength=\"400\" class=\"wpcf7-form-control wpcf7-text\" aria-invalid=\"false\" value=\"\" type=\"text\" name=\"ville\" \/><\/span><br \/>\n<\/label>\n\t<\/p>\n\t<p><label> Postal code<br \/>\n<span class=\"wpcf7-form-control-wrap\" data-name=\"code-postal\"><input size=\"40\" maxlength=\"400\" class=\"wpcf7-form-control wpcf7-text\" aria-invalid=\"false\" value=\"\" type=\"text\" name=\"code-postal\" \/><\/span><br \/>\n<\/label>\n\t<\/p>\n\t<p><label>Floor<br \/>\n<span class=\"wpcf7-form-control-wrap\" data-name=\"etage\"><select class=\"wpcf7-form-control wpcf7-select\" aria-invalid=\"false\" name=\"etage\"><option value=\"Basement\">Basement<\/option><option value=\"Rez-de-chaussee\">Rez-de-chaussee<\/option><option value=\"Second\">Second<\/option><option value=\"Third\">Third<\/option><option value=\"Elevator\">Elevator<\/option><\/select><\/span><br \/>\n<\/label>\n\t<\/p>\n\t<p><label>Type of dwelling<br \/>\n<span class=\"wpcf7-form-control-wrap\" data-name=\"type-habitation\"><select class=\"wpcf7-form-control wpcf7-select\" aria-invalid=\"false\" name=\"type-habitation\"><option value=\"1 1\/2\">1 1\/2<\/option><option value=\"2 1\/2\">2 1\/2<\/option><option value=\"3 1\/2\">3 1\/2<\/option><option value=\"4 1\/2\">4 1\/2<\/option><option value=\"5 1\/2\">5 1\/2<\/option><option value=\"6 1\/2\">6 1\/2<\/option><option value=\"7 1\/2\">7 1\/2<\/option><\/select><\/span><br \/>\n<\/label>\n\t<\/p>\n<\/div>\n<div class=\"colonneForm4\">\n\t<p><strong>ADDRESS AT DESTINATION<\/strong>\n\t<\/p>\n\t<p><label>Address<br \/>\n<span class=\"wpcf7-form-control-wrap\" data-name=\"Adresse-arrivee\"><input size=\"40\" maxlength=\"400\" class=\"wpcf7-form-control wpcf7-text\" aria-invalid=\"false\" value=\"\" type=\"text\" name=\"Adresse-arrivee\" \/><\/span><br \/>\n<\/label>\n\t<\/p>\n\t<p><label>City<br \/>\n<span class=\"wpcf7-form-control-wrap\" data-name=\"ville-arrivee\"><input size=\"40\" maxlength=\"400\" class=\"wpcf7-form-control wpcf7-text\" aria-invalid=\"false\" value=\"\" type=\"text\" name=\"ville-arrivee\" \/><\/span><br \/>\n<\/label>\n\t<\/p>\n\t<p><label> Postal code<br \/>\n<span class=\"wpcf7-form-control-wrap\" data-name=\"code-postal-arrivee\"><input size=\"40\" maxlength=\"400\" class=\"wpcf7-form-control wpcf7-text\" aria-invalid=\"false\" value=\"\" type=\"text\" name=\"code-postal-arrivee\" \/><\/span><br \/>\n<\/label>\n\t<\/p>\n\t<p><label>Floor<br \/>\n<span class=\"wpcf7-form-control-wrap\" data-name=\"etage-arrivee\"><select class=\"wpcf7-form-control wpcf7-select\" aria-invalid=\"false\" name=\"etage-arrivee\"><option value=\"Basement\">Basement<\/option><option value=\"Rez-de-chauss\u00e9e\">Rez-de-chauss\u00e9e<\/option><option value=\"Second\">Second<\/option><option value=\"Third\">Third<\/option><option value=\"Elevator\">Elevator<\/option><\/select><\/span><br \/>\n<\/label>\n\t<\/p>\n\t<p><label>Type of dwelling<br \/>\n<span class=\"wpcf7-form-control-wrap\" data-name=\"type-habitation-arrivee\"><select class=\"wpcf7-form-control wpcf7-select\" aria-invalid=\"false\" name=\"type-habitation-arrivee\"><option value=\"1 1\/2\">1 1\/2<\/option><option value=\"2 1\/2\">2 1\/2<\/option><option value=\"3 1\/2\">3 1\/2<\/option><option value=\"4 1\/2\">4 1\/2<\/option><option value=\"5 1\/2\">5 1\/2<\/option><option value=\"6 1\/2\">6 1\/2<\/option><option value=\"7 1\/2\">7 1\/2<\/option><\/select><\/span><br \/>\n<\/label>\n\t<\/p>\n<\/div>\n<div class=\"colonneForm5\">\n\t<p><label>Comments<br \/>\n<span class=\"wpcf7-form-control-wrap\" data-name=\"commentaire\"><textarea cols=\"40\" rows=\"10\" maxlength=\"2000\" class=\"wpcf7-form-control wpcf7-textarea\" aria-invalid=\"false\" name=\"commentaire\"><\/textarea><\/span><br \/>\n<\/label>\n\t<\/p>\n\t<p><input class=\"wpcf7-form-control wpcf7-submit has-spinner\" type=\"submit\" value=\"Envoyer\" \/>\n\t<\/p>\n<\/div><input type=\"hidden\" id=\"ct_checkjs_cf7_e6cb2a3c14431b55aa50c06529eaa21b\" name=\"ct_checkjs_cf7\" value=\"0\" \/><script >setTimeout(function(){var ct_input_name = \"ct_checkjs_cf7_e6cb2a3c14431b55aa50c06529eaa21b\";if (document.getElementById(ct_input_name) !== null) {var ct_input_value = document.getElementById(ct_input_name).value;document.getElementById(ct_input_name).value = document.getElementById(ct_input_name).value.replace(ct_input_value, '2ec4572918573bdbe551671f5abdf2fdab37bd92ff0fe5699362a11c48290a10');}}, 1000);<\/script><input\n                    class=\"apbct_special_field apbct_email_id__wp_contact_form_7\"\n                    name=\"apbct__email_id__wp_contact_form_7\"\n                    aria-label=\"apbct__label_id__wp_contact_form_7\"\n                    type=\"text\" size=\"30\" maxlength=\"200\" autocomplete=\"off\"\n                    value=\"\"\n                \/><p style=\"display: none !important;\" class=\"akismet-fields-container\" data-prefix=\"_wpcf7_ak_\"><label>&#916;<textarea name=\"_wpcf7_ak_hp_textarea\" cols=\"45\" rows=\"8\" maxlength=\"100\"><\/textarea><\/label><input type=\"hidden\" id=\"ak_js_2\" name=\"_wpcf7_ak_js\" value=\"217\"\/><script>document.getElementById( \"ak_js_2\" ).setAttribute( \"value\", ( new Date() ).getTime() );<\/script><\/p><div class=\"wpcf7-response-output\" aria-hidden=\"true\"><\/div>\n<\/form>\n<\/div>\n<\/p>\n","protected":false},"author":1,"featured_media":0,"parent":0,"menu_order":0,"comment_status":"closed","ping_status":"closed","template":"","meta":{"_et_pb_use_builder":"on","_et_pb_old_content":"","_et_gb_content_width":"","yasr_overall_rating":0,"yasr_post_is_review":"","yasr_auto_insert_disabled":"","yasr_review_type":"","footnotes":""},"class_list":["post-959","page","type-page","status-publish","hentry"],"yasr_visitor_votes":{"stars_attributes":{"read_only":false,"span_bottom":false},"number_of_votes":0,"sum_votes":0},"yoast_head":"<!-- This site is optimized with the Yoast SEO Premium plugin v15.0 - https:\/\/yoast.com\/wordpress\/plugins\/seo\/ -->\n<title>Free Quote - D\u00e9m\u00e9nagement Pause Caf\u00e9<\/title>\n<meta name=\"description\" content=\"ONLINE QUOTE Get your free online QUOTE from D\u00c9M\u00c9NAGEMENT PAUSE-CAF\u00c9 Your name Phone number E-mail Type of service needed ResidentialCommercialIndustrialStorageShippingOther Special objects? Upright pianoGrand pianoSafeMirrorsMarble tableGlass tab\" \/>\n<meta name=\"robots\" content=\"index, follow, max-snippet:-1, max-image-preview:large, max-video-preview:-1\" \/>\n<link rel=\"canonical\" href=\"https:\/\/demenagementpausecafe.ca\/en\/estimation\/\" \/>\n<meta property=\"og:locale\" content=\"en_US\" \/>\n<meta property=\"og:type\" content=\"article\" \/>\n<meta property=\"og:title\" content=\"Free Quote - D\u00e9m\u00e9nagement Pause Caf\u00e9\" \/>\n<meta property=\"og:url\" content=\"https:\/\/demenagementpausecafe.ca\/en\/estimation\/\" \/>\n<meta property=\"og:site_name\" content=\"D\u00e9m\u00e9nagement Pause Caf\u00e9\" \/>\n<meta property=\"article:modified_time\" content=\"2017-11-21T05:09:30+00:00\" \/>\n<meta name=\"twitter:card\" content=\"summary_large_image\" \/>\n<script type=\"application\/ld+json\" class=\"yoast-schema-graph\">{\"@context\":\"https:\/\/schema.org\",\"@graph\":[{\"@type\":\"WebSite\",\"@id\":\"https:\/\/demenagementpausecafe.ca\/en\/#website\",\"url\":\"https:\/\/demenagementpausecafe.ca\/en\/\",\"name\":\"D\\u00e9m\\u00e9nagement Pause Caf\\u00e9\",\"description\":\"\",\"potentialAction\":[{\"@type\":\"SearchAction\",\"target\":\"https:\/\/demenagementpausecafe.ca\/en\/?s={search_term_string}\",\"query-input\":\"required name=search_term_string\"}],\"inLanguage\":\"en-US\"},{\"@type\":\"WebPage\",\"@id\":\"https:\/\/demenagementpausecafe.ca\/en\/estimation\/#webpage\",\"url\":\"https:\/\/demenagementpausecafe.ca\/en\/estimation\/\",\"name\":\"Free Quote - D\\u00e9m\\u00e9nagement Pause Caf\\u00e9\",\"isPartOf\":{\"@id\":\"https:\/\/demenagementpausecafe.ca\/en\/#website\"},\"datePublished\":\"2017-11-21T02:57:36+00:00\",\"dateModified\":\"2017-11-21T05:09:30+00:00\",\"inLanguage\":\"en-US\",\"potentialAction\":[{\"@type\":\"ReadAction\",\"target\":[\"https:\/\/demenagementpausecafe.ca\/en\/estimation\/\"]}]}]}<\/script>\n<!-- \/ Yoast SEO Premium plugin. -->","_links":{"self":[{"href":"https:\/\/demenagementpausecafe.ca\/en\/wp-json\/wp\/v2\/pages\/959","targetHints":{"allow":["GET"]}}],"collection":[{"href":"https:\/\/demenagementpausecafe.ca\/en\/wp-json\/wp\/v2\/pages"}],"about":[{"href":"https:\/\/demenagementpausecafe.ca\/en\/wp-json\/wp\/v2\/types\/page"}],"author":[{"embeddable":true,"href":"https:\/\/demenagementpausecafe.ca\/en\/wp-json\/wp\/v2\/users\/1"}],"replies":[{"embeddable":true,"href":"https:\/\/demenagementpausecafe.ca\/en\/wp-json\/wp\/v2\/comments?post=959"}],"version-history":[{"count":5,"href":"https:\/\/demenagementpausecafe.ca\/en\/wp-json\/wp\/v2\/pages\/959\/revisions"}],"predecessor-version":[{"id":978,"href":"https:\/\/demenagementpausecafe.ca\/en\/wp-json\/wp\/v2\/pages\/959\/revisions\/978"}],"wp:attachment":[{"href":"https:\/\/demenagementpausecafe.ca\/en\/wp-json\/wp\/v2\/media?parent=959"}],"curies":[{"name":"wp","href":"https:\/\/api.w.org\/{rel}","templated":true}]}}